{"id":17004,"date":"2024-12-10T22:24:51","date_gmt":"2024-12-10T22:24:51","guid":{"rendered":"http:\/\/maxxinstitutes.com\/?post_type=product&#038;p=17004"},"modified":"2025-07-28T07:15:26","modified_gmt":"2025-07-28T07:15:26","slug":"30-cours-collectifs-par-semaine-a-madrid","status":"publish","type":"product","link":"https:\/\/maxxinstitutes.com\/fr\/produit\/30-cours-collectifs-par-semaine-a-madrid\/","title":{"rendered":"30 cours collectifs par semaine \u00e0 Madrid"},"content":{"rendered":"<h2>Cours d&rsquo;espagnol super intensif &#8211; 30 le\u00e7ons par semaine<\/h2>\n<h3 data-start=\"226\" data-end=\"242\">Pourquoi Madrid ?<\/h3>\n<p data-start=\"244\" data-end=\"565\">Apprenez l&rsquo;espagnol au c\u0153ur de la capitale espagnole ! Notre \u00e9cole du centre de Madrid offre une atmosph\u00e8re d&rsquo;apprentissage vivante et urbaine, avec un enseignement de haute qualit\u00e9 dans un cadre cosmopolite plein d&rsquo;art, de culture et de vie. C&rsquo;est la destination id\u00e9ale pour ceux qui souhaitent s&rsquo;immerger totalement dans la langue espagnole et la vie urbaine.<\/p>\n<p data-start=\"567\" data-end=\"860\">Notre <strong>exp\u00e9rience d&rsquo;immersion en espagnol la plus compl\u00e8te<\/strong>, con\u00e7ue pour les apprenants qui veulent faire des progr\u00e8s rapides en peu de temps. <strong>Reconnu comme Bildungsurlaub<\/strong> dans de nombreux \u00e9tats allemands, ce cours offre un enseignement intensif en groupe \u00e0 un prix abordable &#8211; parfait pour les \u00e9tudiants motiv\u00e9s disposant de peu de temps.<\/p>\n<h3>D\u00e9tails de la classe :<\/h3>\n<ul>\n<li><strong data-start=\"962\" data-end=\"983\">Le\u00e7ons par semaine :<\/strong> 30<br data-start=\"986\" data-end=\"989\" \/>&#8211; 6 cours collectifs par jour, du lundi au vendredi<\/li>\n<li><strong data-start=\"1035\" data-end=\"1055\">Dur\u00e9e du cours :<\/strong> 1-48 semaines (au choix)<\/li>\n<li><strong data-start=\"1089\" data-end=\"1107\">Dur\u00e9e de la le\u00e7on :<\/strong> 50 minutes<\/li>\n<li data-start=\"1122\" data-end=\"1266\">Horaires <strong data-start=\"1122\" data-end=\"1136\">:<\/strong><br data-start=\"1136\" data-end=\"1139\" \/>Lundi-vendredi :<br data-start=\"1153\" data-end=\"1156\" \/>&#8211; Horaire du matin : 09:00-14:40<br data-start=\"1187\" data-end=\"1190\" \/>&#8211; Ou horaire de l&rsquo;apr\u00e8s-midi : 11:10-16:50 (en fonction du niveau et de la disponibilit\u00e9)<\/li>\n<li data-start=\"1268\" data-end=\"1410\"><strong data-start=\"1268\" data-end=\"1279\">Niveaux :<\/strong> De A1.2 \u00e0 C2<br data-start=\"1295\" data-end=\"1298\" \/>&#8211; Pour les d\u00e9butants complets, nous recommandons notre cours de 20 le\u00e7ons par semaine.<\/li>\n<li data-start=\"1268\" data-end=\"1410\"><strong data-start=\"1366\" data-end=\"1381\">Taille du groupe :<\/strong> 6 \u00e9tudiants en moyenne, max. 8<\/li>\n<li data-start=\"1412\" data-end=\"1562\"><strong data-start=\"1412\" data-end=\"1433\">Dates de d\u00e9but 2025 :<\/strong><br data-start=\"1433\" data-end=\"1436\" \/>Tous les lundis toute l&rsquo;ann\u00e9e (pour les \u00e9tudiants ayant des connaissances pr\u00e9alables)<br data-start=\"1495\" data-end=\"1498\" \/>&#8211; Pour les d\u00e9butants complets : dates de d\u00e9but sp\u00e9cifiques sur demande<\/li>\n<li data-start=\"1564\" data-end=\"1724\"><strong data-start=\"1564\" data-end=\"1577\">Enseignants :<\/strong> Au moins deux enseignants de langue maternelle se succ\u00e8dent chaque semaine pour garantir la vari\u00e9t\u00e9, l&rsquo;exposition \u00e0 diff\u00e9rents accents et une exp\u00e9rience de classe plus attrayante.<\/li>\n<\/ul>\n<h3>Ce qui est inclus :<\/h3>\n<ul>\n<li data-start=\"1755\" data-end=\"1824\">Activit\u00e9s de loisirs : Activit\u00e9s culturelles et sociales hebdomadaires \u00e0 Madrid<\/li>\n<li data-start=\"1827\" data-end=\"1894\">Frais d&rsquo;inscription : 0 \u20ac &#8211; r\u00e9servez directement aupr\u00e8s de nous sans frais cach\u00e9s<\/li>\n<li data-start=\"1897\" data-end=\"1987\">Services suppl\u00e9mentaires : Test de niveau, certificat de cours, possibilit\u00e9 d&rsquo;h\u00e9bergement<\/li>\n<\/ul>\n<h3 data-start=\"1994\" data-end=\"2031\">Pourquoi choisir ce cours \u00e0 Madrid ?<\/h3>\n<ul>\n<li data-start=\"2035\" data-end=\"2094\">Situation centrale dans l&rsquo;une des capitales les plus dynamiques d&rsquo;Europe<\/li>\n<li data-start=\"2097\" data-end=\"2157\">Petits groupes et enseignants hautement qualifi\u00e9s de langue maternelle<\/li>\n<li data-start=\"2160\" data-end=\"2234\">Apprentissage immersif dans une m\u00e9tropole culturelle pleine d&rsquo;\u00e9nergie et de diversit\u00e9<\/li>\n<li data-start=\"2237\" data-end=\"2317\">Le m\u00e9lange parfait d&rsquo;une \u00e9ducation de qualit\u00e9, d&rsquo;un style de vie urbain et d&rsquo;une immersion en espagnol<\/li>\n<\/ul>\n   <div class=\"pricing-section\" id=\"pricing-section-main\">\n        <div class=\"pricing-content\">\n                            <h2>Tarifs<\/h2>\n<ul>\n<h3>30 cours de groupe\/semaine<\/h3>\n<div class=\"indented\">\n<li><strong>1 semaine :<\/strong> 290\u20ac<\/li>\n<\/div>\n<\/ul>\n<p>Si ce forfait ne correspond pas tout \u00e0 fait \u00e0 vos besoins ou si vous souhaitez obtenir plus d\u2019informations avant de prendre une d\u00e9cision, n\u2019h\u00e9sitez pas \u00e0 :<\/p>\n<div class=\"btn-grpp\">\n  <a class=\"btn-11\" href=\"\/fr\/contact\/\"><br \/>\n    <button>Nous contacter<\/button><br \/>\n  <\/a><br \/>\n  <a class=\"btn-22\" href=\"\/fr\/calculateur-de-couts\/\"><br \/>\n    <button>Demander un devis<\/button><br \/>\n  <\/a>\n<\/div>\n                   <\/div>\n       <div class=\"pricing-image\">\n                            <img fetchpriority=\"high\" decoding=\"async\" src=\"https:\/\/maxxinstitutes.com\/wp-content\/uploads\/2024\/12\/12-1.png\" alt=\"Custom Product Image\" width=\"400\" height=\"400\" title=\"\">\n                 <\/div>\n\t   \n  <\/div>\n<style>\nbody {\nfont-family: Arial, sans-serif;\nmargin: 0;\npadding: 0;\nbackground-color: #f4f4f4;\n}\n\n.pricing-section {\n    display: flex;\n    align-items: center;\n    justify-content: center;\n    padding: 30px;\n    background: linear-gradient(135deg, #1c1e64, #5b6db8);\n    color: white;\n}\n\n.pricing-content {\nflex: 1;\npadding: 20px;\nmax-width: 50%;\n}\n\n.pricing-content h2 {\nfont-size: 36px;\nmargin-bottom: 20px;\n}\n\n.pricing-content ul {\nlist-style: none;\npadding: 0;\n}\n\n.pricing-content li {\nfont-size: 14px;\nmargin-bottom: 10px;\n}\n\n.pricing-content a {\ncolor: #96c8ff;\ntext-decoration: none;\n}\n\n.pricing-content a:hover {\ntext-decoration: underline;\n}\n\n.pricing-image {\nflex: 1;\nmax-width: 50%;\ndisplay: flex;\njustify-content: center;\nalign-items: center;\npadding: 20px;\n}\n\n.pricing-image img {\nmax-width: 100%;\nborder-radius: 10px;\n}\n\n\/* Responsive Design *\/\n@media (max-width: 768px) {\n.pricing-section {\nflex-direction: column;\ntext-align: center;\t\n}\n.pricing-content {\n    justify-items: center;\n}\n.pricing-content, .pricing-image {\nmax-width: 100%;\n}\n}\n#pricing-section-main .pricing-content h2 {\n    color: #ffffff;\n    font-size: 27px;\n}\n\n#pricing-section-main .pricing-content h3 {\n    color: #ffffff;\n    font-size: 17px;\n}\n\n.indented {\n    margin-left: 26px;\n}\n\n.pricing-content ul {\n    list-style: disc;\n}\n.pricing-content li {\n    text-align: left;\n    margin-bottom: 13px;\n}\n#pricing-section-main .pricing-content p {\n    font-size: 12px;\n}\n@media and (max-width: 768px){\ndiv#pricing-section-main {\n    padding: 20px;\n}\n}\ndiv#pricing-section-main {\n   margin-bottom: 20px;\n}\n\t.pricing-content h3 {\n    text-align: left!important;\n}\n\/* \t17-02-25 *\/\n\t.btn-grpp {\n    display: flex;\n}\na.btn-22 {\n    margin-left: 12px;\n}\n.pricing-image {\n    max-width: fit-content;\n}\n\t.btn-grpp button {\n    color: #020c1a;\n    border-radius: 3px;\n}\n<\/style>\n    \n","protected":false},"excerpt":{"rendered":"<ul>\n<li>Cours d&rsquo;espagnol pour tous les niveaux (d\u00e9butant \u00e0 avanc\u00e9)<\/li>\n<li>Disponible d&rsquo;avril \u00e0 novembre<\/li>\n<li>Pour les dates de d\u00e9but dans d&rsquo;autres mois, veuillez v\u00e9rifier <a href=\"http:\/\/maxxinstitutes.com\/product\/private-spanish-lessons-in-madrid\/\"><strong>Le\u00e7ons priv\u00e9es<\/strong><\/a><\/li>\n<li>Choisissez entre 1 ou 2 semaines (pour plus de semaines, veuillez nous contacter)<\/li>\n<\/ul>\n","protected":false},"featured_media":23357,"comment_status":"closed","ping_status":"closed","template":"","meta":[],"product_brand":[],"product_cat":[288],"product_tag":[],"class_list":{"0":"post-17004","1":"product","2":"type-product","3":"status-publish","4":"has-post-thumbnail","6":"product_cat-madrid-fr","8":"first","9":"instock","10":"shipping-taxable","11":"purchasable","12":"product-type-variable"},"_links":{"self":[{"href":"https:\/\/maxxinstitutes.com\/fr\/wp-json\/wp\/v2\/product\/17004","targetHints":{"allow":["GET"]}}],"collection":[{"href":"https:\/\/maxxinstitutes.com\/fr\/wp-json\/wp\/v2\/product"}],"about":[{"href":"https:\/\/maxxinstitutes.com\/fr\/wp-json\/wp\/v2\/types\/product"}],"replies":[{"embeddable":true,"href":"https:\/\/maxxinstitutes.com\/fr\/wp-json\/wp\/v2\/comments?post=17004"}],"wp:featuredmedia":[{"embeddable":true,"href":"https:\/\/maxxinstitutes.com\/fr\/wp-json\/wp\/v2\/media\/23357"}],"wp:attachment":[{"href":"https:\/\/maxxinstitutes.com\/fr\/wp-json\/wp\/v2\/media?parent=17004"}],"wp:term":[{"taxonomy":"product_brand","embeddable":true,"href":"https:\/\/maxxinstitutes.com\/fr\/wp-json\/wp\/v2\/product_brand?post=17004"},{"taxonomy":"product_cat","embeddable":true,"href":"https:\/\/maxxinstitutes.com\/fr\/wp-json\/wp\/v2\/product_cat?post=17004"},{"taxonomy":"product_tag","embeddable":true,"href":"https:\/\/maxxinstitutes.com\/fr\/wp-json\/wp\/v2\/product_tag?post=17004"}],"curies":[{"name":"wp","href":"https:\/\/api.w.org\/{rel}","templated":true}]}}