{"id":16897,"date":"2024-12-10T22:18:14","date_gmt":"2024-12-10T22:18:14","guid":{"rendered":"http:\/\/maxxinstitutes.com\/?post_type=product&#038;p=16897"},"modified":"2025-07-28T07:28:31","modified_gmt":"2025-07-28T07:28:31","slug":"20-cours-collectifs-par-semaine-a-madrid","status":"publish","type":"product","link":"https:\/\/maxxinstitutes.com\/fr\/produit\/20-cours-collectifs-par-semaine-a-madrid\/","title":{"rendered":"20 cours collectifs par semaine \u00e0 Madrid"},"content":{"rendered":"<h2>Espagnol g\u00e9n\u00e9ral &#8211; 20 le\u00e7ons en groupe par semaine<\/h2>\n<h3><strong>Pourquoi Madrid ?<\/strong><\/h3>\n<p>Apprenez l&rsquo;espagnol dans la vibrante capitale espagnole ! Notre \u00e9cole de langue \u00e0 Madrid, situ\u00e9e au centre de la ville, offre un environnement d&rsquo;apprentissage dynamique et urbain avec de riches exp\u00e9riences culturelles juste \u00e0 l&rsquo;ext\u00e9rieur de la salle de classe. Que vous restiez quelques semaines ou plusieurs mois, Madrid offre un m\u00e9lange parfait de tradition et de modernit\u00e9 pour compl\u00e9ter votre voyage linguistique.<\/p>\n<h3><strong>D\u00e9tails du cours<\/strong><\/h3>\n<ul>\n<li data-start=\"668\" data-end=\"708\"><strong data-start=\"668\" data-end=\"688\">Le\u00e7ons par semaine<\/strong>: 20 le\u00e7ons en groupe<\/li>\n<li data-start=\"711\" data-end=\"770\"><strong data-start=\"711\" data-end=\"729\">Contenu du cours<\/strong>: Espagnol g\u00e9n\u00e9ral \u00e0 votre niveau actuel<\/li>\n<li data-start=\"773\" data-end=\"839\"><strong data-start=\"773\" data-end=\"791\">Niveaux propos\u00e9s<\/strong>: Du d\u00e9butant complet (A1) au confirm\u00e9 (C2)<\/li>\n<li data-start=\"842\" data-end=\"896\"><strong data-start=\"842\" data-end=\"854\">Enseignants<\/strong>: Des locuteurs natifs exp\u00e9riment\u00e9s et qualifi\u00e9s<\/li>\n<li data-start=\"899\" data-end=\"996\"><strong data-start=\"899\" data-end=\"915\">Format de la classe<\/strong>: La rotation des enseignants permet d&rsquo;exposer les \u00e9tudiants \u00e0 des accents et des styles d&rsquo;enseignement diff\u00e9rents.<\/li>\n<li data-start=\"999\" data-end=\"1039\"><strong data-start=\"999\" data-end=\"1013\">Taille du groupe<\/strong>: 4 \u00e0 8 \u00e9l\u00e8ves par classe<\/li>\n<li data-start=\"1042\" data-end=\"1081\"><strong data-start=\"1042\" data-end=\"1057\">\u00c2ge des \u00e9tudiants<\/strong>: 18 ans minimum<\/li>\n<li data-start=\"1109\" data-end=\"1157\"><strong data-start=\"1109\" data-end=\"1121\">Dur\u00e9e<\/strong>: 1 \u00e0 52 semaines (r\u00e9servation flexible)<\/li>\n<li data-start=\"1160\" data-end=\"1229\"><strong data-start=\"1160\" data-end=\"1172\">Remise<\/strong>: 10% sur les frais de cours pour les r\u00e9servations \u00e0 partir de 8 semaines<\/li>\n<li data-start=\"1232\" data-end=\"1256\"><strong data-start=\"1232\" data-end=\"1253\">Options d&rsquo;horaires<\/strong>:<\/li>\n<li data-start=\"1261\" data-end=\"1284\">Matin : 9h00 &#8211; 12h50<\/li>\n<li data-start=\"1289\" data-end=\"1367\">L&rsquo;apr\u00e8s-midi : 13:00 &#8211; 16:50<br data-start=\"1313\" data-end=\"1316\" \/><em data-start=\"1318\" data-end=\"1365\">(du lundi au vendredi, en fonction des disponibilit\u00e9s)<\/em><\/li>\n<li data-start=\"1370\" data-end=\"1414\"><strong data-start=\"1370\" data-end=\"1389\">Dur\u00e9e de la le\u00e7on<\/strong>: 50 minutes par le\u00e7on<\/li>\n<li data-start=\"1417\" data-end=\"1482\"><strong data-start=\"1417\" data-end=\"1432\">Dates de d\u00e9but<\/strong>: Tous les lundis (Tous niveaux avec connaissances pr\u00e9alables)<\/li>\n<li data-start=\"1485\" data-end=\"1545\"><strong data-start=\"1485\" data-end=\"1511\">Pour les d\u00e9butants complets<\/strong>: Certaines dates de d\u00e9but sont disponibles<\/li>\n<li data-start=\"1548\" data-end=\"1578\"><strong data-start=\"1548\" data-end=\"1564\">Disponibilit\u00e9<\/strong>: Toute l&rsquo;ann\u00e9e<\/li>\n<\/ul>\n<h3><strong>Ce qui est inclus :<\/strong><\/h3>\n<ul>\n<li data-start=\"1607\" data-end=\"1674\"><strong data-start=\"1607\" data-end=\"1629\">Activit\u00e9s de loisirs<\/strong>: 3 exp\u00e9riences sociales ou culturelles par semaine<\/li>\n<li data-start=\"1677\" data-end=\"1707\"><strong data-start=\"1677\" data-end=\"1689\">Frais d&rsquo;inscription<\/strong>: 18 \u20ac (en une seule fois)<\/li>\n<li data-start=\"1710\" data-end=\"1754\"><strong data-start=\"1710\" data-end=\"1730\">Frais d&rsquo;inscription<\/strong>: 0 \u20ac (pas de frais cach\u00e9s)<\/li>\n<\/ul>\n<h3><strong>Pourquoi choisir ce cours \u00e0 Madrid ?<\/strong><\/h3>\n<ul>\n<li>Petits groupes et attention personnalis\u00e9e<\/li>\n<li>Rotation des enseignants = plus d&rsquo;accents, plus d&rsquo;exposition, plus de progr\u00e8s<\/li>\n<li>Combinez vie urbaine, culture et apprentissage des langues dans l&rsquo;une des plus belles destinations d&rsquo;Europe.<\/li>\n<\/ul>\n<p data-start=\"3036\" data-end=\"3310\">   <div class=\"pricing-section\" id=\"pricing-section-main\">\n        <div class=\"pricing-content\">\n                            <h2>Tarifs<\/h2>\n<ul>\n<h3>20 cours de groupe\/semaine<\/h3>\n<div class=\"indented\">\n<li><strong>1 semaine :<\/strong> 190\u20ac<\/li>\n<\/div>\n<div class=\"indented\">\n<li><strong>8 semaines :<\/strong> 170\u20ac<\/li>\n<\/div>\n<\/ul>\n<p>Si ces forfaits ne r\u00e9pondent pas enti\u00e8rement \u00e0 vos besoins ou si vous souhaitez obtenir plus d\u2019informations avant de prendre une d\u00e9cision, n\u2019h\u00e9sitez pas \u00e0 :<\/p>\n<div class=\"btn-grpp\">\n  <a class=\"btn-11\" href=\"\/fr\/contact\/\"><br \/>\n    <button>Nous contacter<\/button><br \/>\n  <\/a><br \/>\n  <a class=\"btn-22\" href=\"\/fr\/calculateur-de-couts\/\"><br \/>\n    <button>Demander un devis<\/button><br \/>\n  <\/a>\n<\/div>\n                   <\/div>\n       <div class=\"pricing-image\">\n                            <img fetchpriority=\"high\" decoding=\"async\" src=\"https:\/\/maxxinstitutes.com\/wp-content\/uploads\/2024\/12\/11-1.png\" alt=\"Custom Product Image\" width=\"400\" height=\"400\" title=\"\">\n                 <\/div>\n\t   \n  <\/div>\n<style>\nbody {\nfont-family: Arial, sans-serif;\nmargin: 0;\npadding: 0;\nbackground-color: #f4f4f4;\n}\n\n.pricing-section {\n    display: flex;\n    align-items: center;\n    justify-content: center;\n    padding: 30px;\n    background: linear-gradient(135deg, #1c1e64, #5b6db8);\n    color: white;\n}\n\n.pricing-content {\nflex: 1;\npadding: 20px;\nmax-width: 50%;\n}\n\n.pricing-content h2 {\nfont-size: 36px;\nmargin-bottom: 20px;\n}\n\n.pricing-content ul {\nlist-style: none;\npadding: 0;\n}\n\n.pricing-content li {\nfont-size: 14px;\nmargin-bottom: 10px;\n}\n\n.pricing-content a {\ncolor: #96c8ff;\ntext-decoration: none;\n}\n\n.pricing-content a:hover {\ntext-decoration: underline;\n}\n\n.pricing-image {\nflex: 1;\nmax-width: 50%;\ndisplay: flex;\njustify-content: center;\nalign-items: center;\npadding: 20px;\n}\n\n.pricing-image img {\nmax-width: 100%;\nborder-radius: 10px;\n}\n\n\/* Responsive Design *\/\n@media (max-width: 768px) {\n.pricing-section {\nflex-direction: column;\ntext-align: center;\t\n}\n.pricing-content {\n    justify-items: center;\n}\n.pricing-content, .pricing-image {\nmax-width: 100%;\n}\n}\n#pricing-section-main .pricing-content h2 {\n    color: #ffffff;\n    font-size: 27px;\n}\n\n#pricing-section-main .pricing-content h3 {\n    color: #ffffff;\n    font-size: 17px;\n}\n\n.indented {\n    margin-left: 26px;\n}\n\n.pricing-content ul {\n    list-style: disc;\n}\n.pricing-content li {\n    text-align: left;\n    margin-bottom: 13px;\n}\n#pricing-section-main .pricing-content p {\n    font-size: 12px;\n}\n@media and (max-width: 768px){\ndiv#pricing-section-main {\n    padding: 20px;\n}\n}\ndiv#pricing-section-main {\n   margin-bottom: 20px;\n}\n\t.pricing-content h3 {\n    text-align: left!important;\n}\n\/* \t17-02-25 *\/\n\t.btn-grpp {\n    display: flex;\n}\na.btn-22 {\n    margin-left: 12px;\n}\n.pricing-image {\n    max-width: fit-content;\n}\n\t.btn-grpp button {\n    color: #020c1a;\n    border-radius: 3px;\n}\n<\/style>\n    <\/p>\n","protected":false},"excerpt":{"rendered":"<ul>\n<li>Cours d&rsquo;espagnol pour tous les niveaux (d\u00e9butant \u00e0 avanc\u00e9)<\/li>\n<li>Disponible d&rsquo;avril \u00e0 novembre<\/li>\n<li>Pour les dates de d\u00e9but dans d&rsquo;autres mois, veuillez v\u00e9rifier <a href=\"http:\/\/maxxinstitutes.com\/product\/private-spanish-lessons-in-madrid\/\"><strong>Le\u00e7ons priv\u00e9es<\/strong><\/a><\/li>\n<li>Veuillez choisir les semaines pour obtenir un aper\u00e7u des prix<\/li>\n<\/ul>\n","protected":false},"featured_media":23350,"comment_status":"closed","ping_status":"closed","template":"","meta":[],"product_brand":[],"product_cat":[288],"product_tag":[],"class_list":{"0":"post-16897","1":"product","2":"type-product","3":"status-publish","4":"has-post-thumbnail","6":"product_cat-madrid-fr","8":"first","9":"instock","10":"shipping-taxable","11":"purchasable","12":"product-type-variable"},"_links":{"self":[{"href":"https:\/\/maxxinstitutes.com\/fr\/wp-json\/wp\/v2\/product\/16897","targetHints":{"allow":["GET"]}}],"collection":[{"href":"https:\/\/maxxinstitutes.com\/fr\/wp-json\/wp\/v2\/product"}],"about":[{"href":"https:\/\/maxxinstitutes.com\/fr\/wp-json\/wp\/v2\/types\/product"}],"replies":[{"embeddable":true,"href":"https:\/\/maxxinstitutes.com\/fr\/wp-json\/wp\/v2\/comments?post=16897"}],"wp:featuredmedia":[{"embeddable":true,"href":"https:\/\/maxxinstitutes.com\/fr\/wp-json\/wp\/v2\/media\/23350"}],"wp:attachment":[{"href":"https:\/\/maxxinstitutes.com\/fr\/wp-json\/wp\/v2\/media?parent=16897"}],"wp:term":[{"taxonomy":"product_brand","embeddable":true,"href":"https:\/\/maxxinstitutes.com\/fr\/wp-json\/wp\/v2\/product_brand?post=16897"},{"taxonomy":"product_cat","embeddable":true,"href":"https:\/\/maxxinstitutes.com\/fr\/wp-json\/wp\/v2\/product_cat?post=16897"},{"taxonomy":"product_tag","embeddable":true,"href":"https:\/\/maxxinstitutes.com\/fr\/wp-json\/wp\/v2\/product_tag?post=16897"}],"curies":[{"name":"wp","href":"https:\/\/api.w.org\/{rel}","templated":true}]}}