{"id":16686,"date":"2024-12-10T21:37:56","date_gmt":"2024-12-10T21:37:56","guid":{"rendered":"http:\/\/maxxinstitutes.com\/?post_type=product&#038;p=16686"},"modified":"2026-02-27T19:00:23","modified_gmt":"2026-02-27T19:00:23","slug":"cours-particuliers-despagnol-a-ibiza","status":"publish","type":"product","link":"https:\/\/maxxinstitutes.com\/fr\/produit\/cours-particuliers-despagnol-a-ibiza\/","title":{"rendered":"Cours particuliers d&rsquo;espagnol \u00e0 Ibiza"},"content":{"rendered":"<h2>Cours particuliers d&rsquo;espagnol &#8211; Ibiza<\/h2>\n<h3><strong>Pourquoi Ibiza ?<\/strong><\/h3>\n<p>Ibiza offre bien plus que des plages et une vie nocturne : c&rsquo;est un cadre m\u00e9diterran\u00e9en paisible et inspirant pour se concentrer sur l&rsquo;apprentissage de l&rsquo;espagnol. Avec son style de vie d\u00e9contract\u00e9, son ambiance internationale et son environnement magnifique, l&rsquo;\u00eele est l&rsquo;endroit id\u00e9al pour profiter d&rsquo;un apprentissage personnalis\u00e9 \u00e0 votre propre rythme. Combinez l&rsquo;apprentissage de la langue avec le soleil, la nature et la culture. Du lundi au vendredi.   <\/p>\n<h3><strong data-start=\"543\" data-end=\"562\">D\u00e9tails du cours :<\/strong><\/h3>\n<ul>\n<li><strong data-start=\"565\" data-end=\"586\">Le\u00e7ons par semaine :<\/strong> Flexible &#8211; vous choisissez le nombre de le\u00e7ons<\/li>\n<li><strong data-start=\"620\" data-end=\"639\">Contenu du cours :<\/strong> Cours d&rsquo;espagnol enti\u00e8rement personnalis\u00e9s et adapt\u00e9s \u00e0 votre niveau et \u00e0 vos objectifs<\/li>\n<li><strong data-start=\"709\" data-end=\"728\">Niveaux propos\u00e9s :<\/strong> A1 \u00e0 C2<\/li>\n<li><strong data-start=\"740\" data-end=\"753\">Enseignants :<\/strong> Des locuteurs natifs hautement qualifi\u00e9s, titulaires d&rsquo;un dipl\u00f4me universitaire<\/li>\n<li><strong data-start=\"813\" data-end=\"830\">Format des cours :<\/strong><br data-start=\"830\" data-end=\"833\">&#8211; Cours particuliers (ou deux \u00e9tudiants pour le m\u00eame prix)<br data-start=\"890\" data-end=\"893\">&#8211; Possibilit\u00e9 de petits groupes priv\u00e9s (3-4 \u00e9tudiants)<\/li>\n<li><strong data-start=\"941\" data-end=\"954\">Horaire :<\/strong> Flexible &#8211; du lundi au vendredi, entre 08h00 et 20h00<\/li>\n<li><strong data-start=\"1010\" data-end=\"1026\">\u00c2ge des \u00e9tudiants :<\/strong> Minimum 16 ans<\/li>\n<li><strong data-start=\"1046\" data-end=\"1070\">Disponibilit\u00e9 des cours :<\/strong> Toute l&rsquo;ann\u00e9e<\/li>\n<li><strong data-start=\"1084\" data-end=\"1097\">Dur\u00e9e de la formation :<\/strong> D&rsquo;une seule le\u00e7on \u00e0 plusieurs semaines<\/li>\n<li><strong data-start=\"1143\" data-end=\"1161\">Dur\u00e9e de la le\u00e7on :<\/strong> 50 minutes par le\u00e7on<\/li>\n<li><strong data-start=\"1186\" data-end=\"1202\">Dates de d\u00e9but :<\/strong> N&rsquo;importe quel jour, toute l&rsquo;ann\u00e9e<\/li>\n<li><strong data-start=\"1229\" data-end=\"1248\">Lieu des cours :<\/strong> A l&rsquo;\u00e9cole, en ligne, \u00e0 la maison ou \u00e0 l&rsquo;ext\u00e9rieur (les tarifs peuvent varier en dehors de l&rsquo;\u00e9cole)<\/li>\n<\/ul>\n<h3 data-start=\"1564\" data-end=\"1604\">A l&rsquo;\u00e9cole ou \u00e0 l&rsquo;h\u00f4tel &#8211; Lieu de la classe<\/h3>\n<p data-start=\"1606\" data-end=\"1629\">Des le\u00e7ons peuvent \u00eatre donn\u00e9es :<\/p>\n<p data-start=\"1631\" data-end=\"1785\">&#8211; Dans notre \u00e9cole \u00e0 Ibiza<br data-start=\"1660\" data-end=\"1663\">&#8211; En ligne<br data-start=\"1671\" data-end=\"1674\">&#8211; A votre domicile ou appartement<br data-start=\"1701\" data-end=\"1704\">&#8211; Dans votre h\u00f4tel ou villa priv\u00e9e<br data-start=\"1736\" data-end=\"1739\">&#8211; A l&rsquo;ext\u00e9rieur (terrasse, jardin, plage tranquille)<\/p>\n<p data-start=\"1787\" data-end=\"2026\">Nos professeurs peuvent se rendre directement \u00e0 votre logement, ce qui vous permet de combiner confort, intimit\u00e9 et apprentissage de la langue de premi\u00e8re qualit\u00e9. Cette option est id\u00e9ale pour les familles, les cadres, les nomades num\u00e9riques ou les \u00e9tudiants qui pr\u00e9f\u00e8rent une exp\u00e9rience plus exclusive. <\/p>\n<p data-start=\"2028\" data-end=\"2098\"><em data-start=\"2028\" data-end=\"2098\">Veuillez noter que des frais de d\u00e9placement suppl\u00e9mentaires peuvent s&rsquo;appliquer en fonction du lieu.<\/em><\/p>\n<h3><strong data-start=\"1337\" data-end=\"1357\">Ce qui est inclus :<\/strong><\/h3>\n<ul>\n<li>Plan d&rsquo;apprentissage personnalis\u00e9<\/li>\n<li>Un professeur particulier qui se consacre enti\u00e8rement \u00e0 vos progr\u00e8s<\/li>\n<li>M\u00eame prix pour 1 ou 2 \u00e9tudiants (vous amenez la deuxi\u00e8me personne)<\/li>\n<li>Possibilit\u00e9 de former un petit groupe priv\u00e9 (3-4 personnes)<\/li>\n<li>Certificat de cours (sur demande)<\/li>\n<li>Test de niveau (sur demande)<\/li>\n<li>Compl\u00e9ment optionnel : Combinez avec des cours collectifs ou une pr\u00e9paration aux examens<\/li>\n<\/ul>\n<h3><strong data-start=\"1703\" data-end=\"1743\">Pourquoi choisir des cours priv\u00e9s \u00e0 Ibiza ?<\/strong><\/h3>\n<ul>\n<li>Flexibilit\u00e9 maximale : Vous d\u00e9cidez du rythme, de l&rsquo;horaire et du contenu<\/li>\n<li>Plus de valeur : Partagez le cours (et le co\u00fbt) avec un ami ou un camarade de classe.<\/li>\n<li>Id\u00e9al pour des objectifs sp\u00e9cifiques, une am\u00e9lioration rapide ou une personnalisation compl\u00e8te<\/li>\n<li>Apprenez l&rsquo;espagnol dans un environnement insulaire unique qui favorise la concentration et la relaxation.<\/li>\n<\/ul>\n<p data-start=\"3036\" data-end=\"3310\">   <div class=\"pricing-section\" id=\"pricing-section-main\">\n        <div class=\"pricing-content\">\n                            <h2>Tarifs<\/h2>\n<ul>\n<h3>Le prix est le m\u00eame pour 1 \u00e9tudiant ou 2 \u00e9tudiants avec 1 enseignant<\/h3>\n<div class=\"indented\">\n<li><strong>Forfait de 20 cours :<\/strong> 29\u20ac par cours<\/li>\n<\/div>\n<div class=\"indented\">\n<li><strong>Forfait de 15 cours :<\/strong> 33\u20ac par cours<\/li>\n<\/div>\n<div class=\"indented\">\n<li><strong>Forfait de 10 cours :<\/strong> 31\u20ac par cours<\/li>\n<\/div>\n<div class=\"indented\">\n<li><strong>Forfait de 5 cours :<\/strong> 33\u20ac par cours<\/li>\n<\/div>\n<div class=\"indented\">\n<li><strong>1 cours :<\/strong> 34\u20ac<\/li>\n<\/div>\n<\/ul>\n<p>Si ces forfaits ne r\u00e9pondent pas exactement \u00e0 vos besoins ou si vous souhaitez plus de d\u00e9tails avant de prendre une d\u00e9cision, n\u2019h\u00e9sitez pas \u00e0 :<\/p>\n<div class=\"btn-grpp\">\n  <a class=\"btn-11\" href=\"\/fr\/contact\/\"><br \/>\n    <button>Nous contacter<\/button><br \/>\n  <\/a><br \/>\n  <a class=\"btn-22\" href=\"\/fr\/calculateur-de-couts\/\"><br \/>\n    <button>Obtenir un devis<\/button><br \/>\n  <\/a>\n<\/div>\n                   <\/div>\n       <div class=\"pricing-image\">\n                            <img fetchpriority=\"high\" decoding=\"async\" src=\"https:\/\/maxxinstitutes.com\/wp-content\/uploads\/2024\/12\/Black-White-Modern-Handwritten-Square-Studio-Logo.jpg\" alt=\"Custom Product Image\" width=\"400\" height=\"400\" title=\"\">\n                 <\/div>\n\t   \n  <\/div>\n<style>\nbody {\nfont-family: Arial, sans-serif;\nmargin: 0;\npadding: 0;\nbackground-color: #f4f4f4;\n}\n\n.pricing-section {\n    display: flex;\n    align-items: center;\n    justify-content: center;\n    padding: 30px;\n    background: linear-gradient(135deg, #1c1e64, #5b6db8);\n    color: white;\n}\n\n.pricing-content {\nflex: 1;\npadding: 20px;\nmax-width: 50%;\n}\n\n.pricing-content h2 {\nfont-size: 36px;\nmargin-bottom: 20px;\n}\n\n.pricing-content ul {\nlist-style: none;\npadding: 0;\n}\n\n.pricing-content li {\nfont-size: 14px;\nmargin-bottom: 10px;\n}\n\n.pricing-content a {\ncolor: #96c8ff;\ntext-decoration: none;\n}\n\n.pricing-content a:hover {\ntext-decoration: underline;\n}\n\n.pricing-image {\nflex: 1;\nmax-width: 50%;\ndisplay: flex;\njustify-content: center;\nalign-items: center;\npadding: 20px;\n}\n\n.pricing-image img {\nmax-width: 100%;\nborder-radius: 10px;\n}\n\n\/* Responsive Design *\/\n@media (max-width: 768px) {\n.pricing-section {\nflex-direction: column;\ntext-align: center;\t\n}\n.pricing-content {\n    justify-items: center;\n}\n.pricing-content, .pricing-image {\nmax-width: 100%;\n}\n}\n#pricing-section-main .pricing-content h2 {\n    color: #ffffff;\n    font-size: 27px;\n}\n\n#pricing-section-main .pricing-content h3 {\n    color: #ffffff;\n    font-size: 17px;\n}\n\n.indented {\n    margin-left: 26px;\n}\n\n.pricing-content ul {\n    list-style: disc;\n}\n.pricing-content li {\n    text-align: left;\n    margin-bottom: 13px;\n}\n#pricing-section-main .pricing-content p {\n    font-size: 12px;\n}\n@media and (max-width: 768px){\ndiv#pricing-section-main {\n    padding: 20px;\n}\n}\ndiv#pricing-section-main {\n   margin-bottom: 20px;\n}\n\t.pricing-content h3 {\n    text-align: left!important;\n}\n\/* \t17-02-25 *\/\n\t.btn-grpp {\n    display: flex;\n}\na.btn-22 {\n    margin-left: 12px;\n}\n.pricing-image {\n    max-width: fit-content;\n}\n\t.btn-grpp button {\n    color: #020c1a;\n    border-radius: 3px;\n}\n<\/style>\n    <\/p>\n","protected":false},"excerpt":{"rendered":"<ul>\n<li>Disponible toute l&rsquo;ann\u00e9e<\/li>\n<li>M\u00eame prix pour 1 \u00e9tudiant ou 2 \u00e9tudiants (un enseignant)<\/li>\n<li>Des forfaits sont disponibles pour 5, 10, 15 et 20 le\u00e7ons.<\/li>\n<\/ul>\n<p>&nbsp;<\/p>\n","protected":false},"featured_media":23287,"comment_status":"closed","ping_status":"closed","template":"","meta":[],"product_brand":[],"product_cat":[438,247],"product_tag":[],"class_list":{"0":"post-16686","1":"product","2":"type-product","3":"status-publish","4":"has-post-thumbnail","6":"product_cat-cours-delectricite-ibiza","7":"product_cat-cours-despagnol-a-ibiza","9":"first","10":"instock","11":"shipping-taxable","12":"purchasable","13":"product-type-variable"},"_links":{"self":[{"href":"https:\/\/maxxinstitutes.com\/fr\/wp-json\/wp\/v2\/product\/16686","targetHints":{"allow":["GET"]}}],"collection":[{"href":"https:\/\/maxxinstitutes.com\/fr\/wp-json\/wp\/v2\/product"}],"about":[{"href":"https:\/\/maxxinstitutes.com\/fr\/wp-json\/wp\/v2\/types\/product"}],"replies":[{"embeddable":true,"href":"https:\/\/maxxinstitutes.com\/fr\/wp-json\/wp\/v2\/comments?post=16686"}],"wp:featuredmedia":[{"embeddable":true,"href":"https:\/\/maxxinstitutes.com\/fr\/wp-json\/wp\/v2\/media\/23287"}],"wp:attachment":[{"href":"https:\/\/maxxinstitutes.com\/fr\/wp-json\/wp\/v2\/media?parent=16686"}],"wp:term":[{"taxonomy":"product_brand","embeddable":true,"href":"https:\/\/maxxinstitutes.com\/fr\/wp-json\/wp\/v2\/product_brand?post=16686"},{"taxonomy":"product_cat","embeddable":true,"href":"https:\/\/maxxinstitutes.com\/fr\/wp-json\/wp\/v2\/product_cat?post=16686"},{"taxonomy":"product_tag","embeddable":true,"href":"https:\/\/maxxinstitutes.com\/fr\/wp-json\/wp\/v2\/product_tag?post=16686"}],"curies":[{"name":"wp","href":"https:\/\/api.w.org\/{rel}","templated":true}]}}