{"id":16616,"date":"2024-12-10T21:24:14","date_gmt":"2024-12-10T21:24:14","guid":{"rendered":"http:\/\/maxxinstitutes.com\/?post_type=product&#038;p=16616"},"modified":"2026-04-16T02:01:04","modified_gmt":"2026-04-16T02:01:04","slug":"20-lecons-en-groupe-par-semaine-cours-de-cuisine-paella-a-ibiza","status":"publish","type":"product","link":"https:\/\/maxxinstitutes.com\/fr\/produit\/20-lecons-en-groupe-par-semaine-cours-de-cuisine-paella-a-ibiza\/","title":{"rendered":"20 le\u00e7ons en groupe par semaine + cours de cuisine Paella \u00e0 Ibiza"},"content":{"rendered":"<h3>Cours d&rsquo;espagnol intensif + cours de cuisine de paella<\/h3>\n<p>Plongez dans une exp\u00e9rience inoubliable sur l&rsquo;\u00eele la plus fascinante d&rsquo;Espagne, Ibiza. Que vous soyez d\u00e9butant ou avanc\u00e9 en espagnol, vous pouvez participer \u00e0 nos cours d&rsquo;espagnol populaires. En outre, nous vous offrons la possibilit\u00e9 d&rsquo;am\u00e9liorer vos comp\u00e9tences en espagnol en combinant notre cours unique de cuisine de paella d&rsquo;une demi-journ\u00e9e dans le jardin de la plage d&rsquo;Ibiza Town. Profitez de cette exp\u00e9rience unique au milieu des paysages \u00e0 couper le souffle de cette \u00eele magique.   <\/p>\n<h4>Comment fonctionne le programme ?<\/h4>\n<p>Ce programme combine une ou deux semaines de cours intensifs d&rsquo;espagnol avec une demi-journ\u00e9e de cuisine de paella.<\/p>\n<p><strong data-start=\"1406\" data-end=\"1420\">Important :<\/strong><\/p>\n<ul>\n<li>Le cours d&rsquo;espagnol commence toujours un lundi<\/li>\n<li>Le cours de cuisine sur la paella a lieu la m\u00eame semaine, g\u00e9n\u00e9ralement le mercredi apr\u00e8s-midi.<\/li>\n<\/ul>\n<h4>Cours d&rsquo;espagnol &#8211; Dates de d\u00e9but 2026 (lundi)<\/h4>\n<ul>\n<li><strong>4 mai<\/strong><\/li>\n<li><strong>3 juin<\/strong><\/li>\n<li><strong>6 juillet<\/strong><\/li>\n<li><strong>3 ao\u00fbt<\/strong><\/li>\n<li><strong>7 septembre<\/strong><\/li>\n<li><strong>5 octobre<\/strong><\/li>\n<\/ul>\n<h4><strong>O\u00f9 ?<\/strong><\/h4>\n<p>\u00c0 l&rsquo;Instituto de Idiomas Ibiza (Institut de langues d&rsquo;Ibiza), ville d&rsquo;Ibiza, \u00eele d&rsquo;Ibiza, \u00eeles Bal\u00e9ares, Espagne.<\/p>\n<h4><strong>Qui ?<\/strong><\/h4>\n<p>Notre programme s&rsquo;adresse \u00e0 des participants adultes de tous \u00e2ges. La majorit\u00e9 de nos participants ont entre 25 et 50 ans, mais nous avons parfois des participants plus jeunes et presque toujours des participants de plus de 50 ans. La moyenne d&rsquo;\u00e2ge de notre \u00e9cole est de plus de 30 ans, bien que pendant les mois d&rsquo;\u00e9t\u00e9, nous accueillons \u00e9galement des \u00e9tudiants \u00e2g\u00e9s de 18 \u00e0 30 ans.  <\/p>\n<h4><strong>Qu&rsquo;est-ce qui est inclus ?<\/strong><\/h4>\n<p>Le programme se compose de trois parties, bien que l&rsquo;h\u00e9bergement soit facultatif et que chacun puisse r\u00e9server son propre h\u00e9bergement ind\u00e9pendamment de l&rsquo;\u00e9cole.<\/p>\n<ol>\n<li>Notre cours d&rsquo;espagnol intensif sur 20 le\u00e7ons \/ semaine<\/li>\n<li>Cours de cuisine de paella d&rsquo;une demi-journ\u00e9e dans un jardin priv\u00e9<\/li>\n<li>Choix de l&rsquo;h\u00e9bergement dans un appartement partag\u00e9 par l&rsquo;\u00e9cole, dans une famille d&rsquo;accueil, dans un h\u00f4tel ou ind\u00e9pendamment de l&rsquo;\u00e9cole.<\/li>\n<\/ol>\n<h2>Cours d&rsquo;espagnol intensif<\/h2>\n<ul>\n<li><strong>Le\u00e7ons par semaine :<\/strong> 20 ou 30 cours collectifs de 50 minutes chacun (4 cours collectifs par jour)<\/li>\n<li><strong>Horaire :<\/strong> Du lundi au vendredi, le matin<\/li>\n<li><strong>Dur\u00e9e du cours :<\/strong> Vous pouvez choisir entre 1 ou 2 semaines. Si vous d\u00e9cidez d&rsquo;\u00e9tudier l&rsquo;espagnol plus longtemps, vous pouvez choisir le cours en groupe avec 20 le\u00e7ons par semaine. Vous pouvez r\u00e9server ce cours pour la dur\u00e9e qui vous convient.  <\/li>\n<li><strong>Contenu :<\/strong> Espagnol g\u00e9n\u00e9ral \u00e0 votre niveau<\/li>\n<li><strong>Enseignants :<\/strong> Minimum 2 professeurs par semaine pour plus de plaisir, des accents diff\u00e9rents et une meilleure exp\u00e9rience d&rsquo;apprentissage.<\/li>\n<li><strong>Activit\u00e9s de loisirs :<\/strong> 3 activit\u00e9s par semaine dans le cadre de notre programme de loisirs Vive en Espa\u00f1ol<\/li>\n<li><strong>Taille du groupe :<\/strong> 6 en moyenne, 12 au maximum<\/li>\n<li><strong>Niveaux :<\/strong> Tous les niveaux. D\u00e9butants et avanc\u00e9s. Apr\u00e8s notre test de niveau, tous les \u00e9tudiants sont r\u00e9partis dans des groupes en fonction de leur niveau.  <\/li>\n<\/ul>\n<h2>Le cours de cuisine sur la paella<\/h2>\n<p>Vous aimeriez vous inspirer de la paella de \u00ab\u00a0Montse\u00a0\u00bb \u00e0 la maison ? Ou \u00eates-vous simplement curieux de d\u00e9couvrir ce qui se cache derri\u00e8re le plat pr\u00e9f\u00e9r\u00e9 des Espagnols ? Ou vous voulez simplement passer un bon moment avec des camarades de votre \u00e2ge ?  <\/p>\n<p>Notre cours de cuisine de paella vous offre l&rsquo;occasion unique d&rsquo;apprendre la mani\u00e8re traditionnelle de pr\u00e9parer la paella tout en passant une belle journ\u00e9e sous le soleil d&rsquo;Ibiza.<\/p>\n<p>Le cours commence par une discussion, une explication, une odeur, une sensation et une d\u00e9gustation des ingr\u00e9dients. Il est ensuite temps de se mettre au travail sur la po\u00eale \u00e0 paella et de pr\u00e9parer une v\u00e9ritable paella. S&rsquo;il y a suffisamment de participants, nous pr\u00e9parerons deux po\u00eales.  <\/p>\n<ul>\n<li><strong>Dur\u00e9e du cours :<\/strong> 1\/2 journ\u00e9e, l&rsquo;apr\u00e8s-midi, environ 16h00-19h30 (sous r\u00e9serve de modifications) <\/li>\n<li><strong>Langue d&rsquo;enseignement :<\/strong> Espagnol<\/li>\n<li><strong>Contenu :<\/strong> Pr\u00e9paration et d\u00e9gustation de la paella<\/li>\n<li><strong>Les ingr\u00e9dients :<\/strong> Quantit\u00e9s, provenance, maturit\u00e9, \u00e9pices.<\/li>\n<li><strong>La pr\u00e9paration :<\/strong> s\u00e9quences, temp\u00e9rature, temps, trucs et astuces<\/li>\n<li><strong>Le repas :<\/strong> servir, partager et choisir les boissons<\/li>\n<li><strong>Type de paella :<\/strong> Avec poissons et fruits de mer et v\u00e9g\u00e9tarienne<\/li>\n<li><strong>Exp\u00e9rience pr\u00e9alable de la cuisine :<\/strong> Pour les d\u00e9butants complets et les cuisiniers avanc\u00e9s. Les professeurs vous feront participer en fonction de votre niveau. <\/li>\n<li><strong>Enseignants :<\/strong> Amis et chefs locaux de la paella<\/li>\n<li><strong>Lieu du stage :<\/strong> Jardin priv\u00e9, dans la ville d&rsquo;Ibiza, zone de la plage de Figueretas<\/li>\n<li><strong>Taille du groupe :<\/strong> 8 &#8211; 20 participants<\/li>\n<li><strong>Transport jusqu&rsquo;au lieu du cours :<\/strong> \u00e0 pied<\/li>\n<\/ul>\n<h4><strong>Cours de cuisine sur la paella &#8211; Dates 2026<\/strong><\/h4>\n<ul>\n<li><strong>6 mai<\/strong> (mercredi)<\/li>\n<li><strong>6 juin<\/strong> (mercredi)<\/li>\n<li><strong>8 juillet<\/strong> (mercredi)<\/li>\n<li><strong>4 ao\u00fbt<\/strong> (mardi)<\/li>\n<li><strong>9 septembre<\/strong> (mercredi)<\/li>\n<li><strong>7 octobre<\/strong> (mercredi)<\/li>\n<\/ul>\n<p>Le cours de cuisine a g\u00e9n\u00e9ralement lieu le premier mercredi du mois. Cependant, votre cours d&rsquo;espagnol commence le lundi pr\u00e9c\u00e9dent, comme d\u00e9crit ci-dessus. <\/p>\n<p data-start=\"3036\" data-end=\"3310\">   <div class=\"pricing-section\" id=\"pricing-section-main\">\n        <div class=\"pricing-content\">\n                            <h2>Tarifs<\/h2>\n<ul>\n<h3>20 cours collectifs\/semaine<\/h3>\n<div class=\"indented\">\n<li><strong>1 semaine :<\/strong> 279\u20ac<\/li>\n<\/div>\n<\/ul>\n<p>Si ces forfaits ne r\u00e9pondent pas exactement \u00e0 vos besoins ou si vous souhaitez plus d'informations avant de prendre une d\u00e9cision, n'h\u00e9sitez pas \u00e0 :<\/p>\n<div class=\"btn-grpp\">\n  <a class=\"btn-11\" href=\"\/fr\/contact\/\"><br \/>\n    <button>Nous contacter<\/button><br \/>\n  <\/a><br \/>\n  <a class=\"btn-22\" href=\"\/fr\/calculateur-de-couts\/\"><br \/>\n    <button>Obtenir un devis<\/button><br \/>\n  <\/a>\n<\/div>\n                   <\/div>\n       <div class=\"pricing-image\">\n                            <img fetchpriority=\"high\" decoding=\"async\" src=\"https:\/\/maxxinstitutes.com\/wp-content\/uploads\/2024\/12\/8.jpg\" alt=\"Custom Product Image\" width=\"400\" height=\"400\" title=\"\">\n                 <\/div>\n\t   \n  <\/div>\n<style>\nbody {\nfont-family: Arial, sans-serif;\nmargin: 0;\npadding: 0;\nbackground-color: #f4f4f4;\n}\n\n.pricing-section {\n    display: flex;\n    align-items: center;\n    justify-content: center;\n    padding: 30px;\n    background: linear-gradient(135deg, #1c1e64, #5b6db8);\n    color: white;\n}\n\n.pricing-content {\nflex: 1;\npadding: 20px;\nmax-width: 50%;\n}\n\n.pricing-content h2 {\nfont-size: 36px;\nmargin-bottom: 20px;\n}\n\n.pricing-content ul {\nlist-style: none;\npadding: 0;\n}\n\n.pricing-content li {\nfont-size: 14px;\nmargin-bottom: 10px;\n}\n\n.pricing-content a {\ncolor: #96c8ff;\ntext-decoration: none;\n}\n\n.pricing-content a:hover {\ntext-decoration: underline;\n}\n\n.pricing-image {\nflex: 1;\nmax-width: 50%;\ndisplay: flex;\njustify-content: center;\nalign-items: center;\npadding: 20px;\n}\n\n.pricing-image img {\nmax-width: 100%;\nborder-radius: 10px;\n}\n\n\/* Responsive Design *\/\n@media (max-width: 768px) {\n.pricing-section {\nflex-direction: column;\ntext-align: center;\t\n}\n.pricing-content {\n    justify-items: center;\n}\n.pricing-content, .pricing-image {\nmax-width: 100%;\n}\n}\n#pricing-section-main .pricing-content h2 {\n    color: #ffffff;\n    font-size: 27px;\n}\n\n#pricing-section-main .pricing-content h3 {\n    color: #ffffff;\n    font-size: 17px;\n}\n\n.indented {\n    margin-left: 26px;\n}\n\n.pricing-content ul {\n    list-style: disc;\n}\n.pricing-content li {\n    text-align: left;\n    margin-bottom: 13px;\n}\n#pricing-section-main .pricing-content p {\n    font-size: 12px;\n}\n@media and (max-width: 768px){\ndiv#pricing-section-main {\n    padding: 20px;\n}\n}\ndiv#pricing-section-main {\n   margin-bottom: 20px;\n}\n\t.pricing-content h3 {\n    text-align: left!important;\n}\n\/* \t17-02-25 *\/\n\t.btn-grpp {\n    display: flex;\n}\na.btn-22 {\n    margin-left: 12px;\n}\n.pricing-image {\n    max-width: fit-content;\n}\n\t.btn-grpp button {\n    color: #020c1a;\n    border-radius: 3px;\n}\n<\/style>\n    <\/p>\n<p><iframe src=\"https:\/\/www.youtube.com\/embed\/NPfjLaH4C2c?start=16\" width=\"560\" height=\"560\" frameborder=\"0\" allowfullscreen=\"allowfullscreen\"><\/iframe><\/p>\n<p>&nbsp;<\/p>\n\n\t\t<style type=\"text\/css\">\n\t\t\t#gallery-1 {\n\t\t\t\tmargin: auto;\n\t\t\t}\n\t\t\t#gallery-1 .gallery-item {\n\t\t\t\tfloat: left;\n\t\t\t\tmargin-top: 10px;\n\t\t\t\ttext-align: center;\n\t\t\t\twidth: 25%;\n\t\t\t}\n\t\t\t#gallery-1 img {\n\t\t\t\tborder: 2px solid #cfcfcf;\n\t\t\t}\n\t\t\t#gallery-1 .gallery-caption {\n\t\t\t\tmargin-left: 0;\n\t\t\t}\n\t\t\t\/* see gallery_shortcode() in wp-includes\/media.php *\/\n\t\t<\/style>\n\t\t<div id='gallery-1' class='gallery galleryid-16616 gallery-columns-4 gallery-size-full'><dl class='gallery-item'>\n\t\t\t<dt class='gallery-icon landscape'>\n\t\t\t\t<img decoding=\"async\" width=\"500\" height=\"500\" src=\"https:\/\/maxxinstitutes.com\/wp-content\/uploads\/2024\/12\/8-2.png\" class=\"attachment-full size-full\" alt=\"\" srcset=\"https:\/\/maxxinstitutes.com\/wp-content\/uploads\/2024\/12\/8-2.png 500w, https:\/\/maxxinstitutes.com\/wp-content\/uploads\/2024\/12\/8-2-300x300.png 300w, https:\/\/maxxinstitutes.com\/wp-content\/uploads\/2024\/12\/8-2-150x150.png 150w\" sizes=\"(max-width: 500px) 100vw, 500px\" title=\"\">\n\t\t\t<\/dt><\/dl><dl class='gallery-item'>\n\t\t\t<dt class='gallery-icon landscape'>\n\t\t\t\t<img decoding=\"async\" width=\"500\" height=\"500\" src=\"https:\/\/maxxinstitutes.com\/wp-content\/uploads\/2024\/12\/7-4.png\" class=\"attachment-full size-full\" alt=\"\" srcset=\"https:\/\/maxxinstitutes.com\/wp-content\/uploads\/2024\/12\/7-4.png 500w, https:\/\/maxxinstitutes.com\/wp-content\/uploads\/2024\/12\/7-4-300x300.png 300w, https:\/\/maxxinstitutes.com\/wp-content\/uploads\/2024\/12\/7-4-150x150.png 150w\" sizes=\"(max-width: 500px) 100vw, 500px\" title=\"\">\n\t\t\t<\/dt><\/dl><dl class='gallery-item'>\n\t\t\t<dt class='gallery-icon landscape'>\n\t\t\t\t<img loading=\"lazy\" decoding=\"async\" width=\"500\" height=\"500\" src=\"https:\/\/maxxinstitutes.com\/wp-content\/uploads\/2024\/12\/6-4.png\" class=\"attachment-full size-full\" alt=\"\" srcset=\"https:\/\/maxxinstitutes.com\/wp-content\/uploads\/2024\/12\/6-4.png 500w, https:\/\/maxxinstitutes.com\/wp-content\/uploads\/2024\/12\/6-4-300x300.png 300w, https:\/\/maxxinstitutes.com\/wp-content\/uploads\/2024\/12\/6-4-150x150.png 150w\" sizes=\"(max-width: 500px) 100vw, 500px\" title=\"\">\n\t\t\t<\/dt><\/dl><dl class='gallery-item'>\n\t\t\t<dt class='gallery-icon landscape'>\n\t\t\t\t<img loading=\"lazy\" decoding=\"async\" width=\"500\" height=\"500\" src=\"https:\/\/maxxinstitutes.com\/wp-content\/uploads\/2024\/12\/5-2.png\" class=\"attachment-full size-full\" alt=\"\" srcset=\"https:\/\/maxxinstitutes.com\/wp-content\/uploads\/2024\/12\/5-2.png 500w, https:\/\/maxxinstitutes.com\/wp-content\/uploads\/2024\/12\/5-2-300x300.png 300w, https:\/\/maxxinstitutes.com\/wp-content\/uploads\/2024\/12\/5-2-150x150.png 150w\" sizes=\"(max-width: 500px) 100vw, 500px\" title=\"\">\n\t\t\t<\/dt><\/dl><br style=\"clear: both\" \/><dl class='gallery-item'>\n\t\t\t<dt class='gallery-icon landscape'>\n\t\t\t\t<img loading=\"lazy\" decoding=\"async\" width=\"500\" height=\"500\" src=\"https:\/\/maxxinstitutes.com\/wp-content\/uploads\/2024\/12\/4-3.png\" class=\"attachment-full size-full\" alt=\"\" srcset=\"https:\/\/maxxinstitutes.com\/wp-content\/uploads\/2024\/12\/4-3.png 500w, https:\/\/maxxinstitutes.com\/wp-content\/uploads\/2024\/12\/4-3-300x300.png 300w, https:\/\/maxxinstitutes.com\/wp-content\/uploads\/2024\/12\/4-3-150x150.png 150w\" sizes=\"(max-width: 500px) 100vw, 500px\" title=\"\">\n\t\t\t<\/dt><\/dl><dl class='gallery-item'>\n\t\t\t<dt class='gallery-icon landscape'>\n\t\t\t\t<img loading=\"lazy\" decoding=\"async\" width=\"500\" height=\"500\" src=\"https:\/\/maxxinstitutes.com\/wp-content\/uploads\/2024\/12\/3-3.png\" class=\"attachment-full size-full\" alt=\"\" srcset=\"https:\/\/maxxinstitutes.com\/wp-content\/uploads\/2024\/12\/3-3.png 500w, https:\/\/maxxinstitutes.com\/wp-content\/uploads\/2024\/12\/3-3-300x300.png 300w, https:\/\/maxxinstitutes.com\/wp-content\/uploads\/2024\/12\/3-3-150x150.png 150w\" sizes=\"(max-width: 500px) 100vw, 500px\" title=\"\">\n\t\t\t<\/dt><\/dl><dl class='gallery-item'>\n\t\t\t<dt class='gallery-icon landscape'>\n\t\t\t\t<img loading=\"lazy\" decoding=\"async\" width=\"500\" height=\"500\" src=\"https:\/\/maxxinstitutes.com\/wp-content\/uploads\/2024\/12\/2-3.png\" class=\"attachment-full size-full\" alt=\"\" srcset=\"https:\/\/maxxinstitutes.com\/wp-content\/uploads\/2024\/12\/2-3.png 500w, https:\/\/maxxinstitutes.com\/wp-content\/uploads\/2024\/12\/2-3-300x300.png 300w, https:\/\/maxxinstitutes.com\/wp-content\/uploads\/2024\/12\/2-3-150x150.png 150w\" sizes=\"(max-width: 500px) 100vw, 500px\" title=\"\">\n\t\t\t<\/dt><\/dl><dl class='gallery-item'>\n\t\t\t<dt class='gallery-icon landscape'>\n\t\t\t\t<img loading=\"lazy\" decoding=\"async\" width=\"500\" height=\"500\" src=\"https:\/\/maxxinstitutes.com\/wp-content\/uploads\/2024\/12\/1-3.png\" class=\"attachment-full size-full\" alt=\"\" srcset=\"https:\/\/maxxinstitutes.com\/wp-content\/uploads\/2024\/12\/1-3.png 500w, https:\/\/maxxinstitutes.com\/wp-content\/uploads\/2024\/12\/1-3-300x300.png 300w, https:\/\/maxxinstitutes.com\/wp-content\/uploads\/2024\/12\/1-3-150x150.png 150w\" sizes=\"(max-width: 500px) 100vw, 500px\" title=\"\">\n\t\t\t<\/dt><\/dl><br style=\"clear: both\" \/>\n\t\t<\/div>\n\n","protected":false},"excerpt":{"rendered":"<ul>\n<li>5 le\u00e7ons priv\u00e9es de pr\u00e9paration \u00e0 l&rsquo;examen D.E.L.E.<\/li>\n<li>3 exp\u00e9riences \u00ab\u00a0Vive Ibiza en Espa\u00f1ol\u00a0\u00bb.<\/li>\n<\/ul>\n","protected":false},"featured_media":22959,"comment_status":"closed","ping_status":"closed","template":"","meta":[],"product_brand":[],"product_cat":[433,247],"product_tag":[],"class_list":{"0":"post-16616","1":"product","2":"type-product","3":"status-publish","4":"has-post-thumbnail","6":"product_cat-alimentation","7":"product_cat-cours-despagnol-a-ibiza","9":"first","10":"instock","11":"shipping-taxable","12":"purchasable","13":"product-type-variable","14":"has-default-attributes"},"_links":{"self":[{"href":"https:\/\/maxxinstitutes.com\/fr\/wp-json\/wp\/v2\/product\/16616","targetHints":{"allow":["GET"]}}],"collection":[{"href":"https:\/\/maxxinstitutes.com\/fr\/wp-json\/wp\/v2\/product"}],"about":[{"href":"https:\/\/maxxinstitutes.com\/fr\/wp-json\/wp\/v2\/types\/product"}],"replies":[{"embeddable":true,"href":"https:\/\/maxxinstitutes.com\/fr\/wp-json\/wp\/v2\/comments?post=16616"}],"wp:featuredmedia":[{"embeddable":true,"href":"https:\/\/maxxinstitutes.com\/fr\/wp-json\/wp\/v2\/media\/22959"}],"wp:attachment":[{"href":"https:\/\/maxxinstitutes.com\/fr\/wp-json\/wp\/v2\/media?parent=16616"}],"wp:term":[{"taxonomy":"product_brand","embeddable":true,"href":"https:\/\/maxxinstitutes.com\/fr\/wp-json\/wp\/v2\/product_brand?post=16616"},{"taxonomy":"product_cat","embeddable":true,"href":"https:\/\/maxxinstitutes.com\/fr\/wp-json\/wp\/v2\/product_cat?post=16616"},{"taxonomy":"product_tag","embeddable":true,"href":"https:\/\/maxxinstitutes.com\/fr\/wp-json\/wp\/v2\/product_tag?post=16616"}],"curies":[{"name":"wp","href":"https:\/\/api.w.org\/{rel}","templated":true}]}}