{"id":16502,"date":"2024-12-10T21:13:25","date_gmt":"2024-12-10T21:13:25","guid":{"rendered":"http:\/\/maxxinstitutes.com\/?post_type=product&#038;p=16502"},"modified":"2026-01-16T19:55:17","modified_gmt":"2026-01-16T19:55:17","slug":"cours-combine-204-lecons-despagnol-a-ibiza","status":"publish","type":"product","link":"https:\/\/maxxinstitutes.com\/fr\/produit\/cours-combine-204-lecons-despagnol-a-ibiza\/","title":{"rendered":"Cours combin\u00e9 20+4 le\u00e7ons d&rsquo;espagnol \u00e0 Ibiza"},"content":{"rendered":"<ul>\n<li>20 cours collectifs + 4 cours individuels par semaine<\/li>\n<li>Le\u00e7ons par semaine : 20 heures de cours collectifs + 4 cours particuliers<br \/>\n<strong>2025 Disponible du : 31.03.2025 au 27.10.2025 (sinon cours particuliers)<\/strong><strong>Contenu et objectifs :<\/strong><\/li>\n<li>Conversation et grammaire \u00e0 votre niveau<\/li>\n<li>Niveaux : De A1 \u00e0 B2. Pour les \u00e9tudiants de niveau C1 et C2, nous proposons des cours particuliers. <\/li>\n<li>Activit\u00e9s de loisirs : 3 par semaine inclus<\/li>\n<li>Dur\u00e9e du cours : 1-52 semaines (au choix)<\/li>\n<li>Dur\u00e9e des cours : 4 le\u00e7ons par jour de 50 minutes chacune<strong>:<\/strong><\/li>\n<li>entre 8h00 et 9h00 ou apr\u00e8s 14h15 (\u00e0 convenir apr\u00e8s la r\u00e9servation), cours particuliers<br \/>\n9h30-11h10, premier bloc, deux cours collectifs<br \/>\n11h10-11h25 pause<br \/>\n11h25-13h05, deuxi\u00e8me bloc, deux cours collectifs<br \/>\n13h20-14h05, activit\u00e9 de loisirs (si d\u00e9sir\u00e9), les lundis, mardis et jeudis.<\/li>\n<li>Taille du groupe : 6 participants en moyenne, 12 participants au maximum<\/li>\n<li>Dates de d\u00e9but : Tous les lundis, sur connaissance pr\u00e9alable.<\/li>\n<\/ul>\n<p data-start=\"3036\" data-end=\"3310\">   <div class=\"pricing-section\" id=\"pricing-section-main\">\n        <div class=\"pricing-content\">\n                            <h2>Tarifs<\/h2>\n<ul>\n<h3>Cours combin\u00e9 20+4 le\u00e7ons\/semaine<\/h3>\n<div class=\"indented\">\n<li><strong>1 semaine :<\/strong> 385\u20ac<\/li>\n<\/div>\n<div class=\"indented\">\n<li><strong>2\u20138 semaines :<\/strong> 337\u20ac<\/li>\n<\/div>\n<div class=\"indented\">\n<li><strong>9\u201324 semaines :<\/strong> 282\u20ac<\/li>\n<\/div>\n<div class=\"indented\">\n<li><strong>24+ semaines :<\/strong> 272\u20ac<\/li>\n<\/div>\n<\/ul>\n<p>Si ces forfaits ne r\u00e9pondent pas tout \u00e0 fait \u00e0 vos besoins ou si vous souhaitez plus de d\u00e9tails avant de prendre une d\u00e9cision, n'h\u00e9sitez pas \u00e0 :<\/p>\n<div class=\"btn-grpp\">\n  <a class=\"btn-11\" href=\"\/fr\/contact\/\"><br \/>\n    <button>Nous contacter<\/button><br \/>\n  <\/a><br \/>\n  <a class=\"btn-22\" href=\"\/fr\/calculateur-de-couts\/\"><br \/>\n    <button>Demander un devis<\/button><br \/>\n  <\/a>\n<\/div>\n                   <\/div>\n       <div class=\"pricing-image\">\n                            <img fetchpriority=\"high\" decoding=\"async\" src=\"https:\/\/maxxinstitutes.com\/wp-content\/uploads\/2024\/12\/7-1.png\" alt=\"Custom Product Image\" width=\"400\" height=\"400\" title=\"\">\n                 <\/div>\n\t   \n  <\/div>\n<style>\nbody {\nfont-family: Arial, sans-serif;\nmargin: 0;\npadding: 0;\nbackground-color: #f4f4f4;\n}\n\n.pricing-section {\n    display: flex;\n    align-items: center;\n    justify-content: center;\n    padding: 30px;\n    background: linear-gradient(135deg, #1c1e64, #5b6db8);\n    color: white;\n}\n\n.pricing-content {\nflex: 1;\npadding: 20px;\nmax-width: 50%;\n}\n\n.pricing-content h2 {\nfont-size: 36px;\nmargin-bottom: 20px;\n}\n\n.pricing-content ul {\nlist-style: none;\npadding: 0;\n}\n\n.pricing-content li {\nfont-size: 14px;\nmargin-bottom: 10px;\n}\n\n.pricing-content a {\ncolor: #96c8ff;\ntext-decoration: none;\n}\n\n.pricing-content a:hover {\ntext-decoration: underline;\n}\n\n.pricing-image {\nflex: 1;\nmax-width: 50%;\ndisplay: flex;\njustify-content: center;\nalign-items: center;\npadding: 20px;\n}\n\n.pricing-image img {\nmax-width: 100%;\nborder-radius: 10px;\n}\n\n\/* Responsive Design *\/\n@media (max-width: 768px) {\n.pricing-section {\nflex-direction: column;\ntext-align: center;\t\n}\n.pricing-content {\n    justify-items: center;\n}\n.pricing-content, .pricing-image {\nmax-width: 100%;\n}\n}\n#pricing-section-main .pricing-content h2 {\n    color: #ffffff;\n    font-size: 27px;\n}\n\n#pricing-section-main .pricing-content h3 {\n    color: #ffffff;\n    font-size: 17px;\n}\n\n.indented {\n    margin-left: 26px;\n}\n\n.pricing-content ul {\n    list-style: disc;\n}\n.pricing-content li {\n    text-align: left;\n    margin-bottom: 13px;\n}\n#pricing-section-main .pricing-content p {\n    font-size: 12px;\n}\n@media and (max-width: 768px){\ndiv#pricing-section-main {\n    padding: 20px;\n}\n}\ndiv#pricing-section-main {\n   margin-bottom: 20px;\n}\n\t.pricing-content h3 {\n    text-align: left!important;\n}\n\/* \t17-02-25 *\/\n\t.btn-grpp {\n    display: flex;\n}\na.btn-22 {\n    margin-left: 12px;\n}\n.pricing-image {\n    max-width: fit-content;\n}\n\t.btn-grpp button {\n    color: #020c1a;\n    border-radius: 3px;\n}\n<\/style>\n    <\/p>\n","protected":false},"excerpt":{"rendered":"<ul>\n<li>Cours d&rsquo;espagnol pour tous les niveaux (d\u00e9butant \u00e0 avanc\u00e9)<\/li>\n<li>Disponible d&rsquo;avril \u00e0 novembre<\/li>\n<li>Pour conna\u00eetre les dates de d\u00e9but des autres mois, veuillez consulter la rubrique <strong>Le\u00e7ons priv\u00e9es.<\/strong><\/li>\n<li>Choisissez entre 1 ou 2 semaines (pour plus de semaines, veuillez nous contacter)<\/li>\n<\/ul>\n","protected":false},"featured_media":23245,"comment_status":"closed","ping_status":"closed","template":"","meta":[],"product_brand":[],"product_cat":[438,247],"product_tag":[],"class_list":{"0":"post-16502","1":"product","2":"type-product","3":"status-publish","4":"has-post-thumbnail","6":"product_cat-cours-delectricite-ibiza","7":"product_cat-cours-despagnol-a-ibiza","9":"first","10":"instock","11":"shipping-taxable","12":"purchasable","13":"product-type-variable"},"_links":{"self":[{"href":"https:\/\/maxxinstitutes.com\/fr\/wp-json\/wp\/v2\/product\/16502","targetHints":{"allow":["GET"]}}],"collection":[{"href":"https:\/\/maxxinstitutes.com\/fr\/wp-json\/wp\/v2\/product"}],"about":[{"href":"https:\/\/maxxinstitutes.com\/fr\/wp-json\/wp\/v2\/types\/product"}],"replies":[{"embeddable":true,"href":"https:\/\/maxxinstitutes.com\/fr\/wp-json\/wp\/v2\/comments?post=16502"}],"wp:featuredmedia":[{"embeddable":true,"href":"https:\/\/maxxinstitutes.com\/fr\/wp-json\/wp\/v2\/media\/23245"}],"wp:attachment":[{"href":"https:\/\/maxxinstitutes.com\/fr\/wp-json\/wp\/v2\/media?parent=16502"}],"wp:term":[{"taxonomy":"product_brand","embeddable":true,"href":"https:\/\/maxxinstitutes.com\/fr\/wp-json\/wp\/v2\/product_brand?post=16502"},{"taxonomy":"product_cat","embeddable":true,"href":"https:\/\/maxxinstitutes.com\/fr\/wp-json\/wp\/v2\/product_cat?post=16502"},{"taxonomy":"product_tag","embeddable":true,"href":"https:\/\/maxxinstitutes.com\/fr\/wp-json\/wp\/v2\/product_tag?post=16502"}],"curies":[{"name":"wp","href":"https:\/\/api.w.org\/{rel}","templated":true}]}}