{"id":16447,"date":"2024-12-10T21:04:49","date_gmt":"2024-12-10T21:04:49","guid":{"rendered":"http:\/\/maxxinstitutes.com\/?post_type=product&#038;p=16447"},"modified":"2025-07-28T09:57:40","modified_gmt":"2025-07-28T09:57:40","slug":"30-cours-collectifs-par-semaine-a-ibiza","status":"publish","type":"product","link":"https:\/\/maxxinstitutes.com\/fr\/produit\/30-cours-collectifs-par-semaine-a-ibiza\/","title":{"rendered":"30 cours collectifs par semaine \u00e0 Ibiza"},"content":{"rendered":"<h2 data-start=\"143\" data-end=\"201\">Cours d&rsquo;espagnol super intensif &#8211; 30 le\u00e7ons par semaine<\/h2>\n<h3 data-start=\"202\" data-end=\"217\">Pourquoi Ibiza ?<\/h3>\n<p data-start=\"219\" data-end=\"506\">Apprenez l&rsquo;espagnol au paradis. Entour\u00e9e d&rsquo;eaux turquoises, de villages blanchis \u00e0 la chaux et de l&rsquo;\u00e9nergie vibrante de l&rsquo;\u00eele, notre \u00e9cole d&rsquo;Ibiza offre un environnement \u00e0 la fois paisible et inspirant pour une immersion totale. Situ\u00e9e pr\u00e8s de la plage et de la vieille ville, c&rsquo;est le m\u00e9lange parfait entre l&rsquo;\u00e9tude et le style de vie de l&rsquo;\u00eele.<\/p>\n<p data-start=\"508\" data-end=\"805\">Notre <strong>exp\u00e9rience d&rsquo;immersion en espagnol la plus compl\u00e8te<\/strong>, id\u00e9ale pour les apprenants qui souhaitent combiner des progr\u00e8s cibl\u00e9s avec la beaut\u00e9 des Bal\u00e9ares. <strong>Reconnu comme Bildungsurlaub <\/strong>dans de nombreux \u00c9tats allemands, ce cours offre un m\u00e9lange d&rsquo;enseignement en classe, d&rsquo;apprentissage en plein air et de pratique personnalis\u00e9e en mini-groupe.<\/p>\n<h3 data-start=\"812\" data-end=\"830\">D\u00e9tails de la classe :<\/h3>\n<ul>\n<li data-start=\"832\" data-end=\"1085\"><strong data-start=\"832\" data-end=\"848\">Type de cours :<\/strong> Espagnol Super Intensif (reconnu pour Bildungsurlaub)<\/li>\n<li data-start=\"832\" data-end=\"1085\"><strong data-start=\"907\" data-end=\"928\">Le\u00e7ons par semaine :<\/strong> 30<br data-start=\"931\" data-end=\"934\" \/>&#8211; 20 le\u00e7ons en groupe dans la salle de classe<br data-start=\"969\" data-end=\"972\" \/>&#8211; 3 le\u00e7ons en groupe en dehors de la salle de classe (immersion culturelle)<br data-start=\"1032\" data-end=\"1035\" \/>&#8211; 7 le\u00e7ons suppl\u00e9mentaires en petits groupes (1-4 \u00e9tudiants)<\/li>\n<li data-start=\"1087\" data-end=\"1172\"><strong data-start=\"1087\" data-end=\"1107\">Dur\u00e9e du cours :<\/strong> 1-52 semaines (au choix)<\/li>\n<li data-start=\"1087\" data-end=\"1172\"><strong data-start=\"1141\" data-end=\"1159\">Dur\u00e9e de la le\u00e7on :<\/strong> 50 minutes<\/li>\n<li data-start=\"1087\" data-end=\"1172\"><strong data-start=\"1174\" data-end=\"1188\">Horaire :<br \/>\n<\/strong>Lundi-vendredi :<br \/>\n&#8211; 08:00-09:30 &#8211; Grammaire et conversation suppl\u00e9mentaires en mini-groupes (\u00e9galement possible \u00e0 partir de 14:15)<br \/>\n&#8211; 09:30-11:10 &#8211; Premier bloc : 2 le\u00e7ons en groupe avec un professeur<br \/>\n&#8211; 11:10-11:25 &#8211; Pause<br \/>\n&#8211; 11:25-13:05 &#8211; Deuxi\u00e8me bloc : 2 le\u00e7ons en groupe avec un deuxi\u00e8me professeur<br \/>\n&#8211; 13:20-14:10 &#8211; Troisi\u00e8me bloc : Le\u00e7ons culturelles en dehors de la salle de classe les lundi, mercredi et jeudi.<\/li>\n<li data-start=\"1087\" data-end=\"1172\"><strong data-start=\"1558\" data-end=\"1569\">Niveaux :<\/strong> De A1 \u00e0 B2 &#8211; Pour les niveaux C1-C2, nous recommandons des cours priv\u00e9s.<\/li>\n<li data-start=\"1087\" data-end=\"1172\"><strong data-start=\"1638\" data-end=\"1653\">Taille du groupe :<\/strong> 6 \u00e9tudiants en moyenne, max. 12<\/li>\n<li data-start=\"1087\" data-end=\"1172\"><strong data-start=\"1685\" data-end=\"1706\">Dates de d\u00e9but 2025 : <\/strong>Tous les lundis du 31 mars au 31 octobre 2025<br \/>\n&#8211; Convient \u00e0 tous les \u00e9tudiants ayant des connaissances pr\u00e9alables.<br \/>\n&#8211; D\u00e9butants complets : dates de d\u00e9but sp\u00e9cifiques disponibles sur demande.<\/li>\n<li data-start=\"1087\" data-end=\"1172\"><strong data-start=\"1883\" data-end=\"1896\">Enseignants :<\/strong> Au moins deux professeurs de langue maternelle se succ\u00e8dent chaque semaine pour varier les plaisirs, s&rsquo;impr\u00e9gner de l&rsquo;accent et rendre l&rsquo;exp\u00e9rience d&rsquo;apprentissage plus dynamique.<\/li>\n<\/ul>\n<h3 data-start=\"2025\" data-end=\"2045\">Ce qui est inclus :<\/h3>\n<ul>\n<li data-start=\"2049\" data-end=\"2122\">Activit\u00e9s de loisirs : Activit\u00e9s culturelles et sociales hebdomadaires sur l&rsquo;\u00eele<\/li>\n<li data-start=\"2125\" data-end=\"2192\">Frais d&rsquo;inscription : 0 \u20ac &#8211; r\u00e9servez directement aupr\u00e8s de nous sans frais cach\u00e9s<\/li>\n<li data-start=\"2195\" data-end=\"2285\">Services suppl\u00e9mentaires : Test de niveau, certificat de cours, possibilit\u00e9 d&rsquo;h\u00e9bergement<\/li>\n<\/ul>\n<h3 data-start=\"2292\" data-end=\"2328\">Pourquoi choisir ce cours \u00e0 Ibiza ?<\/h3>\n<ul>\n<li data-start=\"2332\" data-end=\"2374\">\u00c9tudier l&rsquo;espagnol tout en profitant de la vie sur l&rsquo;\u00eele<\/li>\n<li data-start=\"2377\" data-end=\"2444\">Groupes de petite taille et rotation des enseignants pour un apprentissage personnalis\u00e9<\/li>\n<li data-start=\"2447\" data-end=\"2519\">Pratiquez votre espagnol lors d&rsquo;activit\u00e9s culturelles en dehors de la salle de classe<\/li>\n<li data-start=\"2522\" data-end=\"2615\">Un m\u00e9lange id\u00e9al d&rsquo;\u00e9ducation, de d\u00e9tente et d&rsquo;aventure sur l&rsquo;une des plus belles \u00eeles d&rsquo;Europe.<\/li>\n<\/ul>\n<p data-start=\"3036\" data-end=\"3310\">   <div class=\"pricing-section\" id=\"pricing-section-main\">\n        <div class=\"pricing-content\">\n                            <h2>Tarifs<\/h2>\n<ul>\n<h3>30 le\u00e7ons de groupe\/semaine<\/h3>\n<div class=\"indented\">\n<li><strong>1\u20134 semaines :<\/strong> 345\u20ac<\/li>\n<\/div>\n<div class=\"indented\">\n<li><strong>5\u20138 semaines :<\/strong> 335\u20ac par semaine<\/li>\n<\/div>\n<div class=\"indented\">\n<li><strong>9\u201324 semaines :<\/strong> 295\u20ac par semaine<\/li>\n<\/div>\n<div class=\"indented\">\n<li><strong>24+ semaines :<\/strong> 285\u20ac par semaine<\/li>\n<\/div>\n<\/ul>\n<p>Si ces forfaits ne r\u00e9pondent pas tout \u00e0 fait \u00e0 vos besoins ou si vous souhaitez plus d'informations avant de prendre une d\u00e9cision, n'h\u00e9sitez pas \u00e0 :<\/p>\n<div class=\"btn-grpp\">\n  <a class=\"btn-11\" href=\"\/fr\/contact\/\"><br \/>\n    <button>Nous contacter<\/button><br \/>\n  <\/a><br \/>\n  <a class=\"btn-22\" href=\"\/fr\/calculateur-de-couts\/\"><br \/>\n    <button>Demander un devis<\/button><br \/>\n  <\/a>\n<\/div>\n                   <\/div>\n       <div class=\"pricing-image\">\n                            <img fetchpriority=\"high\" decoding=\"async\" src=\"https:\/\/maxxinstitutes.com\/wp-content\/uploads\/2024\/12\/Black-White-Modern-Handwritten-Square-Studio-Logo.png\" alt=\"Custom Product Image\" width=\"400\" height=\"400\" title=\"\">\n                 <\/div>\n\t   \n  <\/div>\n<style>\nbody {\nfont-family: Arial, sans-serif;\nmargin: 0;\npadding: 0;\nbackground-color: #f4f4f4;\n}\n\n.pricing-section {\n    display: flex;\n    align-items: center;\n    justify-content: center;\n    padding: 30px;\n    background: linear-gradient(135deg, #1c1e64, #5b6db8);\n    color: white;\n}\n\n.pricing-content {\nflex: 1;\npadding: 20px;\nmax-width: 50%;\n}\n\n.pricing-content h2 {\nfont-size: 36px;\nmargin-bottom: 20px;\n}\n\n.pricing-content ul {\nlist-style: none;\npadding: 0;\n}\n\n.pricing-content li {\nfont-size: 14px;\nmargin-bottom: 10px;\n}\n\n.pricing-content a {\ncolor: #96c8ff;\ntext-decoration: none;\n}\n\n.pricing-content a:hover {\ntext-decoration: underline;\n}\n\n.pricing-image {\nflex: 1;\nmax-width: 50%;\ndisplay: flex;\njustify-content: center;\nalign-items: center;\npadding: 20px;\n}\n\n.pricing-image img {\nmax-width: 100%;\nborder-radius: 10px;\n}\n\n\/* Responsive Design *\/\n@media (max-width: 768px) {\n.pricing-section {\nflex-direction: column;\ntext-align: center;\t\n}\n.pricing-content {\n    justify-items: center;\n}\n.pricing-content, .pricing-image {\nmax-width: 100%;\n}\n}\n#pricing-section-main .pricing-content h2 {\n    color: #ffffff;\n    font-size: 27px;\n}\n\n#pricing-section-main .pricing-content h3 {\n    color: #ffffff;\n    font-size: 17px;\n}\n\n.indented {\n    margin-left: 26px;\n}\n\n.pricing-content ul {\n    list-style: disc;\n}\n.pricing-content li {\n    text-align: left;\n    margin-bottom: 13px;\n}\n#pricing-section-main .pricing-content p {\n    font-size: 12px;\n}\n@media and (max-width: 768px){\ndiv#pricing-section-main {\n    padding: 20px;\n}\n}\ndiv#pricing-section-main {\n   margin-bottom: 20px;\n}\n\t.pricing-content h3 {\n    text-align: left!important;\n}\n\/* \t17-02-25 *\/\n\t.btn-grpp {\n    display: flex;\n}\na.btn-22 {\n    margin-left: 12px;\n}\n.pricing-image {\n    max-width: fit-content;\n}\n\t.btn-grpp button {\n    color: #020c1a;\n    border-radius: 3px;\n}\n<\/style>\n    <\/p>\n","protected":false},"excerpt":{"rendered":"<ul>\n<li class=\"\" data-start=\"131\" data-end=\"199\">\n<p class=\"\" data-start=\"133\" data-end=\"199\">Cours d&rsquo;espagnol super intensif \u00e0 Ibiza avec 30 le\u00e7ons en groupe par semaine<\/p>\n<\/li>\n<li class=\"\" data-start=\"200\" data-end=\"272\">\n<p class=\"\" data-start=\"202\" data-end=\"272\">Acc\u00e9l\u00e9rez votre ma\u00eetrise de la langue gr\u00e2ce \u00e0 plus de temps en classe et \u00e0 des activit\u00e9s attrayantes.<\/p>\n<\/li>\n<li class=\"\" data-start=\"273\" data-end=\"341\">\n<p class=\"\" data-start=\"275\" data-end=\"341\">Groupes disponibles d&rsquo;avril \u00e0 novembre<\/p>\n<\/li>\n<li class=\"\" data-start=\"273\" data-end=\"341\">\n<p class=\"\" data-start=\"275\" data-end=\"341\">Vous souhaitez \u00e9tudier en dehors de ces mois ? D\u00e9couvrez nos cours priv\u00e9s flexibles !<\/p>\n<div class=\"elementor-element elementor-element-a5ff117 elementor-widget elementor-widget-woocommerce-product-short-description\" data-id=\"a5ff117\" data-element_type=\"widget\" data-widget_type=\"woocommerce-product-short-description.default\">\n<div class=\"elementor-widget-container\">\n<div class=\"woocommerce-product-details__short-description\"><\/div>\n<\/div>\n<\/div>\n<div class=\"elementor-element elementor-element-238fc0e elementor-align-left elementor-mobile-align-left elementor-widget elementor-widget-button\" data-id=\"238fc0e\" data-element_type=\"widget\" data-widget_type=\"button.default\">\n<div class=\"elementor-widget-container\">\n<div class=\"elementor-button-wrapper\"><\/div>\n<\/div>\n<\/div>\n<\/li>\n<\/ul>\n","protected":false},"featured_media":23231,"comment_status":"closed","ping_status":"closed","template":"","meta":[],"product_brand":[],"product_cat":[247,299],"product_tag":[],"class_list":{"0":"post-16447","1":"product","2":"type-product","3":"status-publish","4":"has-post-thumbnail","6":"product_cat-cours-despagnol-a-ibiza","7":"product_cat-la-plupart-du-temps","9":"first","10":"instock","11":"shipping-taxable","12":"purchasable","13":"product-type-variable"},"_links":{"self":[{"href":"https:\/\/maxxinstitutes.com\/fr\/wp-json\/wp\/v2\/product\/16447","targetHints":{"allow":["GET"]}}],"collection":[{"href":"https:\/\/maxxinstitutes.com\/fr\/wp-json\/wp\/v2\/product"}],"about":[{"href":"https:\/\/maxxinstitutes.com\/fr\/wp-json\/wp\/v2\/types\/product"}],"replies":[{"embeddable":true,"href":"https:\/\/maxxinstitutes.com\/fr\/wp-json\/wp\/v2\/comments?post=16447"}],"wp:featuredmedia":[{"embeddable":true,"href":"https:\/\/maxxinstitutes.com\/fr\/wp-json\/wp\/v2\/media\/23231"}],"wp:attachment":[{"href":"https:\/\/maxxinstitutes.com\/fr\/wp-json\/wp\/v2\/media?parent=16447"}],"wp:term":[{"taxonomy":"product_brand","embeddable":true,"href":"https:\/\/maxxinstitutes.com\/fr\/wp-json\/wp\/v2\/product_brand?post=16447"},{"taxonomy":"product_cat","embeddable":true,"href":"https:\/\/maxxinstitutes.com\/fr\/wp-json\/wp\/v2\/product_cat?post=16447"},{"taxonomy":"product_tag","embeddable":true,"href":"https:\/\/maxxinstitutes.com\/fr\/wp-json\/wp\/v2\/product_tag?post=16447"}],"curies":[{"name":"wp","href":"https:\/\/api.w.org\/{rel}","templated":true}]}}