{"id":16325,"date":"2024-12-10T20:57:42","date_gmt":"2024-12-10T20:57:42","guid":{"rendered":"http:\/\/maxxinstitutes.com\/?post_type=product&#038;p=16325"},"modified":"2025-07-28T10:18:23","modified_gmt":"2025-07-28T10:18:23","slug":"20-cours-collectifs-par-semaine-a-ibiza","status":"publish","type":"product","link":"https:\/\/maxxinstitutes.com\/fr\/produit\/20-cours-collectifs-par-semaine-a-ibiza\/","title":{"rendered":"20 cours collectifs par semaine \u00e0 Ibiza"},"content":{"rendered":"<h2>Espagnol g\u00e9n\u00e9ral &#8211; 20 le\u00e7ons en groupe par semaine<\/h2>\n<h3>Pourquoi Ibiza ?<\/h3>\n<p>Apprenez l&rsquo;espagnol dans l&rsquo;un des plus beaux cadres m\u00e9diterran\u00e9ens. Ibiza n&rsquo;est pas seulement c\u00e9l\u00e8bre pour ses plages et son atmosph\u00e8re d\u00e9tendue, c&rsquo;est aussi l&rsquo;endroit id\u00e9al pour s&rsquo;immerger totalement dans la langue espagnole. Notre \u00e9cole de langue moderne est situ\u00e9e au c\u0153ur de la ville d&rsquo;Ibiza, offrant la combinaison parfaite d&rsquo;un apprentissage intensif et d&rsquo;un style de vie insulaire.<\/p>\n<h3>D\u00e9tails du cours :<\/h3>\n<ul>\n<li data-start=\"645\" data-end=\"685\"><strong data-start=\"645\" data-end=\"665\">Le\u00e7ons par semaine<\/strong>: 20 le\u00e7ons en groupe<\/li>\n<li data-start=\"688\" data-end=\"747\"><strong data-start=\"688\" data-end=\"706\">Contenu du cours<\/strong>: Espagnol g\u00e9n\u00e9ral \u00e0 votre niveau actuel<\/li>\n<li data-start=\"750\" data-end=\"832\"><strong data-start=\"750\" data-end=\"768\">Niveaux propos\u00e9s<\/strong>: A1 \u00e0 B2<br data-start=\"778\" data-end=\"781\" \/><em data-start=\"783\" data-end=\"830\">(Pour C1 et C2, nous vous conseillons de prendre des cours particuliers)<\/em><\/li>\n<li data-start=\"835\" data-end=\"907\"><strong data-start=\"835\" data-end=\"847\">Enseignants<\/strong>: Des locuteurs natifs hautement qualifi\u00e9s, titulaires d&rsquo;un dipl\u00f4me universitaire<\/li>\n<li data-start=\"910\" data-end=\"1005\"><strong data-start=\"910\" data-end=\"926\">Format de la classe<\/strong>: Rotation des enseignants pour am\u00e9liorer l&rsquo;apprentissage gr\u00e2ce \u00e0 des accents et des m\u00e9thodes diff\u00e9rents.<\/li>\n<li data-start=\"1008\" data-end=\"1060\"><strong data-start=\"1008\" data-end=\"1022\">Taille du groupe<\/strong>: 6 participants en moyenne, 12 participants au maximum<\/li>\n<li data-start=\"1063\" data-end=\"1098\"><strong data-start=\"1063\" data-end=\"1078\">\u00c2ge de l&rsquo;\u00e9tudiant<\/strong>: Minimum 18 ans<\/li>\n<li data-start=\"1126\" data-end=\"1239\"><strong data-start=\"1126\" data-end=\"1149\">Disponibilit\u00e9 des cours<\/strong>: du 31 mars au 27 octobre 2025<br data-start=\"1178\" data-end=\"1181\" \/><em data-start=\"1183\" data-end=\"1237\">(En dehors de cette p\u00e9riode, des cours particuliers sont disponibles).<\/em><\/li>\n<li data-start=\"1242\" data-end=\"1290\"><strong data-start=\"1242\" data-end=\"1254\">Dur\u00e9e<\/strong>: 1 \u00e0 52 semaines (r\u00e9servation flexible)<\/li>\n<li data-start=\"1293\" data-end=\"1315\"><strong data-start=\"1293\" data-end=\"1312\">Horaire des cours<\/strong>:\n<ul data-start=\"1318\" data-end=\"1542\">\n<li data-start=\"1318\" data-end=\"1377\">\n<p data-start=\"1320\" data-end=\"1377\">09:30 &#8211; 11:10 : Premier bloc (2 le\u00e7ons avec un professeur)<\/p>\n<\/li>\n<li data-start=\"1380\" data-end=\"1404\">\n<p data-start=\"1382\" data-end=\"1404\">11:10 &#8211; 11:25 : Pause<\/p>\n<\/li>\n<li data-start=\"1407\" data-end=\"1471\">\n<p data-start=\"1409\" data-end=\"1471\">11:25 &#8211; 13:05 : Deuxi\u00e8me bloc (2 le\u00e7ons avec un autre professeur)<\/p>\n<\/li>\n<li data-start=\"1474\" data-end=\"1542\">\n<p data-start=\"1476\" data-end=\"1542\">13:20 &#8211; 14:10 : Activit\u00e9 socioculturelle facultative (lundi, mercredi, jeudi)<\/p>\n<\/li>\n<\/ul>\n<\/li>\n<li data-start=\"1545\" data-end=\"1587\"><strong data-start=\"1545\" data-end=\"1562\">Dur\u00e9e de la le\u00e7on<\/strong>: 50 minutes par le\u00e7on<\/li>\n<li data-start=\"1590\" data-end=\"1647\"><strong data-start=\"1590\" data-end=\"1605\">Dates de d\u00e9but<\/strong>: Tous les lundis (sur connaissance pr\u00e9alable)<\/li>\n<li data-start=\"1652\" data-end=\"1704\">D\u00e9butants complets : Dates de d\u00e9but disponibles<\/li>\n<\/ul>\n<div class=\"bt_bb_text\">\n<h3><strong>Ce qui est inclus :<\/strong><\/h3>\n<ul>\n<li data-start=\"1733\" data-end=\"1800\"><strong data-start=\"1733\" data-end=\"1755\">Activit\u00e9s de loisirs<\/strong>: 3 activit\u00e9s culturelles et sociales par semaine<\/li>\n<li data-start=\"1803\" data-end=\"1874\"><strong data-start=\"1803\" data-end=\"1823\">Frais d&rsquo;inscription<\/strong>: 0 \u20ac &#8211; r\u00e9servez directement aupr\u00e8s de nous sans frais cach\u00e9s<\/li>\n<li data-start=\"1877\" data-end=\"1971\"><strong data-start=\"1877\" data-end=\"1900\">Services suppl\u00e9mentaires<\/strong>: Test de niveau, certificat de cours, possibilit\u00e9 d&rsquo;h\u00e9bergement<\/li>\n<\/ul>\n<h3><strong>Pourquoi choisir ce cours \u00e0 Ibiza ?<\/strong><\/h3>\n<ul>\n<li>Petits groupes et attention personnalis\u00e9e<\/li>\n<li>Rotation des enseignants = plus d&rsquo;accents, plus d&rsquo;exposition, plus de progr\u00e8s<\/li>\n<li>Combinez vie baln\u00e9aire, culture et apprentissage des langues dans l&rsquo;une des plus belles destinations d&rsquo;Europe.<\/li>\n<\/ul>\n<\/div>\n<p data-start=\"3036\" data-end=\"3310\">   <div class=\"pricing-section\" id=\"pricing-section-main\">\n        <div class=\"pricing-content\">\n                            <h2>Tarifs<\/h2>\n<ul>\n<h3>20 le\u00e7ons de groupe\/semaine<\/h3>\n<div class=\"indented\">\n<li><strong>1 semaine :<\/strong> 229\u20ac<\/li>\n<\/div>\n<div class=\"indented\">\n<li><strong>2\u20138 semaines :<\/strong> 209\u20ac par semaine<\/li>\n<\/div>\n<div class=\"indented\">\n<li><strong>9\u201324 semaines :<\/strong> 170\u20ac par semaine<\/li>\n<\/div>\n<div class=\"indented\">\n<li><strong>24+ semaines :<\/strong> 160\u20ac par semaine<\/li>\n<\/div>\n<\/ul>\n<p>Si ces forfaits ne r\u00e9pondent pas tout \u00e0 fait \u00e0 vos besoins ou si vous souhaitez plus d'informations avant de prendre une d\u00e9cision, n'h\u00e9sitez pas \u00e0 :<\/p>\n<div class=\"btn-grpp\">\n  <a class=\"btn-11\" href=\"\/fr\/contact\/\"><br \/>\n    <button>Nous contacter<\/button><br \/>\n  <\/a><br \/>\n  <a class=\"btn-22\" href=\"\/fr\/calculateur-de-couts\/\"><br \/>\n    <button>Demander un devis<\/button><br \/>\n  <\/a>\n<\/div>\n                   <\/div>\n       <div class=\"pricing-image\">\n                            <img fetchpriority=\"high\" decoding=\"async\" src=\"https:\/\/maxxinstitutes.com\/wp-content\/uploads\/2024\/12\/1-1.png\" alt=\"Custom Product Image\" width=\"400\" height=\"400\" title=\"\">\n                 <\/div>\n\t   \n  <\/div>\n<style>\nbody {\nfont-family: Arial, sans-serif;\nmargin: 0;\npadding: 0;\nbackground-color: #f4f4f4;\n}\n\n.pricing-section {\n    display: flex;\n    align-items: center;\n    justify-content: center;\n    padding: 30px;\n    background: linear-gradient(135deg, #1c1e64, #5b6db8);\n    color: white;\n}\n\n.pricing-content {\nflex: 1;\npadding: 20px;\nmax-width: 50%;\n}\n\n.pricing-content h2 {\nfont-size: 36px;\nmargin-bottom: 20px;\n}\n\n.pricing-content ul {\nlist-style: none;\npadding: 0;\n}\n\n.pricing-content li {\nfont-size: 14px;\nmargin-bottom: 10px;\n}\n\n.pricing-content a {\ncolor: #96c8ff;\ntext-decoration: none;\n}\n\n.pricing-content a:hover {\ntext-decoration: underline;\n}\n\n.pricing-image {\nflex: 1;\nmax-width: 50%;\ndisplay: flex;\njustify-content: center;\nalign-items: center;\npadding: 20px;\n}\n\n.pricing-image img {\nmax-width: 100%;\nborder-radius: 10px;\n}\n\n\/* Responsive Design *\/\n@media (max-width: 768px) {\n.pricing-section {\nflex-direction: column;\ntext-align: center;\t\n}\n.pricing-content {\n    justify-items: center;\n}\n.pricing-content, .pricing-image {\nmax-width: 100%;\n}\n}\n#pricing-section-main .pricing-content h2 {\n    color: #ffffff;\n    font-size: 27px;\n}\n\n#pricing-section-main .pricing-content h3 {\n    color: #ffffff;\n    font-size: 17px;\n}\n\n.indented {\n    margin-left: 26px;\n}\n\n.pricing-content ul {\n    list-style: disc;\n}\n.pricing-content li {\n    text-align: left;\n    margin-bottom: 13px;\n}\n#pricing-section-main .pricing-content p {\n    font-size: 12px;\n}\n@media and (max-width: 768px){\ndiv#pricing-section-main {\n    padding: 20px;\n}\n}\ndiv#pricing-section-main {\n   margin-bottom: 20px;\n}\n\t.pricing-content h3 {\n    text-align: left!important;\n}\n\/* \t17-02-25 *\/\n\t.btn-grpp {\n    display: flex;\n}\na.btn-22 {\n    margin-left: 12px;\n}\n.pricing-image {\n    max-width: fit-content;\n}\n\t.btn-grpp button {\n    color: #020c1a;\n    border-radius: 3px;\n}\n<\/style>\n    <\/p>\n","protected":false},"excerpt":{"rendered":"<ul>\n<li>Rejoignez nos cours d&rsquo;espagnol dynamiques \u00e0 Ibiza, disponibles d&rsquo;avril \u00e0 novembre.<\/li>\n<li>Des petits groupes, des professeurs experts et un environnement amusant et immersif pour am\u00e9liorer rapidement votre espagnol &#8211; que vous commenciez ou que vous vous perfectionniez.<\/li>\n<li><em data-start=\"453\" data-end=\"531\">Vous souhaitez \u00e9tudier en dehors de ces mois ? D\u00e9couvrez nos cours priv\u00e9s flexibles ! <\/em><\/li>\n<\/ul>\n","protected":false},"featured_media":23224,"comment_status":"closed","ping_status":"closed","template":"","meta":[],"product_brand":[],"product_cat":[247,299],"product_tag":[],"class_list":{"0":"post-16325","1":"product","2":"type-product","3":"status-publish","4":"has-post-thumbnail","6":"product_cat-cours-despagnol-a-ibiza","7":"product_cat-la-plupart-du-temps","9":"first","10":"instock","11":"shipping-taxable","12":"purchasable","13":"product-type-variable"},"_links":{"self":[{"href":"https:\/\/maxxinstitutes.com\/fr\/wp-json\/wp\/v2\/product\/16325","targetHints":{"allow":["GET"]}}],"collection":[{"href":"https:\/\/maxxinstitutes.com\/fr\/wp-json\/wp\/v2\/product"}],"about":[{"href":"https:\/\/maxxinstitutes.com\/fr\/wp-json\/wp\/v2\/types\/product"}],"replies":[{"embeddable":true,"href":"https:\/\/maxxinstitutes.com\/fr\/wp-json\/wp\/v2\/comments?post=16325"}],"wp:featuredmedia":[{"embeddable":true,"href":"https:\/\/maxxinstitutes.com\/fr\/wp-json\/wp\/v2\/media\/23224"}],"wp:attachment":[{"href":"https:\/\/maxxinstitutes.com\/fr\/wp-json\/wp\/v2\/media?parent=16325"}],"wp:term":[{"taxonomy":"product_brand","embeddable":true,"href":"https:\/\/maxxinstitutes.com\/fr\/wp-json\/wp\/v2\/product_brand?post=16325"},{"taxonomy":"product_cat","embeddable":true,"href":"https:\/\/maxxinstitutes.com\/fr\/wp-json\/wp\/v2\/product_cat?post=16325"},{"taxonomy":"product_tag","embeddable":true,"href":"https:\/\/maxxinstitutes.com\/fr\/wp-json\/wp\/v2\/product_tag?post=16325"}],"curies":[{"name":"wp","href":"https:\/\/api.w.org\/{rel}","templated":true}]}}