{"id":15766,"date":"2024-09-18T10:38:09","date_gmt":"2024-09-18T10:38:09","guid":{"rendered":"http:\/\/maxxinstitutes.com\/product\/cours-despagnol-du-soir-a-palma-de-majorque\/"},"modified":"2026-02-03T17:30:42","modified_gmt":"2026-02-03T17:30:42","slug":"cours-despagnol-du-soir-a-palma-de-majorque","status":"publish","type":"product","link":"https:\/\/maxxinstitutes.com\/fr\/produit\/cours-despagnol-du-soir-a-palma-de-majorque\/","title":{"rendered":"Cours d&rsquo;espagnol du soir \u00e0 Palma de Majorque"},"content":{"rendered":"<h2 data-start=\"169\" data-end=\"428\">Cours du soir d&rsquo;espagnol \u00e0 Palma de Majorque<\/h2>\n<p data-start=\"169\" data-end=\"428\">Nos cours d&rsquo;espagnol du soir \u00e0 Palma sont parfaits pour les expatri\u00e9s vivant \u00e0 Palma qui travaillent ou \u00e9tudient pendant la journ\u00e9e. Con\u00e7us pour ceux qui ne peuvent pas suivre un programme intensif en journ\u00e9e, ces cours \u00e0 temps partiel sont un moyen flexible et efficace d&rsquo;am\u00e9liorer vos comp\u00e9tences en espagnol. <\/p>\n<h3><strong data-start=\"430\" data-end=\"448\">D\u00e9tails de la classe :<\/strong><\/h3>\n<ul data-start=\"449\" data-end=\"1135\">\n<li data-start=\"449\" data-end=\"586\"><strong data-start=\"451\" data-end=\"472\">Cours par semaine :<\/strong> 4 cours collectifs de 50 minutes chacun (deux le lundi et deux le mercredi ou deux le mardi et deux le jeudi)<\/li>\n<li data-start=\"587\" data-end=\"659\"><strong data-start=\"589\" data-end=\"603\">Horaires :<\/strong> Lundi\/mercredi ou mardi\/jeudi, 19h30 &#8211; 21h10<\/li>\n<li data-start=\"660\" data-end=\"811\"><strong data-start=\"662\" data-end=\"682\">Dur\u00e9e du cours :<\/strong> 4-52 semaines. Une pause de 2 semaines \u00e0 No\u00ebl (dernier cours le 20 d\u00e9cembre, reprise le 7 janvier). Tous les cours seront rattrap\u00e9s. <\/li>\n<li data-start=\"812\" data-end=\"888\"><strong data-start=\"814\" data-end=\"827\">Lieu :<\/strong> Instituts Maxx, Avenida Portugal 1, 07012 Palma de Mallorca<\/li>\n<li data-start=\"889\" data-end=\"1075\"><strong data-start=\"891\" data-end=\"902\">Niveaux :<\/strong> D\u00e9butants complets (A1) \u00e0 avanc\u00e9s (C1). Les nouveaux groupes commencent \u00e0 des dates pr\u00e9cises et les \u00e9tudiants peuvent s&rsquo;inscrire \u00e0 tout moment apr\u00e8s avoir effectu\u00e9 un test de niveau gratuit (sans obligation d&rsquo;inscription). <\/li>\n<li data-start=\"1076\" data-end=\"1135\"><strong data-start=\"1078\" data-end=\"1093\">Taille de la classe :<\/strong> Minimum 3 \u00e9tudiants, moyenne 6, maximum 12<\/li>\n<\/ul>\n<h3 data-start=\"1137\" data-end=\"1170\"><strong data-start=\"1137\" data-end=\"1170\">Contenu du cours et m\u00e9thodologie :<\/strong><\/h3>\n<ul data-start=\"1171\" data-end=\"1964\">\n<li data-prosemirror-content-type=\"node\" data-prosemirror-node-name=\"listItem\" data-prosemirror-node-block=\"true\" data-pm-slice=\"2 2 [\"bulletList\",{\"localId\":null}]\">\n<p data-prosemirror-content-type=\"node\" data-prosemirror-node-name=\"paragraph\" data-prosemirror-node-block=\"true\"><strong data-prosemirror-content-type=\"mark\" data-prosemirror-mark-name=\"strong\">Niveaux :<\/strong> D\u00e9butants complets (A1) \u00e0 avanc\u00e9s (C1). Les nouveaux groupes commencent \u00e0 des dates pr\u00e9cises et les \u00e9tudiants peuvent s&rsquo;inscrire \u00e0 tout moment apr\u00e8s avoir effectu\u00e9 un test de niveau gratuit (sans obligation d&rsquo;inscription). <\/p>\n<\/li>\n<li data-prosemirror-content-type=\"node\" data-prosemirror-node-name=\"listItem\" data-prosemirror-node-block=\"true\" data-pm-slice=\"2 2 [\"bulletList\",{\"localId\":null}]\">\n<p data-prosemirror-content-type=\"node\" data-prosemirror-node-name=\"paragraph\" data-prosemirror-node-block=\"true\"><strong data-prosemirror-content-type=\"mark\" data-prosemirror-mark-name=\"strong\">Mat\u00e9riel :<\/strong> Un livre est n\u00e9cessaire pour les cours et peut \u00eatre achet\u00e9 \u00e0 l&rsquo;\u00e9cole (valable environ 3 mois). Veuillez nous contacter pour plus de d\u00e9tails. <\/p>\n<\/li>\n<li data-prosemirror-content-type=\"node\" data-prosemirror-node-name=\"listItem\" data-prosemirror-node-block=\"true\" data-pm-slice=\"2 2 [\"bulletList\",{\"localId\":null}]\">\n<p data-prosemirror-content-type=\"node\" data-prosemirror-node-name=\"paragraph\" data-prosemirror-node-block=\"true\"><strong data-start=\"1275\" data-end=\"1285\">Focus :<\/strong> Grammaire et conversation, en mettant l&rsquo;accent sur les 4 comp\u00e9tences cl\u00e9s : parler, \u00e9couter, lire et \u00e9crire.<\/p>\n<\/li>\n<li data-prosemirror-content-type=\"node\" data-prosemirror-node-name=\"listItem\" data-prosemirror-node-block=\"true\" data-pm-slice=\"2 2 [\"bulletList\",{\"localId\":null}]\">\n<p data-prosemirror-content-type=\"node\" data-prosemirror-node-name=\"paragraph\" data-prosemirror-node-block=\"true\"><strong data-start=\"1393\" data-end=\"1406\">Approche :<\/strong> Des le\u00e7ons int\u00e9gr\u00e9es qui combinent la grammaire, le vocabulaire et des sc\u00e9narios de communication de la vie r\u00e9elle.<\/p>\n<\/li>\n<li data-start=\"1680\" data-end=\"1964\"><strong data-start=\"1682\" data-end=\"1695\">Enseignants :<\/strong> Des instructeurs qualifi\u00e9s, titulaires d&rsquo;un dipl\u00f4me universitaire, qui parlent l&rsquo;anglais et \u00e9ventuellement d&rsquo;autres langues. Les enseignants se succ\u00e8dent tout au long du cours, ce qui garantit une exp\u00e9rience d&rsquo;apprentissage diversifi\u00e9e. Vous ferez l&rsquo;exp\u00e9rience de diff\u00e9rents styles d&rsquo;enseignement et d&rsquo;accents, simulant ainsi la communication dans la vie r\u00e9elle.  <\/li>\n<\/ul>\n<h3 data-start=\"2237\" data-end=\"2258\"><strong data-start=\"2237\" data-end=\"2258\">Dates de d\u00e9but 2026 :<\/strong><\/h3>\n<ul>\n<li data-start=\"1094\" data-end=\"1268\"><strong data-start=\"1094\" data-end=\"1122\">D\u00e9butants complets (A1) :<\/strong><br data-start=\"1122\" data-end=\"1125\">Si vous \u00eates d\u00e9butant en espagnol ou si vous partez de z\u00e9ro, vous pouvez rejoindre l&rsquo;un de nos groupes de d\u00e9butants \u00e0 partir des dates de d\u00e9but officielles indiqu\u00e9es ci-dessous.<\/li>\n<li data-start=\"1273\" data-end=\"1559\"><strong data-start=\"1273\" data-end=\"1310\">Etudiants ayant des connaissances pr\u00e9alables :<\/strong><br data-start=\"1310\" data-end=\"1313\">Si vous parlez d\u00e9j\u00e0 un peu d&rsquo;espagnol, vous n&rsquo;avez pas besoin d&rsquo;attendre une date de d\u00e9but. Apr\u00e8s avoir effectu\u00e9 notre test de niveau gratuit et sans engagement, vous pouvez rejoindre un <strong data-start=\"1465\" data-end=\"1502\">groupe de votre niveau \u00e0<\/strong> n&rsquo;importe quel moment de l&rsquo;ann\u00e9e, dans la mesure des disponibilit\u00e9s. <\/li>\n<\/ul>\n<ul class=\"ak-ul\" data-prosemirror-content-type=\"node\" data-prosemirror-node-name=\"bulletList\" data-prosemirror-node-block=\"true\">\n<li data-prosemirror-content-type=\"node\" data-prosemirror-node-name=\"listItem\" data-prosemirror-node-block=\"true\">\n<p data-prosemirror-content-type=\"node\" data-prosemirror-node-name=\"paragraph\" data-prosemirror-node-block=\"true\">3 et 5 mars<\/p>\n<\/li>\n<li data-prosemirror-content-type=\"node\" data-prosemirror-node-name=\"listItem\" data-prosemirror-node-block=\"true\">4 et 5 mai<\/li>\n<li data-prosemirror-content-type=\"node\" data-prosemirror-node-name=\"listItem\" data-prosemirror-node-block=\"true\">\n<p data-prosemirror-content-type=\"node\" data-prosemirror-node-name=\"paragraph\" data-prosemirror-node-block=\"true\">7 et 8 juillet<\/p>\n<\/li>\n<li data-prosemirror-content-type=\"node\" data-prosemirror-node-name=\"listItem\" data-prosemirror-node-block=\"true\">\n<p data-prosemirror-content-type=\"node\" data-prosemirror-node-name=\"paragraph\" data-prosemirror-node-block=\"true\">29 et 30 septembre<\/p>\n<\/li>\n<li data-prosemirror-content-type=\"node\" data-prosemirror-node-name=\"listItem\" data-prosemirror-node-block=\"true\">\n<p data-prosemirror-content-type=\"node\" data-prosemirror-node-name=\"paragraph\" data-prosemirror-node-block=\"true\">10 et 11 novembre<\/p>\n<\/li>\n<\/ul>\n<h3 data-prosemirror-content-type=\"node\" data-prosemirror-node-name=\"paragraph\" data-prosemirror-node-block=\"true\"><strong data-prosemirror-content-type=\"mark\" data-prosemirror-mark-name=\"strong\">Horaire(s) de cours<\/strong><\/h3>\n<ul>\n<li data-prosemirror-content-type=\"node\" data-prosemirror-node-name=\"paragraph\" data-prosemirror-node-block=\"true\">Lundi et mercredi de 17h00 \u00e0 18h40 ou de 19h00 \u00e0 20h40<\/li>\n<li data-prosemirror-content-type=\"node\" data-prosemirror-node-name=\"paragraph\" data-prosemirror-node-block=\"true\">Mardi\/jeudi et vendredi : 17 h \u00e0 18 h 40 ou 19 h \u00e0 20 h 40<\/li>\n<\/ul>\n<h3 data-prosemirror-content-type=\"node\" data-prosemirror-node-name=\"paragraph\" data-prosemirror-node-block=\"true\"><strong>Veuillez noter :<\/strong><\/h3>\n<ul class=\"ak-ul\" data-prosemirror-content-type=\"node\" data-prosemirror-node-name=\"bulletList\" data-prosemirror-node-block=\"true\">\n<li data-prosemirror-content-type=\"node\" data-prosemirror-node-name=\"listItem\" data-prosemirror-node-block=\"true\">\n<p data-prosemirror-content-type=\"node\" data-prosemirror-node-name=\"paragraph\" data-prosemirror-node-block=\"true\">Vous pouvez demander d&rsquo;autres dates de d\u00e9but, car il est \u00e9galement possible de rejoindre un groupe en cours, \u00e0 condition que le niveau corresponde.<\/p>\n<\/li>\n<li data-prosemirror-content-type=\"node\" data-prosemirror-node-name=\"listItem\" data-prosemirror-node-block=\"true\">\n<p data-prosemirror-content-type=\"node\" data-prosemirror-node-name=\"paragraph\" data-prosemirror-node-block=\"true\">Les horaires des cours peuvent varier l\u00e9g\u00e8rement en fonction des besoins de l&rsquo;organisation.<\/p>\n<\/li>\n<li data-prosemirror-content-type=\"node\" data-prosemirror-node-name=\"listItem\" data-prosemirror-node-block=\"true\">\n<p data-prosemirror-content-type=\"node\" data-prosemirror-node-name=\"paragraph\" data-prosemirror-node-block=\"true\">Les dates ci-dessus peuvent \u00eatre modifi\u00e9es pour des raisons d&rsquo;organisation.<\/p>\n<\/li>\n<\/ul>\n<h3 data-start=\"2655\" data-end=\"2711\"><strong data-start=\"2655\" data-end=\"2671\">Certificat :<\/strong><\/h3>\n<p data-start=\"2655\" data-end=\"2711\">Au terme d&rsquo;une p\u00e9riode minimale de 3 mois, disponible sur demande<\/p>\n<p>&nbsp;<\/p>\n<p data-start=\"3036\" data-end=\"3310\">   <div class=\"pricing-section\" id=\"pricing-section-main\">\n        <div class=\"pricing-content\">\n                            <h2>Tarifs<\/h2>\n<ul>\n<h3>Cours d'espagnol du soir. Aucuns frais d'inscription.<\/h3>\n<div class=\"indented\">\n<li><strong>4 semaines :<\/strong> 125\u20ac<\/li>\n<\/div>\n<div class=\"indented\">\n<li><strong>8 semaines + 1 semaine offerte :<\/strong> 250\u20ac<\/li>\n<\/div>\n<div class=\"indented\">\n<li><strong>12 semaines + 2 semaines offertes :<\/strong> 375\u20ac<\/li>\n<\/div>\n<div class=\"indented\">\n<li><strong>16 semaines + 3 semaines offertes :<\/strong> 500\u20ac<\/li>\n<\/div>\n<\/ul>\n<p>Si ces formules ne r\u00e9pondent pas tout \u00e0 fait \u00e0 vos besoins ou si vous souhaitez obtenir plus d\u2019informations avant de prendre une d\u00e9cision, n\u2019h\u00e9sitez pas \u00e0 :<\/p>\n<div class=\"btn-grpp\">\n  <a class=\"btn-11\" href=\"\/fr\/contact\/\"><br \/>\n    <button>Nous contacter<\/button><br \/>\n  <\/a><br \/>\n  <a class=\"btn-22\" href=\"\/fr\/calculateur-de-couts\/\"><br \/>\n    <button>Demander un devis<\/button><br \/>\n  <\/a>\n<\/div>\n                   <\/div>\n       <div class=\"pricing-image\">\n                            <img fetchpriority=\"high\" decoding=\"async\" src=\"https:\/\/maxxinstitutes.com\/wp-content\/uploads\/2024\/09\/spanish-evening-classes-palma.webp\" alt=\"Custom Product Image\" width=\"400\" height=\"400\" title=\"\">\n                 <\/div>\n\t   \n  <\/div>\n<style>\nbody {\nfont-family: Arial, sans-serif;\nmargin: 0;\npadding: 0;\nbackground-color: #f4f4f4;\n}\n\n.pricing-section {\n    display: flex;\n    align-items: center;\n    justify-content: center;\n    padding: 30px;\n    background: linear-gradient(135deg, #1c1e64, #5b6db8);\n    color: white;\n}\n\n.pricing-content {\nflex: 1;\npadding: 20px;\nmax-width: 50%;\n}\n\n.pricing-content h2 {\nfont-size: 36px;\nmargin-bottom: 20px;\n}\n\n.pricing-content ul {\nlist-style: none;\npadding: 0;\n}\n\n.pricing-content li {\nfont-size: 14px;\nmargin-bottom: 10px;\n}\n\n.pricing-content a {\ncolor: #96c8ff;\ntext-decoration: none;\n}\n\n.pricing-content a:hover {\ntext-decoration: underline;\n}\n\n.pricing-image {\nflex: 1;\nmax-width: 50%;\ndisplay: flex;\njustify-content: center;\nalign-items: center;\npadding: 20px;\n}\n\n.pricing-image img {\nmax-width: 100%;\nborder-radius: 10px;\n}\n\n\/* Responsive Design *\/\n@media (max-width: 768px) {\n.pricing-section {\nflex-direction: column;\ntext-align: center;\t\n}\n.pricing-content {\n    justify-items: center;\n}\n.pricing-content, .pricing-image {\nmax-width: 100%;\n}\n}\n#pricing-section-main .pricing-content h2 {\n    color: #ffffff;\n    font-size: 27px;\n}\n\n#pricing-section-main .pricing-content h3 {\n    color: #ffffff;\n    font-size: 17px;\n}\n\n.indented {\n    margin-left: 26px;\n}\n\n.pricing-content ul {\n    list-style: disc;\n}\n.pricing-content li {\n    text-align: left;\n    margin-bottom: 13px;\n}\n#pricing-section-main .pricing-content p {\n    font-size: 12px;\n}\n@media and (max-width: 768px){\ndiv#pricing-section-main {\n    padding: 20px;\n}\n}\ndiv#pricing-section-main {\n   margin-bottom: 20px;\n}\n\t.pricing-content h3 {\n    text-align: left!important;\n}\n\/* \t17-02-25 *\/\n\t.btn-grpp {\n    display: flex;\n}\na.btn-22 {\n    margin-left: 12px;\n}\n.pricing-image {\n    max-width: fit-content;\n}\n\t.btn-grpp button {\n    color: #020c1a;\n    border-radius: 3px;\n}\n<\/style>\n    <\/p>\n","protected":false},"excerpt":{"rendered":"<ul>\n<li>Cours du soir d&rsquo;espagnol dynamique<\/li>\n<li>Apprentissage abordable et situation centrale<\/li>\n<li>Exp\u00e9riences des enseignants et de l&rsquo;\u00e9cole professionnelle<\/li>\n<\/ul>\n","protected":false},"featured_media":24788,"comment_status":"closed","ping_status":"closed","template":"","meta":[],"product_brand":[],"product_cat":[280,402],"product_tag":[],"class_list":{"0":"post-15766","1":"product","2":"type-product","3":"status-publish","4":"has-post-thumbnail","6":"product_cat-majorque","7":"product_cat-majorque-populaire","9":"first","10":"instock","11":"shipping-taxable","12":"purchasable","13":"product-type-variable"},"_links":{"self":[{"href":"https:\/\/maxxinstitutes.com\/fr\/wp-json\/wp\/v2\/product\/15766","targetHints":{"allow":["GET"]}}],"collection":[{"href":"https:\/\/maxxinstitutes.com\/fr\/wp-json\/wp\/v2\/product"}],"about":[{"href":"https:\/\/maxxinstitutes.com\/fr\/wp-json\/wp\/v2\/types\/product"}],"replies":[{"embeddable":true,"href":"https:\/\/maxxinstitutes.com\/fr\/wp-json\/wp\/v2\/comments?post=15766"}],"wp:featuredmedia":[{"embeddable":true,"href":"https:\/\/maxxinstitutes.com\/fr\/wp-json\/wp\/v2\/media\/24788"}],"wp:attachment":[{"href":"https:\/\/maxxinstitutes.com\/fr\/wp-json\/wp\/v2\/media?parent=15766"}],"wp:term":[{"taxonomy":"product_brand","embeddable":true,"href":"https:\/\/maxxinstitutes.com\/fr\/wp-json\/wp\/v2\/product_brand?post=15766"},{"taxonomy":"product_cat","embeddable":true,"href":"https:\/\/maxxinstitutes.com\/fr\/wp-json\/wp\/v2\/product_cat?post=15766"},{"taxonomy":"product_tag","embeddable":true,"href":"https:\/\/maxxinstitutes.com\/fr\/wp-json\/wp\/v2\/product_tag?post=15766"}],"curies":[{"name":"wp","href":"https:\/\/api.w.org\/{rel}","templated":true}]}}