{"id":15726,"date":"2024-09-18T10:38:14","date_gmt":"2024-09-18T10:38:14","guid":{"rendered":"http:\/\/maxxinstitutes.com\/product\/20-lecons-collectives-par-semaine-2025\/"},"modified":"2025-07-28T11:05:50","modified_gmt":"2025-07-28T11:05:50","slug":"20-lecons-collectives-par-semaine-2025","status":"publish","type":"product","link":"https:\/\/maxxinstitutes.com\/fr\/produit\/20-lecons-collectives-par-semaine-2025\/","title":{"rendered":"20 le\u00e7ons de groupe par semaine \u00e0 Palma de Mallorca"},"content":{"rendered":"<div class=\"frst-box\">\n<div class=\"price-box\">\n<h2>Espagnol g\u00e9n\u00e9ral &#8211; 20 le\u00e7ons en groupe par semaine<\/h2>\n<h3><strong>Pourquoi Mallorca ?<\/strong><\/h3>\n<p>Apprenez l&rsquo;espagnol tout en profitant du style de vie m\u00e9diterran\u00e9en. Notre \u00e9cole de <strong data-start=\"211\" data-end=\"232\">Palma de Majorque<\/strong> est situ\u00e9e dans un b\u00e2timent historique spacieux &#8211; un cadre inspirant et relaxant pour votre voyage d&rsquo;apprentissage. Apr\u00e8s les cours, explorez les rues charmantes de la vieille ville, les plages dor\u00e9es et les march\u00e9s anim\u00e9s de la capitale ensoleill\u00e9e de l&rsquo;\u00eele.<\/p>\n<p>Notre cours le plus populaire \u00e0 Majorque est con\u00e7u pour les apprenants de tous niveaux, des d\u00e9butants absolus aux interm\u00e9diaires sup\u00e9rieurs. Profitez de professeurs dynamiques et tournants, de petits groupes et d&rsquo;activit\u00e9s culturelles immersives &#8211; le m\u00e9lange parfait de structure et d&rsquo;amusement pour am\u00e9liorer votre espagnol rapidement et efficacement.<\/p>\n<\/div>\n<h3><strong>D\u00e9tails du cours<\/strong><\/h3>\n<ul>\n<li><strong data-start=\"864\" data-end=\"885\">Le\u00e7ons par semaine :<\/strong> 20 le\u00e7ons en groupe<\/li>\n<li><strong data-start=\"907\" data-end=\"925\">Dur\u00e9e des cours :<\/strong> 50 minutes par classe<\/li>\n<li><strong data-start=\"951\" data-end=\"970\">Niveaux propos\u00e9s :<\/strong> A0 (grands d\u00e9butants) \u00e0 B2<\/li>\n<li><strong data-start=\"1005\" data-end=\"1018\">Enseignants :<\/strong> Minimum de 2 enseignants qualifi\u00e9s de langue maternelle par semaine.<\/li>\n<li><strong data-start=\"1089\" data-end=\"1109\">Dur\u00e9e du cours :<\/strong> 1 \u00e0 52 semaines<\/li>\n<li><strong data-start=\"1128\" data-end=\"1142\">Horaires :<\/strong> Du lundi au vendredi, de 9h30 \u00e0 11h10 et de 11h25 \u00e0 13h05<\/li>\n<li><strong data-start=\"1192\" data-end=\"1208\">Dates de d\u00e9but :<\/strong> Tous les lundis entre le <strong data-start=\"1230\" data-end=\"1262\">1er avril et le 27 octobre 2025<\/strong>, pour tous les niveaux.<\/li>\n<li><strong data-start=\"1283\" data-end=\"1298\">Taille du groupe :<\/strong> 6 \u00e9tudiants en moyenne, 10 au maximum<\/li>\n<li><strong data-start=\"1334\" data-end=\"1350\">\u00c2ge des \u00e9tudiants :<\/strong> \u00c2ge minimum 18 ans ; \u00e2ge moyen :<br data-start=\"1379\" data-end=\"1382\" \/>&#8211; Juillet et ao\u00fbt : ~28 ans<br data-start=\"1410\" data-end=\"1413\" \/>&#8211; Le reste de l&rsquo;ann\u00e9e : ~36-55 ans<\/li>\n<li><strong data-start=\"1452\" data-end=\"1469\">Niveaux C1\/C2 :<\/strong> Veuillez r\u00e9server des cours particuliers &#8211; ce cours n&rsquo;est pas adapt\u00e9 aux apprenants avanc\u00e9s.<\/li>\n<\/ul>\n<\/div>\n<h3><strong>Ce qui est inclus<\/strong><\/h3>\n<ul>\n<li data-start=\"1583\" data-end=\"1629\">3 <strong data-start=\"1592\" data-end=\"1616\">exp\u00e9riences culturelles<\/strong> hebdomadaires (incluses)<\/li>\n<li data-start=\"1632\" data-end=\"1676\">Test d&rsquo;\u00e9valuation et certificat de participation<\/li>\n<li data-start=\"1679\" data-end=\"1715\">Enseignants qualifi\u00e9s de langue maternelle<\/li>\n<li data-start=\"1718\" data-end=\"1752\">Acc\u00e8s aux espaces communs et au Wi-Fi<\/li>\n<li data-start=\"1755\" data-end=\"1799\">Aide \u00e0 la r\u00e9servation d&rsquo;un logement si n\u00e9cessaire<\/li>\n<\/ul>\n<h3><strong>Pourquoi choisir ce cours \u00e0 Majorque ?<\/strong><\/h3>\n<ul>\n<li>Petits groupes et attention personnalis\u00e9e<\/li>\n<li>Rotation des enseignants = plus d&rsquo;accents, plus d&rsquo;exposition, plus de progr\u00e8s<\/li>\n<li>Combinez vie baln\u00e9aire, culture et apprentissage des langues dans l&rsquo;une des plus belles destinations d&rsquo;Europe.<\/li>\n<\/ul>\n<div class=\"frst-box\">\n<div class=\"price-box\">\n<ul>\n<li style=\"list-style-type: none;\"><\/li>\n<\/ul>\n<\/div>\n<\/div>\n<p data-start=\"3036\" data-end=\"3310\">   <div class=\"pricing-section\" id=\"pricing-section-main\">\n        <div class=\"pricing-content\">\n                            <h2>Tarifs<\/h2>\n<ul>\n<h3>20 cours en groupe\/semaine<\/h3>\n<div class=\"indented\">\n<li><strong>1\u20134 semaines :<\/strong> 229\u20ac<\/li>\n<\/div>\n<div class=\"indented\">\n<li><strong>5\u20138 semaines :<\/strong> 209\u20ac par semaine<\/li>\n<\/div>\n<div class=\"indented\">\n<li><strong>9\u201324 semaines :<\/strong> 170\u20ac par semaine<\/li>\n<\/div>\n<div class=\"indented\">\n<li><strong>24+ semaines :<\/strong> 160\u20ac par semaine<\/li>\n<\/div>\n<\/ul>\n<p>Si ces formules ne r\u00e9pondent pas tout \u00e0 fait \u00e0 vos besoins ou si vous souhaitez obtenir plus d'informations avant de prendre une d\u00e9cision, n'h\u00e9sitez pas \u00e0 :<\/p>\n<div class=\"btn-grpp\">\n  <a class=\"btn-11\" href=\"\/fr\/contact\/\"><br \/>\n    <button>Nous contacter<\/button><br \/>\n  <\/a><br \/>\n  <a class=\"btn-22\" href=\"\/fr\/calculateur-de-couts\/\"><br \/>\n    <button>Demander un devis<\/button><br \/>\n  <\/a>\n<\/div>\n                   <\/div>\n       <div class=\"pricing-image\">\n                            <img fetchpriority=\"high\" decoding=\"async\" src=\"https:\/\/maxxinstitutes.com\/wp-content\/uploads\/2024\/09\/Spanish-intensive-20-5-lessons-week_.jpg\" alt=\"Custom Product Image\" width=\"400\" height=\"400\" title=\"\">\n                 <\/div>\n\t   \n  <\/div>\n<style>\nbody {\nfont-family: Arial, sans-serif;\nmargin: 0;\npadding: 0;\nbackground-color: #f4f4f4;\n}\n\n.pricing-section {\n    display: flex;\n    align-items: center;\n    justify-content: center;\n    padding: 30px;\n    background: linear-gradient(135deg, #1c1e64, #5b6db8);\n    color: white;\n}\n\n.pricing-content {\nflex: 1;\npadding: 20px;\nmax-width: 50%;\n}\n\n.pricing-content h2 {\nfont-size: 36px;\nmargin-bottom: 20px;\n}\n\n.pricing-content ul {\nlist-style: none;\npadding: 0;\n}\n\n.pricing-content li {\nfont-size: 14px;\nmargin-bottom: 10px;\n}\n\n.pricing-content a {\ncolor: #96c8ff;\ntext-decoration: none;\n}\n\n.pricing-content a:hover {\ntext-decoration: underline;\n}\n\n.pricing-image {\nflex: 1;\nmax-width: 50%;\ndisplay: flex;\njustify-content: center;\nalign-items: center;\npadding: 20px;\n}\n\n.pricing-image img {\nmax-width: 100%;\nborder-radius: 10px;\n}\n\n\/* Responsive Design *\/\n@media (max-width: 768px) {\n.pricing-section {\nflex-direction: column;\ntext-align: center;\t\n}\n.pricing-content {\n    justify-items: center;\n}\n.pricing-content, .pricing-image {\nmax-width: 100%;\n}\n}\n#pricing-section-main .pricing-content h2 {\n    color: #ffffff;\n    font-size: 27px;\n}\n\n#pricing-section-main .pricing-content h3 {\n    color: #ffffff;\n    font-size: 17px;\n}\n\n.indented {\n    margin-left: 26px;\n}\n\n.pricing-content ul {\n    list-style: disc;\n}\n.pricing-content li {\n    text-align: left;\n    margin-bottom: 13px;\n}\n#pricing-section-main .pricing-content p {\n    font-size: 12px;\n}\n@media and (max-width: 768px){\ndiv#pricing-section-main {\n    padding: 20px;\n}\n}\ndiv#pricing-section-main {\n   margin-bottom: 20px;\n}\n\t.pricing-content h3 {\n    text-align: left!important;\n}\n\/* \t17-02-25 *\/\n\t.btn-grpp {\n    display: flex;\n}\na.btn-22 {\n    margin-left: 12px;\n}\n.pricing-image {\n    max-width: fit-content;\n}\n\t.btn-grpp button {\n    color: #020c1a;\n    border-radius: 3px;\n}\n<\/style>\n    <\/p>\n","protected":false},"excerpt":{"rendered":"<ul>\n<li>\n<p class=\"\" data-start=\"215\" data-end=\"639\">D\u00e9couvrez les joies de l&rsquo;apprentissage de l&rsquo;espagnol au c\u0153ur de Palma !<\/p>\n<\/li>\n<li>\n<p class=\"\" data-start=\"215\" data-end=\"639\">Nos cours collectifs ont lieu d&rsquo;avril \u00e0 novembre et offrent un m\u00e9lange attrayant de communication, de culture et d&rsquo;amusement. Que vous soyez un d\u00e9butant complet ou un apprenant avanc\u00e9, vous vous \u00e9panouirez au sein de nos petits groupes conviviaux.<\/p>\n<\/li>\n<li>\n<p class=\"\" data-start=\"215\" data-end=\"639\"><em data-start=\"569\" data-end=\"639\">Vous avez besoin d&rsquo;un horaire diff\u00e9rent ? Les cours priv\u00e9s sont disponibles tout au long de l&rsquo;ann\u00e9e. <\/em><\/p>\n<\/li>\n<\/ul>\n","protected":false},"featured_media":23336,"comment_status":"closed","ping_status":"closed","template":"","meta":[],"product_brand":[],"product_cat":[280,402],"product_tag":[],"class_list":{"0":"post-15726","1":"product","2":"type-product","3":"status-publish","4":"has-post-thumbnail","6":"product_cat-majorque","7":"product_cat-majorque-populaire","9":"first","10":"instock","11":"shipping-taxable","12":"purchasable","13":"product-type-variable"},"_links":{"self":[{"href":"https:\/\/maxxinstitutes.com\/fr\/wp-json\/wp\/v2\/product\/15726","targetHints":{"allow":["GET"]}}],"collection":[{"href":"https:\/\/maxxinstitutes.com\/fr\/wp-json\/wp\/v2\/product"}],"about":[{"href":"https:\/\/maxxinstitutes.com\/fr\/wp-json\/wp\/v2\/types\/product"}],"replies":[{"embeddable":true,"href":"https:\/\/maxxinstitutes.com\/fr\/wp-json\/wp\/v2\/comments?post=15726"}],"wp:featuredmedia":[{"embeddable":true,"href":"https:\/\/maxxinstitutes.com\/fr\/wp-json\/wp\/v2\/media\/23336"}],"wp:attachment":[{"href":"https:\/\/maxxinstitutes.com\/fr\/wp-json\/wp\/v2\/media?parent=15726"}],"wp:term":[{"taxonomy":"product_brand","embeddable":true,"href":"https:\/\/maxxinstitutes.com\/fr\/wp-json\/wp\/v2\/product_brand?post=15726"},{"taxonomy":"product_cat","embeddable":true,"href":"https:\/\/maxxinstitutes.com\/fr\/wp-json\/wp\/v2\/product_cat?post=15726"},{"taxonomy":"product_tag","embeddable":true,"href":"https:\/\/maxxinstitutes.com\/fr\/wp-json\/wp\/v2\/product_tag?post=15726"}],"curies":[{"name":"wp","href":"https:\/\/api.w.org\/{rel}","templated":true}]}}