{"id":15721,"date":"2024-09-18T10:38:24","date_gmt":"2024-09-18T10:38:24","guid":{"rendered":"http:\/\/maxxinstitutes.com\/product\/30-cours-collectifs-par-semaine-2025\/"},"modified":"2025-07-28T10:55:01","modified_gmt":"2025-07-28T10:55:01","slug":"30-cours-collectifs-par-semaine-2025","status":"publish","type":"product","link":"https:\/\/maxxinstitutes.com\/fr\/produit\/30-cours-collectifs-par-semaine-2025\/","title":{"rendered":"30 cours collectifs par semaine \u00e0 Palma de Mallorca"},"content":{"rendered":"<h2>Cours d&rsquo;espagnol super intensif &#8211; 30 le\u00e7ons par semaine<\/h2>\n<h3 data-start=\"296\" data-end=\"315\">Pourquoi Majorque ?<\/h3>\n<p data-start=\"316\" data-end=\"528\">Apprenez l&rsquo;espagnol tout en profitant du style de vie m\u00e9diterran\u00e9en. Notre \u00e9cole de Palma de Majorque est situ\u00e9e dans un b\u00e2timent historique spacieux &#8211; un cadre inspirant et relaxant pour votre voyage d&rsquo;apprentissage.<\/p>\n<p data-start=\"560\" data-end=\"844\"><strong data-start=\"560\" data-end=\"610\">Notre exp\u00e9rience d&rsquo;immersion en espagnol la plus compl\u00e8te<\/strong>, parfaite pour les apprenants qui veulent tirer le meilleur parti de leur temps. Reconnu pour le <strong data-start=\"689\" data-end=\"707\">Bildungsurlaub<\/strong> dans de nombreux \u00e9tats allemands, ce cours combine des classes de groupe dynamiques avec une pratique cibl\u00e9e en mini-groupe pour un maximum de progr\u00e8s en un minimum de temps.<\/p>\n<h3><strong data-start=\"430\" data-end=\"448\">D\u00e9tails de la classe :<\/strong><\/h3>\n<ul>\n<li data-start=\"567\" data-end=\"639\"><strong data-start=\"567\" data-end=\"583\">Type de cours :<\/strong> Espagnol Super Intensif (reconnu pour Bildungsurlaub)<\/li>\n<li data-start=\"642\" data-end=\"741\"><strong data-start=\"642\" data-end=\"663\">Le\u00e7ons par semaine :<\/strong> 30<br data-start=\"666\" data-end=\"669\" \/>&#8211; <em data-start=\"673\" data-end=\"709\">23 le\u00e7ons en groupe + 7 le\u00e7ons suppl\u00e9mentaires<\/em> en mini-groupes (1-4 \u00e9tudiants)<\/li>\n<li data-start=\"744\" data-end=\"859\"><strong data-start=\"744\" data-end=\"764\">Dur\u00e9e du cours :<\/strong> 1-2 semaines<br data-start=\"774\" data-end=\"777\" \/>&#8211; Pour des s\u00e9jours plus longs, nous vous recommandons de continuer avec notre programme de <strong data-start=\"832\" data-end=\"850\">20 le\u00e7ons\/semaine<\/strong>.<\/li>\n<li data-start=\"862\" data-end=\"891\"><strong data-start=\"862\" data-end=\"880\">Dur\u00e9e de la le\u00e7on :<\/strong> 50 minutes<\/li>\n<li data-start=\"894\" data-end=\"910\"><strong data-start=\"894\" data-end=\"908\">Calendrier :<\/strong>\n<ul data-start=\"913\" data-end=\"1263\">\n<li data-start=\"913\" data-end=\"992\">\n<p data-start=\"915\" data-end=\"992\"><strong data-start=\"915\" data-end=\"934\">Mardi-vendredi :<\/strong> 8:00-9:30 &#8211; Grammaire et conversation suppl\u00e9mentaires en mini-groupes<\/p>\n<\/li>\n<li data-start=\"995\" data-end=\"1057\">\n<p data-start=\"997\" data-end=\"1057\">9h30-11h10 &#8211; Premier bloc : 2 cours collectifs avec un enseignant<\/p>\n<\/li>\n<li data-start=\"1060\" data-end=\"1083\">\n<p data-start=\"1062\" data-end=\"1083\">11:10-11:25 &#8211; Pause<\/p>\n<\/li>\n<li data-start=\"1086\" data-end=\"1155\">\n<p data-start=\"1088\" data-end=\"1155\">11:25-13:05 &#8211; Deuxi\u00e8me bloc : 2 cours collectifs avec un deuxi\u00e8me professeur<\/p>\n<\/li>\n<li data-start=\"1158\" data-end=\"1263\">\n<p data-start=\"1160\" data-end=\"1263\">13:20-14:10 &#8211; Troisi\u00e8me bloc : Activit\u00e9s de groupe les lundi, mardi et jeudi (dans ou en dehors de la salle de classe)<\/p>\n<\/li>\n<\/ul>\n<\/li>\n<li data-start=\"1266\" data-end=\"1353\"><strong data-start=\"1266\" data-end=\"1277\">Niveaux :<\/strong> De <strong data-start=\"1283\" data-end=\"1295\">A1 \u00e0 B2<\/strong><br data-start=\"1295\" data-end=\"1298\" \/>&#8211; Pour les niveaux <strong data-start=\"1306\" data-end=\"1315\">C1-C2<\/strong>, nous recommandons des cours priv\u00e9s.<\/li>\n<li data-start=\"1356\" data-end=\"1399\"><strong data-start=\"1356\" data-end=\"1371\">Taille du groupe :<\/strong> 6 \u00e9tudiants en moyenne, max. 10<\/li>\n<li data-start=\"1402\" data-end=\"1536\"><strong data-start=\"1402\" data-end=\"1423\">Dates de d\u00e9but 2025 :<\/strong><br data-start=\"1423\" data-end=\"1426\" \/>Tous les lundis du <strong data-start=\"1446\" data-end=\"1477\">1er avril au 27 octobre 2025<\/strong> &#8211; convient \u00e0 tous les \u00e9tudiants, y compris les d\u00e9butants complets.<\/li>\n<li data-start=\"1539\" data-end=\"1672\"><strong data-start=\"1539\" data-end=\"1552\">Enseignants :<\/strong> Au moins deux professeurs de langue maternelle se succ\u00e8dent chaque semaine pour varier les plaisirs, s&rsquo;impr\u00e9gner de l&rsquo;accent et rendre l&rsquo;exp\u00e9rience d&rsquo;apprentissage plus dynamique.<\/li>\n<\/ul>\n<h3><strong>Ce qui est inclus :<\/strong><\/h3>\n<ul>\n<li data-start=\"1733\" data-end=\"1800\"><strong data-start=\"1733\" data-end=\"1755\">Activit\u00e9s de loisirs<\/strong>: 3 activit\u00e9s culturelles et sociales par semaine<\/li>\n<li data-start=\"1803\" data-end=\"1874\"><strong data-start=\"1803\" data-end=\"1823\">Frais d&rsquo;inscription<\/strong>: 0 \u20ac &#8211; r\u00e9servez directement aupr\u00e8s de nous sans frais cach\u00e9s<\/li>\n<li data-start=\"1877\" data-end=\"1971\"><strong data-start=\"1877\" data-end=\"1900\">Services suppl\u00e9mentaires<\/strong>: Test de niveau, certificat de cours, possibilit\u00e9 d&rsquo;h\u00e9bergement<\/li>\n<\/ul>\n<h3><strong>Pourquoi choisir ce cours \u00e0 Palma de Majorque ?<\/strong><\/h3>\n<ul>\n<li>Petits groupes et attention personnalis\u00e9e<\/li>\n<li>Rotation des enseignants = plus d&rsquo;accents, plus d&rsquo;exposition, plus de progr\u00e8s<\/li>\n<li>Combinez vie baln\u00e9aire, culture et apprentissage des langues dans l&rsquo;une des plus belles destinations d&rsquo;Europe.<\/li>\n<\/ul>\n<p data-start=\"3036\" data-end=\"3310\">   <div class=\"pricing-section\" id=\"pricing-section-main\">\n        <div class=\"pricing-content\">\n                            <h2>Tarifs<\/h2>\n<ul>\n<h3>30 cours en groupe\/semaine<\/h3>\n<div class=\"indented\">\n<li><strong>1\u20134 semaines :<\/strong> 345\u20ac<\/li>\n<\/div>\n<div class=\"indented\">\n<li><strong>5\u20138 semaines :<\/strong> 335\u20ac<\/li>\n<\/div>\n<div class=\"indented\">\n<li><strong>9\u201324 semaines :<\/strong> 295\u20ac<\/li>\n<\/div>\n<div class=\"indented\">\n<li><strong>24+ semaines :<\/strong> 285\u20ac<\/li>\n<\/div>\n<\/ul>\n<p>Si ces formules ne r\u00e9pondent pas enti\u00e8rement \u00e0 vos besoins ou si vous souhaitez plus de d\u00e9tails avant de prendre une d\u00e9cision, n'h\u00e9sitez pas \u00e0 :<\/p>\n<div class=\"btn-grpp\">\n  <a class=\"btn-11\" href=\"\/fr\/contact\/\"><br \/>\n    <button>Nous contacter<\/button><br \/>\n  <\/a><br \/>\n  <a class=\"btn-22\" href=\"\/fr\/calculateur-de-couts\/\"><br \/>\n    <button>Demander un devis<\/button><br \/>\n  <\/a>\n<\/div>\n                   <\/div>\n       <div class=\"pricing-image\">\n                            <img fetchpriority=\"high\" decoding=\"async\" src=\"https:\/\/maxxinstitutes.com\/wp-content\/uploads\/2024\/09\/Spanish-Super-Intensive-Course_.jpg\" alt=\"Custom Product Image\" width=\"400\" height=\"400\" title=\"\">\n                 <\/div>\n\t   \n  <\/div>\n<style>\nbody {\nfont-family: Arial, sans-serif;\nmargin: 0;\npadding: 0;\nbackground-color: #f4f4f4;\n}\n\n.pricing-section {\n    display: flex;\n    align-items: center;\n    justify-content: center;\n    padding: 30px;\n    background: linear-gradient(135deg, #1c1e64, #5b6db8);\n    color: white;\n}\n\n.pricing-content {\nflex: 1;\npadding: 20px;\nmax-width: 50%;\n}\n\n.pricing-content h2 {\nfont-size: 36px;\nmargin-bottom: 20px;\n}\n\n.pricing-content ul {\nlist-style: none;\npadding: 0;\n}\n\n.pricing-content li {\nfont-size: 14px;\nmargin-bottom: 10px;\n}\n\n.pricing-content a {\ncolor: #96c8ff;\ntext-decoration: none;\n}\n\n.pricing-content a:hover {\ntext-decoration: underline;\n}\n\n.pricing-image {\nflex: 1;\nmax-width: 50%;\ndisplay: flex;\njustify-content: center;\nalign-items: center;\npadding: 20px;\n}\n\n.pricing-image img {\nmax-width: 100%;\nborder-radius: 10px;\n}\n\n\/* Responsive Design *\/\n@media (max-width: 768px) {\n.pricing-section {\nflex-direction: column;\ntext-align: center;\t\n}\n.pricing-content {\n    justify-items: center;\n}\n.pricing-content, .pricing-image {\nmax-width: 100%;\n}\n}\n#pricing-section-main .pricing-content h2 {\n    color: #ffffff;\n    font-size: 27px;\n}\n\n#pricing-section-main .pricing-content h3 {\n    color: #ffffff;\n    font-size: 17px;\n}\n\n.indented {\n    margin-left: 26px;\n}\n\n.pricing-content ul {\n    list-style: disc;\n}\n.pricing-content li {\n    text-align: left;\n    margin-bottom: 13px;\n}\n#pricing-section-main .pricing-content p {\n    font-size: 12px;\n}\n@media and (max-width: 768px){\ndiv#pricing-section-main {\n    padding: 20px;\n}\n}\ndiv#pricing-section-main {\n   margin-bottom: 20px;\n}\n\t.pricing-content h3 {\n    text-align: left!important;\n}\n\/* \t17-02-25 *\/\n\t.btn-grpp {\n    display: flex;\n}\na.btn-22 {\n    margin-left: 12px;\n}\n.pricing-image {\n    max-width: fit-content;\n}\n\t.btn-grpp button {\n    color: #020c1a;\n    border-radius: 3px;\n}\n<\/style>\n    <\/p>\n","protected":false},"excerpt":{"rendered":"<ul>\n<li>Cours d&rsquo;espagnol pour tous les niveaux (d\u00e9butant \u00e0 avanc\u00e9)<\/li>\n<li>Disponible d&rsquo;avril \u00e0 novembre<\/li>\n<li>Pour conna\u00eetre les dates de d\u00e9but des autres mois, veuillez consulter la rubrique <strong>Le\u00e7ons priv\u00e9es.<\/strong><\/li>\n<li>Choisissez entre 1 ou 2 semaines (pour plus de semaines, veuillez nous contacter)<\/li>\n<\/ul>\n","protected":false},"featured_media":23329,"comment_status":"closed","ping_status":"closed","template":"","meta":[],"product_brand":[],"product_cat":[280,402],"product_tag":[],"class_list":{"0":"post-15721","1":"product","2":"type-product","3":"status-publish","4":"has-post-thumbnail","6":"product_cat-majorque","7":"product_cat-majorque-populaire","9":"first","10":"instock","11":"shipping-taxable","12":"purchasable","13":"product-type-variable"},"_links":{"self":[{"href":"https:\/\/maxxinstitutes.com\/fr\/wp-json\/wp\/v2\/product\/15721","targetHints":{"allow":["GET"]}}],"collection":[{"href":"https:\/\/maxxinstitutes.com\/fr\/wp-json\/wp\/v2\/product"}],"about":[{"href":"https:\/\/maxxinstitutes.com\/fr\/wp-json\/wp\/v2\/types\/product"}],"replies":[{"embeddable":true,"href":"https:\/\/maxxinstitutes.com\/fr\/wp-json\/wp\/v2\/comments?post=15721"}],"wp:featuredmedia":[{"embeddable":true,"href":"https:\/\/maxxinstitutes.com\/fr\/wp-json\/wp\/v2\/media\/23329"}],"wp:attachment":[{"href":"https:\/\/maxxinstitutes.com\/fr\/wp-json\/wp\/v2\/media?parent=15721"}],"wp:term":[{"taxonomy":"product_brand","embeddable":true,"href":"https:\/\/maxxinstitutes.com\/fr\/wp-json\/wp\/v2\/product_brand?post=15721"},{"taxonomy":"product_cat","embeddable":true,"href":"https:\/\/maxxinstitutes.com\/fr\/wp-json\/wp\/v2\/product_cat?post=15721"},{"taxonomy":"product_tag","embeddable":true,"href":"https:\/\/maxxinstitutes.com\/fr\/wp-json\/wp\/v2\/product_tag?post=15721"}],"curies":[{"name":"wp","href":"https:\/\/api.w.org\/{rel}","templated":true}]}}