{"id":15672,"date":"2024-09-18T10:38:02","date_gmt":"2024-09-18T10:38:02","guid":{"rendered":"http:\/\/maxxinstitutes.com\/product\/cours-intensif-de-preparation-au-d-e-l-e-2023\/"},"modified":"2026-01-16T20:09:36","modified_gmt":"2026-01-16T20:09:36","slug":"cours-intensif-de-preparation-au-d-e-l-e-2023","status":"publish","type":"product","link":"https:\/\/maxxinstitutes.com\/fr\/produit\/cours-intensif-de-preparation-au-d-e-l-e-2023\/","title":{"rendered":"Bildungsurlaub \u00e0 Palma de Mallorca"},"content":{"rendered":"<h2><strong>Bildungsurlaub \u00e0 Majorque<\/strong><\/h2>\n<p>Le cong\u00e9 de formation (Bildungsurlaub) donne aux employ\u00e9s 5 jours de cong\u00e9 pay\u00e9 suppl\u00e9mentaires par an \u00e0 des fins de formation. Certains salari\u00e9s sont autoris\u00e9s \u00e0 combiner deux ann\u00e9es de cong\u00e9 de formation, ce qui vous permet de prendre jusqu&rsquo;\u00e0 10 jours de cong\u00e9 de formation pour votre cours d&rsquo;espagnol \u00e0 Majorque. <\/p>\n<p>Nos cours d&rsquo;espagnol de plus de 30 le\u00e7ons par semaine \u00e0 Majorque sont reconnus pour les cong\u00e9s \u00e9ducatifs dans presque tous les \u00e9tats f\u00e9d\u00e9raux.<\/p>\n<h2><strong>30 heures par semaine &#8211; officiellement reconnues pour le Bildungsurlaub<\/strong><\/h2>\n<p data-start=\"4761\" data-end=\"4993\"><strong data-start=\"4761\" data-end=\"4778\">Pourquoi Majorque ?<\/strong><br data-start=\"4778\" data-end=\"4781\">Apprenez l&rsquo;espagnol tout en profitant du style de vie m\u00e9diterran\u00e9en. Notre \u00e9cole de Palma de Majorque est situ\u00e9e dans un b\u00e2timent historique spacieux &#8211; un cadre inspirant et relaxant pour votre voyage d&rsquo;apprentissage. <\/p>\n<p data-start=\"4995\" data-end=\"5016\"><strong data-start=\"4995\" data-end=\"5014\">D\u00e9tails du cours :<\/strong><\/p>\n<ul data-start=\"5017\" data-end=\"5382\">\n<li data-start=\"5017\" data-end=\"5080\"><strong data-start=\"5019\" data-end=\"5038\">Heures par semaine :<\/strong> 30 (y compris les sessions de groupe et les sessions suppl\u00e9mentaires)<\/li>\n<li data-start=\"5081\" data-end=\"5135\"><strong data-start=\"5083\" data-end=\"5103\">Dur\u00e9e du cours :<\/strong> 1 \u00e0 2 semaines (au choix)<\/li>\n<li data-start=\"5136\" data-end=\"5192\"><strong data-start=\"5138\" data-end=\"5157\">Disponible du :<\/strong> 3 mars au 28 novembre 2025<\/li>\n<li data-start=\"5193\" data-end=\"5230\"><strong data-start=\"5195\" data-end=\"5211\">Jours de cours :<\/strong> Du lundi au vendredi<\/li>\n<li data-start=\"5231\" data-end=\"5279\"><strong data-start=\"5233\" data-end=\"5244\">Niveaux :<\/strong> A1 \u00e0 C1 (C2 en cours priv\u00e9s)<\/li>\n<li data-start=\"5280\" data-end=\"5327\"><strong data-start=\"5282\" data-end=\"5297\">Taille du groupe :<\/strong> Moyenne 6, max. 12 \u00e9tudiants<\/li>\n<li data-start=\"5328\" data-end=\"5382\"><strong data-start=\"5330\" data-end=\"5346\">Dates de d\u00e9but :<\/strong> Tous les lundis &#8211; tous les niveaux sont les bienvenus<\/li>\n<\/ul>\n<p data-start=\"5384\" data-end=\"5399\"><strong data-start=\"5384\" data-end=\"5397\">Calendrier :<\/strong><\/p>\n<ul data-start=\"5400\" data-end=\"5668\">\n<li data-start=\"5400\" data-end=\"5455\">8:00-9:30 (mar-ven) : S\u00e9ances suppl\u00e9mentaires en petits groupes<\/li>\n<li data-start=\"5456\" data-end=\"5489\">9:30-11:10 : Premier bloc de groupes<\/li>\n<li data-start=\"5490\" data-end=\"5550\">11:25-13:05 : Deuxi\u00e8me bloc de groupe avec un autre enseignant<\/li>\n<li data-start=\"5551\" data-end=\"5608\">13:20-14:05 : Troisi\u00e8me bloc \u00e0 l&rsquo;int\u00e9rieur\/ext\u00e9rieur de la salle de classe<\/li>\n<li data-start=\"5609\" data-end=\"5668\">14:15-15:55 (pour certains \u00e9tats) : le\u00e7ons suppl\u00e9mentaires additionnelles<\/li>\n<\/ul>\n<p data-start=\"5670\" data-end=\"5689\"><strong data-start=\"5670\" data-end=\"5687\">Focus sur le cours :<\/strong><\/p>\n<ul data-start=\"5690\" data-end=\"5771\">\n<li data-start=\"5690\" data-end=\"5716\">Conversation et grammaire<\/li>\n<li data-start=\"5717\" data-end=\"5771\">Des progr\u00e8s rapides et efficaces adapt\u00e9s \u00e0 votre niveau<\/li>\n<\/ul>\n<p data-start=\"5773\" data-end=\"6006\">Pendant les sessions d&rsquo;\u00e9tude suppl\u00e9mentaires, vous travaillez de mani\u00e8re ind\u00e9pendante sur des documents pr\u00e9\u00e9tablis sous la supervision du professeur. Bien qu&rsquo;il ne soit pas structur\u00e9 comme un cours particulier, le professeur est toujours disponible pour vous aider en vous posant des questions et en vous faisant part de ses commentaires. <\/p>\n<p data-start=\"3036\" data-end=\"3310\">   <div class=\"pricing-section\" id=\"pricing-section-main\">\n        <div class=\"pricing-content\">\n                            <h2>Tarifs<\/h2>\n<ul>\n<h3>Cong\u00e9 de formation \u00e0 Palma de Majorque<\/h3>\n<div class=\"indented\">\n<li><strong>1 semaine :<\/strong> 345\u20ac<\/li>\n<\/div>\n<div class=\"indented\">\n<li><strong>2 semaines :<\/strong> 670\u20ac<\/li>\n<\/div>\n<\/ul>\n<p>Si ces formules ne r\u00e9pondent pas tout \u00e0 fait \u00e0 vos besoins ou si vous souhaitez obtenir plus d\u2019informations avant de prendre une d\u00e9cision, n\u2019h\u00e9sitez pas \u00e0 :<\/p>\n<div class=\"btn-grpp\">\n  <a class=\"btn-11\" href=\"\/fr\/contact\/\"><br \/>\n    <button>Nous contacter<\/button><br \/>\n  <\/a><br \/>\n  <a class=\"btn-22\" href=\"\/fr\/calculateur-de-couts\/\"><br \/>\n    <button>Demander un devis<\/button><br \/>\n  <\/a>\n<\/div>\n                   <\/div>\n       <div class=\"pricing-image\">\n                            <img fetchpriority=\"high\" decoding=\"async\" src=\"https:\/\/maxxinstitutes.com\/wp-content\/uploads\/2024\/09\/Product-image-1.png\" alt=\"Custom Product Image\" width=\"400\" height=\"400\" title=\"\">\n                 <\/div>\n\t   \n  <\/div>\n<style>\nbody {\nfont-family: Arial, sans-serif;\nmargin: 0;\npadding: 0;\nbackground-color: #f4f4f4;\n}\n\n.pricing-section {\n    display: flex;\n    align-items: center;\n    justify-content: center;\n    padding: 30px;\n    background: linear-gradient(135deg, #1c1e64, #5b6db8);\n    color: white;\n}\n\n.pricing-content {\nflex: 1;\npadding: 20px;\nmax-width: 50%;\n}\n\n.pricing-content h2 {\nfont-size: 36px;\nmargin-bottom: 20px;\n}\n\n.pricing-content ul {\nlist-style: none;\npadding: 0;\n}\n\n.pricing-content li {\nfont-size: 14px;\nmargin-bottom: 10px;\n}\n\n.pricing-content a {\ncolor: #96c8ff;\ntext-decoration: none;\n}\n\n.pricing-content a:hover {\ntext-decoration: underline;\n}\n\n.pricing-image {\nflex: 1;\nmax-width: 50%;\ndisplay: flex;\njustify-content: center;\nalign-items: center;\npadding: 20px;\n}\n\n.pricing-image img {\nmax-width: 100%;\nborder-radius: 10px;\n}\n\n\/* Responsive Design *\/\n@media (max-width: 768px) {\n.pricing-section {\nflex-direction: column;\ntext-align: center;\t\n}\n.pricing-content {\n    justify-items: center;\n}\n.pricing-content, .pricing-image {\nmax-width: 100%;\n}\n}\n#pricing-section-main .pricing-content h2 {\n    color: #ffffff;\n    font-size: 27px;\n}\n\n#pricing-section-main .pricing-content h3 {\n    color: #ffffff;\n    font-size: 17px;\n}\n\n.indented {\n    margin-left: 26px;\n}\n\n.pricing-content ul {\n    list-style: disc;\n}\n.pricing-content li {\n    text-align: left;\n    margin-bottom: 13px;\n}\n#pricing-section-main .pricing-content p {\n    font-size: 12px;\n}\n@media and (max-width: 768px){\ndiv#pricing-section-main {\n    padding: 20px;\n}\n}\ndiv#pricing-section-main {\n   margin-bottom: 20px;\n}\n\t.pricing-content h3 {\n    text-align: left!important;\n}\n\/* \t17-02-25 *\/\n\t.btn-grpp {\n    display: flex;\n}\na.btn-22 {\n    margin-left: 12px;\n}\n.pricing-image {\n    max-width: fit-content;\n}\n\t.btn-grpp button {\n    color: #020c1a;\n    border-radius: 3px;\n}\n<\/style>\n    <\/p>\n","protected":false},"excerpt":{"rendered":"<ul data-start=\"143\" data-end=\"348\">\n<li class=\"\" data-start=\"143\" data-end=\"213\">\n<p class=\"\" data-start=\"145\" data-end=\"213\"><strong data-start=\"145\" data-end=\"168\">30 le\u00e7ons par semaine<\/strong> &#8211; officiellement reconnues pour le Bildungsurlaub<\/p>\n<\/li>\n<li class=\"\" data-start=\"214\" data-end=\"277\">\n<p class=\"\" data-start=\"216\" data-end=\"277\"><strong data-start=\"216\" data-end=\"255\">Petits groupes et enseignants exp\u00e9riment\u00e9s<\/strong> &#8211; pour des progr\u00e8s rapides<\/p>\n<\/li>\n<li class=\"\" data-start=\"278\" data-end=\"348\">\n<p class=\"\" data-start=\"280\" data-end=\"348\"><strong data-start=\"280\" data-end=\"309\">Situation centrale dans la ville d&rsquo;Ibiza <\/strong>&#8211; cours de langue et ambiance de vacances<\/p>\n<\/li>\n<\/ul>\n","protected":false},"featured_media":23294,"comment_status":"closed","ping_status":"closed","template":"","meta":[],"product_brand":[],"product_cat":[280,402],"product_tag":[],"class_list":{"0":"post-15672","1":"product","2":"type-product","3":"status-publish","4":"has-post-thumbnail","6":"product_cat-majorque","7":"product_cat-majorque-populaire","9":"first","10":"instock","11":"shipping-taxable","12":"purchasable","13":"product-type-variable","14":"has-default-attributes"},"_links":{"self":[{"href":"https:\/\/maxxinstitutes.com\/fr\/wp-json\/wp\/v2\/product\/15672","targetHints":{"allow":["GET"]}}],"collection":[{"href":"https:\/\/maxxinstitutes.com\/fr\/wp-json\/wp\/v2\/product"}],"about":[{"href":"https:\/\/maxxinstitutes.com\/fr\/wp-json\/wp\/v2\/types\/product"}],"replies":[{"embeddable":true,"href":"https:\/\/maxxinstitutes.com\/fr\/wp-json\/wp\/v2\/comments?post=15672"}],"wp:featuredmedia":[{"embeddable":true,"href":"https:\/\/maxxinstitutes.com\/fr\/wp-json\/wp\/v2\/media\/23294"}],"wp:attachment":[{"href":"https:\/\/maxxinstitutes.com\/fr\/wp-json\/wp\/v2\/media?parent=15672"}],"wp:term":[{"taxonomy":"product_brand","embeddable":true,"href":"https:\/\/maxxinstitutes.com\/fr\/wp-json\/wp\/v2\/product_brand?post=15672"},{"taxonomy":"product_cat","embeddable":true,"href":"https:\/\/maxxinstitutes.com\/fr\/wp-json\/wp\/v2\/product_cat?post=15672"},{"taxonomy":"product_tag","embeddable":true,"href":"https:\/\/maxxinstitutes.com\/fr\/wp-json\/wp\/v2\/product_tag?post=15672"}],"curies":[{"name":"wp","href":"https:\/\/api.w.org\/{rel}","templated":true}]}}