{"id":15636,"date":"2024-09-18T10:37:40","date_gmt":"2024-09-18T10:37:40","guid":{"rendered":"http:\/\/maxxinstitutes.com\/product\/cours-particuliers-despagnol\/"},"modified":"2026-01-07T17:57:31","modified_gmt":"2026-01-07T17:57:31","slug":"cours-particuliers-despagnol","status":"publish","type":"product","link":"https:\/\/maxxinstitutes.com\/fr\/produit\/cours-particuliers-despagnol\/","title":{"rendered":"Cours particuliers d&rsquo;espagnol \u00e0 Palma de Majorque"},"content":{"rendered":"<h2 data-start=\"130\" data-end=\"172\"><strong data-start=\"134\" data-end=\"172\">Cours particuliers d&rsquo;espagnol &#8211; Mallorca<\/strong><\/h2>\n<h3 data-start=\"3036\" data-end=\"3310\"><strong data-start=\"179\" data-end=\"196\">Pourquoi Majorque ?<\/strong><\/h3>\n<p data-start=\"3036\" data-end=\"3310\">Majorque est l&rsquo;endroit id\u00e9al pour prendre des cours particuliers d&rsquo;espagnol, offrant un \u00e9quilibre entre la tranquillit\u00e9 et la culture m\u00e9diterran\u00e9enne vibrante. Que vous soyez en ville, pr\u00e8s de la c\u00f4te ou \u00e0 la campagne, vous profiterez d&rsquo;un environnement naturel magnifique, d&rsquo;un charme historique et d&rsquo;un style de vie d\u00e9tendu qui encourage l&rsquo;apprentissage cibl\u00e9. Profitez pleinement de l&rsquo;atmosph\u00e8re de l&rsquo;\u00eele tout en am\u00e9liorant vos comp\u00e9tences en espagnol.  <\/p>\n<h3 data-start=\"3036\" data-end=\"3310\"><strong data-start=\"613\" data-end=\"632\">D\u00e9tails du cours :<\/strong><\/h3>\n<ul>\n<li data-start=\"3036\" data-end=\"3310\"><strong data-start=\"635\" data-end=\"656\">Le\u00e7ons par semaine :<\/strong> Flexible &#8211; vous choisissez le nombre de le\u00e7ons<\/li>\n<li data-start=\"3036\" data-end=\"3310\"><strong data-start=\"690\" data-end=\"709\">Contenu du cours :<\/strong> Cours d&rsquo;espagnol enti\u00e8rement personnalis\u00e9s, adapt\u00e9s \u00e0 votre niveau et \u00e0 vos objectifs d&rsquo;apprentissage.<\/li>\n<li data-start=\"3036\" data-end=\"3310\"><strong data-start=\"788\" data-end=\"807\">Niveaux propos\u00e9s :<\/strong> A1 \u00e0 C2<\/li>\n<li data-start=\"3036\" data-end=\"3310\"><strong data-start=\"819\" data-end=\"832\">Enseignants :<\/strong> Enseignants exp\u00e9riment\u00e9s de langue maternelle et titulaires d&rsquo;un dipl\u00f4me universitaire<\/li>\n<li data-start=\"3036\" data-end=\"3310\"><strong data-start=\"896\" data-end=\"913\">Format des cours :<\/strong><br data-start=\"913\" data-end=\"916\">&#8211; Cours particuliers (ou deux \u00e9tudiants pour le m\u00eame prix)<br data-start=\"973\" data-end=\"976\">&#8211; Possibilit\u00e9 de petits groupes priv\u00e9s (3-4 \u00e9tudiants)<\/li>\n<li data-start=\"3036\" data-end=\"3310\"><strong data-start=\"1024\" data-end=\"1037\">Horaire :<\/strong> Flexible &#8211; du lundi au vendredi, entre 09h00 et 20h00<\/li>\n<li data-start=\"3036\" data-end=\"3310\"><strong data-start=\"1093\" data-end=\"1109\">\u00c2ge des \u00e9tudiants :<\/strong> Minimum 16 ans<\/li>\n<li data-start=\"3036\" data-end=\"3310\"><strong data-start=\"1129\" data-end=\"1153\">Disponibilit\u00e9 des cours :<\/strong> Toute l&rsquo;ann\u00e9e<\/li>\n<li data-start=\"3036\" data-end=\"3310\"><strong data-start=\"1167\" data-end=\"1180\">Dur\u00e9e de la formation :<\/strong> D&rsquo;une seule le\u00e7on \u00e0 plusieurs semaines<\/li>\n<li data-start=\"3036\" data-end=\"3310\"><strong data-start=\"1222\" data-end=\"1240\">Dur\u00e9e de la le\u00e7on :<\/strong> 50 minutes par le\u00e7on<\/li>\n<li data-start=\"3036\" data-end=\"3310\"><strong data-start=\"1265\" data-end=\"1281\">Dates de d\u00e9but :<\/strong> N&rsquo;importe quel jour, toute l&rsquo;ann\u00e9e<\/li>\n<li data-start=\"3036\" data-end=\"3310\"><strong data-start=\"1308\" data-end=\"1327\">Lieu des cours :<\/strong> A l&rsquo;\u00e9cole, en ligne, ou \u00e9ventuellement dans d&rsquo;autres lieux sur demande.<\/li>\n<\/ul>\n<h3><strong data-start=\"1398\" data-end=\"1418\">Ce qui est inclus :<\/strong><\/h3>\n<ul>\n<li>Plan de cours personnalis\u00e9 en fonction de vos besoins<\/li>\n<li>Professeur particulier d\u00e9vou\u00e9<\/li>\n<li>M\u00eame prix pour 1 ou 2 \u00e9tudiants (vous amenez la deuxi\u00e8me personne)<\/li>\n<li>Possibilit\u00e9 de cr\u00e9er un groupe priv\u00e9 (3-4 personnes)<\/li>\n<li>Certificat de cours (sur demande)<\/li>\n<li>Test d&rsquo;\u00e9valuation facultatif<\/li>\n<li>Possibilit\u00e9 de combiner avec des cours collectifs<\/li>\n<\/ul>\n<h3><strong data-start=\"1727\" data-end=\"1770\">Pourquoi choisir des cours priv\u00e9s \u00e0 Majorque ?<\/strong><\/h3>\n<ul>\n<li>Flexibilit\u00e9 maximale en ce qui concerne le calendrier et le contenu<\/li>\n<li>Rentable si elle est partag\u00e9e avec un partenaire ou un ami<\/li>\n<li>Id\u00e9al pour un apprentissage intensif, des objectifs sp\u00e9cifiques ou une combinaison avec d&rsquo;autres cours.<\/li>\n<li>Un environnement insulaire magnifique qui am\u00e9liore votre exp\u00e9rience d&rsquo;apprentissage   <div class=\"pricing-section\" id=\"pricing-section-main\">\n        <div class=\"pricing-content\">\n                            <h2>Tarifs<\/h2>\n<ul>\n<h3>Le prix est le m\u00eame pour 1 \u00e9tudiant ou 2 \u00e9tudiants avec 1 professeur<\/h3>\n<div class=\"indented\">\n<li><strong>Forfait de 20 le\u00e7ons :<\/strong> 29\u20ac par le\u00e7on<\/li>\n<\/div>\n<div class=\"indented\">\n<li><strong>Forfait de 15 le\u00e7ons :<\/strong> 33\u20ac par le\u00e7on<\/li>\n<\/div>\n<div class=\"indented\">\n<li><strong>Forfait de 10 le\u00e7ons :<\/strong> 31\u20ac par le\u00e7on<\/li>\n<\/div>\n<div class=\"indented\">\n<li><strong>Forfait de 5 le\u00e7ons :<\/strong> 33\u20ac par le\u00e7on<\/li>\n<\/div>\n<div class=\"indented\">\n<li><strong>1 le\u00e7on :<\/strong> 34\u20ac<\/li>\n<\/div>\n<\/ul>\n<p>Si ces formules ne r\u00e9pondent pas tout \u00e0 fait \u00e0 vos besoins ou si vous souhaitez obtenir plus d\u2019informations avant de prendre une d\u00e9cision, n\u2019h\u00e9sitez pas \u00e0 :<\/p>\n<div class=\"btn-grpp\">\n  <a class=\"btn-11\" href=\"\/fr\/contact\/\"><br \/>\n    <button>Nous contacter<\/button><br \/>\n  <\/a><br \/>\n  <a class=\"btn-22\" href=\"\/fr\/calculateur-de-couts\/\"><br \/>\n    <button>Demander un devis<\/button><br \/>\n  <\/a>\n<\/div>\n                   <\/div>\n       <div class=\"pricing-image\">\n                            <img fetchpriority=\"high\" decoding=\"async\" src=\"https:\/\/maxxinstitutes.com\/wp-content\/uploads\/2024\/09\/Private-Spanish-lessons_.jpg\" alt=\"Custom Product Image\" width=\"400\" height=\"400\" title=\"\">\n                 <\/div>\n\t   \n  <\/div>\n<style>\nbody {\nfont-family: Arial, sans-serif;\nmargin: 0;\npadding: 0;\nbackground-color: #f4f4f4;\n}\n\n.pricing-section {\n    display: flex;\n    align-items: center;\n    justify-content: center;\n    padding: 30px;\n    background: linear-gradient(135deg, #1c1e64, #5b6db8);\n    color: white;\n}\n\n.pricing-content {\nflex: 1;\npadding: 20px;\nmax-width: 50%;\n}\n\n.pricing-content h2 {\nfont-size: 36px;\nmargin-bottom: 20px;\n}\n\n.pricing-content ul {\nlist-style: none;\npadding: 0;\n}\n\n.pricing-content li {\nfont-size: 14px;\nmargin-bottom: 10px;\n}\n\n.pricing-content a {\ncolor: #96c8ff;\ntext-decoration: none;\n}\n\n.pricing-content a:hover {\ntext-decoration: underline;\n}\n\n.pricing-image {\nflex: 1;\nmax-width: 50%;\ndisplay: flex;\njustify-content: center;\nalign-items: center;\npadding: 20px;\n}\n\n.pricing-image img {\nmax-width: 100%;\nborder-radius: 10px;\n}\n\n\/* Responsive Design *\/\n@media (max-width: 768px) {\n.pricing-section {\nflex-direction: column;\ntext-align: center;\t\n}\n.pricing-content {\n    justify-items: center;\n}\n.pricing-content, .pricing-image {\nmax-width: 100%;\n}\n}\n#pricing-section-main .pricing-content h2 {\n    color: #ffffff;\n    font-size: 27px;\n}\n\n#pricing-section-main .pricing-content h3 {\n    color: #ffffff;\n    font-size: 17px;\n}\n\n.indented {\n    margin-left: 26px;\n}\n\n.pricing-content ul {\n    list-style: disc;\n}\n.pricing-content li {\n    text-align: left;\n    margin-bottom: 13px;\n}\n#pricing-section-main .pricing-content p {\n    font-size: 12px;\n}\n@media and (max-width: 768px){\ndiv#pricing-section-main {\n    padding: 20px;\n}\n}\ndiv#pricing-section-main {\n   margin-bottom: 20px;\n}\n\t.pricing-content h3 {\n    text-align: left!important;\n}\n\/* \t17-02-25 *\/\n\t.btn-grpp {\n    display: flex;\n}\na.btn-22 {\n    margin-left: 12px;\n}\n.pricing-image {\n    max-width: fit-content;\n}\n\t.btn-grpp button {\n    color: #020c1a;\n    border-radius: 3px;\n}\n<\/style>\n    <\/li>\n<\/ul>\n","protected":false},"excerpt":{"rendered":"<ul>\n<li>Disponible toute l&rsquo;ann\u00e9e<\/li>\n<li>\u00e0 partir de <strong>31\u20ac par heure<\/strong><\/li>\n<li>M\u00eame prix pour 1 \u00e9tudiant ou 2 \u00e9tudiants (un enseignant)<\/li>\n<li>Des forfaits sont disponibles pour 5, 10, 15 et 20 le\u00e7ons.<\/li>\n<\/ul>\n<p>&nbsp;<\/p>\n","protected":false},"featured_media":23308,"comment_status":"closed","ping_status":"closed","template":"","meta":[],"product_brand":[],"product_cat":[403,280],"product_tag":[],"class_list":{"0":"post-15636","1":"product","2":"type-product","3":"status-publish","4":"has-post-thumbnail","6":"product_cat-cours-de-puissance-a-majorque","7":"product_cat-majorque","9":"first","10":"instock","11":"shipping-taxable","12":"purchasable","13":"product-type-variable"},"_links":{"self":[{"href":"https:\/\/maxxinstitutes.com\/fr\/wp-json\/wp\/v2\/product\/15636","targetHints":{"allow":["GET"]}}],"collection":[{"href":"https:\/\/maxxinstitutes.com\/fr\/wp-json\/wp\/v2\/product"}],"about":[{"href":"https:\/\/maxxinstitutes.com\/fr\/wp-json\/wp\/v2\/types\/product"}],"replies":[{"embeddable":true,"href":"https:\/\/maxxinstitutes.com\/fr\/wp-json\/wp\/v2\/comments?post=15636"}],"wp:featuredmedia":[{"embeddable":true,"href":"https:\/\/maxxinstitutes.com\/fr\/wp-json\/wp\/v2\/media\/23308"}],"wp:attachment":[{"href":"https:\/\/maxxinstitutes.com\/fr\/wp-json\/wp\/v2\/media?parent=15636"}],"wp:term":[{"taxonomy":"product_brand","embeddable":true,"href":"https:\/\/maxxinstitutes.com\/fr\/wp-json\/wp\/v2\/product_brand?post=15636"},{"taxonomy":"product_cat","embeddable":true,"href":"https:\/\/maxxinstitutes.com\/fr\/wp-json\/wp\/v2\/product_cat?post=15636"},{"taxonomy":"product_tag","embeddable":true,"href":"https:\/\/maxxinstitutes.com\/fr\/wp-json\/wp\/v2\/product_tag?post=15636"}],"curies":[{"name":"wp","href":"https:\/\/api.w.org\/{rel}","templated":true}]}}