{"id":26486,"date":"2025-12-12T20:18:17","date_gmt":"2025-12-12T20:18:17","guid":{"rendered":"https:\/\/maxxinstitutes.com\/le-voyageur-de-lile\/"},"modified":"2026-01-23T18:26:10","modified_gmt":"2026-01-23T18:26:10","slug":"le-voyageur-de-lile","status":"publish","type":"page","link":"https:\/\/maxxinstitutes.com\/fr\/le-voyageur-de-lile\/","title":{"rendered":"Le voyageur de l&rsquo;\u00eele"},"content":{"rendered":"\t\t<div data-elementor-type=\"wp-page\" data-elementor-id=\"26486\" class=\"elementor elementor-26486 elementor-26479\" data-elementor-post-type=\"page\">\n\t\t\t\t<div class=\"elementor-element elementor-element-5cde4cd e-flex e-con-boxed e-con e-parent\" data-id=\"5cde4cd\" data-element_type=\"container\" data-e-type=\"container\">\n\t\t\t\t\t<div class=\"e-con-inner\">\n\t\t\t\t<div class=\"elementor-element elementor-element-9f21fcb elementor-widget elementor-widget-heading\" data-id=\"9f21fcb\" data-element_type=\"widget\" data-e-type=\"widget\" data-widget_type=\"heading.default\">\n\t\t\t\t<div class=\"elementor-widget-container\">\n\t\t\t\t\t<h2 class=\"elementor-heading-title elementor-size-default\">Programme Island Hopper<\/h2>\t\t\t\t<\/div>\n\t\t\t\t<\/div>\n\t\t\t\t\t<\/div>\n\t\t\t\t<\/div>\n\t\t<div class=\"elementor-element elementor-element-2a32a36 e-con-full e-flex e-con e-parent\" data-id=\"2a32a36\" data-element_type=\"container\" data-e-type=\"container\">\n\t\t\t\t<div class=\"elementor-element elementor-element-741f8e0 elementor-widget elementor-widget-heading\" data-id=\"741f8e0\" data-element_type=\"widget\" data-e-type=\"widget\" data-widget_type=\"heading.default\">\n\t\t\t\t<div class=\"elementor-widget-container\">\n\t\t\t\t\t<h2 class=\"elementor-heading-title elementor-size-default\">Majorque et Ibiza - Deux \u00eeles. Une exp\u00e9rience espagnole. <\/h2>\t\t\t\t<\/div>\n\t\t\t\t<\/div>\n\t\t\t\t<div class=\"elementor-element elementor-element-a38a1a5 color-scheme-inherit text-left elementor-widget elementor-widget-text-editor\" data-id=\"a38a1a5\" data-element_type=\"widget\" data-e-type=\"widget\" data-widget_type=\"text-editor.default\">\n\t\t\t\t<div class=\"elementor-widget-container\">\n\t\t\t\t\t\t\t\t\t<p data-start=\"363\" data-end=\"419\">Pourquoi choisir une seule \u00eele quand vous pouvez d\u00e9couvrir les deux ?<\/p><p data-start=\"421\" data-end=\"692\">Le <strong data-start=\"425\" data-end=\"450\">programme Island Hopper<\/strong> des instituts MAXX vous permet de <strong data-start=\"484\" data-end=\"533\">combiner des cours d&rsquo;espagnol \u00e0 Majorque et \u00e0 Ibiza<\/strong> en une seule exp\u00e9rience d&rsquo;apprentissage.<br data-start=\"574\" data-end=\"577\">\u00c9tudiez l&rsquo;espagnol, changez de d\u00e9cor et d\u00e9couvrez deux modes de vie m\u00e9diterran\u00e9ens uniques &#8211; sans interrompre vos cours.<\/p>\t\t\t\t\t\t\t\t<\/div>\n\t\t\t\t<\/div>\n\t\t\t\t<div class=\"elementor-element elementor-element-b9adf8d elementor-widget elementor-widget-video\" data-id=\"b9adf8d\" data-element_type=\"widget\" data-e-type=\"widget\" data-settings=\"{&quot;youtube_url&quot;:&quot;https:\\\/\\\/www.youtube.com\\\/watch?v=1UUOns6wAjU&quot;,&quot;autoplay&quot;:&quot;yes&quot;,&quot;mute&quot;:&quot;yes&quot;,&quot;loop&quot;:&quot;yes&quot;,&quot;video_type&quot;:&quot;youtube&quot;,&quot;controls&quot;:&quot;yes&quot;}\" data-widget_type=\"video.default\">\n\t\t\t\t<div class=\"elementor-widget-container\">\n\t\t\t\t\t\t\t<div class=\"elementor-wrapper elementor-open-inline\">\n\t\t\t<div class=\"elementor-video\"><\/div>\t\t<\/div>\n\t\t\t\t\t\t<\/div>\n\t\t\t\t<\/div>\n\t\t\t\t<div class=\"elementor-element elementor-element-18dc5d0 elementor-widget elementor-widget-spacer\" data-id=\"18dc5d0\" data-element_type=\"widget\" data-e-type=\"widget\" data-widget_type=\"spacer.default\">\n\t\t\t\t<div class=\"elementor-widget-container\">\n\t\t\t\t\t\t\t<div class=\"elementor-spacer\">\n\t\t\t<div class=\"elementor-spacer-inner\"><\/div>\n\t\t<\/div>\n\t\t\t\t\t\t<\/div>\n\t\t\t\t<\/div>\n\t\t\t\t<div class=\"elementor-element elementor-element-57aaabf elementor-widget elementor-widget-heading\" data-id=\"57aaabf\" data-element_type=\"widget\" data-e-type=\"widget\" data-widget_type=\"heading.default\">\n\t\t\t\t<div class=\"elementor-widget-container\">\n\t\t\t\t\t<h2 class=\"elementor-heading-title elementor-size-default\">Deux \u00eeles, deux vibrations<\/h2>\t\t\t\t<\/div>\n\t\t\t\t<\/div>\n\t\t\t\t<\/div>\n\t\t<div class=\"elementor-element elementor-element-9cf0c5d e-flex e-con-boxed e-con e-parent\" data-id=\"9cf0c5d\" data-element_type=\"container\" data-e-type=\"container\">\n\t\t\t\t\t<div class=\"e-con-inner\">\n\t\t<div class=\"elementor-element elementor-element-427cd27 e-con-full e-flex e-con e-child\" data-id=\"427cd27\" data-element_type=\"container\" data-e-type=\"container\">\n\t\t\t\t<div class=\"elementor-element elementor-element-fe78245 elementor-widget elementor-widget-heading\" data-id=\"fe78245\" data-element_type=\"widget\" data-e-type=\"widget\" data-widget_type=\"heading.default\">\n\t\t\t\t<div class=\"elementor-widget-container\">\n\t\t\t\t\t<h2 class=\"elementor-heading-title elementor-size-default\">Majorque<\/h2>\t\t\t\t<\/div>\n\t\t\t\t<\/div>\n\t\t\t\t<div class=\"elementor-element elementor-element-471619d elementor-widget elementor-widget-image\" data-id=\"471619d\" data-element_type=\"widget\" data-e-type=\"widget\" data-widget_type=\"image.default\">\n\t\t\t\t<div class=\"elementor-widget-container\">\n\t\t\t\t\t\t\t\t\t\t\t\t\t\t\t<img fetchpriority=\"high\" decoding=\"async\" width=\"1024\" height=\"450\" src=\"https:\/\/maxxinstitutes.com\/wp-content\/uploads\/2025\/12\/2-1024x450.png\" class=\"attachment-large size-large wp-image-26508\" alt=\"\" srcset=\"https:\/\/maxxinstitutes.com\/wp-content\/uploads\/2025\/12\/2-1024x450.png 1024w, https:\/\/maxxinstitutes.com\/wp-content\/uploads\/2025\/12\/2-300x132.png 300w, https:\/\/maxxinstitutes.com\/wp-content\/uploads\/2025\/12\/2-768x337.png 768w, https:\/\/maxxinstitutes.com\/wp-content\/uploads\/2025\/12\/2-1536x674.png 1536w, https:\/\/maxxinstitutes.com\/wp-content\/uploads\/2025\/12\/2-2048x899.png 2048w, https:\/\/maxxinstitutes.com\/wp-content\/uploads\/2025\/12\/2-600x263.png 600w, https:\/\/maxxinstitutes.com\/wp-content\/uploads\/2025\/12\/2-150x66.png 150w\" sizes=\"(max-width: 1024px) 100vw, 1024px\" title=\"\">\t\t\t\t\t\t\t\t\t\t\t\t\t\t\t<\/div>\n\t\t\t\t<\/div>\n\t\t\t\t<div class=\"elementor-element elementor-element-2824b34 color-scheme-inherit text-left elementor-widget elementor-widget-text-editor\" data-id=\"2824b34\" data-element_type=\"widget\" data-e-type=\"widget\" data-widget_type=\"text-editor.default\">\n\t\t\t\t<div class=\"elementor-widget-container\">\n\t\t\t\t\t\t\t\t\t<p>Majorque offre une vie urbaine anim\u00e9e, une histoire, une culture et de longues plages de sable.<br data-start=\"823\" data-end=\"826\">\u00c0 Palma, vous profiterez d&rsquo;une atmosph\u00e8re m\u00e9diterran\u00e9enne dynamique avec des caf\u00e9s, des march\u00e9s, de l&rsquo;architecture et une communaut\u00e9 internationale d&rsquo;\u00e9tudiants.<\/p>\t\t\t\t\t\t\t\t<\/div>\n\t\t\t\t<\/div>\n\t\t\t\t<\/div>\n\t\t<div class=\"elementor-element elementor-element-790b114 e-con-full e-flex e-con e-child\" data-id=\"790b114\" data-element_type=\"container\" data-e-type=\"container\">\n\t\t\t\t<div class=\"elementor-element elementor-element-602d2fb elementor-widget elementor-widget-heading\" data-id=\"602d2fb\" data-element_type=\"widget\" data-e-type=\"widget\" data-widget_type=\"heading.default\">\n\t\t\t\t<div class=\"elementor-widget-container\">\n\t\t\t\t\t<h2 class=\"elementor-heading-title elementor-size-default\">Ibiza<\/h2>\t\t\t\t<\/div>\n\t\t\t\t<\/div>\n\t\t\t\t<div class=\"elementor-element elementor-element-56954c0 elementor-widget elementor-widget-image\" data-id=\"56954c0\" data-element_type=\"widget\" data-e-type=\"widget\" data-widget_type=\"image.default\">\n\t\t\t\t<div class=\"elementor-widget-container\">\n\t\t\t\t\t\t\t\t\t\t\t\t\t\t\t<img decoding=\"async\" width=\"1024\" height=\"450\" src=\"https:\/\/maxxinstitutes.com\/wp-content\/uploads\/2025\/12\/1-1024x450.png\" class=\"attachment-large size-large wp-image-26515\" alt=\"\" srcset=\"https:\/\/maxxinstitutes.com\/wp-content\/uploads\/2025\/12\/1-1024x450.png 1024w, https:\/\/maxxinstitutes.com\/wp-content\/uploads\/2025\/12\/1-300x132.png 300w, https:\/\/maxxinstitutes.com\/wp-content\/uploads\/2025\/12\/1-768x337.png 768w, https:\/\/maxxinstitutes.com\/wp-content\/uploads\/2025\/12\/1-1536x674.png 1536w, https:\/\/maxxinstitutes.com\/wp-content\/uploads\/2025\/12\/1-2048x899.png 2048w, https:\/\/maxxinstitutes.com\/wp-content\/uploads\/2025\/12\/1-600x263.png 600w, https:\/\/maxxinstitutes.com\/wp-content\/uploads\/2025\/12\/1-150x66.png 150w\" sizes=\"(max-width: 1024px) 100vw, 1024px\" title=\"\">\t\t\t\t\t\t\t\t\t\t\t\t\t\t\t<\/div>\n\t\t\t\t<\/div>\n\t\t\t\t<div class=\"elementor-element elementor-element-cdf8d69 color-scheme-inherit text-left elementor-widget elementor-widget-text-editor\" data-id=\"cdf8d69\" data-element_type=\"widget\" data-e-type=\"widget\" data-widget_type=\"text-editor.default\">\n\t\t\t\t<div class=\"elementor-widget-container\">\n\t\t\t\t\t\t\t\t\t<p data-start=\"975\" data-end=\"1183\">Ibiza est calme, authentique et inspirante. Au-del\u00e0 de sa c\u00e9l\u00e8bre r\u00e9putation, l&rsquo;\u00eele est connue pour sa nature, sa vie locale, ses petites plages et son rythme plus lent &#8211; id\u00e9al pour un apprentissage cibl\u00e9 et des exp\u00e9riences enrichissantes. <\/p>\t\t\t\t\t\t\t\t<\/div>\n\t\t\t\t<\/div>\n\t\t\t\t<\/div>\n\t\t\t\t\t<\/div>\n\t\t\t\t<\/div>\n\t\t<div class=\"elementor-element elementor-element-b820502 e-flex e-con-boxed e-con e-parent\" data-id=\"b820502\" data-element_type=\"container\" data-e-type=\"container\">\n\t\t\t\t\t<div class=\"e-con-inner\">\n\t\t\t\t<div class=\"elementor-element elementor-element-041e7ff elementor-widget elementor-widget-spacer\" data-id=\"041e7ff\" data-element_type=\"widget\" data-e-type=\"widget\" data-widget_type=\"spacer.default\">\n\t\t\t\t<div class=\"elementor-widget-container\">\n\t\t\t\t\t\t\t<div class=\"elementor-spacer\">\n\t\t\t<div class=\"elementor-spacer-inner\"><\/div>\n\t\t<\/div>\n\t\t\t\t\t\t<\/div>\n\t\t\t\t<\/div>\n\t\t\t\t\t<\/div>\n\t\t\t\t<\/div>\n\t\t<div class=\"elementor-element elementor-element-0a782e5 e-flex e-con-boxed e-con e-parent\" data-id=\"0a782e5\" data-element_type=\"container\" data-e-type=\"container\">\n\t\t\t\t\t<div class=\"e-con-inner\">\n\t\t\t\t<div class=\"elementor-element elementor-element-04aae9f elementor-widget elementor-widget-heading\" data-id=\"04aae9f\" data-element_type=\"widget\" data-e-type=\"widget\" data-widget_type=\"heading.default\">\n\t\t\t\t<div class=\"elementor-widget-container\">\n\t\t\t\t\t<h2 class=\"elementor-heading-title elementor-size-default\">Avec le programme Island Hopper, vous n'avez pas \u00e0 choisir.<\/h2>\t\t\t\t<\/div>\n\t\t\t\t<\/div>\n\t\t\t\t\t<\/div>\n\t\t\t\t<\/div>\n\t\t<div class=\"elementor-element elementor-element-ace3a57 e-flex e-con-boxed e-con e-parent\" data-id=\"ace3a57\" data-element_type=\"container\" data-e-type=\"container\">\n\t\t\t\t\t<div class=\"e-con-inner\">\n\t\t\t\t<div class=\"elementor-element elementor-element-0e42759 elementor-widget elementor-widget-spacer\" data-id=\"0e42759\" data-element_type=\"widget\" data-e-type=\"widget\" data-widget_type=\"spacer.default\">\n\t\t\t\t<div class=\"elementor-widget-container\">\n\t\t\t\t\t\t\t<div class=\"elementor-spacer\">\n\t\t\t<div class=\"elementor-spacer-inner\"><\/div>\n\t\t<\/div>\n\t\t\t\t\t\t<\/div>\n\t\t\t\t<\/div>\n\t\t\t\t\t<\/div>\n\t\t\t\t<\/div>\n\t\t<div class=\"elementor-element elementor-element-248426b e-flex e-con-boxed e-con e-parent\" data-id=\"248426b\" data-element_type=\"container\" data-e-type=\"container\">\n\t\t\t\t\t<div class=\"e-con-inner\">\n\t\t<div class=\"elementor-element elementor-element-a69f61c e-con-full e-flex e-con e-child\" data-id=\"a69f61c\" data-element_type=\"container\" data-e-type=\"container\">\n\t\t\t\t<div class=\"elementor-element elementor-element-c2f2742 color-scheme-inherit text-left elementor-widget elementor-widget-text-editor\" data-id=\"c2f2742\" data-element_type=\"widget\" data-e-type=\"widget\" data-widget_type=\"text-editor.default\">\n\t\t\t\t<div class=\"elementor-widget-container\">\n\t\t\t\t\t\t\t\t\t<h3 data-start=\"1346\" data-end=\"1370\">Ce qui ne change pas :<\/h3><ul data-start=\"1371\" data-end=\"1490\"><li data-start=\"1371\" data-end=\"1406\"><p data-start=\"1373\" data-end=\"1406\">Votre niveau d&rsquo;espagnol et vos progr\u00e8s<\/p><\/li><li data-start=\"1407\" data-end=\"1431\"><p data-start=\"1409\" data-end=\"1431\">M\u00e9thodologie d&rsquo;enseignement<\/p><\/li><li data-start=\"1432\" data-end=\"1452\"><p data-start=\"1434\" data-end=\"1452\">Mat\u00e9riel de cours<\/p><\/li><li data-start=\"1453\" data-end=\"1490\"><p data-start=\"1455\" data-end=\"1490\">Coordination et soutien acad\u00e9miques<\/p><\/li><\/ul><p data-start=\"1492\" data-end=\"1543\">Vous changez simplement d&rsquo;\u00eele, mais pas de flux d&rsquo;apprentissage.<\/p>\t\t\t\t\t\t\t\t<\/div>\n\t\t\t\t<\/div>\n\t\t\t\t<div class=\"elementor-element elementor-element-200a2bc elementor-widget elementor-widget-image\" data-id=\"200a2bc\" data-element_type=\"widget\" data-e-type=\"widget\" data-widget_type=\"image.default\">\n\t\t\t\t<div class=\"elementor-widget-container\">\n\t\t\t\t\t\t\t\t\t\t\t\t\t\t\t<img decoding=\"async\" width=\"1024\" height=\"1024\" src=\"https:\/\/maxxinstitutes.com\/wp-content\/uploads\/2025\/12\/1-1-1024x1024.png\" class=\"attachment-large size-large wp-image-26548\" alt=\"\" srcset=\"https:\/\/maxxinstitutes.com\/wp-content\/uploads\/2025\/12\/1-1-1024x1024.png 1024w, https:\/\/maxxinstitutes.com\/wp-content\/uploads\/2025\/12\/1-1-300x300.png 300w, https:\/\/maxxinstitutes.com\/wp-content\/uploads\/2025\/12\/1-1-150x150.png 150w, https:\/\/maxxinstitutes.com\/wp-content\/uploads\/2025\/12\/1-1-768x768.png 768w, https:\/\/maxxinstitutes.com\/wp-content\/uploads\/2025\/12\/1-1-600x600.png 600w, https:\/\/maxxinstitutes.com\/wp-content\/uploads\/2025\/12\/1-1.png 1080w\" sizes=\"(max-width: 1024px) 100vw, 1024px\" title=\"\">\t\t\t\t\t\t\t\t\t\t\t\t\t\t\t<\/div>\n\t\t\t\t<\/div>\n\t\t\t\t<\/div>\n\t\t<div class=\"elementor-element elementor-element-e9eaa6d e-con-full e-flex e-con e-child\" data-id=\"e9eaa6d\" data-element_type=\"container\" data-e-type=\"container\">\n\t\t\t\t<div class=\"elementor-element elementor-element-3b1a5b5 color-scheme-inherit text-left elementor-widget elementor-widget-text-editor\" data-id=\"3b1a5b5\" data-element_type=\"widget\" data-e-type=\"widget\" data-widget_type=\"text-editor.default\">\n\t\t\t\t<div class=\"elementor-widget-container\">\n\t\t\t\t\t\t\t\t\t<h2 data-start=\"1550\" data-end=\"1571\">Ce qui est inclus<\/h2><ul data-start=\"1573\" data-end=\"2135\"><li data-start=\"1573\" data-end=\"1661\"><p data-start=\"1575\" data-end=\"1661\"><strong data-start=\"1575\" data-end=\"1603\">Cours d&rsquo;espagnol intensif<\/strong><br data-start=\"1603\" data-end=\"1606\">20 le\u00e7ons par semaine \u00e0 Palma de Majorque et\/ou Ibiza<\/p><\/li><li data-start=\"1663\" data-end=\"1766\"><p data-start=\"1665\" data-end=\"1766\"><strong data-start=\"1665\" data-end=\"1696\">Combinaison d&rsquo;\u00eeles flexible<\/strong><br data-start=\"1696\" data-end=\"1699\">Commencez \u00e0 Majorque et continuez \u00e0 Ibiza &#8211; ou l&rsquo;inverse.<\/p><\/li><li data-start=\"1768\" data-end=\"1863\"><p data-start=\"1770\" data-end=\"1863\"><strong data-start=\"1770\" data-end=\"1805\">Activit\u00e9 de bienvenue sur chaque \u00eele<\/strong><br data-start=\"1805\" data-end=\"1808\">Faites connaissance avec votre nouvel environnement et vos camarades de classe.<\/p><\/li><li data-start=\"1865\" data-end=\"1927\"><p data-start=\"1867\" data-end=\"1927\"><strong data-start=\"1867\" data-end=\"1889\">Certificat de cours<\/strong><br data-start=\"1889\" data-end=\"1892\">D\u00e9livr\u00e9 \u00e0 la fin de votre programme<\/p><\/li><li data-start=\"1929\" data-end=\"2040\"><p data-start=\"1931\" data-end=\"2040\"><strong data-start=\"1931\" data-end=\"1951\">Soutien personnel<\/strong><br data-start=\"1951\" data-end=\"1954\">Notre \u00e9quipe coordonne votre changement d&rsquo;\u00eele et vous soutient avant et pendant votre s\u00e9jour.<\/p><\/li><li data-start=\"2042\" data-end=\"2135\"><p data-start=\"2044\" data-end=\"2135\"><strong data-start=\"2044\" data-end=\"2069\">Options d&rsquo;<\/strong>h\u00e9bergement<br data-start=\"2069\" data-end=\"2072\">R\u00e9servez un h\u00e9bergement par l&rsquo;interm\u00e9diaire des instituts MAXX ou choisissez le v\u00f4tre.<\/p><\/li><\/ul>\t\t\t\t\t\t\t\t<\/div>\n\t\t\t\t<\/div>\n\t\t\t\t<\/div>\n\t\t\t\t\t<\/div>\n\t\t\t\t<\/div>\n\t\t<div class=\"elementor-element elementor-element-4b6dc27 e-flex e-con-boxed e-con e-parent\" data-id=\"4b6dc27\" data-element_type=\"container\" data-e-type=\"container\">\n\t\t\t\t\t<div class=\"e-con-inner\">\n\t\t\t\t<div class=\"elementor-element elementor-element-64042a8 elementor-widget elementor-widget-spacer\" data-id=\"64042a8\" data-element_type=\"widget\" data-e-type=\"widget\" data-widget_type=\"spacer.default\">\n\t\t\t\t<div class=\"elementor-widget-container\">\n\t\t\t\t\t\t\t<div class=\"elementor-spacer\">\n\t\t\t<div class=\"elementor-spacer-inner\"><\/div>\n\t\t<\/div>\n\t\t\t\t\t\t<\/div>\n\t\t\t\t<\/div>\n\t\t\t\t\t<\/div>\n\t\t\t\t<\/div>\n\t\t<div class=\"elementor-element elementor-element-a505d58 e-con-full e-flex e-con e-parent\" data-id=\"a505d58\" data-element_type=\"container\" data-e-type=\"container\" data-settings=\"{&quot;background_background&quot;:&quot;classic&quot;}\">\n\t\t\t\t<div class=\"elementor-element elementor-element-2fa11fa elementor-widget elementor-widget-heading\" data-id=\"2fa11fa\" data-element_type=\"widget\" data-e-type=\"widget\" data-widget_type=\"heading.default\">\n\t\t\t\t<div class=\"elementor-widget-container\">\n\t\t\t\t\t<h2 class=\"elementor-heading-title elementor-size-default\">Le bon de voyage est inclus : 47 \u20ac pour votre transfert sur l'\u00eele<\/h2>\t\t\t\t<\/div>\n\t\t\t\t<\/div>\n\t\t\t\t<div class=\"elementor-element elementor-element-6e69b30 color-scheme-inherit text-left elementor-widget elementor-widget-text-editor\" data-id=\"6e69b30\" data-element_type=\"widget\" data-e-type=\"widget\" data-widget_type=\"text-editor.default\">\n\t\t\t\t<div class=\"elementor-widget-container\">\n\t\t\t\t\t\t\t\t\t<p data-start=\"2202\" data-end=\"2325\">Pour faciliter votre changement d&rsquo;\u00eele, les \u00e9tudiants qui choisissent le <strong data-start=\"2266\" data-end=\"2291\">programme Island Hopper<\/strong> re\u00e7oivent un <strong data-start=\"2302\" data-end=\"2324\">bon de voyage de 47 euros.<\/strong><\/p><h3 data-start=\"2327\" data-end=\"2344\">Comment cela fonctionne-t-il ?<\/h3><ul data-start=\"2345\" data-end=\"2543\"><li data-start=\"2345\" data-end=\"2405\"><p data-start=\"2347\" data-end=\"2405\">Valable pour le <strong data-start=\"2357\" data-end=\"2376\">ferry ou le vol<\/strong> entre Majorque et Ibiza<\/p><\/li><li data-start=\"2406\" data-end=\"2447\"><p data-start=\"2408\" data-end=\"2447\">Vous choisissez <strong data-start=\"2419\" data-end=\"2435\">quand et comment<\/strong> voyager<\/p><\/li><li data-start=\"2448\" data-end=\"2489\"><p data-start=\"2450\" data-end=\"2489\">Nous fournissons des conseils en mati\u00e8re de r\u00e9servation si n\u00e9cessaire<\/p><\/li><li data-start=\"2490\" data-end=\"2543\"><p data-start=\"2492\" data-end=\"2543\">Le bon permet de couvrir une partie de vos frais de voyage<\/p><\/li><\/ul><p data-start=\"2545\" data-end=\"2604\"><strong data-start=\"2545\" data-end=\"2604\">Vous voyagez de mani\u00e8re ind\u00e9pendante, mais pas \u00e0 vos propres frais.<\/strong><\/p>\t\t\t\t\t\t\t\t<\/div>\n\t\t\t\t<\/div>\n\t\t\t\t<\/div>\n\t\t<div class=\"elementor-element elementor-element-5310f53 e-flex e-con-boxed e-con e-parent\" data-id=\"5310f53\" data-element_type=\"container\" data-e-type=\"container\">\n\t\t\t\t\t<div class=\"e-con-inner\">\n\t\t\t\t<div class=\"elementor-element elementor-element-b743931 elementor-widget elementor-widget-spacer\" data-id=\"b743931\" data-element_type=\"widget\" data-e-type=\"widget\" data-widget_type=\"spacer.default\">\n\t\t\t\t<div class=\"elementor-widget-container\">\n\t\t\t\t\t\t\t<div class=\"elementor-spacer\">\n\t\t\t<div class=\"elementor-spacer-inner\"><\/div>\n\t\t<\/div>\n\t\t\t\t\t\t<\/div>\n\t\t\t\t<\/div>\n\t\t\t\t\t<\/div>\n\t\t\t\t<\/div>\n\t\t<div class=\"elementor-element elementor-element-16dcb0f e-flex e-con-boxed e-con e-parent\" data-id=\"16dcb0f\" data-element_type=\"container\" data-e-type=\"container\">\n\t\t\t\t\t<div class=\"e-con-inner\">\n\t\t<div class=\"elementor-element elementor-element-0b314eb e-con-full e-flex e-con e-child\" data-id=\"0b314eb\" data-element_type=\"container\" data-e-type=\"container\">\n\t\t\t\t<div class=\"elementor-element elementor-element-995952f elementor-widget elementor-widget-heading\" data-id=\"995952f\" data-element_type=\"widget\" data-e-type=\"widget\" data-widget_type=\"heading.default\">\n\t\t\t\t<div class=\"elementor-widget-container\">\n\t\t\t\t\t<h2 class=\"elementor-heading-title elementor-size-default\">Pourquoi choisir le programme island hopper ?<\/h2>\t\t\t\t<\/div>\n\t\t\t\t<\/div>\n\t\t\t\t<div class=\"elementor-element elementor-element-4b8baca color-scheme-inherit text-left elementor-widget elementor-widget-text-editor\" data-id=\"4b8baca\" data-element_type=\"widget\" data-e-type=\"widget\" data-widget_type=\"text-editor.default\">\n\t\t\t\t<div class=\"elementor-widget-container\">\n\t\t\t\t\t\t\t\t\t<ul><li data-start=\"2658\" data-end=\"2693\">Deux \u00eeles en un cours d&rsquo;espagnol<\/li><li data-start=\"2658\" data-end=\"2693\">Une inscription, un syst\u00e8me acad\u00e9mique<\/li><li data-start=\"2658\" data-end=\"2693\">Pas d&rsquo;interruption de votre apprentissage<\/li><li data-start=\"2658\" data-end=\"2693\">Plus de vari\u00e9t\u00e9, plus d&rsquo;inspiration<\/li><li data-start=\"2658\" data-end=\"2693\">Un programme, deux fois plus d&rsquo;exp\u00e9rience<\/li><li style=\"list-style-type: none;\"> <\/li><\/ul>\t\t\t\t\t\t\t\t<\/div>\n\t\t\t\t<\/div>\n\t\t\t\t<\/div>\n\t\t<div class=\"elementor-element elementor-element-2c202ad e-con-full e-flex e-con e-child\" data-id=\"2c202ad\" data-element_type=\"container\" data-e-type=\"container\">\n\t\t\t\t<div class=\"elementor-element elementor-element-1dfa583 elementor-widget elementor-widget-image\" data-id=\"1dfa583\" data-element_type=\"widget\" data-e-type=\"widget\" data-widget_type=\"image.default\">\n\t\t\t\t<div class=\"elementor-widget-container\">\n\t\t\t\t\t\t\t\t\t\t\t\t\t\t\t<img loading=\"lazy\" decoding=\"async\" width=\"1080\" height=\"1080\" src=\"https:\/\/maxxinstitutes.com\/wp-content\/uploads\/2025\/12\/2-1.png\" class=\"attachment-1536x1536 size-1536x1536 wp-image-26541\" alt=\"\" srcset=\"https:\/\/maxxinstitutes.com\/wp-content\/uploads\/2025\/12\/2-1.png 1080w, https:\/\/maxxinstitutes.com\/wp-content\/uploads\/2025\/12\/2-1-300x300.png 300w, https:\/\/maxxinstitutes.com\/wp-content\/uploads\/2025\/12\/2-1-1024x1024.png 1024w, https:\/\/maxxinstitutes.com\/wp-content\/uploads\/2025\/12\/2-1-150x150.png 150w, https:\/\/maxxinstitutes.com\/wp-content\/uploads\/2025\/12\/2-1-768x768.png 768w, https:\/\/maxxinstitutes.com\/wp-content\/uploads\/2025\/12\/2-1-600x600.png 600w\" sizes=\"(max-width: 1080px) 100vw, 1080px\" title=\"\">\t\t\t\t\t\t\t\t\t\t\t\t\t\t\t<\/div>\n\t\t\t\t<\/div>\n\t\t\t\t<\/div>\n\t\t\t\t<div class=\"elementor-element elementor-element-6c7cfeb elementor-widget__width-initial color-scheme-inherit text-left elementor-widget elementor-widget-text-editor\" data-id=\"6c7cfeb\" data-element_type=\"widget\" data-e-type=\"widget\" data-widget_type=\"text-editor.default\">\n\t\t\t\t<div class=\"elementor-widget-container\">\n\t\t\t\t\t\t\t\t\t<h2 data-start=\"2959\" data-end=\"2989\">\u00c0 qui s&rsquo;adresse ce programme ?<\/h2><p data-start=\"2991\" data-end=\"3030\">Le programme Island Hopper est id\u00e9al pour :<\/p><ul data-start=\"3031\" data-end=\"3219\"><li data-start=\"3031\" data-end=\"3075\"><p data-start=\"3033\" data-end=\"3075\">\u00c9tudiants s\u00e9journant <strong data-start=\"3050\" data-end=\"3073\">deux semaines ou plus<\/strong><\/p><\/li><li data-start=\"3076\" data-end=\"3121\"><p data-start=\"3078\" data-end=\"3121\">Les apprenants qui veulent de la vari\u00e9t\u00e9 et de la flexibilit\u00e9<\/p><\/li><li data-start=\"3122\" data-end=\"3168\"><p data-start=\"3124\" data-end=\"3168\">Les voyageurs qui aiment combiner les destinations<\/p><\/li><li data-start=\"3169\" data-end=\"3219\"><p data-start=\"3171\" data-end=\"3219\">Tous ceux qui recherchent plus qu&rsquo;un seul endroit<\/p><\/li><\/ul>\t\t\t\t\t\t\t\t<\/div>\n\t\t\t\t<\/div>\n\t\t\t\t\t<\/div>\n\t\t\t\t<\/div>\n\t\t\t\t<\/div>\n\t\t","protected":false},"excerpt":{"rendered":"<p>Programme Island Hopper Majorque et Ibiza &#8211; Deux \u00eeles. Une exp\u00e9rience espagnole. Pourquoi choisir une seule \u00eele quand vous pouvez<\/p>\n","protected":false},"author":4,"featured_media":0,"parent":0,"menu_order":0,"comment_status":"closed","ping_status":"closed","template":"","meta":{"two_page_speed":[],"footnotes":""},"class_list":["post-26486","page","type-page","status-publish","hentry"],"_links":{"self":[{"href":"https:\/\/maxxinstitutes.com\/fr\/wp-json\/wp\/v2\/pages\/26486","targetHints":{"allow":["GET"]}}],"collection":[{"href":"https:\/\/maxxinstitutes.com\/fr\/wp-json\/wp\/v2\/pages"}],"about":[{"href":"https:\/\/maxxinstitutes.com\/fr\/wp-json\/wp\/v2\/types\/page"}],"author":[{"embeddable":true,"href":"https:\/\/maxxinstitutes.com\/fr\/wp-json\/wp\/v2\/users\/4"}],"replies":[{"embeddable":true,"href":"https:\/\/maxxinstitutes.com\/fr\/wp-json\/wp\/v2\/comments?post=26486"}],"version-history":[{"count":3,"href":"https:\/\/maxxinstitutes.com\/fr\/wp-json\/wp\/v2\/pages\/26486\/revisions"}],"predecessor-version":[{"id":27204,"href":"https:\/\/maxxinstitutes.com\/fr\/wp-json\/wp\/v2\/pages\/26486\/revisions\/27204"}],"wp:attachment":[{"href":"https:\/\/maxxinstitutes.com\/fr\/wp-json\/wp\/v2\/media?parent=26486"}],"curies":[{"name":"wp","href":"https:\/\/api.w.org\/{rel}","templated":true}]}}