{"id":24297,"date":"2025-05-13T21:44:55","date_gmt":"2025-05-13T21:44:55","guid":{"rendered":"https:\/\/maxxinstitutes.com\/parking-ibiza\/"},"modified":"2025-05-20T05:54:35","modified_gmt":"2025-05-20T05:54:35","slug":"parking-ibiza","status":"publish","type":"page","link":"https:\/\/maxxinstitutes.com\/fr\/parking-ibiza\/","title":{"rendered":"Parking Ibiza"},"content":{"rendered":"\t\t<div data-elementor-type=\"wp-page\" data-elementor-id=\"24297\" class=\"elementor elementor-24297 elementor-23999\" data-elementor-post-type=\"page\">\n\t\t\t\t<div class=\"elementor-element elementor-element-5224358 e-flex e-con-boxed e-con e-parent\" data-id=\"5224358\" data-element_type=\"container\" data-e-type=\"container\">\n\t\t\t\t\t<div class=\"e-con-inner\">\n\t\t\t\t<div class=\"elementor-element elementor-element-444bbbd elementor-widget elementor-widget-heading\" data-id=\"444bbbd\" data-element_type=\"widget\" data-e-type=\"widget\" data-widget_type=\"heading.default\">\n\t\t\t\t<div class=\"elementor-widget-container\">\n\t\t\t\t\t<h1 class=\"elementor-heading-title elementor-size-default\">O\u00f9 se garer pr\u00e8s de l'Instituto de Idiomas Ibiza<\/h1>\t\t\t\t<\/div>\n\t\t\t\t<\/div>\n\t\t\t\t<div class=\"elementor-element elementor-element-3595b3f elementor-widget elementor-widget-spacer\" data-id=\"3595b3f\" data-element_type=\"widget\" data-e-type=\"widget\" data-widget_type=\"spacer.default\">\n\t\t\t\t<div class=\"elementor-widget-container\">\n\t\t\t\t\t\t\t<div class=\"elementor-spacer\">\n\t\t\t<div class=\"elementor-spacer-inner\"><\/div>\n\t\t<\/div>\n\t\t\t\t\t\t<\/div>\n\t\t\t\t<\/div>\n\t\t\t\t\t<\/div>\n\t\t\t\t<\/div>\n\t\t<div class=\"elementor-element elementor-element-cc5017e e-flex e-con-boxed e-con e-parent\" data-id=\"cc5017e\" data-element_type=\"container\" data-e-type=\"container\">\n\t\t\t\t\t<div class=\"e-con-inner\">\n\t\t<div class=\"elementor-element elementor-element-384d7a4 e-con-full e-flex e-con e-child\" data-id=\"384d7a4\" data-element_type=\"container\" data-e-type=\"container\">\n\t\t\t\t<div class=\"elementor-element elementor-element-6502d5a elementor-widget elementor-widget-heading\" data-id=\"6502d5a\" data-element_type=\"widget\" data-e-type=\"widget\" data-widget_type=\"heading.default\">\n\t\t\t\t<div class=\"elementor-widget-container\">\n\t\t\t\t\t<h2 class=\"elementor-heading-title elementor-size-default\">Parking payant - Parking Es Pratet<\/h2>\t\t\t\t<\/div>\n\t\t\t\t<\/div>\n\t\t\t\t<div class=\"elementor-element elementor-element-9750b8d color-scheme-inherit text-left elementor-widget elementor-widget-text-editor\" data-id=\"9750b8d\" data-element_type=\"widget\" data-e-type=\"widget\" data-widget_type=\"text-editor.default\">\n\t\t\t\t<div class=\"elementor-widget-container\">\n\t\t\t\t\t\t\t\t\t<p>En venant de San Antonio, tournez \u00e0 gauche en passant devant l&rsquo;\u00e9cole et trouvez le parking<br>\u00e0 votre gauche au bout de la rue.<\/p>\n<p>En venant de Santa Eulalia, vous verrez le port sur votre gauche lorsque vous entrerez dans la ville d&rsquo;Ibiza. Tournez \u00e0 droite \u00e0 la concession de bateaux Nautica Ereso \u00e0 l&rsquo;entr\u00e9e de la ville d&rsquo;Ibiza. <\/p>\n<p>C&rsquo;est le plus grand parking de la ville d&rsquo;Ibiza et il se trouve juste derri\u00e8re le b\u00e2timent de l&rsquo;\u00e9cole. Le prix varie entre 3 et 5 euros selon l&rsquo;heure de la journ\u00e9e, la p\u00e9riode de l&rsquo;ann\u00e9e et si c&rsquo;est un jour de semaine ou le week-end. Il y a toujours de la place et en 3 minutes vous \u00eates \u00e0 la porte de l&rsquo;\u00e9cole.  <\/p>\t\t\t\t\t\t\t\t<\/div>\n\t\t\t\t<\/div>\n\t\t\t\t<\/div>\n\t\t<div class=\"elementor-element elementor-element-1c6631d e-con-full e-flex e-con e-child\" data-id=\"1c6631d\" data-element_type=\"container\" data-e-type=\"container\">\n\t\t\t\t<div class=\"elementor-element elementor-element-5cd6dc5 elementor-widget elementor-widget-image\" data-id=\"5cd6dc5\" data-element_type=\"widget\" data-e-type=\"widget\" data-widget_type=\"image.default\">\n\t\t\t\t<div class=\"elementor-widget-container\">\n\t\t\t\t\t\t\t\t\t\t\t\t\t\t\t<img fetchpriority=\"high\" decoding=\"async\" width=\"528\" height=\"207\" src=\"https:\/\/maxxinstitutes.com\/wp-content\/uploads\/2025\/05\/Screenshot-2025-05-13-at-16.50.52.png\" class=\"attachment-large size-large wp-image-24004\" alt=\"\" srcset=\"https:\/\/maxxinstitutes.com\/wp-content\/uploads\/2025\/05\/Screenshot-2025-05-13-at-16.50.52.png 528w, https:\/\/maxxinstitutes.com\/wp-content\/uploads\/2025\/05\/Screenshot-2025-05-13-at-16.50.52-300x118.png 300w, https:\/\/maxxinstitutes.com\/wp-content\/uploads\/2025\/05\/Screenshot-2025-05-13-at-16.50.52-150x59.png 150w\" sizes=\"(max-width: 528px) 100vw, 528px\" title=\"\">\t\t\t\t\t\t\t\t\t\t\t\t\t\t\t<\/div>\n\t\t\t\t<\/div>\n\t\t\t\t<\/div>\n\t\t\t\t\t<\/div>\n\t\t\t\t<\/div>\n\t\t<div class=\"elementor-element elementor-element-013b3b5 e-flex e-con-boxed e-con e-parent\" data-id=\"013b3b5\" data-element_type=\"container\" data-e-type=\"container\">\n\t\t\t\t\t<div class=\"e-con-inner\">\n\t\t<div class=\"elementor-element elementor-element-5613c2c e-con-full e-flex e-con e-child\" data-id=\"5613c2c\" data-element_type=\"container\" data-e-type=\"container\">\n\t\t\t\t<div class=\"elementor-element elementor-element-cde9765 elementor-widget elementor-widget-image\" data-id=\"cde9765\" data-element_type=\"widget\" data-e-type=\"widget\" data-widget_type=\"image.default\">\n\t\t\t\t<div class=\"elementor-widget-container\">\n\t\t\t\t\t\t\t\t\t\t\t\t\t\t\t<img decoding=\"async\" width=\"570\" height=\"313\" src=\"https:\/\/maxxinstitutes.com\/wp-content\/uploads\/2025\/05\/Screenshot-2025-05-13-at-16.51.00.png\" class=\"attachment-large size-large wp-image-24011\" alt=\"\" srcset=\"https:\/\/maxxinstitutes.com\/wp-content\/uploads\/2025\/05\/Screenshot-2025-05-13-at-16.51.00.png 570w, https:\/\/maxxinstitutes.com\/wp-content\/uploads\/2025\/05\/Screenshot-2025-05-13-at-16.51.00-300x165.png 300w, https:\/\/maxxinstitutes.com\/wp-content\/uploads\/2025\/05\/Screenshot-2025-05-13-at-16.51.00-150x82.png 150w\" sizes=\"(max-width: 570px) 100vw, 570px\" title=\"\">\t\t\t\t\t\t\t\t\t\t\t\t\t\t\t<\/div>\n\t\t\t\t<\/div>\n\t\t\t\t<\/div>\n\t\t<div class=\"elementor-element elementor-element-d16c7b0 e-con-full e-flex e-con e-child\" data-id=\"d16c7b0\" data-element_type=\"container\" data-e-type=\"container\">\n\t\t\t\t<div class=\"elementor-element elementor-element-1aa05e0 elementor-widget elementor-widget-heading\" data-id=\"1aa05e0\" data-element_type=\"widget\" data-e-type=\"widget\" data-widget_type=\"heading.default\">\n\t\t\t\t<div class=\"elementor-widget-container\">\n\t\t\t\t\t<h2 class=\"elementor-heading-title elementor-size-default\">Parking gratuit - Recinto Ferial<\/h2>\t\t\t\t<\/div>\n\t\t\t\t<\/div>\n\t\t\t\t<div class=\"elementor-element elementor-element-04a424f color-scheme-inherit text-left elementor-widget elementor-widget-text-editor\" data-id=\"04a424f\" data-element_type=\"widget\" data-e-type=\"widget\" data-widget_type=\"text-editor.default\">\n\t\t\t\t<div class=\"elementor-widget-container\">\n\t\t\t\t\t\t\t\t\t<p>Il s&rsquo;agit d&rsquo;une place de parking gratuite sur le champ de foire. Il se trouve \u00e0 7 minutes \u00e0 pied de l&rsquo;\u00e9cole (550m, source : Google Maps). <br><br>En venant de San Antonio, prenez la sortie Recinto Ferial Cas Dominguets Free Parking. En venant de Santa Eulalia, tournez \u00e0 San Antonio et apr\u00e8s le rond-point, prenez la sortie Recinto Ferial Cas Dominguets Free Parking. <\/p>\t\t\t\t\t\t\t\t<\/div>\n\t\t\t\t<\/div>\n\t\t\t\t<\/div>\n\t\t\t\t\t<\/div>\n\t\t\t\t<\/div>\n\t\t\t\t<\/div>\n\t\t","protected":false},"excerpt":{"rendered":"<p>O\u00f9 se garer pr\u00e8s de l&rsquo;Instituto de Idiomas Ibiza Parking payant &#8211; Parking Es Pratet En venant de San Antonio,<\/p>\n","protected":false},"author":4,"featured_media":0,"parent":0,"menu_order":0,"comment_status":"closed","ping_status":"closed","template":"","meta":{"two_page_speed":[],"footnotes":""},"class_list":["post-24297","page","type-page","status-publish","hentry"],"_links":{"self":[{"href":"https:\/\/maxxinstitutes.com\/fr\/wp-json\/wp\/v2\/pages\/24297","targetHints":{"allow":["GET"]}}],"collection":[{"href":"https:\/\/maxxinstitutes.com\/fr\/wp-json\/wp\/v2\/pages"}],"about":[{"href":"https:\/\/maxxinstitutes.com\/fr\/wp-json\/wp\/v2\/types\/page"}],"author":[{"embeddable":true,"href":"https:\/\/maxxinstitutes.com\/fr\/wp-json\/wp\/v2\/users\/4"}],"replies":[{"embeddable":true,"href":"https:\/\/maxxinstitutes.com\/fr\/wp-json\/wp\/v2\/comments?post=24297"}],"version-history":[{"count":1,"href":"https:\/\/maxxinstitutes.com\/fr\/wp-json\/wp\/v2\/pages\/24297\/revisions"}],"predecessor-version":[{"id":24298,"href":"https:\/\/maxxinstitutes.com\/fr\/wp-json\/wp\/v2\/pages\/24297\/revisions\/24298"}],"wp:attachment":[{"href":"https:\/\/maxxinstitutes.com\/fr\/wp-json\/wp\/v2\/media?parent=24297"}],"curies":[{"name":"wp","href":"https:\/\/api.w.org\/{rel}","templated":true}]}}