{"id":24285,"date":"2025-05-13T21:58:36","date_gmt":"2025-05-13T21:58:36","guid":{"rendered":"https:\/\/maxxinstitutes.com\/parking-mallorca\/"},"modified":"2025-05-20T05:44:09","modified_gmt":"2025-05-20T05:44:09","slug":"parking-mallorca","status":"publish","type":"page","link":"https:\/\/maxxinstitutes.com\/fr\/parking-mallorca\/","title":{"rendered":"Parking Mallorca"},"content":{"rendered":"\t\t<div data-elementor-type=\"wp-page\" data-elementor-id=\"24285\" class=\"elementor elementor-24285 elementor-24019\" data-elementor-post-type=\"page\">\n\t\t\t\t<div class=\"elementor-element elementor-element-762533a e-flex e-con-boxed e-con e-parent\" data-id=\"762533a\" data-element_type=\"container\" data-e-type=\"container\">\n\t\t\t\t\t<div class=\"e-con-inner\">\n\t\t\t\t<div class=\"elementor-element elementor-element-d71f24a elementor-widget elementor-widget-heading\" data-id=\"d71f24a\" data-element_type=\"widget\" data-e-type=\"widget\" data-widget_type=\"heading.default\">\n\t\t\t\t<div class=\"elementor-widget-container\">\n\t\t\t\t\t<h2 class=\"elementor-heading-title elementor-size-default\">Comment se rendre aux instituts MAXX !<\/h2>\t\t\t\t<\/div>\n\t\t\t\t<\/div>\n\t\t\t\t<div class=\"elementor-element elementor-element-9ba86fb elementor-widget elementor-widget-spacer\" data-id=\"9ba86fb\" data-element_type=\"widget\" data-e-type=\"widget\" data-widget_type=\"spacer.default\">\n\t\t\t\t<div class=\"elementor-widget-container\">\n\t\t\t\t\t\t\t<div class=\"elementor-spacer\">\n\t\t\t<div class=\"elementor-spacer-inner\"><\/div>\n\t\t<\/div>\n\t\t\t\t\t\t<\/div>\n\t\t\t\t<\/div>\n\t\t\t\t\t<\/div>\n\t\t\t\t<\/div>\n\t\t<div class=\"elementor-element elementor-element-d03d4a8 e-flex e-con-boxed e-con e-parent\" data-id=\"d03d4a8\" data-element_type=\"container\" data-e-type=\"container\">\n\t\t\t\t\t<div class=\"e-con-inner\">\n\t\t<div class=\"elementor-element elementor-element-6b62a34 e-con-full e-flex e-con e-child\" data-id=\"6b62a34\" data-element_type=\"container\" data-e-type=\"container\">\n\t\t\t\t<div class=\"elementor-element elementor-element-7aa574d elementor-widget elementor-widget-heading\" data-id=\"7aa574d\" data-element_type=\"widget\" data-e-type=\"widget\" data-widget_type=\"heading.default\">\n\t\t\t\t<div class=\"elementor-widget-container\">\n\t\t\t\t\t<h2 class=\"elementor-heading-title elementor-size-default\">Parking pr\u00e8s de l'\u00e9cole : Parking Paseo Mallorca<\/h2>\t\t\t\t<\/div>\n\t\t\t\t<\/div>\n\t\t\t\t<div class=\"elementor-element elementor-element-f934465 color-scheme-inherit text-left elementor-widget elementor-widget-text-editor\" data-id=\"f934465\" data-element_type=\"widget\" data-e-type=\"widget\" data-widget_type=\"text-editor.default\">\n\t\t\t\t<div class=\"elementor-widget-container\">\n\t\t\t\t\t\t\t\t\t<p><span class=\"relative -mx-px my-[-0.2rem] rounded px-px py-[0.2rem] transition-colors duration-100 ease-in-out\">Si vous arrivez en voiture, le <strong data-start=\"27\" data-end=\"53\">parking Paseo Mallorca<\/strong> est une option pratique situ\u00e9e \u00e0 quelques pas de notre \u00e9cole.<\/span> <span class=\"relative -mx-px my-[-0.2rem] rounded px-px py-[0.2rem] transition-colors duration-100 ease-in-out\">Le parking est situ\u00e9 au <a href=\"https:\/\/www.parkingspalma.com\/parking-paseo-mallorca\/\" target=\"_new\" rel=\"noopener noreferrer\" data-start=\"36\" data-end=\"115\">Parking Paseo Mallorca<\/a>.<\/span> <span class=\"relative -mx-px my-[-0.2rem] rounded px-px py-[0.2rem] transition-colors duration-100 ease-in-out\">Pour acc\u00e9der plus facilement \u00e0 notre \u00e9cole, prenez la <strong data-start=\"42\" data-end=\"64\">sortie 5 (Sortida 5)<\/strong>, qui vous m\u00e8nera directement sur le <strong data-start=\"96\" data-end=\"120\">Passeig Mallorca<\/strong>.<\/span> <span class=\"relative -mx-px my-[-0.2rem] rounded px-px py-[0.2rem] transition-colors duration-100 ease-in-out\">De l\u00e0, il y a environ 2 minutes de marche jusqu&rsquo;\u00e0 notre adresse, \u00e0 savoir  <strong data-start=\"65\" data-end=\"100\">Av. de Portugal, 1, 07012 Palma <\/strong>.<\/span><\/p>\t\t\t\t\t\t\t\t<\/div>\n\t\t\t\t<\/div>\n\t\t\t\t<div class=\"elementor-element elementor-element-a98a542 elementor-widget elementor-widget-image\" data-id=\"a98a542\" data-element_type=\"widget\" data-e-type=\"widget\" data-widget_type=\"image.default\">\n\t\t\t\t<div class=\"elementor-widget-container\">\n\t\t\t\t\t\t\t\t\t\t\t\t\t\t\t<img fetchpriority=\"high\" decoding=\"async\" width=\"300\" height=\"300\" src=\"https:\/\/maxxinstitutes.com\/wp-content\/uploads\/2025\/05\/2-300x300.png\" class=\"attachment-woocommerce_thumbnail size-woocommerce_thumbnail wp-image-24024\" alt=\"\" srcset=\"https:\/\/maxxinstitutes.com\/wp-content\/uploads\/2025\/05\/2-300x300.png 300w, https:\/\/maxxinstitutes.com\/wp-content\/uploads\/2025\/05\/2-150x150.png 150w\" sizes=\"(max-width: 300px) 100vw, 300px\" title=\"\">\t\t\t\t\t\t\t\t\t\t\t\t\t\t\t<\/div>\n\t\t\t\t<\/div>\n\t\t\t\t<div class=\"elementor-element elementor-element-5f65767 elementor-widget elementor-widget-spacer\" data-id=\"5f65767\" data-element_type=\"widget\" data-e-type=\"widget\" data-widget_type=\"spacer.default\">\n\t\t\t\t<div class=\"elementor-widget-container\">\n\t\t\t\t\t\t\t<div class=\"elementor-spacer\">\n\t\t\t<div class=\"elementor-spacer-inner\"><\/div>\n\t\t<\/div>\n\t\t\t\t\t\t<\/div>\n\t\t\t\t<\/div>\n\t\t\t\t<\/div>\n\t\t<div class=\"elementor-element elementor-element-1705e75 e-con-full e-flex e-con e-child\" data-id=\"1705e75\" data-element_type=\"container\" data-e-type=\"container\">\n\t\t\t\t<div class=\"elementor-element elementor-element-3355036 elementor-widget elementor-widget-image\" data-id=\"3355036\" data-element_type=\"widget\" data-e-type=\"widget\" data-widget_type=\"image.default\">\n\t\t\t\t<div class=\"elementor-widget-container\">\n\t\t\t\t\t\t\t\t\t\t\t\t\t\t\t<img decoding=\"async\" width=\"940\" height=\"788\" src=\"https:\/\/maxxinstitutes.com\/wp-content\/uploads\/2025\/05\/1.png\" class=\"attachment-large size-large wp-image-24031\" alt=\"\" srcset=\"https:\/\/maxxinstitutes.com\/wp-content\/uploads\/2025\/05\/1.png 940w, https:\/\/maxxinstitutes.com\/wp-content\/uploads\/2025\/05\/1-300x251.png 300w, https:\/\/maxxinstitutes.com\/wp-content\/uploads\/2025\/05\/1-768x644.png 768w, https:\/\/maxxinstitutes.com\/wp-content\/uploads\/2025\/05\/1-600x503.png 600w, https:\/\/maxxinstitutes.com\/wp-content\/uploads\/2025\/05\/1-150x126.png 150w\" sizes=\"(max-width: 940px) 100vw, 940px\" title=\"\">\t\t\t\t\t\t\t\t\t\t\t\t\t\t\t<\/div>\n\t\t\t\t<\/div>\n\t\t\t\t<\/div>\n\t\t\t\t\t<\/div>\n\t\t\t\t<\/div>\n\t\t<div class=\"elementor-element elementor-element-0bdf4e0 e-flex e-con-boxed e-con e-parent\" data-id=\"0bdf4e0\" data-element_type=\"container\" data-e-type=\"container\">\n\t\t\t\t\t<div class=\"e-con-inner\">\n\t\t\t\t<div class=\"elementor-element elementor-element-772de1c elementor-widget elementor-widget-heading\" data-id=\"772de1c\" data-element_type=\"widget\" data-e-type=\"widget\" data-widget_type=\"heading.default\">\n\t\t\t\t<div class=\"elementor-widget-container\">\n\t\t\t\t\t<h2 class=\"elementor-heading-title elementor-size-default\">Depuis la Plaza de Espa\u00f1a en bus<\/h2>\t\t\t\t<\/div>\n\t\t\t\t<\/div>\n\t\t\t\t<div class=\"elementor-element elementor-element-0168a5a color-scheme-inherit text-left elementor-widget elementor-widget-text-editor\" data-id=\"0168a5a\" data-element_type=\"widget\" data-e-type=\"widget\" data-widget_type=\"text-editor.default\">\n\t\t\t\t<div class=\"elementor-widget-container\">\n\t\t\t\t\t\t\t\t\t<p><span class=\"relative -mx-px my-[-0.2rem] rounded px-px py-[0.2rem] transition-colors duration-100 ease-in-out\">La Plaza de Espa\u00f1a est un centre de transport central \u00e0 Palma, ce qui facilite l&rsquo;acc\u00e8s \u00e0 notre \u00e9cole par les transports publics.<\/span> <span class=\"relative -mx-px my-[-0.2rem] rounded px-px py-[0.2rem] transition-colors duration-100 ease-in-out\">Plusieurs lignes de bus EMT relient la Plaza de Espa\u00f1a aux environs de l&rsquo;<strong data-start=\"65\" data-end=\"89\">Avinguda de Portugal<\/strong>.<\/span> <span class=\"relative -mx-px my-[-0.2rem] rounded px-px py-[0.2rem] transition-colors duration-100 ease-in-out\">En particulier, les lignes de bus <strong data-start=\"19\" data-end=\"24\">3<\/strong>, <strong data-start=\"26\" data-end=\"31\">5<\/strong> et <strong data-start=\"37\" data-end=\"43\">46<\/strong> ont des arr\u00eats pr\u00e8s de l&rsquo;\u00e9cole.<\/span> <span class=\"relative -mx-px my-[-0.2rem] rounded px-px py-[0.2rem] transition-colors duration-100 ease-in-out\">L&rsquo;arr\u00eat de bus le plus proche est le <strong data-start=\"24\" data-end=\"41\">206-Instituts<\/strong>, qui se trouve \u00e0 une minute de marche de notre \u00e9cole.<\/span> <span class=\"relative -mx-px my-[-0.2rem] rounded px-px py-[0.2rem] transition-colors duration-100 ease-in-out\">Pour obtenir les itin\u00e9raires et les horaires de bus les plus pr\u00e9cis et les plus r\u00e9cents, nous vous recommandons d&rsquo;utiliser le <a href=\"https:\/\/www.emtpalma.cat\/en\" target=\"_new\" rel=\"noopener noreferrer\" data-start=\"86\" data-end=\"134\">site Internet de l&rsquo;EMT Palma<\/a> ou l&rsquo;application Moovit.<\/span> <span class=\"relative -mx-px my-[-0.2rem] rounded px-px py-[0.2rem] transition-colors duration-100 ease-in-out\">De l\u00e0, il y a environ 2 minutes de marche jusqu&rsquo;\u00e0 notre adresse, \u00e0 savoir  <strong data-start=\"65\" data-end=\"100\">Av. de Portugal, 1, 07012 Palma <\/strong>.<\/span><\/p>\t\t\t\t\t\t\t\t<\/div>\n\t\t\t\t<\/div>\n\t\t\t\t\t<\/div>\n\t\t\t\t<\/div>\n\t\t<div class=\"elementor-element elementor-element-c76fb74 e-flex e-con-boxed e-con e-parent\" data-id=\"c76fb74\" data-element_type=\"container\" data-e-type=\"container\">\n\t\t\t\t\t<div class=\"e-con-inner\">\n\t\t\t\t<div class=\"elementor-element elementor-element-a0b7cb4 elementor-widget elementor-widget-spacer\" data-id=\"a0b7cb4\" data-element_type=\"widget\" data-e-type=\"widget\" data-widget_type=\"spacer.default\">\n\t\t\t\t<div class=\"elementor-widget-container\">\n\t\t\t\t\t\t\t<div class=\"elementor-spacer\">\n\t\t\t<div class=\"elementor-spacer-inner\"><\/div>\n\t\t<\/div>\n\t\t\t\t\t\t<\/div>\n\t\t\t\t<\/div>\n\t\t\t\t<div class=\"elementor-element elementor-element-f40c321 elementor-widget elementor-widget-heading\" data-id=\"f40c321\" data-element_type=\"widget\" data-e-type=\"widget\" data-widget_type=\"heading.default\">\n\t\t\t\t<div class=\"elementor-widget-container\">\n\t\t\t\t\t<h2 class=\"elementor-heading-title elementor-size-default\">A pied depuis la Plaza de Espa\u00f1a<\/h2>\t\t\t\t<\/div>\n\t\t\t\t<\/div>\n\t\t\t\t<div class=\"elementor-element elementor-element-16fa244 color-scheme-inherit text-left elementor-widget elementor-widget-text-editor\" data-id=\"16fa244\" data-element_type=\"widget\" data-e-type=\"widget\" data-widget_type=\"text-editor.default\">\n\t\t\t\t<div class=\"elementor-widget-container\">\n\t\t\t\t\t\t\t\t\t<p><span class=\"relative -mx-px my-[-0.2rem] rounded px-px py-[0.2rem] transition-colors duration-100 ease-in-out\">Marcher de la Plaza de Espa\u00f1a \u00e0 notre \u00e9cole est une option agr\u00e9able.<\/span> <span class=\"relative -mx-px my-[-0.2rem] rounded px-px py-[0.2rem] transition-colors duration-100 ease-in-out\">La distance est d&rsquo;environ 1,2 kilom\u00e8tre et prend environ 15 minutes \u00e0 pied.<\/span> <span class=\"relative -mx-px my-[-0.2rem] rounded px-px py-[0.2rem] transition-colors duration-100 ease-in-out\">Dirigez-vous vers le sud-ouest sur <strong data-start=\"18\" data-end=\"44\">Carrer d&rsquo;Eusebi Estada<\/strong>, continuez sur <strong data-start=\"60\" data-end=\"84\">Avinguda de Portugal<\/strong>, et vous nous trouverez au num\u00e9ro 1.<\/span> <span class=\"relative -mx-px my-[-0.2rem] rounded px-px py-[0.2rem] transition-colors duration-100 ease-in-out\">Cet itin\u00e9raire vous permet de profiter des rues charmantes de Palma et de son atmosph\u00e8re locale.<\/span><\/p>\t\t\t\t\t\t\t\t<\/div>\n\t\t\t\t<\/div>\n\t\t\t\t\t<\/div>\n\t\t\t\t<\/div>\n\t\t<div class=\"elementor-element elementor-element-c568ded e-flex e-con-boxed e-con e-parent\" data-id=\"c568ded\" data-element_type=\"container\" data-e-type=\"container\">\n\t\t\t\t\t<div class=\"e-con-inner\">\n\t\t\t\t<div class=\"elementor-element elementor-element-1f07ccf elementor-widget elementor-widget-spacer\" data-id=\"1f07ccf\" data-element_type=\"widget\" data-e-type=\"widget\" data-widget_type=\"spacer.default\">\n\t\t\t\t<div class=\"elementor-widget-container\">\n\t\t\t\t\t\t\t<div class=\"elementor-spacer\">\n\t\t\t<div class=\"elementor-spacer-inner\"><\/div>\n\t\t<\/div>\n\t\t\t\t\t\t<\/div>\n\t\t\t\t<\/div>\n\t\t\t\t<div class=\"elementor-element elementor-element-46c2c87 elementor-widget elementor-widget-heading\" data-id=\"46c2c87\" data-element_type=\"widget\" data-e-type=\"widget\" data-widget_type=\"heading.default\">\n\t\t\t\t<div class=\"elementor-widget-container\">\n\t\t\t\t\t<h2 class=\"elementor-heading-title elementor-size-default\">En voiture depuis la Plaza de Espa\u00f1a<\/h2>\t\t\t\t<\/div>\n\t\t\t\t<\/div>\n\t\t\t\t<div class=\"elementor-element elementor-element-178a008 color-scheme-inherit text-left elementor-widget elementor-widget-text-editor\" data-id=\"178a008\" data-element_type=\"widget\" data-e-type=\"widget\" data-widget_type=\"text-editor.default\">\n\t\t\t\t<div class=\"elementor-widget-container\">\n\t\t\t\t\t\t\t\t\t<p class=\"\" data-start=\"1049\" data-end=\"1207\"><span class=\"relative -mx-px my-[-0.2rem] rounded px-px py-[0.2rem] transition-colors duration-100 ease-in-out\">Si vous arrivez en voiture depuis la Plaza de Espa\u00f1a, le trajet jusqu&rsquo;\u00e0 notre \u00e9cole est simple et dure environ 5 minutes, en fonction de la circulation.<\/span> <span class=\"relative -mx-px my-[-0.2rem] rounded px-px py-[0.2rem] transition-colors duration-100 ease-in-out\">Dirigez-vous vers le sud-ouest sur <strong data-start=\"18\" data-end=\"44\">Carrer d&rsquo;Eusebi Estada<\/strong>, continuez sur <strong data-start=\"60\" data-end=\"84\">Avinguda de Portugal<\/strong>, et vous arriverez \u00e0  <strong data-start=\"107\" data-end=\"129\">Av. de Portugal, 1 <\/strong>.<\/span> <span class=\"relative -mx-px my-[-0.2rem] rounded px-px py-[0.2rem] transition-colors duration-100 ease-in-out\">Vous pouvez vous garer \u00e0 proximit\u00e9, au <strong data-start=\"31\" data-end=\"57\">Parking Paseo Mallorca<\/strong>, comme indiqu\u00e9 ci-dessus.<\/span><\/p>\t\t\t\t\t\t\t\t<\/div>\n\t\t\t\t<\/div>\n\t\t\t\t\t<\/div>\n\t\t\t\t<\/div>\n\t\t<div class=\"elementor-element elementor-element-0b55ce5 e-flex e-con-boxed e-con e-parent\" data-id=\"0b55ce5\" data-element_type=\"container\" data-e-type=\"container\">\n\t\t\t\t\t<div class=\"e-con-inner\">\n\t\t\t\t<div class=\"elementor-element elementor-element-a368fed elementor-widget elementor-widget-image\" data-id=\"a368fed\" data-element_type=\"widget\" data-e-type=\"widget\" data-widget_type=\"image.default\">\n\t\t\t\t<div class=\"elementor-widget-container\">\n\t\t\t\t\t\t\t\t\t\t\t\t\t\t\t<img decoding=\"async\" width=\"768\" height=\"644\" src=\"https:\/\/maxxinstitutes.com\/wp-content\/uploads\/2025\/05\/parking-mallorca-768x644.png\" class=\"attachment-medium_large size-medium_large wp-image-24042\" alt=\"\" srcset=\"https:\/\/maxxinstitutes.com\/wp-content\/uploads\/2025\/05\/parking-mallorca-768x644.png 768w, https:\/\/maxxinstitutes.com\/wp-content\/uploads\/2025\/05\/parking-mallorca-300x251.png 300w, https:\/\/maxxinstitutes.com\/wp-content\/uploads\/2025\/05\/parking-mallorca-600x503.png 600w, https:\/\/maxxinstitutes.com\/wp-content\/uploads\/2025\/05\/parking-mallorca-150x126.png 150w, https:\/\/maxxinstitutes.com\/wp-content\/uploads\/2025\/05\/parking-mallorca.png 940w\" sizes=\"(max-width: 768px) 100vw, 768px\" title=\"\">\t\t\t\t\t\t\t\t\t\t\t\t\t\t\t<\/div>\n\t\t\t\t<\/div>\n\t\t\t\t\t<\/div>\n\t\t\t\t<\/div>\n\t\t\t\t<\/div>\n\t\t","protected":false},"excerpt":{"rendered":"<p>Comment se rendre aux instituts MAXX ! Parking pr\u00e8s de l&rsquo;\u00e9cole : Parking Paseo Mallorca Si vous arrivez en voiture,<\/p>\n","protected":false},"author":4,"featured_media":0,"parent":0,"menu_order":0,"comment_status":"closed","ping_status":"closed","template":"","meta":{"two_page_speed":[],"footnotes":""},"class_list":["post-24285","page","type-page","status-publish","hentry"],"_links":{"self":[{"href":"https:\/\/maxxinstitutes.com\/fr\/wp-json\/wp\/v2\/pages\/24285","targetHints":{"allow":["GET"]}}],"collection":[{"href":"https:\/\/maxxinstitutes.com\/fr\/wp-json\/wp\/v2\/pages"}],"about":[{"href":"https:\/\/maxxinstitutes.com\/fr\/wp-json\/wp\/v2\/types\/page"}],"author":[{"embeddable":true,"href":"https:\/\/maxxinstitutes.com\/fr\/wp-json\/wp\/v2\/users\/4"}],"replies":[{"embeddable":true,"href":"https:\/\/maxxinstitutes.com\/fr\/wp-json\/wp\/v2\/comments?post=24285"}],"version-history":[{"count":1,"href":"https:\/\/maxxinstitutes.com\/fr\/wp-json\/wp\/v2\/pages\/24285\/revisions"}],"predecessor-version":[{"id":24286,"href":"https:\/\/maxxinstitutes.com\/fr\/wp-json\/wp\/v2\/pages\/24285\/revisions\/24286"}],"wp:attachment":[{"href":"https:\/\/maxxinstitutes.com\/fr\/wp-json\/wp\/v2\/media?parent=24285"}],"curies":[{"name":"wp","href":"https:\/\/api.w.org\/{rel}","templated":true}]}}