{"id":15806,"date":"2024-09-06T21:05:40","date_gmt":"2024-09-06T21:05:40","guid":{"rendered":"http:\/\/maxxinstitutes.com\/calculateur-de-couts\/"},"modified":"2025-03-06T17:16:52","modified_gmt":"2025-03-06T17:16:52","slug":"calculateur-de-couts","status":"publish","type":"page","link":"https:\/\/maxxinstitutes.com\/fr\/calculateur-de-couts\/","title":{"rendered":"Calculateur de co\u00fbts"},"content":{"rendered":"\t\t<div data-elementor-type=\"wp-page\" data-elementor-id=\"15806\" class=\"elementor elementor-15806 elementor-51\" data-elementor-post-type=\"page\">\n\t\t\t\t\t\t<section class=\"elementor-section elementor-top-section elementor-element elementor-element-3265136 elementor-section-boxed elementor-section-height-default elementor-section-height-default\" data-id=\"3265136\" data-element_type=\"section\" data-e-type=\"section\">\n\t\t\t\t\t\t<div class=\"elementor-container elementor-column-gap-default\">\n\t\t\t\t\t<div class=\"elementor-column elementor-col-100 elementor-top-column elementor-element elementor-element-b501976\" data-id=\"b501976\" data-element_type=\"column\" data-e-type=\"column\">\n\t\t\t<div class=\"elementor-widget-wrap elementor-element-populated\">\n\t\t\t\t\t\t<div class=\"elementor-element elementor-element-9cbed23 elementor-widget elementor-widget-heading\" data-id=\"9cbed23\" data-element_type=\"widget\" data-e-type=\"widget\" data-widget_type=\"heading.default\">\n\t\t\t\t<div class=\"elementor-widget-container\">\n\t\t\t\t\t<h2 class=\"elementor-heading-title elementor-size-default\">Calculez le prix de votre cours d'espagnol<\/h2>\t\t\t\t<\/div>\n\t\t\t\t<\/div>\n\t\t\t\t\t<\/div>\n\t\t<\/div>\n\t\t\t\t\t<\/div>\n\t\t<\/section>\n\t\t\t\t<section class=\"elementor-section elementor-top-section elementor-element elementor-element-d2890ee elementor-section-boxed elementor-section-height-default elementor-section-height-default\" data-id=\"d2890ee\" data-element_type=\"section\" data-e-type=\"section\">\n\t\t\t\t\t\t<div class=\"elementor-container elementor-column-gap-default\">\n\t\t\t\t\t<div class=\"elementor-column elementor-col-100 elementor-top-column elementor-element elementor-element-cf6db0f\" data-id=\"cf6db0f\" data-element_type=\"column\" data-e-type=\"column\">\n\t\t\t<div class=\"elementor-widget-wrap elementor-element-populated\">\n\t\t\t\t\t\t<div class=\"elementor-element elementor-element-f35e905 color-scheme-inherit text-left elementor-widget elementor-widget-text-editor\" data-id=\"f35e905\" data-element_type=\"widget\" data-e-type=\"widget\" data-widget_type=\"text-editor.default\">\n\t\t\t\t<div class=\"elementor-widget-container\">\n\t\t\t\t\t\t\t\t\t<ol>\n<li><b>Choisissez votre destination<\/b><\/li><li><b>S\u00e9lectionnez le type de cours<\/b>, la dur\u00e9e, la date de d\u00e9but et &#8211; si vous le souhaitez par l&rsquo;interm\u00e9diaire de l&rsquo;\u00e9cole &#8211; votre type d&rsquo;h\u00e9bergement.<\/li>\n<li><b>A la fin, cliquez sur \u00ab\u00a0Envoyer le devis\u00a0\u00bb<\/b> et tapez votre nom et votre num\u00e9ro de t\u00e9l\u00e9phone.&nbsp;<span style=\"font-family: Poppins, sans-serif; font-size: 15px; font-style: normal; font-variant-ligatures: normal; font-variant-caps: normal; font-weight: 400;\">votre adresse \u00e9lectronique. Vous pouvez laisser le champ \u00ab\u00a0Message\u00a0\u00bb vide. <\/span><\/li>\n<li><b>Nous<\/b> vous contacterons rapidement pour confirmer la disponibilit\u00e9 et vous pourrez proc\u00e9der \u00e0 la r\u00e9servation si vous le souhaitez.<\/li>\n<li>Si vous avez <b>des questions ou des doutes<\/b>, veuillez nous contacter par courrier \u00e9lectronique \u00e0 maxxinstitutes.com ou par le biais du <strong><a href=\"http:\/\/maxxinstitutes.com\/contact\/\">formulaire de contact<\/a><\/strong>.<\/li>\n<\/ol>\t\t\t\t\t\t\t\t<\/div>\n\t\t\t\t<\/div>\n\t\t\t\t\t<\/div>\n\t\t<\/div>\n\t\t\t\t\t<\/div>\n\t\t<\/section>\n\t\t\t\t<section class=\"elementor-section elementor-top-section elementor-element elementor-element-47e2795 elementor-section-boxed elementor-section-height-default elementor-section-height-default\" data-id=\"47e2795\" data-element_type=\"section\" data-e-type=\"section\">\n\t\t\t\t\t\t<div class=\"elementor-container elementor-column-gap-default\">\n\t\t\t\t\t<div class=\"elementor-column elementor-col-100 elementor-top-column elementor-element elementor-element-1df6eaa\" data-id=\"1df6eaa\" data-element_type=\"column\" data-e-type=\"column\">\n\t\t\t<div class=\"elementor-widget-wrap elementor-element-populated\">\n\t\t\t\t\t\t<div class=\"elementor-element elementor-element-ecebb96 elementor-widget elementor-widget-shortcode\" data-id=\"ecebb96\" data-element_type=\"widget\" data-e-type=\"widget\" data-widget_type=\"shortcode.default\">\n\t\t\t\t<div class=\"elementor-widget-container\">\n\t\t\t\t\t<script type=\"text\/javascript\">window[\"ccb_front_template_18276\"] = [];<\/script>\t\t<div class=\"elementor-shortcode\">\n<div class=\"ccb-main-widget \" id=\"ccb_app_18276\" data-calc-id=\"18276\"><\/div>\n<\/div>\n\t\t\t\t\t\t<\/div>\n\t\t\t\t<\/div>\n\t\t\t\t\t<\/div>\n\t\t<\/div>\n\t\t\t\t\t<\/div>\n\t\t<\/section>\n\t\t\t\t<section class=\"elementor-section elementor-top-section elementor-element elementor-element-5fce845 elementor-section-boxed elementor-section-height-default elementor-section-height-default\" data-id=\"5fce845\" data-element_type=\"section\" data-e-type=\"section\">\n\t\t\t\t\t\t<div class=\"elementor-container elementor-column-gap-default\">\n\t\t\t\t\t<div class=\"elementor-column elementor-col-100 elementor-top-column elementor-element elementor-element-1b82ff5\" data-id=\"1b82ff5\" data-element_type=\"column\" data-e-type=\"column\">\n\t\t\t<div class=\"elementor-widget-wrap elementor-element-populated\">\n\t\t\t\t\t\t<div class=\"elementor-element elementor-element-8903019 elementor-widget elementor-widget-heading\" data-id=\"8903019\" data-element_type=\"widget\" data-e-type=\"widget\" data-widget_type=\"heading.default\">\n\t\t\t\t<div class=\"elementor-widget-container\">\n\t\t\t\t\t<h2 class=\"elementor-heading-title elementor-size-default\">Quels sont les diff\u00e9rents frais ?\n\n<\/h2>\t\t\t\t<\/div>\n\t\t\t\t<\/div>\n\t\t\t\t<div class=\"elementor-element elementor-element-e0a6a69 color-scheme-inherit text-left elementor-widget elementor-widget-text-editor\" data-id=\"e0a6a69\" data-element_type=\"widget\" data-e-type=\"widget\" data-widget_type=\"text-editor.default\">\n\t\t\t\t<div class=\"elementor-widget-container\">\n\t\t\t\t\t\t\t\t\t<ol>\n<li>\n<p data-start=\"58\" data-end=\"140\">Les <strong data-start=\"62\" data-end=\"79\">frais d&rsquo;inscription<\/strong> sont un paiement unique pour votre inscription \u00e0 l&rsquo;\u00e9cole.<\/p>\n<\/li>\n<li>\n<p data-start=\"142\" data-end=\"195\">Les <strong data-start=\"146\" data-end=\"160\">frais d&rsquo;inscription<\/strong> couvrent le co\u00fbt de vos cours.<\/p>\n<\/li>\n<li>\n<p data-start=\"197\" data-end=\"353\">Le co\u00fbt total comprend \u00e9galement un <strong data-start=\"228\" data-end=\"243\">livre de cours<\/strong>, qui est attribu\u00e9 en fonction de votre niveau. Une fois que vous avez termin\u00e9 un niveau, vous devez acheter le livre suivant. <\/p>\n<\/li>\n<li>\n<p data-start=\"197\" data-end=\"353\"><span style=\"font-size: 15px; background-color: var(--wd-main-bgcolor);\">Les frais de placement <\/span><strong style=\"font-size: 15px; background-color: var(--wd-main-bgcolor);\" data-start=\"359\" data-end=\"390\">frais de placement dans un logement<\/strong><span style=\"font-size: 15px; background-color: var(--wd-main-bgcolor);\">  couvre les frais administratifs li\u00e9s \u00e0 l&rsquo;organisation et \u00e0 l&rsquo;obtention de votre logement. Les frais   <\/span><strong style=\"font-size: 15px; background-color: var(--wd-main-bgcolor);\" data-start=\"473\" data-end=\"501\">frais d&rsquo;h\u00e9bergement hebdomadaires<\/strong><span style=\"font-size: 15px; background-color: var(--wd-main-bgcolor);\"> couvre le co\u00fbt du logement lui-m\u00eame, ainsi que les frais de nettoyage et d&rsquo;entretien.<\/span><\/p>\n<\/li>\n<\/ol>\n\t\t\t\t\t\t\t\t<\/div>\n\t\t\t\t<\/div>\n\t\t\t\t\t<\/div>\n\t\t<\/div>\n\t\t\t\t\t<\/div>\n\t\t<\/section>\n\t\t\t\t<\/div>\n\t\t","protected":false},"excerpt":{"rendered":"<p>Calculez le prix de votre cours d&rsquo;espagnol Choisissez votre destination S\u00e9lectionnez le type de cours, la dur\u00e9e, la date de<\/p>\n","protected":false},"author":5,"featured_media":0,"parent":0,"menu_order":0,"comment_status":"closed","ping_status":"closed","template":"","meta":{"two_page_speed":[],"footnotes":""},"class_list":["post-15806","page","type-page","status-publish","hentry"],"_links":{"self":[{"href":"https:\/\/maxxinstitutes.com\/fr\/wp-json\/wp\/v2\/pages\/15806","targetHints":{"allow":["GET"]}}],"collection":[{"href":"https:\/\/maxxinstitutes.com\/fr\/wp-json\/wp\/v2\/pages"}],"about":[{"href":"https:\/\/maxxinstitutes.com\/fr\/wp-json\/wp\/v2\/types\/page"}],"author":[{"embeddable":true,"href":"https:\/\/maxxinstitutes.com\/fr\/wp-json\/wp\/v2\/users\/5"}],"replies":[{"embeddable":true,"href":"https:\/\/maxxinstitutes.com\/fr\/wp-json\/wp\/v2\/comments?post=15806"}],"version-history":[{"count":8,"href":"https:\/\/maxxinstitutes.com\/fr\/wp-json\/wp\/v2\/pages\/15806\/revisions"}],"predecessor-version":[{"id":21936,"href":"https:\/\/maxxinstitutes.com\/fr\/wp-json\/wp\/v2\/pages\/15806\/revisions\/21936"}],"wp:attachment":[{"href":"https:\/\/maxxinstitutes.com\/fr\/wp-json\/wp\/v2\/media?parent=15806"}],"curies":[{"name":"wp","href":"https:\/\/api.w.org\/{rel}","templated":true}]}}