{"id":14730,"date":"2024-09-06T21:05:28","date_gmt":"2024-09-06T21:05:28","guid":{"rendered":"http:\/\/maxxinstitutes.com\/test-de-niveau\/"},"modified":"2025-09-24T17:24:58","modified_gmt":"2025-09-24T17:24:58","slug":"test-de-niveau","status":"publish","type":"page","link":"https:\/\/maxxinstitutes.com\/fr\/test-de-niveau\/","title":{"rendered":"Test de niveau"},"content":{"rendered":"\t\t<div data-elementor-type=\"wp-page\" data-elementor-id=\"14730\" class=\"elementor elementor-14730 elementor-50\" data-elementor-post-type=\"page\">\n\t\t\t\t\t\t<section class=\"elementor-section elementor-top-section elementor-element elementor-element-3fd9618 elementor-section-boxed elementor-section-height-default elementor-section-height-default\" data-id=\"3fd9618\" data-element_type=\"section\" data-e-type=\"section\">\n\t\t\t\t\t\t<div class=\"elementor-container elementor-column-gap-default\">\n\t\t\t\t\t<div class=\"elementor-column elementor-col-100 elementor-top-column elementor-element elementor-element-f71ecf4\" data-id=\"f71ecf4\" data-element_type=\"column\" data-e-type=\"column\">\n\t\t\t<div class=\"elementor-widget-wrap elementor-element-populated\">\n\t\t\t\t\t\t<div class=\"elementor-element elementor-element-346d17f elementor-widget elementor-widget-heading\" data-id=\"346d17f\" data-element_type=\"widget\" data-e-type=\"widget\" data-widget_type=\"heading.default\">\n\t\t\t\t<div class=\"elementor-widget-container\">\n\t\t\t\t\t<h2 class=\"elementor-heading-title elementor-size-default\">TEST DE NIVEAU D'ESPAGNOL<\/h2>\t\t\t\t<\/div>\n\t\t\t\t<\/div>\n\t\t\t\t<div class=\"elementor-element elementor-element-cb6482e elementor-widget elementor-widget-wd_text_block\" data-id=\"cb6482e\" data-element_type=\"widget\" data-e-type=\"widget\" data-widget_type=\"wd_text_block.default\">\n\t\t\t\t<div class=\"elementor-widget-container\">\n\t\t\t\t\t\t\t<div class=\"wd-text-block reset-last-child text-center color-title\">\n\t\t\t\n\t\t\t<p><strong>\u00a1Hola ! \u00bfC\u00f3mo est\u00e1s ? <\/strong><\/p><p>C'est l'acc\u00e8s \u00e0 votre test de niveau d'espagnol. Veuillez cliquer sur \"Lo Quiero\" pour commencer.<\/p><p>Vous verrez imm\u00e9diatement si votre r\u00e9ponse est bonne ou mauvaise car elle sera marqu\u00e9e en vert (bonne) ou en rouge (mauvaise).<\/p><p>Lorsque vous aurez termin\u00e9, vous aurez la possibilit\u00e9 de recevoir un rapport complet sur votre niveau d'espagnol. N'oubliez pas de nous laisser vos coordonn\u00e9es pour le recevoir directement dans votre bo\u00eete de r\u00e9ception. C'est gratuit !  <\/p><p><strong>Veuillez cliquer maintenant sur \"Lo Quiero\" pour d\u00e9marrer le test.<\/strong><\/p>\n\t\t\t\t\t<\/div>\n\t\t\t\t\t\t<\/div>\n\t\t\t\t<\/div>\n\t\t\t\t<div class=\"elementor-element elementor-element-c0a9e80 elementor-widget elementor-widget-shortcode\" data-id=\"c0a9e80\" data-element_type=\"widget\" data-e-type=\"widget\" data-widget_type=\"shortcode.default\">\n\t\t\t\t<div class=\"elementor-widget-container\">\n\t\t\t\t\t\t\t<div class=\"elementor-shortcode\"><div class=\"tve_flt\" id=\"tve_editor\">\n\t\t\t<div class=\"tqb-shortcode-wrapper\" id=\"tqb-shortcode-wrapper-12956-tqb-69f1912a75d35\"  style=\"--tqb-placeholder-height-m:926.428px;--tqb-placeholder-height-t:988.082px;--tqb-placeholder-height-d:988.082px;\" data-quiz-id=\"12956\" data-unique=\"tqb-69f1912a75d35\" >\n\t\t\t\t<div class=\"tqb-loading-overlay tqb-template-overlay-style-5\">\n\t\t\t\t\t<div class=\"tqb-loading-bullets\"><\/div>\n\t\t\t\t<\/div>\n\t\t\t\t<div class=\"tqb-frontend-error-message\"><\/div>\n\t\t\t\t<div class=\"tqb-shortcode-old-content\"><\/div>\n\t\t\t\t<div class=\"tqb-shortcode-new-content tqb-template-style-5\"><\/div>\n\t\t\t<\/div><\/div><\/div>\n\t\t\t\t\t\t<\/div>\n\t\t\t\t<\/div>\n\t\t\t\t<div class=\"elementor-element elementor-element-335bdc4 elementor-widget elementor-widget-wd_image_or_svg\" data-id=\"335bdc4\" data-element_type=\"widget\" data-e-type=\"widget\" data-widget_type=\"wd_image_or_svg.default\">\n\t\t\t\t<div class=\"elementor-widget-container\">\n\t\t\t\t\t\n\t\t<div class=\"wd-image text-left\">\n\t\t\t\t\t\t\t\t<img decoding=\"async\" width=\"150\" height=\"150\" src=\"https:\/\/maxxinstitutes.com\/wp-content\/uploads\/2025\/02\/Instituto-de-idiomas-Ibiza-main-mobile-150x150.png\" class=\"attachment-thumbnail size-thumbnail\" alt=\"\" srcset=\"https:\/\/maxxinstitutes.com\/wp-content\/uploads\/2025\/02\/Instituto-de-idiomas-Ibiza-main-mobile-150x150.png 150w, https:\/\/maxxinstitutes.com\/wp-content\/uploads\/2025\/02\/Instituto-de-idiomas-Ibiza-main-mobile-300x300.png 300w\" sizes=\"(max-width: 150px) 100vw, 150px\" title=\"\">\t\t\t\t\t<\/div>\n\n\t\t\t\t\t\t<\/div>\n\t\t\t\t<\/div>\n\t\t\t\t\t<\/div>\n\t\t<\/div>\n\t\t\t\t\t<\/div>\n\t\t<\/section>\n\t\t\t\t<\/div>\n\t\t","protected":false},"excerpt":{"rendered":"<p>TEST DE NIVEAU D&rsquo;ESPAGNOL \u00a1Hola ! \u00bfC\u00f3mo est\u00e1s ? C&rsquo;est l&rsquo;acc\u00e8s \u00e0 votre test de niveau d&rsquo;espagnol. Veuillez cliquer sur<\/p>\n","protected":false},"author":5,"featured_media":0,"parent":0,"menu_order":0,"comment_status":"closed","ping_status":"closed","template":"","meta":{"two_page_speed":[],"footnotes":""},"class_list":["post-14730","page","type-page","status-publish","hentry"],"_links":{"self":[{"href":"https:\/\/maxxinstitutes.com\/fr\/wp-json\/wp\/v2\/pages\/14730","targetHints":{"allow":["GET"]}}],"collection":[{"href":"https:\/\/maxxinstitutes.com\/fr\/wp-json\/wp\/v2\/pages"}],"about":[{"href":"https:\/\/maxxinstitutes.com\/fr\/wp-json\/wp\/v2\/types\/page"}],"author":[{"embeddable":true,"href":"https:\/\/maxxinstitutes.com\/fr\/wp-json\/wp\/v2\/users\/5"}],"replies":[{"embeddable":true,"href":"https:\/\/maxxinstitutes.com\/fr\/wp-json\/wp\/v2\/comments?post=14730"}],"version-history":[{"count":5,"href":"https:\/\/maxxinstitutes.com\/fr\/wp-json\/wp\/v2\/pages\/14730\/revisions"}],"predecessor-version":[{"id":25959,"href":"https:\/\/maxxinstitutes.com\/fr\/wp-json\/wp\/v2\/pages\/14730\/revisions\/25959"}],"wp:attachment":[{"href":"https:\/\/maxxinstitutes.com\/fr\/wp-json\/wp\/v2\/media?parent=14730"}],"curies":[{"name":"wp","href":"https:\/\/api.w.org\/{rel}","templated":true}]}}