{"id":14695,"date":"2024-09-06T21:15:17","date_gmt":"2024-09-06T21:15:17","guid":{"rendered":"http:\/\/maxxinstitutes.com\/reservation\/"},"modified":"2025-03-05T05:37:07","modified_gmt":"2025-03-05T05:37:07","slug":"reservation","status":"publish","type":"page","link":"https:\/\/maxxinstitutes.com\/fr\/reservation\/","title":{"rendered":"R\u00e9servation"},"content":{"rendered":"\t\t<div data-elementor-type=\"wp-page\" data-elementor-id=\"14695\" class=\"elementor elementor-14695 elementor-75\" data-elementor-post-type=\"page\">\n\t\t\t\t\t\t<section class=\"elementor-section elementor-top-section elementor-element elementor-element-5577a89 elementor-section-boxed elementor-section-height-default elementor-section-height-default\" data-id=\"5577a89\" data-element_type=\"section\" data-e-type=\"section\">\n\t\t\t\t\t\t<div class=\"elementor-container elementor-column-gap-default\">\n\t\t\t\t\t<div class=\"elementor-column elementor-col-100 elementor-top-column elementor-element elementor-element-2c7a731\" data-id=\"2c7a731\" data-element_type=\"column\" data-e-type=\"column\">\n\t\t\t<div class=\"elementor-widget-wrap elementor-element-populated\">\n\t\t\t\t\t\t<div class=\"elementor-element elementor-element-90de5fd elementor-widget elementor-widget-heading\" data-id=\"90de5fd\" data-element_type=\"widget\" data-e-type=\"widget\" data-widget_type=\"heading.default\">\n\t\t\t\t<div class=\"elementor-widget-container\">\n\t\t\t\t\t<h2 class=\"elementor-heading-title elementor-size-default\">Comment r\u00e9server un cours d'espagnol<br> \u00e0 l'Institut Maxx ?<\/h2>\t\t\t\t<\/div>\n\t\t\t\t<\/div>\n\t\t\t\t\t<\/div>\n\t\t<\/div>\n\t\t\t\t\t<\/div>\n\t\t<\/section>\n\t\t\t\t<section class=\"elementor-section elementor-top-section elementor-element elementor-element-3e1fe05 elementor-section-boxed elementor-section-height-default elementor-section-height-default\" data-id=\"3e1fe05\" data-element_type=\"section\" data-e-type=\"section\">\n\t\t\t\t\t\t<div class=\"elementor-container elementor-column-gap-default\">\n\t\t\t\t\t<div class=\"elementor-column elementor-col-33 elementor-top-column elementor-element elementor-element-7591a19\" data-id=\"7591a19\" data-element_type=\"column\" data-e-type=\"column\">\n\t\t\t<div class=\"elementor-widget-wrap elementor-element-populated\">\n\t\t\t\t\t\t<div class=\"elementor-element elementor-element-3c0586d elementor-widget elementor-widget-heading\" data-id=\"3c0586d\" data-element_type=\"widget\" data-e-type=\"widget\" data-widget_type=\"heading.default\">\n\t\t\t\t<div class=\"elementor-widget-container\">\n\t\t\t\t\t<h2 class=\"elementor-heading-title elementor-size-default\">01.<\/h2>\t\t\t\t<\/div>\n\t\t\t\t<\/div>\n\t\t\t\t<div class=\"elementor-element elementor-element-017ed35 elementor-widget elementor-widget-heading\" data-id=\"017ed35\" data-element_type=\"widget\" data-e-type=\"widget\" data-widget_type=\"heading.default\">\n\t\t\t\t<div class=\"elementor-widget-container\">\n\t\t\t\t\t<h2 class=\"elementor-heading-title elementor-size-default\">Choisissez votre cours d'espagnol\n<\/h2>\t\t\t\t<\/div>\n\t\t\t\t<\/div>\n\t\t\t\t<div class=\"elementor-element elementor-element-8514419 color-scheme-inherit text-left elementor-widget elementor-widget-text-editor\" data-id=\"8514419\" data-element_type=\"widget\" data-e-type=\"widget\" data-widget_type=\"text-editor.default\">\n\t\t\t\t<div class=\"elementor-widget-container\">\n\t\t\t\t\t\t\t\t\t<p>Parcourez nos cours d&rsquo;espagnol et choisissez celui qui vous convient. S\u00e9lectionnez le nombre de semaines sous \u00ab\u00a0Semaines\u00a0\u00bb et cliquez sur \u00ab\u00a0R\u00e9server\u00a0\u00bb pour acc\u00e9der au formulaire d&rsquo;inscription et effectuer votre paiement par carte de cr\u00e9dit\/d\u00e9bit ou virement bancaire. Vous recevrez une confirmation de r\u00e9servation dans les 24 heures (ou le jour ouvrable suivant).  <\/p>\n\t\t\t\t\t\t\t\t<\/div>\n\t\t\t\t<\/div>\n\t\t\t\t\t<\/div>\n\t\t<\/div>\n\t\t\t\t<div class=\"elementor-column elementor-col-33 elementor-top-column elementor-element elementor-element-873b6cc\" data-id=\"873b6cc\" data-element_type=\"column\" data-e-type=\"column\">\n\t\t\t<div class=\"elementor-widget-wrap elementor-element-populated\">\n\t\t\t\t\t\t<div class=\"elementor-element elementor-element-6250b89 elementor-widget elementor-widget-heading\" data-id=\"6250b89\" data-element_type=\"widget\" data-e-type=\"widget\" data-widget_type=\"heading.default\">\n\t\t\t\t<div class=\"elementor-widget-container\">\n\t\t\t\t\t<h2 class=\"elementor-heading-title elementor-size-default\">02.<\/h2>\t\t\t\t<\/div>\n\t\t\t\t<\/div>\n\t\t\t\t<div class=\"elementor-element elementor-element-b8a084b elementor-widget elementor-widget-heading\" data-id=\"b8a084b\" data-element_type=\"widget\" data-e-type=\"widget\" data-widget_type=\"heading.default\">\n\t\t\t\t<div class=\"elementor-widget-container\">\n\t\t\t\t\t<h2 class=\"elementor-heading-title elementor-size-default\">Recevez votre confirmation<\/h2>\t\t\t\t<\/div>\n\t\t\t\t<\/div>\n\t\t\t\t<div class=\"elementor-element elementor-element-3ee59fc color-scheme-inherit text-left elementor-widget elementor-widget-text-editor\" data-id=\"3ee59fc\" data-element_type=\"widget\" data-e-type=\"widget\" data-widget_type=\"text-editor.default\">\n\t\t\t\t<div class=\"elementor-widget-container\">\n\t\t\t\t\t\t\t\t\t<p>Une fois que nous aurons re\u00e7u votre paiement, nous vous enverrons la confirmation officielle avec votre facture. S&rsquo;il reste quelque chose \u00e0 payer, comme l&rsquo;h\u00e9bergement ou les frais de mat\u00e9riel de 15 \u20ac par semaine pour le(s) livre(s) et le mat\u00e9riel, la facture indiquera \u00e9galement le solde \u00e0 payer. Vous pouvez le payer le premier jour d&rsquo;\u00e9cole \u00e0 la r\u00e9ception.  <\/p>\n\t\t\t\t\t\t\t\t<\/div>\n\t\t\t\t<\/div>\n\t\t\t\t\t<\/div>\n\t\t<\/div>\n\t\t\t\t<div class=\"elementor-column elementor-col-33 elementor-top-column elementor-element elementor-element-1c59d08\" data-id=\"1c59d08\" data-element_type=\"column\" data-e-type=\"column\">\n\t\t\t<div class=\"elementor-widget-wrap elementor-element-populated\">\n\t\t\t\t\t\t<div class=\"elementor-element elementor-element-2db7f46 elementor-widget elementor-widget-image\" data-id=\"2db7f46\" data-element_type=\"widget\" data-e-type=\"widget\" data-widget_type=\"image.default\">\n\t\t\t\t<div class=\"elementor-widget-container\">\n\t\t\t\t\t\t\t\t\t\t\t\t\t\t\t<img fetchpriority=\"high\" decoding=\"async\" width=\"432\" height=\"358\" src=\"https:\/\/maxxinstitutes.com\/wp-content\/uploads\/2024\/09\/Online_Intensivkurse.jpg\" class=\"attachment-full size-full wp-image-13779\" alt=\"\" srcset=\"https:\/\/maxxinstitutes.com\/wp-content\/uploads\/2024\/09\/Online_Intensivkurse.jpg 432w, https:\/\/maxxinstitutes.com\/wp-content\/uploads\/2024\/09\/Online_Intensivkurse-300x249.jpg 300w, https:\/\/maxxinstitutes.com\/wp-content\/uploads\/2024\/09\/Online_Intensivkurse-150x124.jpg 150w\" sizes=\"(max-width: 432px) 100vw, 432px\" title=\"\">\t\t\t\t\t\t\t\t\t\t\t\t\t\t\t<\/div>\n\t\t\t\t<\/div>\n\t\t\t\t\t<\/div>\n\t\t<\/div>\n\t\t\t\t\t<\/div>\n\t\t<\/section>\n\t\t<div class=\"elementor-element elementor-element-d3674aa e-flex e-con-boxed e-con e-parent\" data-id=\"d3674aa\" data-element_type=\"container\" data-e-type=\"container\">\n\t\t\t\t\t<div class=\"e-con-inner\">\n\t\t<div class=\"elementor-element elementor-element-648622e e-con-full e-flex e-con e-child\" data-id=\"648622e\" data-element_type=\"container\" data-e-type=\"container\">\n\t\t<div class=\"elementor-element elementor-element-88138ee e-con-full e-flex e-con e-child\" data-id=\"88138ee\" data-element_type=\"container\" data-e-type=\"container\">\n\t\t\t\t<div class=\"elementor-element elementor-element-dc6152a elementor-align-center elementor-mobile-align-center elementor-widget elementor-widget-button\" data-id=\"dc6152a\" data-element_type=\"widget\" data-e-type=\"widget\" data-widget_type=\"button.default\">\n\t\t\t\t<div class=\"elementor-widget-container\">\n\t\t\t\t\t\t\t\t\t<div class=\"elementor-button-wrapper\">\n\t\t\t\t\t<a class=\"elementor-button elementor-button-link elementor-size-sm\" href=\"https:\/\/maxxinstitutes.com\/fr\/formulaire-de-reservation-de-cours-maxx\/\" target=\"_blank\">\n\t\t\t\t\t\t<span class=\"elementor-button-content-wrapper\">\n\t\t\t\t\t\t<span class=\"elementor-button-icon\">\n\t\t\t\t<svg aria-hidden=\"true\" class=\"e-font-icon-svg e-fas-long-arrow-alt-right\" viewBox=\"0 0 448 512\" xmlns=\"http:\/\/www.w3.org\/2000\/svg\"><path d=\"M313.941 216H12c-6.627 0-12 5.373-12 12v56c0 6.627 5.373 12 12 12h301.941v46.059c0 21.382 25.851 32.09 40.971 16.971l86.059-86.059c9.373-9.373 9.373-24.569 0-33.941l-86.059-86.059c-15.119-15.119-40.971-4.411-40.971 16.971V216z\"><\/path><\/svg>\t\t\t<\/span>\n\t\t\t\t\t\t\t\t\t<span class=\"elementor-button-text\">Acc\u00e9dez au formulaire de r\u00e9servation ici<\/span>\n\t\t\t\t\t<\/span>\n\t\t\t\t\t<\/a>\n\t\t\t\t<\/div>\n\t\t\t\t\t\t\t\t<\/div>\n\t\t\t\t<\/div>\n\t\t\t\t<\/div>\n\t\t\t\t<\/div>\n\t\t\t\t\t<\/div>\n\t\t\t\t<\/div>\n\t\t\t\t<section class=\"elementor-section elementor-top-section elementor-element elementor-element-a180504 elementor-section-boxed elementor-section-height-default elementor-section-height-default\" data-id=\"a180504\" data-element_type=\"section\" data-e-type=\"section\">\n\t\t\t\t\t\t<div class=\"elementor-container elementor-column-gap-default\">\n\t\t\t\t\t<div class=\"elementor-column elementor-col-33 elementor-top-column elementor-element elementor-element-c66d07e\" data-id=\"c66d07e\" data-element_type=\"column\" data-e-type=\"column\">\n\t\t\t<div class=\"elementor-widget-wrap elementor-element-populated\">\n\t\t\t\t\t\t<div class=\"elementor-element elementor-element-fb9487f elementor-widget elementor-widget-image\" data-id=\"fb9487f\" data-element_type=\"widget\" data-e-type=\"widget\" data-widget_type=\"image.default\">\n\t\t\t\t<div class=\"elementor-widget-container\">\n\t\t\t\t\t\t\t\t\t\t\t\t\t\t\t<img decoding=\"async\" width=\"1200\" height=\"1200\" src=\"https:\/\/maxxinstitutes.com\/wp-content\/uploads\/2024\/09\/Teacher-Training_2.jpg\" class=\"attachment-full size-full wp-image-13659\" alt=\"\" srcset=\"https:\/\/maxxinstitutes.com\/wp-content\/uploads\/2024\/09\/Teacher-Training_2.jpg 1200w, https:\/\/maxxinstitutes.com\/wp-content\/uploads\/2024\/09\/Teacher-Training_2-300x300.jpg 300w, https:\/\/maxxinstitutes.com\/wp-content\/uploads\/2024\/09\/Teacher-Training_2-1024x1024.jpg 1024w, https:\/\/maxxinstitutes.com\/wp-content\/uploads\/2024\/09\/Teacher-Training_2-150x150.jpg 150w, https:\/\/maxxinstitutes.com\/wp-content\/uploads\/2024\/09\/Teacher-Training_2-768x768.jpg 768w, https:\/\/maxxinstitutes.com\/wp-content\/uploads\/2024\/09\/Teacher-Training_2-600x600.jpg 600w\" sizes=\"(max-width: 1200px) 100vw, 1200px\" title=\"\">\t\t\t\t\t\t\t\t\t\t\t\t\t\t\t<\/div>\n\t\t\t\t<\/div>\n\t\t\t\t\t<\/div>\n\t\t<\/div>\n\t\t\t\t<div class=\"elementor-column elementor-col-33 elementor-top-column elementor-element elementor-element-d7d959a\" data-id=\"d7d959a\" data-element_type=\"column\" data-e-type=\"column\">\n\t\t\t<div class=\"elementor-widget-wrap elementor-element-populated\">\n\t\t\t\t\t\t<div class=\"elementor-element elementor-element-6618b82 elementor-widget elementor-widget-heading\" data-id=\"6618b82\" data-element_type=\"widget\" data-e-type=\"widget\" data-widget_type=\"heading.default\">\n\t\t\t\t<div class=\"elementor-widget-container\">\n\t\t\t\t\t<h2 class=\"elementor-heading-title elementor-size-default\">03.<\/h2>\t\t\t\t<\/div>\n\t\t\t\t<\/div>\n\t\t\t\t<div class=\"elementor-element elementor-element-0a282d7 elementor-widget elementor-widget-heading\" data-id=\"0a282d7\" data-element_type=\"widget\" data-e-type=\"widget\" data-widget_type=\"heading.default\">\n\t\t\t\t<div class=\"elementor-widget-container\">\n\t\t\t\t\t<h2 class=\"elementor-heading-title elementor-size-default\">Passez le test de niveau<\/h2>\t\t\t\t<\/div>\n\t\t\t\t<\/div>\n\t\t\t\t<div class=\"elementor-element elementor-element-c4a8ab5 color-scheme-inherit text-left elementor-widget elementor-widget-text-editor\" data-id=\"c4a8ab5\" data-element_type=\"widget\" data-e-type=\"widget\" data-widget_type=\"text-editor.default\">\n\t\t\t\t<div class=\"elementor-widget-container\">\n\t\t\t\t\t\t\t\t\t<p>A l&rsquo;Instituto de Idiomas Ibiza, notre priorit\u00e9 est de vous offrir la meilleure exp\u00e9rience d&rsquo;apprentissage de l&rsquo;espagnol. Pour vous assurer d&rsquo;\u00eatre plac\u00e9 dans le groupe le plus adapt\u00e9 \u00e0 votre niveau, nous vous demandons de bien vouloir passer notre <span style=\"text-decoration: underline;\"><em><strong><a href=\"http:\/\/maxxinstitutes.com\/level-test\/\" target=\"_blank\" rel=\"noopener\">test de niveau en ligne<\/a><\/strong><\/em><\/span>. Cela nous aidera \u00e0 adapter votre exp\u00e9rience d&rsquo;apprentissage \u00e0 vos comp\u00e9tences actuelles et \u00e0 nous assurer que vous \u00eates dans la bonne classe pour tirer le meilleur parti de votre cours d&rsquo;espagnol. Veuillez cliquer sur le lien pour commencer le test et nous aider \u00e0 trouver le groupe id\u00e9al pour vous.   <\/p>\n\t\t\t\t\t\t\t\t<\/div>\n\t\t\t\t<\/div>\n\t\t\t\t\t<\/div>\n\t\t<\/div>\n\t\t\t\t<div class=\"elementor-column elementor-col-33 elementor-top-column elementor-element elementor-element-282e7dc\" data-id=\"282e7dc\" data-element_type=\"column\" data-e-type=\"column\">\n\t\t\t<div class=\"elementor-widget-wrap elementor-element-populated\">\n\t\t\t\t\t\t<div class=\"elementor-element elementor-element-bf3c0ea elementor-widget elementor-widget-heading\" data-id=\"bf3c0ea\" data-element_type=\"widget\" data-e-type=\"widget\" data-widget_type=\"heading.default\">\n\t\t\t\t<div class=\"elementor-widget-container\">\n\t\t\t\t\t<h2 class=\"elementor-heading-title elementor-size-default\">04.<\/h2>\t\t\t\t<\/div>\n\t\t\t\t<\/div>\n\t\t\t\t<div class=\"elementor-element elementor-element-f02b78c elementor-widget elementor-widget-heading\" data-id=\"f02b78c\" data-element_type=\"widget\" data-e-type=\"widget\" data-widget_type=\"heading.default\">\n\t\t\t\t<div class=\"elementor-widget-container\">\n\t\t\t\t\t<h2 class=\"elementor-heading-title elementor-size-default\">Informations sur l'arriv\u00e9e<\/h2>\t\t\t\t<\/div>\n\t\t\t\t<\/div>\n\t\t\t\t<div class=\"elementor-element elementor-element-c07a271 color-scheme-inherit text-left elementor-widget elementor-widget-text-editor\" data-id=\"c07a271\" data-element_type=\"widget\" data-e-type=\"widget\" data-widget_type=\"text-editor.default\">\n\t\t\t\t<div class=\"elementor-widget-container\">\n\t\t\t\t\t\t\t\t\t<p>Si vous n&rsquo;avez r\u00e9serv\u00e9 qu&rsquo;un cours, toutes les informations n\u00e9cessaires vous seront fournies dans l&rsquo;e-mail de confirmation de votre r\u00e9servation. Toutefois, si vous avez \u00e9galement r\u00e9serv\u00e9 et pay\u00e9 un logement, un courriel suppl\u00e9mentaire vous sera envoy\u00e9 au cours de la semaine de votre arriv\u00e9e. Cet e-mail contiendra l&rsquo;adresse exacte de votre logement et des instructions sur la mani\u00e8re de r\u00e9cup\u00e9rer votre cl\u00e9. Si vous ne nous avez pas encore communiqu\u00e9 les d\u00e9tails de votre vol, nous vous les demanderons \u00e0 ce moment-l\u00e0 afin de garantir un enregistrement en douceur.   <\/p>\n\t\t\t\t\t\t\t\t<\/div>\n\t\t\t\t<\/div>\n\t\t\t\t\t<\/div>\n\t\t<\/div>\n\t\t\t\t\t<\/div>\n\t\t<\/section>\n\t\t\t\t<\/div>\n\t\t","protected":false},"excerpt":{"rendered":"<p>Comment r\u00e9server un cours d&rsquo;espagnol \u00e0 l&rsquo;Institut Maxx ? 01. Choisissez votre cours d&rsquo;espagnol Parcourez nos cours d&rsquo;espagnol et choisissez<\/p>\n","protected":false},"author":5,"featured_media":0,"parent":0,"menu_order":0,"comment_status":"closed","ping_status":"closed","template":"","meta":{"two_page_speed":[],"footnotes":""},"class_list":["post-14695","page","type-page","status-publish","hentry"],"_links":{"self":[{"href":"https:\/\/maxxinstitutes.com\/fr\/wp-json\/wp\/v2\/pages\/14695","targetHints":{"allow":["GET"]}}],"collection":[{"href":"https:\/\/maxxinstitutes.com\/fr\/wp-json\/wp\/v2\/pages"}],"about":[{"href":"https:\/\/maxxinstitutes.com\/fr\/wp-json\/wp\/v2\/types\/page"}],"author":[{"embeddable":true,"href":"https:\/\/maxxinstitutes.com\/fr\/wp-json\/wp\/v2\/users\/5"}],"replies":[{"embeddable":true,"href":"https:\/\/maxxinstitutes.com\/fr\/wp-json\/wp\/v2\/comments?post=14695"}],"version-history":[{"count":3,"href":"https:\/\/maxxinstitutes.com\/fr\/wp-json\/wp\/v2\/pages\/14695\/revisions"}],"predecessor-version":[{"id":20627,"href":"https:\/\/maxxinstitutes.com\/fr\/wp-json\/wp\/v2\/pages\/14695\/revisions\/20627"}],"wp:attachment":[{"href":"https:\/\/maxxinstitutes.com\/fr\/wp-json\/wp\/v2\/media?parent=14695"}],"curies":[{"name":"wp","href":"https:\/\/api.w.org\/{rel}","templated":true}]}}