{"id":27010,"date":"2026-01-16T16:55:32","date_gmt":"2026-01-16T16:55:32","guid":{"rendered":"https:\/\/maxxinstitutes.com\/?post_type=product&#038;p=27010"},"modified":"2026-02-06T22:09:56","modified_gmt":"2026-02-06T22:09:56","slug":"programa-laboratorio-de-espanol-y-carreras-para-jovenes-adultos-18-25-copy","status":"publish","type":"product","link":"https:\/\/maxxinstitutes.com\/es\/producto\/programa-laboratorio-de-espanol-y-carreras-para-jovenes-adultos-18-25-copy\/","title":{"rendered":"Programa de espa\u00f1ol para familias"},"content":{"rendered":"<p data-start=\"525\" data-end=\"726\">El <strong data-start=\"529\" data-end=\"555\">Programa de Espa\u00f1ol en Familia<\/strong> de MAXX Institutes permite a padres e hijos <strong data-start=\"606\" data-end=\"644\">aprender espa\u00f1ol juntos en familia<\/strong> mientras disfrutan de unas relajadas vacaciones mediterr\u00e1neas en <strong data-start=\"695\" data-end=\"725\">Palma de Mallorca o Ibiza<\/strong>.<\/p>\n<p data-start=\"728\" data-end=\"1006\">Este <strong data-start=\"742\" data-end=\"763\">programa<\/strong> flexible <strong data-start=\"742\" data-end=\"763\">de tarde<\/strong> est\u00e1 dise\u00f1ado para adaptarse perfectamente a un ritmo familiar: las clases tienen lugar durante las horas m\u00e1s calurosas del d\u00eda en <strong data-start=\"882\" data-end=\"912\">aulas con aire acondicionado<\/strong>, dejando las ma\u00f1anas y las tardes libres para disfrutar juntos de las playas, la naturaleza y la vida en la isla.<\/p>\n<p data-start=\"1008\" data-end=\"1092\">Las familias pueden elegir entre dos formatos, seg\u00fan la edad, el nivel y los objetivos de aprendizaje:<\/p>\n<h4 data-start=\"1094\" data-end=\"1134\"><strong data-start=\"1099\" data-end=\"1134\">Opci\u00f3n A: Clase de Juntos en Familia<\/strong><\/h4>\n<p data-start=\"1135\" data-end=\"1357\">Padres e hijos aprenden juntos en un grupo privado con <strong data-start=\"1197\" data-end=\"1212\">un profesor<\/strong>, utilizando actividades adaptadas a cada edad y nivel. Los adultos se centran en el espa\u00f1ol comunicativo, mientras que los ni\u00f1os aprenden mediante ejercicios divertidos e interactivos.<\/p>\n<ul data-start=\"1359\" data-end=\"1533\">\n<li data-start=\"1359\" data-end=\"1405\">\n<p data-start=\"1361\" data-end=\"1405\">Ideal para familias con ni\u00f1os <strong data-start=\"1399\" data-end=\"1405\">mayores de 4 a\u00f1os<\/strong><\/p>\n<\/li>\n<li data-start=\"1406\" data-end=\"1444\">\n<p data-start=\"1408\" data-end=\"1444\">Padres en niveles principiantes <strong data-start=\"1435\" data-end=\"1444\">A1-A2<\/strong><\/p>\n<\/li>\n<li data-start=\"1445\" data-end=\"1489\">\n<p data-start=\"1447\" data-end=\"1489\"><strong data-start=\"1447\" data-end=\"1466\">1 grupo privado<\/strong> para 2-4 miembros de la familia<\/p>\n<\/li>\n<li data-start=\"1490\" data-end=\"1533\">\n<p data-start=\"1492\" data-end=\"1533\"><strong data-start=\"1492\" data-end=\"1533\">2 clases de 50 minutos por tarde<\/strong><\/p>\n<\/li>\n<\/ul>\n<h4 data-start=\"1535\" data-end=\"1575\"><strong data-start=\"1540\" data-end=\"1575\">Opci\u00f3n B: Clase Paralela Familiar<\/strong><\/h4>\n<p data-start=\"1576\" data-end=\"1756\">Padres e hijos aprenden al mismo tiempo, pero en <strong data-start=\"1628\" data-end=\"1652\">clases individuales separadas<\/strong> con <strong data-start=\"1658\" data-end=\"1674\">dos profesores<\/strong>. Esta opci\u00f3n es perfecta cuando las edades, los niveles o los objetivos de aprendizaje difieren significativamente.<\/p>\n<ul data-start=\"1758\" data-end=\"1904\">\n<li data-start=\"1758\" data-end=\"1816\">\n<p data-start=\"1760\" data-end=\"1816\">Adecuado para familias con niveles o edades muy diferentes<\/p>\n<\/li>\n<li data-start=\"1817\" data-end=\"1860\">\n<p data-start=\"1819\" data-end=\"1860\"><strong data-start=\"1819\" data-end=\"1839\">2 grupos privados<\/strong> (padres e hijos)<\/p>\n<\/li>\n<li data-start=\"1861\" data-end=\"1904\">\n<p data-start=\"1863\" data-end=\"1904\"><strong data-start=\"1863\" data-end=\"1904\">2 clases de 50 minutos por tarde<\/strong><\/p>\n<\/li>\n<\/ul>\n<p data-start=\"1906\" data-end=\"2046\">Ambos formatos ofrecen <strong data-start=\"1925\" data-end=\"1949\">contenidos personalizados<\/strong>, sin estr\u00e9s log\u00edstico y la oportunidad de compartir en familia una experiencia ling\u00fc\u00edstica significativa.<\/p>\n<h3 data-start=\"2053\" data-end=\"2091\">Aprendizaje y vida en la isla combinados<\/h3>\n<p data-start=\"2093\" data-end=\"2248\">Ya sea en Mallorca o en Ibiza, el Programa de Espa\u00f1ol en Familia te permite combinar el aprendizaje de idiomas con experiencias familiares inolvidables. Ambas islas ofrecen: <\/p>\n<ul data-start=\"2249\" data-end=\"2445\">\n<li data-start=\"2249\" data-end=\"2282\">\n<p data-start=\"2251\" data-end=\"2282\">playas seguras y familiares<\/p>\n<\/li>\n<li data-start=\"2283\" data-end=\"2325\">\n<p data-start=\"2285\" data-end=\"2325\">lugares de inter\u00e9s cultural y ciudades hist\u00f3ricas<\/p>\n<\/li>\n<li data-start=\"2326\" data-end=\"2364\">\n<p data-start=\"2328\" data-end=\"2364\">parajes naturales y excursiones suaves<\/p>\n<\/li>\n<li data-start=\"2365\" data-end=\"2445\">\n<p data-start=\"2367\" data-end=\"2445\">actividades antes o despu\u00e9s de clase, perfectamente sincronizadas con el horario lectivo<\/p>\n<\/li>\n<\/ul>\n<p data-start=\"2447\" data-end=\"2555\">Se pueden recomendar servicios opcionales de guarder\u00eda o ni\u00f1era para los padres que deseen algo de tiempo para s\u00ed mismos.<\/p>\n<h2 data-start=\"2601\" data-end=\"2641\">Opciones de alojamiento para familias<\/h2>\n<p data-start=\"2643\" data-end=\"2833\">Encontrar el lugar adecuado para alojarse es una parte importante de una experiencia ling\u00fc\u00edstica familiar satisfactoria. Ofrecemos <strong data-start=\"2749\" data-end=\"2773\">apoyo personalizado<\/strong> para ayudarte a elegir la mejor opci\u00f3n para las necesidades de tu familia. <\/p>\n<h3 data-start=\"2835\" data-end=\"2893\">Familia de acogida espa\u00f1ola <em data-start=\"2862\" data-end=\"2891\">(disponibilidad muy limitada)<\/em><\/h3>\n<p data-start=\"2894\" data-end=\"2948\">Para familias que buscan una experiencia cultural aut\u00e9ntica:<\/p>\n<ul data-start=\"2949\" data-end=\"3161\">\n<li data-start=\"2949\" data-end=\"2993\">\n<p data-start=\"2951\" data-end=\"2993\">Familias de acogida espa\u00f1olas cuidadosamente seleccionadas<\/p>\n<\/li>\n<li data-start=\"2994\" data-end=\"3069\">\n<p data-start=\"2996\" data-end=\"3069\">Ideal para <strong data-start=\"3006\" data-end=\"3028\">1-2 miembros de la familia<\/strong> (a veces 3, seg\u00fan disponibilidad)<\/p>\n<\/li>\n<li data-start=\"3070\" data-end=\"3134\">\n<p data-start=\"3072\" data-end=\"3134\">Gran oportunidad para practicar el espa\u00f1ol en situaciones cotidianas<\/p>\n<\/li>\n<li data-start=\"3135\" data-end=\"3161\">\n<p data-start=\"3137\" data-end=\"3161\">Ambiente c\u00e1lido y local<\/p>\n<\/li>\n<\/ul>\n<h3 data-start=\"3163\" data-end=\"3193\">Hoteles y habitaciones familiares<\/h3>\n<p data-start=\"3194\" data-end=\"3238\">Para familias que prefieren la comodidad y la intimidad:<\/p>\n<ul data-start=\"3239\" data-end=\"3402\">\n<li data-start=\"3239\" data-end=\"3290\">\n<p data-start=\"3241\" data-end=\"3290\">Hoteles y apartahoteles seleccionados para familias<\/p>\n<\/li>\n<li data-start=\"3291\" data-end=\"3326\">\n<p data-start=\"3293\" data-end=\"3326\">Amplias habitaciones o suites familiares<\/p>\n<\/li>\n<li data-start=\"3327\" data-end=\"3368\">\n<p data-start=\"3329\" data-end=\"3368\">Piscinas, zonas de ocio y opciones de comida<\/p>\n<\/li>\n<li data-start=\"3369\" data-end=\"3402\">\n<p data-start=\"3371\" data-end=\"3402\">Cerca de la escuela y de la playa<\/p>\n<\/li>\n<\/ul>\n<h3 data-start=\"3404\" data-end=\"3442\">Apartamentos y alquileres de vacaciones<\/h3>\n<p data-start=\"3443\" data-end=\"3479\">Para familias que valoran la independencia:<\/p>\n<ul data-start=\"3480\" data-end=\"3671\">\n<li data-start=\"3480\" data-end=\"3538\">\n<p data-start=\"3482\" data-end=\"3538\">Ideal para familias con ni\u00f1os peque\u00f1os o estancias m\u00e1s largas<\/p>\n<\/li>\n<li data-start=\"3539\" data-end=\"3589\">\n<p data-start=\"3541\" data-end=\"3589\">Instalaciones de cocina y planificaci\u00f3n diaria flexible<\/p>\n<\/li>\n<li data-start=\"3590\" data-end=\"3638\">\n<p data-start=\"3592\" data-end=\"3638\">A menudo se encuentran cerca de playas y zonas de aparcamiento<\/p>\n<\/li>\n<li data-start=\"3639\" data-end=\"3671\">\n<p data-start=\"3641\" data-end=\"3671\">Normalmente se recomienda un coche<\/p>\n<\/li>\n<\/ul>\n<p data-start=\"3673\" data-end=\"3807\">Nuestro equipo estar\u00e1 encantado de <strong data-start=\"3694\" data-end=\"3806\">enviarte recomendaciones, comparar opciones, ayudarte con las reservas y aconsejarte sobre los mejores lugares para familias<\/strong>.<\/p>\n   <div class=\"pricing-section\" id=\"pricing-section-main\">\n        <div class=\"pricing-content\">\n                            <h2>Precios<\/h2>\n<ul>\n<h3>Programa Island Hopper<\/h3>\n<div class=\"indented\">\n<li><strong>1 semana:<\/strong> 390\u20ac<\/li>\n<\/div>\n<div class=\"indented\">\n<li><strong>2 semanas:<\/strong> 720\u20ac<\/li>\n<\/div>\n<div class=\"indented\">\n<li><strong>3 semanas:<\/strong> 1050\u20ac<\/li>\n<\/div>\n<div class=\"indented\">\n<li><strong>4 semanas:<\/strong> 1280\u20ac<\/li>\n<\/div>\n<\/ul>\n<p>Si estos paquetes no se ajustan completamente a tus necesidades o deseas m\u00e1s detalles antes de tomar una decisi\u00f3n, no dudes en:<\/p>\n<div class=\"btn-grpp\">\n  <a class=\"btn-11\" href=\"\/es\/ponte-en-contacto-con\/\"><br \/>\n    <button>Cont\u00e1ctanos<\/button><br \/>\n  <\/a><br \/>\n  <a class=\"btn-22\" href=\"\/es\/calculadora-de-costes\/\"><br \/>\n    <button>Solicitar presupuesto<\/button><br \/>\n  <\/a>\n<\/div>\n                   <\/div>\n       <div class=\"pricing-image\">\n                            <img fetchpriority=\"high\" decoding=\"async\" src=\"https:\/\/maxxinstitutes.com\/wp-content\/uploads\/2026\/01\/product-images-website-10.png\" alt=\"Custom Product Image\" width=\"400\" height=\"400\" title=\"\">\n                 <\/div>\n\t   \n  <\/div>\n<style>\nbody {\nfont-family: Arial, sans-serif;\nmargin: 0;\npadding: 0;\nbackground-color: #f4f4f4;\n}\n\n.pricing-section {\n    display: flex;\n    align-items: center;\n    justify-content: center;\n    padding: 30px;\n    background: linear-gradient(135deg, #1c1e64, #5b6db8);\n    color: white;\n}\n\n.pricing-content {\nflex: 1;\npadding: 20px;\nmax-width: 50%;\n}\n\n.pricing-content h2 {\nfont-size: 36px;\nmargin-bottom: 20px;\n}\n\n.pricing-content ul {\nlist-style: none;\npadding: 0;\n}\n\n.pricing-content li {\nfont-size: 14px;\nmargin-bottom: 10px;\n}\n\n.pricing-content a {\ncolor: #96c8ff;\ntext-decoration: none;\n}\n\n.pricing-content a:hover {\ntext-decoration: underline;\n}\n\n.pricing-image {\nflex: 1;\nmax-width: 50%;\ndisplay: flex;\njustify-content: center;\nalign-items: center;\npadding: 20px;\n}\n\n.pricing-image img {\nmax-width: 100%;\nborder-radius: 10px;\n}\n\n\/* Responsive Design *\/\n@media (max-width: 768px) {\n.pricing-section {\nflex-direction: column;\ntext-align: center;\t\n}\n.pricing-content {\n    justify-items: center;\n}\n.pricing-content, .pricing-image {\nmax-width: 100%;\n}\n}\n#pricing-section-main .pricing-content h2 {\n    color: #ffffff;\n    font-size: 27px;\n}\n\n#pricing-section-main .pricing-content h3 {\n    color: #ffffff;\n    font-size: 17px;\n}\n\n.indented {\n    margin-left: 26px;\n}\n\n.pricing-content ul {\n    list-style: disc;\n}\n.pricing-content li {\n    text-align: left;\n    margin-bottom: 13px;\n}\n#pricing-section-main .pricing-content p {\n    font-size: 12px;\n}\n@media and (max-width: 768px){\ndiv#pricing-section-main {\n    padding: 20px;\n}\n}\ndiv#pricing-section-main {\n   margin-bottom: 20px;\n}\n\t.pricing-content h3 {\n    text-align: left!important;\n}\n\/* \t17-02-25 *\/\n\t.btn-grpp {\n    display: flex;\n}\na.btn-22 {\n    margin-left: 12px;\n}\n.pricing-image {\n    max-width: fit-content;\n}\n\t.btn-grpp button {\n    color: #020c1a;\n    border-radius: 3px;\n}\n<\/style>\n    \n","protected":false},"excerpt":{"rendered":"<p>Aprende espa\u00f1ol en familia en Palma de Mallorca o Ibiza.<br data-start=\"3955\" data-end=\"3958\">El Programa de Espa\u00f1ol en Familia ofrece clases flexibles por las tardes, formatos personalizados para padres e hijos y apoyo en el alojamiento, todo ello dise\u00f1ado para encajar perfectamente en unas relajadas vacaciones familiares.<\/p>\n","protected":false},"featured_media":27020,"comment_status":"closed","ping_status":"closed","template":"","meta":[],"product_brand":[],"product_cat":[416,455],"product_tag":[],"class_list":{"0":"post-27010","1":"product","2":"type-product","3":"status-publish","4":"has-post-thumbnail","6":"product_cat-programas-a-medida-en-mallorca","7":"product_cat-programas-a-medida-ibiza","9":"first","10":"instock","11":"shipping-taxable","12":"purchasable","13":"product-type-simple"},"_links":{"self":[{"href":"https:\/\/maxxinstitutes.com\/es\/wp-json\/wp\/v2\/product\/27010","targetHints":{"allow":["GET"]}}],"collection":[{"href":"https:\/\/maxxinstitutes.com\/es\/wp-json\/wp\/v2\/product"}],"about":[{"href":"https:\/\/maxxinstitutes.com\/es\/wp-json\/wp\/v2\/types\/product"}],"replies":[{"embeddable":true,"href":"https:\/\/maxxinstitutes.com\/es\/wp-json\/wp\/v2\/comments?post=27010"}],"wp:featuredmedia":[{"embeddable":true,"href":"https:\/\/maxxinstitutes.com\/es\/wp-json\/wp\/v2\/media\/27020"}],"wp:attachment":[{"href":"https:\/\/maxxinstitutes.com\/es\/wp-json\/wp\/v2\/media?parent=27010"}],"wp:term":[{"taxonomy":"product_brand","embeddable":true,"href":"https:\/\/maxxinstitutes.com\/es\/wp-json\/wp\/v2\/product_brand?post=27010"},{"taxonomy":"product_cat","embeddable":true,"href":"https:\/\/maxxinstitutes.com\/es\/wp-json\/wp\/v2\/product_cat?post=27010"},{"taxonomy":"product_tag","embeddable":true,"href":"https:\/\/maxxinstitutes.com\/es\/wp-json\/wp\/v2\/product_tag?post=27010"}],"curies":[{"name":"wp","href":"https:\/\/api.w.org\/{rel}","templated":true}]}}