{"id":26981,"date":"2026-01-16T15:59:32","date_gmt":"2026-01-16T15:59:32","guid":{"rendered":"https:\/\/maxxinstitutes.com\/product\/programa-island-hopper\/"},"modified":"2026-02-06T22:11:43","modified_gmt":"2026-02-06T22:11:43","slug":"programa-island-hopper","status":"publish","type":"product","link":"https:\/\/maxxinstitutes.com\/es\/producto\/programa-island-hopper\/","title":{"rendered":"Programa Island Hopper"},"content":{"rendered":"<h3><strong data-start=\"288\" data-end=\"325\">Aprende espa\u00f1ol en Mallorca e Ibiza<\/strong><\/h3>\n<p data-start=\"327\" data-end=\"383\">\u00bfPor qu\u00e9 elegir s\u00f3lo una isla cuando puedes experimentar las dos?<\/p>\n<p data-start=\"385\" data-end=\"675\">El <strong data-start=\"389\" data-end=\"414\">Programa Island Hopper<\/strong> de MAXX Institutes te permite combinar cursos de espa\u00f1ol en <strong data-start=\"475\" data-end=\"506\">Palma de Mallorca e Ibiza<\/strong> en una experiencia de aprendizaje sin interrupciones. Empiezas el curso en una isla y contin\u00faas en la otra sin interrupciones, repeticiones ni cambios en tu ritmo de aprendizaje.<\/p>\n<p data-start=\"677\" data-end=\"855\">Gracias a que las estructuras de los cursos, los m\u00e9todos de ense\u00f1anza y los materiales de ambas escuelas son id\u00e9nticos, s\u00f3lo tienes que cambiar de lugar y continuar tu curso de espa\u00f1ol exactamente donde lo dejaste.<\/p>\n<h3 data-start=\"862\" data-end=\"898\">Dos islas, dos experiencias<\/h3>\n<p data-start=\"900\" data-end=\"1041\"><strong data-start=\"900\" data-end=\"921\">Palma de Mallorca<\/strong> ofrece una vibrante vida urbana, cultura, arquitectura hist\u00f3rica y excelentes infraestructuras en un entorno seguro y acogedor.<\/p>\n<p data-start=\"1043\" data-end=\"1163\"><strong data-start=\"1043\" data-end=\"1052\">Ibiza<\/strong> aporta un ambiente isle\u00f1o relajado, una naturaleza impresionante, hermosas playas y una comunidad internacional inspiradora.<\/p>\n<p data-start=\"1165\" data-end=\"1264\">Juntas, ofrecen lo mejor de ambos mundos: la vida urbana mediterr\u00e1nea y la relajada vida isle\u00f1a.<\/p>\n<h3 data-start=\"1271\" data-end=\"1305\">Bono de viaje de 47 euros incluido<\/h3>\n<p data-start=\"1307\" data-end=\"1469\">Para facilitarte el salto de isla en isla, apoyamos tu viaje con un <strong data-start=\"1367\" data-end=\"1389\">bono de viaje de 47 euros<\/strong>, que puedes utilizar para tu <strong data-start=\"1422\" data-end=\"1441\">vuelo o ferry<\/strong> entre Mallorca e Ibiza.<\/p>\n<p data-start=\"1471\" data-end=\"1604\">T\u00fa decides c\u00f3mo y cu\u00e1ndo viajar: nosotros te damos consejos y orientaci\u00f3n, tanto si prefieres un pintoresco viaje en ferry como un r\u00e1pido vuelo de 40 minutos.<\/p>\n<h3 data-start=\"1611\" data-end=\"1639\">C\u00f3mo funciona el programa<\/h3>\n<p data-start=\"1641\" data-end=\"1652\">T\u00fa eliges:<\/p>\n<ul data-start=\"1653\" data-end=\"1932\">\n<li data-start=\"1653\" data-end=\"1707\">\n<p data-start=\"1655\" data-end=\"1707\">Tu curso de espa\u00f1ol (por ejemplo, <strong data-start=\"1681\" data-end=\"1704\">20 clases semanales<\/strong>)<\/p>\n<\/li>\n<li data-start=\"1708\" data-end=\"1749\">\n<p data-start=\"1710\" data-end=\"1749\">Por d\u00f3nde empezar: <strong data-start=\"1726\" data-end=\"1747\">Mallorca o Ibiza<\/strong><\/p>\n<\/li>\n<li data-start=\"1750\" data-end=\"1793\">\n<p data-start=\"1752\" data-end=\"1793\">Cu\u00e1ntas semanas pasas en cada isla<\/p>\n<\/li>\n<li data-start=\"1794\" data-end=\"1877\">\n<p data-start=\"1796\" data-end=\"1877\">Tu alojamiento (casa de familia, piso compartido a trav\u00e9s de la escuela, o el tuyo propio)<\/p>\n<\/li>\n<li data-start=\"1878\" data-end=\"1932\">\n<p data-start=\"1880\" data-end=\"1932\">Tu ferry o vuelo preferido entre las islas<\/p>\n<\/li>\n<\/ul>\n<p data-start=\"1934\" data-end=\"2039\"><strong data-start=\"1934\" data-end=\"1974\">Una sola reserva &#8211; dos destinos.<\/strong><br data-start=\"1974\" data-end=\"1977\">Ahorra tiempo, simplifica la log\u00edstica y disfruta del doble de experiencia.<\/p>\n   <div class=\"pricing-section\" id=\"pricing-section-main\">\n        <div class=\"pricing-content\">\n                            <h2>Precios<\/h2>\n<ul>\n<h3>Programa Island Hopper<\/h3>\n<div class=\"indented\">\n<li><strong>2 semanas:<\/strong> 458\u20ac<\/li>\n<\/div>\n<div class=\"indented\">\n<li><strong>4 semanas:<\/strong> 916\u20ac<\/li>\n<\/div>\n<div class=\"indented\">\n<li><strong>6 semanas:<\/strong> 1314\u20ac<\/li>\n<\/div>\n<div class=\"indented\">\n<li><strong>8 semanas:<\/strong> 1752\u20ac<\/li>\n<\/div>\n<div class=\"indented\">\n<li><strong>10 semanas:<\/strong> 1800\u20ac<\/li>\n<\/div>\n<div class=\"indented\">\n<li><strong>12 semanas:<\/strong> 1980\u20ac<\/li>\n<\/div>\n<\/ul>\n<p>Si estos paquetes no se ajustan completamente a tus necesidades o si deseas m\u00e1s detalles antes de tomar una decisi\u00f3n, no dudes en:<\/p>\n<div class=\"btn-grpp\">\n  <a class=\"btn-11\" href=\"\/es\/ponte-en-contacto-con\/\"><br \/>\n    <button>Cont\u00e1ctanos<\/button><br \/>\n  <\/a><br \/>\n  <a class=\"btn-22\" href=\"\/es\/calculadora-de-costes\/\"><br \/>\n    <button>Solicitar presupuesto<\/button><br \/>\n  <\/a>\n<\/div>\n                   <\/div>\n       <div class=\"pricing-image\">\n                            <img fetchpriority=\"high\" decoding=\"async\" src=\"https:\/\/maxxinstitutes.com\/wp-content\/uploads\/2026\/01\/product-images-website-8.png\" alt=\"Custom Product Image\" width=\"400\" height=\"400\" title=\"\">\n                 <\/div>\n\t   \n  <\/div>\n<style>\nbody {\nfont-family: Arial, sans-serif;\nmargin: 0;\npadding: 0;\nbackground-color: #f4f4f4;\n}\n\n.pricing-section {\n    display: flex;\n    align-items: center;\n    justify-content: center;\n    padding: 30px;\n    background: linear-gradient(135deg, #1c1e64, #5b6db8);\n    color: white;\n}\n\n.pricing-content {\nflex: 1;\npadding: 20px;\nmax-width: 50%;\n}\n\n.pricing-content h2 {\nfont-size: 36px;\nmargin-bottom: 20px;\n}\n\n.pricing-content ul {\nlist-style: none;\npadding: 0;\n}\n\n.pricing-content li {\nfont-size: 14px;\nmargin-bottom: 10px;\n}\n\n.pricing-content a {\ncolor: #96c8ff;\ntext-decoration: none;\n}\n\n.pricing-content a:hover {\ntext-decoration: underline;\n}\n\n.pricing-image {\nflex: 1;\nmax-width: 50%;\ndisplay: flex;\njustify-content: center;\nalign-items: center;\npadding: 20px;\n}\n\n.pricing-image img {\nmax-width: 100%;\nborder-radius: 10px;\n}\n\n\/* Responsive Design *\/\n@media (max-width: 768px) {\n.pricing-section {\nflex-direction: column;\ntext-align: center;\t\n}\n.pricing-content {\n    justify-items: center;\n}\n.pricing-content, .pricing-image {\nmax-width: 100%;\n}\n}\n#pricing-section-main .pricing-content h2 {\n    color: #ffffff;\n    font-size: 27px;\n}\n\n#pricing-section-main .pricing-content h3 {\n    color: #ffffff;\n    font-size: 17px;\n}\n\n.indented {\n    margin-left: 26px;\n}\n\n.pricing-content ul {\n    list-style: disc;\n}\n.pricing-content li {\n    text-align: left;\n    margin-bottom: 13px;\n}\n#pricing-section-main .pricing-content p {\n    font-size: 12px;\n}\n@media and (max-width: 768px){\ndiv#pricing-section-main {\n    padding: 20px;\n}\n}\ndiv#pricing-section-main {\n   margin-bottom: 20px;\n}\n\t.pricing-content h3 {\n    text-align: left!important;\n}\n\/* \t17-02-25 *\/\n\t.btn-grpp {\n    display: flex;\n}\na.btn-22 {\n    margin-left: 12px;\n}\n.pricing-image {\n    max-width: fit-content;\n}\n\t.btn-grpp button {\n    color: #020c1a;\n    border-radius: 3px;\n}\n<\/style>\n    \n","protected":false},"excerpt":{"rendered":"<p>Estudia espa\u00f1ol en Mallorca e Ibiza con un programa sin interrupciones.<br \/>\nEl Programa Island Hopper te permite combinar ambas islas sin interrumpir tu curso, y adem\u00e1s incluye un bono de viaje de 47 euros para tu traslado a la isla.<\/p>\n","protected":false},"featured_media":26991,"comment_status":"closed","ping_status":"closed","template":"","meta":[],"product_brand":[],"product_cat":[416,455],"product_tag":[],"class_list":{"0":"post-26981","1":"product","2":"type-product","3":"status-publish","4":"has-post-thumbnail","6":"product_cat-programas-a-medida-en-mallorca","7":"product_cat-programas-a-medida-ibiza","9":"first","10":"instock","11":"shipping-taxable","12":"purchasable","13":"product-type-simple"},"_links":{"self":[{"href":"https:\/\/maxxinstitutes.com\/es\/wp-json\/wp\/v2\/product\/26981","targetHints":{"allow":["GET"]}}],"collection":[{"href":"https:\/\/maxxinstitutes.com\/es\/wp-json\/wp\/v2\/product"}],"about":[{"href":"https:\/\/maxxinstitutes.com\/es\/wp-json\/wp\/v2\/types\/product"}],"replies":[{"embeddable":true,"href":"https:\/\/maxxinstitutes.com\/es\/wp-json\/wp\/v2\/comments?post=26981"}],"wp:featuredmedia":[{"embeddable":true,"href":"https:\/\/maxxinstitutes.com\/es\/wp-json\/wp\/v2\/media\/26991"}],"wp:attachment":[{"href":"https:\/\/maxxinstitutes.com\/es\/wp-json\/wp\/v2\/media?parent=26981"}],"wp:term":[{"taxonomy":"product_brand","embeddable":true,"href":"https:\/\/maxxinstitutes.com\/es\/wp-json\/wp\/v2\/product_brand?post=26981"},{"taxonomy":"product_cat","embeddable":true,"href":"https:\/\/maxxinstitutes.com\/es\/wp-json\/wp\/v2\/product_cat?post=26981"},{"taxonomy":"product_tag","embeddable":true,"href":"https:\/\/maxxinstitutes.com\/es\/wp-json\/wp\/v2\/product_tag?post=26981"}],"curies":[{"name":"wp","href":"https:\/\/api.w.org\/{rel}","templated":true}]}}