{"id":26869,"date":"2026-01-13T20:55:36","date_gmt":"2026-01-13T20:55:36","guid":{"rendered":"https:\/\/maxxinstitutes.com\/product\/gazpacho-alioli-market-cooking-experience\/"},"modified":"2026-01-13T21:02:22","modified_gmt":"2026-01-13T21:02:22","slug":"gazpacho-alioli-market-cooking-experience","status":"publish","type":"product","link":"https:\/\/maxxinstitutes.com\/es\/producto\/gazpacho-alioli-market-cooking-experience\/","title":{"rendered":"Gazpacho &amp; Alioli Market &amp; Cooking Experience"},"content":{"rendered":"<p data-start=\"246\" data-end=\"606\">Acomp\u00e1\u00f1anos en una deliciosa y aut\u00e9ntica experiencia gastron\u00f3mica que comienza con una visita a un mercado local, donde aprender\u00e1s a elegir los ingredientes frescos necesarios para preparar gazpacho y alioli.<br data-start=\"452\" data-end=\"455\">Esta primera parte de la actividad se centra en descubrir los productos locales, comprender la calidad de los ingredientes y practicar el espa\u00f1ol en situaciones de la vida real.<\/p>\n<p data-start=\"608\" data-end=\"921\">Tras la visita al mercado, participar\u00e1s en una sesi\u00f3n pr\u00e1ctica de cocina de gazpacho y alioli, en la que aprender\u00e1s a preparar paso a paso estos platos tradicionales espa\u00f1oles. En la clase se explicar\u00e1n los ingredientes, las t\u00e9cnicas de preparaci\u00f3n y los consejos, y a continuaci\u00f3n disfrutar\u00e1s de los platos en un ambiente relajado y social. <\/p>\n<p data-start=\"923\" data-end=\"1064\">Esta experiencia combina la pr\u00e1ctica del espa\u00f1ol, la cultura local y la gastronom\u00eda, por lo que es un complemento perfecto para tu curso de idiomas.<\/p>\n<ul>\n<li data-start=\"1066\" data-end=\"1209\"><strong>Precio:<\/strong>15 euros por persona<\/li>\n<li data-start=\"1066\" data-end=\"1209\"><strong>Forma de pago:<\/strong> A pagar en recepci\u00f3n<\/li>\n<li data-start=\"1066\" data-end=\"1209\"><strong>Nota: <\/strong>Esta actividad gastron\u00f3mica no est\u00e1 incluida en el precio del curso.<\/li>\n<\/ul>\n<p><img fetchpriority=\"high\" decoding=\"async\" class=\"alignnone size-medium wp-image-26838\" src=\"https:\/\/maxxinstitutes.com\/wp-content\/uploads\/2026\/01\/6-300x300.png\" alt=\"\" width=\"300\" height=\"300\" title=\"\" srcset=\"https:\/\/maxxinstitutes.com\/wp-content\/uploads\/2026\/01\/6-300x300.png 300w, https:\/\/maxxinstitutes.com\/wp-content\/uploads\/2026\/01\/6-150x150.png 150w, https:\/\/maxxinstitutes.com\/wp-content\/uploads\/2026\/01\/6-768x768.png 768w, https:\/\/maxxinstitutes.com\/wp-content\/uploads\/2026\/01\/6-600x600.png 600w, https:\/\/maxxinstitutes.com\/wp-content\/uploads\/2026\/01\/6.png 813w\" sizes=\"(max-width: 300px) 100vw, 300px\" \/> <img decoding=\"async\" class=\"alignnone size-medium wp-image-26831\" src=\"https:\/\/maxxinstitutes.com\/wp-content\/uploads\/2026\/01\/7-300x300.png\" alt=\"\" width=\"300\" height=\"300\" title=\"\" srcset=\"https:\/\/maxxinstitutes.com\/wp-content\/uploads\/2026\/01\/7-300x300.png 300w, https:\/\/maxxinstitutes.com\/wp-content\/uploads\/2026\/01\/7-150x150.png 150w, https:\/\/maxxinstitutes.com\/wp-content\/uploads\/2026\/01\/7-768x768.png 768w, https:\/\/maxxinstitutes.com\/wp-content\/uploads\/2026\/01\/7-600x600.png 600w, https:\/\/maxxinstitutes.com\/wp-content\/uploads\/2026\/01\/7.png 813w\" sizes=\"(max-width: 300px) 100vw, 300px\" \/> <img decoding=\"async\" class=\"alignnone size-medium wp-image-26845\" src=\"https:\/\/maxxinstitutes.com\/wp-content\/uploads\/2026\/01\/5-300x300.png\" alt=\"\" width=\"300\" height=\"300\" title=\"\" srcset=\"https:\/\/maxxinstitutes.com\/wp-content\/uploads\/2026\/01\/5-300x300.png 300w, https:\/\/maxxinstitutes.com\/wp-content\/uploads\/2026\/01\/5-150x150.png 150w, https:\/\/maxxinstitutes.com\/wp-content\/uploads\/2026\/01\/5-768x768.png 768w, https:\/\/maxxinstitutes.com\/wp-content\/uploads\/2026\/01\/5-600x600.png 600w, https:\/\/maxxinstitutes.com\/wp-content\/uploads\/2026\/01\/5.png 813w\" sizes=\"(max-width: 300px) 100vw, 300px\" \/> <img loading=\"lazy\" decoding=\"async\" class=\"alignnone size-medium wp-image-26852\" src=\"https:\/\/maxxinstitutes.com\/wp-content\/uploads\/2026\/01\/4-300x300.png\" alt=\"\" width=\"300\" height=\"300\" title=\"\" srcset=\"https:\/\/maxxinstitutes.com\/wp-content\/uploads\/2026\/01\/4-300x300.png 300w, https:\/\/maxxinstitutes.com\/wp-content\/uploads\/2026\/01\/4-150x150.png 150w, https:\/\/maxxinstitutes.com\/wp-content\/uploads\/2026\/01\/4-768x768.png 768w, https:\/\/maxxinstitutes.com\/wp-content\/uploads\/2026\/01\/4-600x600.png 600w, https:\/\/maxxinstitutes.com\/wp-content\/uploads\/2026\/01\/4.png 813w\" sizes=\"(max-width: 300px) 100vw, 300px\" \/> <img loading=\"lazy\" decoding=\"async\" class=\"alignnone size-medium wp-image-26859\" src=\"https:\/\/maxxinstitutes.com\/wp-content\/uploads\/2026\/01\/3-300x300.png\" alt=\"\" width=\"300\" height=\"300\" title=\"\" srcset=\"https:\/\/maxxinstitutes.com\/wp-content\/uploads\/2026\/01\/3-300x300.png 300w, https:\/\/maxxinstitutes.com\/wp-content\/uploads\/2026\/01\/3-150x150.png 150w, https:\/\/maxxinstitutes.com\/wp-content\/uploads\/2026\/01\/3-768x768.png 768w, https:\/\/maxxinstitutes.com\/wp-content\/uploads\/2026\/01\/3-600x600.png 600w, https:\/\/maxxinstitutes.com\/wp-content\/uploads\/2026\/01\/3.png 813w\" sizes=\"(max-width: 300px) 100vw, 300px\" \/><\/p>\n","protected":false},"excerpt":{"rendered":"<p data-start=\"167\" data-end=\"413\">Visita un mercado local para seleccionar ingredientes frescos y participa en una clase pr\u00e1ctica de cocina en la que aprender\u00e1s a preparar gazpacho y alioli tradicionales.<br data-start=\"332\" data-end=\"335\">Practica espa\u00f1ol en un entorno real mientras disfrutas de la comida y la cultura locales.<\/p>\n<ul>\n<li data-start=\"415\" data-end=\"481\">Precio: 15<\/li>\n<li data-start=\"415\" data-end=\"481\">Pago en recepci\u00f3n<\/li>\n<li data-start=\"415\" data-end=\"481\">No incluido en el curso<\/li>\n<\/ul>\n<p>&nbsp;<\/p>\n","protected":false},"featured_media":26878,"comment_status":"closed","ping_status":"closed","template":"","meta":[],"product_brand":[],"product_cat":[430,421],"product_tag":[],"class_list":{"0":"post-26869","1":"product","2":"type-product","3":"status-publish","4":"has-post-thumbnail","6":"product_cat-foodie","7":"product_cat-sin-categoria","9":"first","10":"instock","11":"shipping-taxable","12":"purchasable","13":"product-type-simple"},"_links":{"self":[{"href":"https:\/\/maxxinstitutes.com\/es\/wp-json\/wp\/v2\/product\/26869","targetHints":{"allow":["GET"]}}],"collection":[{"href":"https:\/\/maxxinstitutes.com\/es\/wp-json\/wp\/v2\/product"}],"about":[{"href":"https:\/\/maxxinstitutes.com\/es\/wp-json\/wp\/v2\/types\/product"}],"replies":[{"embeddable":true,"href":"https:\/\/maxxinstitutes.com\/es\/wp-json\/wp\/v2\/comments?post=26869"}],"wp:featuredmedia":[{"embeddable":true,"href":"https:\/\/maxxinstitutes.com\/es\/wp-json\/wp\/v2\/media\/26878"}],"wp:attachment":[{"href":"https:\/\/maxxinstitutes.com\/es\/wp-json\/wp\/v2\/media?parent=26869"}],"wp:term":[{"taxonomy":"product_brand","embeddable":true,"href":"https:\/\/maxxinstitutes.com\/es\/wp-json\/wp\/v2\/product_brand?post=26869"},{"taxonomy":"product_cat","embeddable":true,"href":"https:\/\/maxxinstitutes.com\/es\/wp-json\/wp\/v2\/product_cat?post=26869"},{"taxonomy":"product_tag","embeddable":true,"href":"https:\/\/maxxinstitutes.com\/es\/wp-json\/wp\/v2\/product_tag?post=26869"}],"curies":[{"name":"wp","href":"https:\/\/api.w.org\/{rel}","templated":true}]}}