{"id":20691,"date":"2025-02-27T21:20:55","date_gmt":"2025-02-27T21:20:55","guid":{"rendered":"https:\/\/maxxinstitutes.com\/product\/clases-particulares-online\/"},"modified":"2025-07-28T06:08:50","modified_gmt":"2025-07-28T06:08:50","slug":"clases-particulares-online","status":"publish","type":"product","link":"https:\/\/maxxinstitutes.com\/es\/producto\/clases-particulares-online\/","title":{"rendered":"Clases particulares online"},"content":{"rendered":"<h2 data-start=\"131\" data-end=\"184\">Clases particulares de espa\u00f1ol online &#8211; Totalmente flexibles<\/h2>\n<h3 data-start=\"185\" data-end=\"224\">\u00bfPor qu\u00e9 elegir clases particulares online?<\/h3>\n<p data-start=\"226\" data-end=\"517\">Adapta tu aprendizaje del espa\u00f1ol a tus objetivos personales y a tu horario con nuestras clases particulares online. Si quieres centrarte en habilidades espec\u00edficas, acelerar tu progreso o a\u00f1adir pr\u00e1ctica extra a un curso en grupo, las clases particulares te ofrecen la flexibilidad y la atenci\u00f3n individual que necesitas.<\/p>\n<div class=\"bt_bb_wrapper\" data-templates-time=\"\">\n<section id=\"bt_bb_section67c0d53094954\" class=\"bt_bb_section bt_bb_layout_boxed_1200 bt_bb_top_spacing_none bt_bb_bottom_spacing_none\" data-bt-override-class=\"null\">\n<div class=\"bt_bb_port\">\n<div class=\"bt_bb_cell\">\n<div class=\"bt_bb_cell_inner\">\n<div class=\"bt_bb_row \" data-bt-override-class=\"{}\" data-structure=\"12\">\n<div class=\"bt_bb_row_holder\">\n<div class=\"bt_bb_column col-xxl-12 col-xl-12 bt_bb_vertical_align_top bt_bb_align_left bt_bb_padding_normal bt_bb_shape_inherit\" data-width=\"12\" data-bt-override-class=\"{}\">\n<div class=\"bt_bb_column_content\">\n<div class=\"bt_bb_column_content_inner\">\n<h3 data-start=\"619\" data-end=\"637\">Detalles de la clase:<\/h3>\n<ul>\n<li data-start=\"639\" data-end=\"742\"><strong data-start=\"639\" data-end=\"655\">Tipo de curso:<\/strong> Clases particulares de espa\u00f1ol online<\/li>\n<li data-start=\"639\" data-end=\"742\"><strong data-start=\"689\" data-end=\"710\">Lecciones por semana:<\/strong> Elige entre 3 opciones flexibles:<\/li>\n<li data-start=\"744\" data-end=\"815\">\n<p data-start=\"746\" data-end=\"815\"><strong data-start=\"746\" data-end=\"759\">Opci\u00f3n 1:<\/strong> 10 horas semanales &#8211; 2 horas al d\u00eda, de lunes a viernes<\/p>\n<\/li>\n<li data-start=\"816\" data-end=\"905\">\n<p data-start=\"818\" data-end=\"905\"><strong data-start=\"818\" data-end=\"831\">Opci\u00f3n 2:<\/strong> 5 horas semanales &#8211; 2 horas lunes y mi\u00e9rcoles o martes y jueves + 1 hora el viernes<\/p>\n<\/li>\n<li data-start=\"906\" data-end=\"1020\">\n<p data-start=\"908\" data-end=\"1020\"><strong data-start=\"908\" data-end=\"921\">Opci\u00f3n 3:<\/strong> 2 horas a la semana &#8211; 1 hora en dos d\u00edas de libre elecci\u00f3n (por ejemplo, mar y jue, 18:00-19:00 o 08:00-09:00)<\/p>\n<\/li>\n<li data-start=\"908\" data-end=\"1020\"><strong data-start=\"1022\" data-end=\"1040\">Duraci\u00f3n de la lecci\u00f3n:<\/strong> 60 minutos<\/li>\n<li data-start=\"908\" data-end=\"1020\"><strong data-start=\"1054\" data-end=\"1068\">Horario:<br \/>\n<\/strong>&#8211; De lunes a viernes, de 08:00 a 20:00 (hora espa\u00f1ola, CET +1)<br \/>\n&#8211; Clases de fin de semana disponibles con recargo<\/li>\n<li data-start=\"908\" data-end=\"1020\"><strong data-start=\"1174\" data-end=\"1185\">Niveles:<\/strong> Todos los niveles, desde principiante (A1) hasta avanzado (C2)<\/li>\n<li data-start=\"908\" data-end=\"1020\"><strong data-start=\"1245\" data-end=\"1260\">Tama\u00f1o del grupo:<\/strong> 1 estudiante<br \/>\n&#8211; Mismo precio para 2 estudiantes &#8211; \u00a1trae a un amigo y divide el coste!<\/li>\n<li data-start=\"908\" data-end=\"1020\"><strong data-start=\"1339\" data-end=\"1360\">Fechas de inicio 2025: <\/strong>Cualquier d\u00eda de la semana &#8211; empieza cuando quieras<\/li>\n<li data-start=\"908\" data-end=\"1020\"><strong data-start=\"1412\" data-end=\"1425\">Profesores:<\/strong> Profesores nativos con experiencia que adaptan las clases a tus necesidades individuales<\/li>\n<\/ul>\n<h3 data-start=\"1521\" data-end=\"1541\">Qu\u00e9 incluye:<\/h3>\n<ul>\n<li data-start=\"1545\" data-end=\"1596\">Clases totalmente personalizadas y adaptadas a tus objetivos<\/li>\n<li data-start=\"1599\" data-end=\"1642\">Horarios flexibles que se adaptan a tu estilo de vida<\/li>\n<li data-start=\"1645\" data-end=\"1707\">Opci\u00f3n de compartir tus clases con un compa\u00f1ero sin coste adicional<\/li>\n<li data-start=\"1710\" data-end=\"1736\">Certificado a petici\u00f3n<\/li>\n<\/ul>\n<h3 data-start=\"1743\" data-end=\"1755\">Precios:<\/h3>\n<ul>\n<li data-start=\"1759\" data-end=\"1792\"><strong data-start=\"1759\" data-end=\"1777\">30 euros por clase<\/strong> (60 minutos)<\/li>\n<li data-start=\"1795\" data-end=\"1827\">Mismo precio para 1 \u00f3 2 estudiantes<\/li>\n<li data-start=\"1830\" data-end=\"1874\">Clases de fin de semana disponibles con recargo<\/li>\n<\/ul>\n<h3 data-start=\"1881\" data-end=\"1908\">\u00bfPor qu\u00e9 elegir este curso?<\/h3>\n<ul>\n<li data-start=\"1912\" data-end=\"1956\">100% de flexibilidad en la programaci\u00f3n y el contenido<\/li>\n<li data-start=\"1959\" data-end=\"2003\">Aprendizaje personalizado con profesores nativos<\/li>\n<li data-start=\"2006\" data-end=\"2050\">Excelente relaci\u00f3n calidad-precio para clases individuales o compartidas<\/li>\n<li data-start=\"2053\" data-end=\"2115\">Perfecto para complementar cursos en grupo o estudios independientes<\/li>\n<\/ul>\n<\/div>\n<\/div>\n<\/div>\n<\/div>\n<\/div>\n<\/div>\n<\/div>\n<\/div>\n<\/section>\n<\/div>\n<p data-start=\"3036\" data-end=\"3310\">   <div class=\"pricing-section\" id=\"pricing-section-main\">\n        <div class=\"pricing-content\">\n                            <h2>Precios<\/h2>\n<ul>\n<h3>El precio es el mismo para 1 estudiante o 2 estudiantes juntos con 1 profesor<\/h3>\n<div class=\"indented\">\n<li><strong>Paquete de 20 lecciones:<\/strong> 29\u20ac por lecci\u00f3n<\/li>\n<\/div>\n<div class=\"indented\">\n<li><strong>Paquete de 15 lecciones:<\/strong> 33\u20ac por lecci\u00f3n<\/li>\n<\/div>\n<div class=\"indented\">\n<li><strong>Paquete de 10 lecciones:<\/strong> 31\u20ac por lecci\u00f3n<\/li>\n<\/div>\n<div class=\"indented\">\n<li><strong>Paquete de 5 lecciones:<\/strong> 33\u20ac por lecci\u00f3n<\/li>\n<\/div>\n<div class=\"indented\">\n<li><strong>1 lecci\u00f3n:<\/strong> 34\u20ac<\/li>\n<\/div>\n<\/ul>\n<p>Si estos paquetes no se ajustan del todo a tus necesidades o deseas m\u00e1s detalles antes de tomar una decisi\u00f3n, no dudes en:<\/p>\n<div class=\"btn-grpp\">\n  <a class=\"btn-11\" href=\"\/es\/ponte-en-contacto-con\/\"><br \/>\n    <button>Cont\u00e1ctanos<\/button><br \/>\n  <\/a><br \/>\n  <a class=\"btn-22\" href=\"\/es\/calculadora-de-costes\/\"><br \/>\n    <button>Solicita un presupuesto<\/button><br \/>\n  <\/a>\n<\/div>\n                   <\/div>\n       <div class=\"pricing-image\">\n                            <img fetchpriority=\"high\" decoding=\"async\" src=\"https:\/\/maxxinstitutes.com\/wp-content\/uploads\/2024\/09\/Spanish-intensive-20-5-lessons-week_.jpg\" alt=\"Custom Product Image\" width=\"400\" height=\"400\" title=\"\">\n                 <\/div>\n\t   \n  <\/div>\n<style>\nbody {\nfont-family: Arial, sans-serif;\nmargin: 0;\npadding: 0;\nbackground-color: #f4f4f4;\n}\n\n.pricing-section {\n    display: flex;\n    align-items: center;\n    justify-content: center;\n    padding: 30px;\n    background: linear-gradient(135deg, #1c1e64, #5b6db8);\n    color: white;\n}\n\n.pricing-content {\nflex: 1;\npadding: 20px;\nmax-width: 50%;\n}\n\n.pricing-content h2 {\nfont-size: 36px;\nmargin-bottom: 20px;\n}\n\n.pricing-content ul {\nlist-style: none;\npadding: 0;\n}\n\n.pricing-content li {\nfont-size: 14px;\nmargin-bottom: 10px;\n}\n\n.pricing-content a {\ncolor: #96c8ff;\ntext-decoration: none;\n}\n\n.pricing-content a:hover {\ntext-decoration: underline;\n}\n\n.pricing-image {\nflex: 1;\nmax-width: 50%;\ndisplay: flex;\njustify-content: center;\nalign-items: center;\npadding: 20px;\n}\n\n.pricing-image img {\nmax-width: 100%;\nborder-radius: 10px;\n}\n\n\/* Responsive Design *\/\n@media (max-width: 768px) {\n.pricing-section {\nflex-direction: column;\ntext-align: center;\t\n}\n.pricing-content {\n    justify-items: center;\n}\n.pricing-content, .pricing-image {\nmax-width: 100%;\n}\n}\n#pricing-section-main .pricing-content h2 {\n    color: #ffffff;\n    font-size: 27px;\n}\n\n#pricing-section-main .pricing-content h3 {\n    color: #ffffff;\n    font-size: 17px;\n}\n\n.indented {\n    margin-left: 26px;\n}\n\n.pricing-content ul {\n    list-style: disc;\n}\n.pricing-content li {\n    text-align: left;\n    margin-bottom: 13px;\n}\n#pricing-section-main .pricing-content p {\n    font-size: 12px;\n}\n@media and (max-width: 768px){\ndiv#pricing-section-main {\n    padding: 20px;\n}\n}\ndiv#pricing-section-main {\n   margin-bottom: 20px;\n}\n\t.pricing-content h3 {\n    text-align: left!important;\n}\n\/* \t17-02-25 *\/\n\t.btn-grpp {\n    display: flex;\n}\na.btn-22 {\n    margin-left: 12px;\n}\n.pricing-image {\n    max-width: fit-content;\n}\n\t.btn-grpp button {\n    color: #020c1a;\n    border-radius: 3px;\n}\n<\/style>\n    <\/p>\n","protected":false},"excerpt":{"rendered":"<ul>\n<li>Disponible todo el a\u00f1o<\/li>\n<li>desde <strong>29\u20ac por hora<\/strong><\/li>\n<li>Mismo precio para 1 alumno o 2 alumnos (un profesor)<\/li>\n<li>Paquetes disponibles para 5, 10, 15 y 20 clases<\/li>\n<\/ul>\n","protected":false},"featured_media":18898,"comment_status":"open","ping_status":"closed","template":"","meta":[],"product_brand":[],"product_cat":[310],"product_tag":[],"class_list":{"0":"post-20691","1":"product","2":"type-product","3":"status-publish","4":"has-post-thumbnail","6":"product_cat-en-linea","8":"first","9":"instock","10":"shipping-taxable","11":"purchasable","12":"product-type-variable"},"_links":{"self":[{"href":"https:\/\/maxxinstitutes.com\/es\/wp-json\/wp\/v2\/product\/20691","targetHints":{"allow":["GET"]}}],"collection":[{"href":"https:\/\/maxxinstitutes.com\/es\/wp-json\/wp\/v2\/product"}],"about":[{"href":"https:\/\/maxxinstitutes.com\/es\/wp-json\/wp\/v2\/types\/product"}],"replies":[{"embeddable":true,"href":"https:\/\/maxxinstitutes.com\/es\/wp-json\/wp\/v2\/comments?post=20691"}],"wp:featuredmedia":[{"embeddable":true,"href":"https:\/\/maxxinstitutes.com\/es\/wp-json\/wp\/v2\/media\/18898"}],"wp:attachment":[{"href":"https:\/\/maxxinstitutes.com\/es\/wp-json\/wp\/v2\/media?parent=20691"}],"wp:term":[{"taxonomy":"product_brand","embeddable":true,"href":"https:\/\/maxxinstitutes.com\/es\/wp-json\/wp\/v2\/product_brand?post=20691"},{"taxonomy":"product_cat","embeddable":true,"href":"https:\/\/maxxinstitutes.com\/es\/wp-json\/wp\/v2\/product_cat?post=20691"},{"taxonomy":"product_tag","embeddable":true,"href":"https:\/\/maxxinstitutes.com\/es\/wp-json\/wp\/v2\/product_tag?post=20691"}],"curies":[{"name":"wp","href":"https:\/\/api.w.org\/{rel}","templated":true}]}}