{"id":20689,"date":"2025-02-27T21:26:36","date_gmt":"2025-02-27T21:26:36","guid":{"rendered":"https:\/\/maxxinstitutes.com\/product\/curso-nocturno-de-espanol-online\/"},"modified":"2025-07-25T18:43:21","modified_gmt":"2025-07-25T18:43:21","slug":"curso-nocturno-de-espanol-online","status":"publish","type":"product","link":"https:\/\/maxxinstitutes.com\/es\/producto\/curso-nocturno-de-espanol-online\/","title":{"rendered":"Curso nocturno de espa\u00f1ol online"},"content":{"rendered":"<h2 data-start=\"147\" data-end=\"203\">Curso Vespertino de Espa\u00f1ol Online<\/h2>\n<h3 data-start=\"204\" data-end=\"234\">\u00bfPor qu\u00e9 aprender espa\u00f1ol en Internet?<\/h3>\n<p data-start=\"236\" data-end=\"557\">Flexible, eficaz y totalmente interactivo: nuestro curso nocturno de espa\u00f1ol por Internet est\u00e1 dise\u00f1ado para estudiantes que quieren adaptar el aprendizaje de idiomas a sus apretadas agendas. Estudia desde cualquier parte del mundo con profesores nativos en directo y compa\u00f1eros de clase reales, disfrutando de la misma calidad de ense\u00f1anza que en nuestras escuelas presenciales. <\/p>\n<p data-start=\"559\" data-end=\"769\">Este curso ofrece un equilibrio perfecto de estructura y flexibilidad, por lo que es ideal para profesionales que trabajan, estudiantes o cualquier persona con compromisos diurnos. Todos los niveles son bienvenidos, \u00a1y puedes empezar casi cualquier semana! <\/p>\n<h3 data-start=\"559\" data-end=\"769\">Detalles de la clase:<\/h3>\n<ul>\n<li data-start=\"796\" data-end=\"1015\"><strong data-start=\"796\" data-end=\"812\">Tipo de curso:<\/strong> Curso nocturno de espa\u00f1ol en l\u00ednea<\/li>\n<li data-start=\"796\" data-end=\"1015\"><strong data-start=\"845\" data-end=\"866\">Lecciones por semana:<\/strong> 4<br data-start=\"868\" data-end=\"871\">&#8211; 2 clases al d\u00eda, 2 veces por semana<\/li>\n<li data-start=\"796\" data-end=\"1015\"><strong data-start=\"909\" data-end=\"929\">Duraci\u00f3n del curso:<\/strong> 4-52 semanas (la duraci\u00f3n y los descansos pueden elegirse libremente)<\/li>\n<li data-start=\"796\" data-end=\"1015\"><strong data-start=\"984\" data-end=\"1002\">Duraci\u00f3n de la lecci\u00f3n:<\/strong> 50 minutos<\/li>\n<li data-start=\"796\" data-end=\"1015\"><strong data-start=\"1017\" data-end=\"1040\">Horario (CET +1): <\/strong>Lunes y mi\u00e9rcoles o martes y jueves<br \/>\n&#8211; 18:20-20:00 O<br \/>\n&#8211; 20:10-21:50<br \/>\n<em data-start=\"1121\" data-end=\"1167\">El grupo depende de tu nivel y disponibilidad<\/em><\/li>\n<li data-start=\"796\" data-end=\"1015\"><strong data-start=\"1171\" data-end=\"1182\">Niveles:<\/strong> De A1 a C2<br \/>\n&#8211; Grupos formados en funci\u00f3n de la prueba de nivel<\/li>\n<li data-start=\"796\" data-end=\"1015\"><strong data-start=\"1247\" data-end=\"1262\">Tama\u00f1o del grupo:<\/strong> Media de 6 alumnos, m\u00edn. 3, m\u00e1x. 10<\/li>\n<li data-start=\"796\" data-end=\"1015\"><strong data-start=\"1302\" data-end=\"1323\">Fechas de inicio 2025: <\/strong>Comienza cualquier lunes<br \/>\n-Jueves en funci\u00f3n de tu nivel y del grupo disponible<br \/>\n&#8211; Los cursos nocturnos para principiantes absolutos comienzan en la primera quincena de cada mes (cons\u00faltanos las fechas exactas).<\/li>\n<li data-start=\"796\" data-end=\"1015\"><strong data-start=\"1516\" data-end=\"1529\">Profesores:<\/strong> Profesores nativos cualificados y experimentados que te guiar\u00e1n a trav\u00e9s de clases estructuradas y atractivas en grupos reducidos.<\/li>\n<\/ul>\n<h3>Qu\u00e9 incluye:<\/h3>\n<ul>\n<li data-start=\"1686\" data-end=\"1731\">Libro electr\u00f3nico de clase incluido en la matr\u00edcula<\/li>\n<li data-start=\"1734\" data-end=\"1782\">Clases online en directo con materiales interactivos<\/li>\n<li data-start=\"1785\" data-end=\"1825\">Duraci\u00f3n y fechas de inicio del curso flexibles<\/li>\n<li data-start=\"1828\" data-end=\"1867\">Prueba de nivel y certificado del curso<\/li>\n<\/ul>\n<h3 data-start=\"1874\" data-end=\"1893\">Ofertas especiales:<\/h3>\n<ul>\n<li data-start=\"1897\" data-end=\"1951\">Reserva 2 meses (8 semanas) \u2192 Consigue 1 semana adicional GRATIS<\/li>\n<li data-start=\"1954\" data-end=\"2010\">Reserva 3 meses (12 semanas) \u2192 Consigue 2 semanas adicionales GRATIS<\/li>\n<li data-start=\"2013\" data-end=\"2069\">Reserva 4 meses (16 semanas) \u2192 Consigue 3 semanas adicionales GRATIS<\/li>\n<\/ul>\n<h3 data-start=\"2076\" data-end=\"2110\">\u00bfPor qu\u00e9 elegir este curso online?<\/h3>\n<ul>\n<li data-start=\"2114\" data-end=\"2177\">Aprende espa\u00f1ol desde cualquier lugar con una conexi\u00f3n estable a Internet<\/li>\n<li data-start=\"2180\" data-end=\"2260\">Ideal para profesionales que trabajan y estudiantes con disponibilidad diurna limitada<\/li>\n<li data-start=\"2263\" data-end=\"2316\">Grupos reducidos y profesores nativos en directo<\/li>\n<li data-start=\"2319\" data-end=\"2384\">Horarios flexibles, precios competitivos y descuentos especiales<\/li>\n<\/ul>\n<p data-start=\"3036\" data-end=\"3310\">   <div class=\"pricing-section\" id=\"pricing-section-main\">\n        <div class=\"pricing-content\">\n                            <h2>Precios<\/h2>\n<ul>\n<h3><\/h3>\n<div class=\"indented\">\n<li><strong>4 semanas:<\/strong> 140\u20ac + 40\u20ac de matr\u00edcula<\/li>\n<\/div>\n<div class=\"indented\">\n<li><strong>8 semanas + 1 gratis (total 9):<\/strong> 280\u20ac + 40\u20ac de matr\u00edcula<\/li>\n<\/div>\n<div class=\"indented\">\n<li><strong>12 semanas + 2 gratis (total 14):<\/strong> 425\u20ac + 40\u20ac de matr\u00edcula<\/li>\n<\/div>\n<div class=\"indented\">\n<li><strong>16 semanas + 3 gratis (total 19):<\/strong> 560\u20ac + 40\u20ac de matr\u00edcula<\/li>\n<\/div>\n<\/ul>\n<p>Si estos paquetes no se ajustan exactamente a lo que necesitas o deseas m\u00e1s informaci\u00f3n antes de tomar una decisi\u00f3n, no dudes en: <\/p>\n<div class=\"btn-grpp\">\n<a class=\"btn-11\" href=\"\/es\/ponte-en-contacto-con\/\"><br \/>\n    <button>Cont\u00e1ctanos<\/button><br \/>\n<\/a><br \/>\n<a class=\"btn-22\" href=\"\/es\/calculadora-de-costes\/\"><br \/>\n    <button>Solicitar presupuesto<\/button><br \/>\n<\/a>\n<\/div>\n                   <\/div>\n       <div class=\"pricing-image\">\n                 <\/div>\n\t   \n  <\/div>\n<style>\nbody {\nfont-family: Arial, sans-serif;\nmargin: 0;\npadding: 0;\nbackground-color: #f4f4f4;\n}\n\n.pricing-section {\n    display: flex;\n    align-items: center;\n    justify-content: center;\n    padding: 30px;\n    background: linear-gradient(135deg, #1c1e64, #5b6db8);\n    color: white;\n}\n\n.pricing-content {\nflex: 1;\npadding: 20px;\nmax-width: 50%;\n}\n\n.pricing-content h2 {\nfont-size: 36px;\nmargin-bottom: 20px;\n}\n\n.pricing-content ul {\nlist-style: none;\npadding: 0;\n}\n\n.pricing-content li {\nfont-size: 14px;\nmargin-bottom: 10px;\n}\n\n.pricing-content a {\ncolor: #96c8ff;\ntext-decoration: none;\n}\n\n.pricing-content a:hover {\ntext-decoration: underline;\n}\n\n.pricing-image {\nflex: 1;\nmax-width: 50%;\ndisplay: flex;\njustify-content: center;\nalign-items: center;\npadding: 20px;\n}\n\n.pricing-image img {\nmax-width: 100%;\nborder-radius: 10px;\n}\n\n\/* Responsive Design *\/\n@media (max-width: 768px) {\n.pricing-section {\nflex-direction: column;\ntext-align: center;\t\n}\n.pricing-content {\n    justify-items: center;\n}\n.pricing-content, .pricing-image {\nmax-width: 100%;\n}\n}\n#pricing-section-main .pricing-content h2 {\n    color: #ffffff;\n    font-size: 27px;\n}\n\n#pricing-section-main .pricing-content h3 {\n    color: #ffffff;\n    font-size: 17px;\n}\n\n.indented {\n    margin-left: 26px;\n}\n\n.pricing-content ul {\n    list-style: disc;\n}\n.pricing-content li {\n    text-align: left;\n    margin-bottom: 13px;\n}\n#pricing-section-main .pricing-content p {\n    font-size: 12px;\n}\n@media and (max-width: 768px){\ndiv#pricing-section-main {\n    padding: 20px;\n}\n}\ndiv#pricing-section-main {\n   margin-bottom: 20px;\n}\n\t.pricing-content h3 {\n    text-align: left!important;\n}\n\/* \t17-02-25 *\/\n\t.btn-grpp {\n    display: flex;\n}\na.btn-22 {\n    margin-left: 12px;\n}\n.pricing-image {\n    max-width: fit-content;\n}\n\t.btn-grpp button {\n    color: #020c1a;\n    border-radius: 3px;\n}\n<\/style>\n    <\/p>\n","protected":false},"excerpt":{"rendered":"<ul>\n<li><strong data-start=\"538\" data-end=\"564\">Impartido en directo desde Espa\u00f1a<\/strong>: una experiencia aut\u00e9ntica e inmersiva<\/li>\n<li><strong data-start=\"604\" data-end=\"624\">Horario de tarde<\/strong> &#8211; perfecto para adultos ocupados y profesionales<\/li>\n<li><strong>Niveles de principiante a avanzado  <\/strong><\/li>\n<li><strong>Inscripci\u00f3n semanal flexible<\/strong><\/li>\n<\/ul>\n","protected":false},"featured_media":18906,"comment_status":"open","ping_status":"closed","template":"","meta":[],"product_brand":[],"product_cat":[310],"product_tag":[],"class_list":{"0":"post-20689","1":"product","2":"type-product","3":"status-publish","4":"has-post-thumbnail","6":"product_cat-en-linea","8":"first","9":"instock","10":"shipping-taxable","11":"purchasable","12":"product-type-simple"},"_links":{"self":[{"href":"https:\/\/maxxinstitutes.com\/es\/wp-json\/wp\/v2\/product\/20689","targetHints":{"allow":["GET"]}}],"collection":[{"href":"https:\/\/maxxinstitutes.com\/es\/wp-json\/wp\/v2\/product"}],"about":[{"href":"https:\/\/maxxinstitutes.com\/es\/wp-json\/wp\/v2\/types\/product"}],"replies":[{"embeddable":true,"href":"https:\/\/maxxinstitutes.com\/es\/wp-json\/wp\/v2\/comments?post=20689"}],"wp:featuredmedia":[{"embeddable":true,"href":"https:\/\/maxxinstitutes.com\/es\/wp-json\/wp\/v2\/media\/18906"}],"wp:attachment":[{"href":"https:\/\/maxxinstitutes.com\/es\/wp-json\/wp\/v2\/media?parent=20689"}],"wp:term":[{"taxonomy":"product_brand","embeddable":true,"href":"https:\/\/maxxinstitutes.com\/es\/wp-json\/wp\/v2\/product_brand?post=20689"},{"taxonomy":"product_cat","embeddable":true,"href":"https:\/\/maxxinstitutes.com\/es\/wp-json\/wp\/v2\/product_cat?post=20689"},{"taxonomy":"product_tag","embeddable":true,"href":"https:\/\/maxxinstitutes.com\/es\/wp-json\/wp\/v2\/product_tag?post=20689"}],"curies":[{"name":"wp","href":"https:\/\/api.w.org\/{rel}","templated":true}]}}