{"id":20163,"date":"2025-02-27T21:47:18","date_gmt":"2025-02-27T21:47:18","guid":{"rendered":"https:\/\/maxxinstitutes.com\/product\/curso-online-de-preparacion-para-el-examen-ccse\/"},"modified":"2025-07-28T05:43:45","modified_gmt":"2025-07-28T05:43:45","slug":"curso-online-de-preparacion-para-el-examen-ccse","status":"publish","type":"product","link":"https:\/\/maxxinstitutes.com\/es\/producto\/curso-online-de-preparacion-para-el-examen-ccse\/","title":{"rendered":"Curso online de preparaci\u00f3n para el examen CCSE"},"content":{"rendered":"<h2 data-start=\"127\" data-end=\"186\">Curso online de preparaci\u00f3n para el examen CCSE &#8211; Clases particulares<\/h2>\n<h3 data-start=\"187\" data-end=\"230\">\u00bfPor qu\u00e9 preparar el examen CCSE con nosotros?<\/h3>\n<p data-start=\"232\" data-end=\"513\">\u00bfEst\u00e1s pensando en solicitar la nacionalidad espa\u00f1ola? El examen CCSE es un paso clave, y estamos aqu\u00ed para ayudarte a aprobarlo con confianza. Nuestras clases particulares online se adaptan al contenido oficial del examen, centr\u00e1ndose en la Constituci\u00f3n espa\u00f1ola, el ordenamiento jur\u00eddico, la historia y los temas socioculturales.<\/p>\n<p data-start=\"515\" data-end=\"670\">Con instructores expertos, estrategias personalizadas y horarios flexibles, este curso te da las herramientas que necesitas para tener \u00e9xito y sentirte como en casa en Espa\u00f1a.<\/p>\n<h3 data-start=\"677\" data-end=\"695\">Detalles de la clase:<\/h3>\n<ul>\n<li data-start=\"697\" data-end=\"1386\"><strong data-start=\"697\" data-end=\"713\">Tipo de curso:<\/strong> Preparaci\u00f3n online privada para el examen CCSE<\/li>\n<li data-start=\"697\" data-end=\"1386\"><strong data-start=\"753\" data-end=\"769\">\u00c1reas de inter\u00e9s:<\/strong><br data-start=\"769\" data-end=\"772\" \/>&#8211; Constituci\u00f3n espa\u00f1ola<br data-start=\"794\" data-end=\"797\" \/>&#8211; Gobierno, leyes y derechos de los ciudadanos<br data-start=\"834\" data-end=\"837\" \/>&#8211; Historia, cultura y sociedad espa\u00f1olas<\/li>\n<li data-start=\"697\" data-end=\"1386\"><strong data-start=\"879\" data-end=\"897\">Formato de las clases:<\/strong> Clases particulares 1:1 (mismo precio para 1 \u00f3 2 alumnos)<\/li>\n<li data-start=\"697\" data-end=\"1386\"><strong data-start=\"953\" data-end=\"971\">Duraci\u00f3n de la lecci\u00f3n:<\/strong> 60 minutos<\/li>\n<li data-start=\"697\" data-end=\"1386\"><strong data-start=\"985\" data-end=\"998\">Horario:<\/strong> Flexible<br data-start=\"1007\" data-end=\"1010\" \/>&#8211; De lunes a viernes entre las 08:00 y las 20:00 CET<br data-start=\"1056\" data-end=\"1059\" \/>&#8211; Fines de semana disponibles con recargo<\/li>\n<li data-start=\"697\" data-end=\"1386\"><strong data-start=\"1099\" data-end=\"1119\">Duraci\u00f3n del curso:<\/strong> Flexible &#8211; depende de tus necesidades y objetivos<\/li>\n<li data-start=\"697\" data-end=\"1386\"><strong data-start=\"1165\" data-end=\"1176\">Niveles:<\/strong> No se requiere un nivel m\u00ednimo de idioma, pero se recomiendan conocimientos b\u00e1sicos de espa\u00f1ol<\/li>\n<li data-start=\"697\" data-end=\"1386\"><strong data-start=\"1252\" data-end=\"1267\">Tama\u00f1o del grupo:<\/strong> 1 estudiante (o 2 si traes un compa\u00f1ero &#8211; \u00a1mismo precio!)<\/li>\n<li data-start=\"697\" data-end=\"1386\"><strong data-start=\"1324\" data-end=\"1345\">Fechas de inicio 2025:<\/strong> Cualquier d\u00eda de la semana &#8211; empieza cuando est\u00e9s preparado<\/li>\n<li data-start=\"697\" data-end=\"1386\"><strong data-start=\"1388\" data-end=\"1401\">Profesores:<\/strong> Profesores nativos con experiencia y especializados en el contenido y las t\u00e9cnicas de examen CCSE<\/li>\n<\/ul>\n<h3 data-start=\"1498\" data-end=\"1518\">Qu\u00e9 incluye:<\/h3>\n<ul>\n<li data-start=\"1522\" data-end=\"1589\">Preparaci\u00f3n a medida basada en la estructura oficial del examen CCSE<\/li>\n<li data-start=\"1592\" data-end=\"1656\">Consejos pr\u00e1cticos y estrategias para ayudarte a aprobar con confianza<\/li>\n<li data-start=\"1659\" data-end=\"1718\">Preguntas de prueba y orientaci\u00f3n sobre qu\u00e9 esperar el d\u00eda del examen<\/li>\n<li data-start=\"1721\" data-end=\"1765\">Horarios flexibles que se adaptan a tu estilo de vida<\/li>\n<li data-start=\"1768\" data-end=\"1808\">Certificado de asistencia previa solicitud<\/li>\n<\/ul>\n<h3 data-start=\"2200\" data-end=\"2233\">C\u00f3mo inscribirse en el examen:<\/h3>\n<p data-start=\"2235\" data-end=\"2356\">La inscripci\u00f3n oficial para el examen CCSE debe realizarse en la <a href=\"https:\/\/examenes.cervantes.es\/es\/ccse\/que-es\" target=\"_blank\" rel=\"noopener\"><strong data-start=\"2292\" data-end=\"2353\">p\u00e1gina web del Instituto Cervantes<\/strong>.<\/a><\/p>\n<p data-start=\"3036\" data-end=\"3310\">   <div class=\"pricing-section\" id=\"pricing-section-main\">\n        <div class=\"pricing-content\">\n                            <h2>Precios<\/h2>\n<ul>\n<h3>10 lecciones\/semana<\/h3>\n<div class=\"indented\">\n<li><strong>1 semana:<\/strong> 338\u20ac<\/li>\n<\/div>\n<div class=\"indented\">\n<li><strong>2 semanas:<\/strong> 573\u20ac<\/li>\n<\/div>\n<h3>20 lecciones\/semana<\/h3>\n<div class=\"indented\">\n<li><strong>1 semana:<\/strong> 428\u20ac<\/li>\n<\/div>\n<div class=\"indented\">\n<li><strong>2 semanas:<\/strong> 663\u20ac<\/li>\n<\/div>\n<\/ul>\n<p>Si estos paquetes no se ajustan del todo a tus necesidades o deseas m\u00e1s informaci\u00f3n antes de tomar una decisi\u00f3n, no dudes en:<\/p>\n<div class=\"btn-grpp\">\n  <a class=\"btn-11\" href=\"\/es\/ponte-en-contacto-con\/\"><br \/>\n    <button>Cont\u00e1ctanos<\/button><br \/>\n  <\/a><br \/>\n  <a class=\"btn-22\" href=\"\/es\/calculadora-de-costes\/\"><br \/>\n    <button>Solicita un presupuesto<\/button><br \/>\n  <\/a>\n<\/div>\n                   <\/div>\n       <div class=\"pricing-image\">\n                            <img fetchpriority=\"high\" decoding=\"async\" src=\"https:\/\/maxxinstitutes.com\/wp-content\/uploads\/2024\/12\/Black-White-Modern-Handwritten-Square-Studio-Logo-1.png\" alt=\"Custom Product Image\" width=\"400\" height=\"400\" title=\"\">\n                 <\/div>\n\t   \n  <\/div>\n<style>\nbody {\nfont-family: Arial, sans-serif;\nmargin: 0;\npadding: 0;\nbackground-color: #f4f4f4;\n}\n\n.pricing-section {\n    display: flex;\n    align-items: center;\n    justify-content: center;\n    padding: 30px;\n    background: linear-gradient(135deg, #1c1e64, #5b6db8);\n    color: white;\n}\n\n.pricing-content {\nflex: 1;\npadding: 20px;\nmax-width: 50%;\n}\n\n.pricing-content h2 {\nfont-size: 36px;\nmargin-bottom: 20px;\n}\n\n.pricing-content ul {\nlist-style: none;\npadding: 0;\n}\n\n.pricing-content li {\nfont-size: 14px;\nmargin-bottom: 10px;\n}\n\n.pricing-content a {\ncolor: #96c8ff;\ntext-decoration: none;\n}\n\n.pricing-content a:hover {\ntext-decoration: underline;\n}\n\n.pricing-image {\nflex: 1;\nmax-width: 50%;\ndisplay: flex;\njustify-content: center;\nalign-items: center;\npadding: 20px;\n}\n\n.pricing-image img {\nmax-width: 100%;\nborder-radius: 10px;\n}\n\n\/* Responsive Design *\/\n@media (max-width: 768px) {\n.pricing-section {\nflex-direction: column;\ntext-align: center;\t\n}\n.pricing-content {\n    justify-items: center;\n}\n.pricing-content, .pricing-image {\nmax-width: 100%;\n}\n}\n#pricing-section-main .pricing-content h2 {\n    color: #ffffff;\n    font-size: 27px;\n}\n\n#pricing-section-main .pricing-content h3 {\n    color: #ffffff;\n    font-size: 17px;\n}\n\n.indented {\n    margin-left: 26px;\n}\n\n.pricing-content ul {\n    list-style: disc;\n}\n.pricing-content li {\n    text-align: left;\n    margin-bottom: 13px;\n}\n#pricing-section-main .pricing-content p {\n    font-size: 12px;\n}\n@media and (max-width: 768px){\ndiv#pricing-section-main {\n    padding: 20px;\n}\n}\ndiv#pricing-section-main {\n   margin-bottom: 20px;\n}\n\t.pricing-content h3 {\n    text-align: left!important;\n}\n\/* \t17-02-25 *\/\n\t.btn-grpp {\n    display: flex;\n}\na.btn-22 {\n    margin-left: 12px;\n}\n.pricing-image {\n    max-width: fit-content;\n}\n\t.btn-grpp button {\n    color: #020c1a;\n    border-radius: 3px;\n}\n<\/style>\n    <\/p>\n","protected":false},"excerpt":{"rendered":"<ul>\n<li>Curso de espa\u00f1ol para cualquier nivel (de principiante a avanzado)<\/li>\n<li>Disponible de abril a noviembre<\/li>\n<li>Para fechas de inicio en otros meses, consulta <a href=\"http:\/\/maxxinstitutes.com\/product\/private-spanish-lessons-2\/\"><strong>Clases particulares<\/strong><\/a><\/li>\n<li>Elige las semanas para obtener una visi\u00f3n general de los precios<\/li>\n<\/ul>\n","protected":false},"featured_media":18914,"comment_status":"open","ping_status":"closed","template":"","meta":[],"product_brand":[],"product_cat":[310],"product_tag":[],"class_list":{"0":"post-20163","1":"product","2":"type-product","3":"status-publish","4":"has-post-thumbnail","6":"product_cat-en-linea","8":"first","9":"instock","10":"shipping-taxable","11":"purchasable","12":"product-type-simple"},"_links":{"self":[{"href":"https:\/\/maxxinstitutes.com\/es\/wp-json\/wp\/v2\/product\/20163","targetHints":{"allow":["GET"]}}],"collection":[{"href":"https:\/\/maxxinstitutes.com\/es\/wp-json\/wp\/v2\/product"}],"about":[{"href":"https:\/\/maxxinstitutes.com\/es\/wp-json\/wp\/v2\/types\/product"}],"replies":[{"embeddable":true,"href":"https:\/\/maxxinstitutes.com\/es\/wp-json\/wp\/v2\/comments?post=20163"}],"wp:featuredmedia":[{"embeddable":true,"href":"https:\/\/maxxinstitutes.com\/es\/wp-json\/wp\/v2\/media\/18914"}],"wp:attachment":[{"href":"https:\/\/maxxinstitutes.com\/es\/wp-json\/wp\/v2\/media?parent=20163"}],"wp:term":[{"taxonomy":"product_brand","embeddable":true,"href":"https:\/\/maxxinstitutes.com\/es\/wp-json\/wp\/v2\/product_brand?post=20163"},{"taxonomy":"product_cat","embeddable":true,"href":"https:\/\/maxxinstitutes.com\/es\/wp-json\/wp\/v2\/product_cat?post=20163"},{"taxonomy":"product_tag","embeddable":true,"href":"https:\/\/maxxinstitutes.com\/es\/wp-json\/wp\/v2\/product_tag?post=20163"}],"curies":[{"name":"wp","href":"https:\/\/api.w.org\/{rel}","templated":true}]}}