{"id":17807,"date":"2025-01-16T16:08:49","date_gmt":"2025-01-16T16:08:49","guid":{"rendered":"http:\/\/maxxinstitutes.com\/?post_type=product&#038;p=17807"},"modified":"2026-04-22T01:01:09","modified_gmt":"2026-04-22T01:01:09","slug":"50-palma-de-mallorca","status":"publish","type":"product","link":"https:\/\/maxxinstitutes.com\/es\/producto\/50-palma-de-mallorca\/","title":{"rendered":"50+, 60+, 70+ Palma de Mallorca"},"content":{"rendered":"<h2 data-start=\"215\" data-end=\"280\">Espa\u00f1ol para mayores de 50, 60 y 70 a\u00f1os &#8211; Lengua y Ocio en Palma de Mallorca<\/h2>\n<h3 data-start=\"281\" data-end=\"339\">\u00bfPor qu\u00e9 elegir un curso de espa\u00f1ol para mayores de 50 a\u00f1os en Mallorca?<\/h3>\n<p data-start=\"341\" data-end=\"650\">Este curso est\u00e1 especialmente dise\u00f1ado para estudiantes de 50, 60 y 70 a\u00f1os o m\u00e1s, y combina amenas <strong>clases de espa\u00f1ol con una inmersi\u00f3n cultural<\/strong> en uno de los destinos m\u00e1s bellos del Mediterr\u00e1neo. Aprende espa\u00f1ol en un ambiente relajado e inspirador mientras haces nuevos amigos y descubres el encanto de Palma de Mallorca. <\/p>\n<p data-start=\"652\" data-end=\"849\">Ideal para estudiantes maduros que buscan un <strong>equilibrio entre educaci\u00f3n, viajes y ocio<\/strong>. Elige <strong>10 \u00f3 20 clases semanales<\/strong> durante una o dos semanas, y disfruta de un rico programa cultural junto con tus estudios. <\/p>\n<h3 data-start=\"856\" data-end=\"874\">Detalles de la clase:<\/h3>\n<ul>\n<li data-start=\"876\" data-end=\"1029\"><strong data-start=\"876\" data-end=\"892\">Tipo de curso:<\/strong> Espa\u00f1ol + Programa de Ocio para Mayores de 50<\/li>\n<li data-start=\"876\" data-end=\"1029\"><strong data-start=\"934\" data-end=\"955\">Lecciones por semana:<\/strong><br data-start=\"991\" data-end=\"994\">&#8211; 20 lecciones en grupo\/semana<\/li>\n<li data-start=\"1030\" data-end=\"1092\">\n<p data-start=\"1032\" data-end=\"1092\">Hasta 7 horas\/semana de autoestudio supervisado con un profesor (opcional sin coste adicional)<\/p>\n<\/li>\n<li data-start=\"1030\" data-end=\"1092\">\n<p data-start=\"1032\" data-end=\"1092\"><strong data-start=\"1094\" data-end=\"1114\">Duraci\u00f3n del curso:<\/strong> 1 \u00f3 2 semanas<\/p>\n<\/li>\n<li data-start=\"1030\" data-end=\"1092\">\n<p data-start=\"1032\" data-end=\"1092\"><strong data-start=\"1130\" data-end=\"1148\">Duraci\u00f3n de la lecci\u00f3n:<\/strong> 50 minutos<\/p>\n<\/li>\n<li data-start=\"1030\" data-end=\"1092\">\n<p data-start=\"1032\" data-end=\"1092\"><strong data-start=\"1163\" data-end=\"1184\">Horario del curso:<\/strong><br \/>\n&#8211; <strong data-start=\"1228\" data-end=\"1248\">20 clases a la semana:<\/strong> 09:30 &#8211; 13:05<\/p>\n<\/li>\n<li data-start=\"1032\" data-end=\"1092\"><strong data-start=\"1266\" data-end=\"1285\">Niveles ofrecidos:<\/strong> A1 a B2<\/li>\n<li data-start=\"1032\" data-end=\"1092\"><strong data-start=\"1297\" data-end=\"1312\">Tama\u00f1o del grupo:<\/strong> Media de 3-7 participantes, m\u00e1x. 12<\/li>\n<li data-start=\"1032\" data-end=\"1092\"><strong data-start=\"1349\" data-end=\"1362\">Profesores:<\/strong> Profesores nativos con amplia experiencia docente<\/li>\n<\/ul>\n<h3 data-start=\"1434\" data-end=\"1455\">Fechas de inicio 2026 y duraci\u00f3n:<\/h3>\n<ul data-start=\"1457\" data-end=\"1580\">\n<li data-start=\"1457\" data-end=\"1499\"><strong>Marzo: <\/strong>09.03.2026<\/li>\n<li data-start=\"1457\" data-end=\"1499\"><strong>Mayo:<\/strong> 04.05.2026<\/li>\n<li data-start=\"1457\" data-end=\"1499\"><strong>Octubre:<\/strong> 05.10.2026<\/li>\n<li data-start=\"1457\" data-end=\"1499\"><strong>Noviembre: <\/strong>9.11.2026<\/li>\n<\/ul>\n<p><span class=\"a_GcMg font-feature-liga-off font-feature-clig-off font-feature-calt-off text-decoration-none text-strikethrough-none\">Puedes elegir duraciones de 1 \u00f3 2 semanas. Todos los participantes empiezan juntos. En casos excepcionales, es posible incorporarse en la segunda semana.  <\/span><\/p>\n<h3 data-start=\"1587\" data-end=\"1607\">Qu\u00e9 incluye:<\/h3>\n<ul>\n<li data-start=\"1611\" data-end=\"1658\">Prueba de nivel y certificado de participaci\u00f3n<\/li>\n<li data-start=\"1661\" data-end=\"1715\">Programa de ocio diario (10 actividades en grupo a la semana)<\/li>\n<li data-start=\"1718\" data-end=\"1766\">Profesores nativos y grupos reducidos<\/li>\n<li data-start=\"1769\" data-end=\"1831\">Acceso a sesiones de estudio supervisadas para un apoyo personalizado<\/li>\n<li data-start=\"1834\" data-end=\"1918\">Amplia gama de opciones de alojamiento: casa de familia, residencia de estudiantes, albergue u hotel<\/li>\n<\/ul>\n<h3 data-start=\"1925\" data-end=\"1943\">Precios de los cursos:<\/h3>\n<ul>\n<li data-start=\"1945\" data-end=\"2002\"><strong data-start=\"2004\" data-end=\"2024\">20 lecciones\/semana:<br \/>\n<\/strong>&#8211; 1 semana: 445 euros<br \/>\n&#8211; 2 semanas: 690 euros<\/li>\n<\/ul>\n<h3 data-start=\"2068\" data-end=\"2130\">Actividades de ocio y culturales (ejemplo para un curso de 2 semanas):<\/h3>\n<ul>\n<li data-start=\"2134\" data-end=\"2167\">Copa de bienvenida y visita de la ciudad de Palma<\/li>\n<li data-start=\"2170\" data-end=\"2200\">Visita a la Catedral de Palma<\/li>\n<li data-start=\"2203\" data-end=\"2251\">Clase pr\u00e1ctica de palmas flamencas (Palmas)<\/li>\n<li data-start=\"2254\" data-end=\"2277\">2 excursiones de medio d\u00eda<\/li>\n<li data-start=\"2280\" data-end=\"2302\">1 excursi\u00f3n de d\u00eda completo<\/li>\n<li data-start=\"2305\" data-end=\"2336\">Mercado de alimentos y visitas a museos<\/li>\n<\/ul>\n<h3 data-start=\"2343\" data-end=\"2386\">\u00bfPor qu\u00e9 aprender espa\u00f1ol en Palma de Mallorca?<\/h3>\n<ul>\n<li data-start=\"2390\" data-end=\"2475\"><strong data-start=\"2390\" data-end=\"2416\">Entorno mediterr\u00e1neo:<\/strong> Disfruta de los d\u00edas soleados, la brisa marina y los paseos bordeados de palmeras<\/li>\n<li data-start=\"2478\" data-end=\"2553\"><strong data-start=\"2478\" data-end=\"2500\">Casco Antiguo:<\/strong> Pasea por siglos de arquitectura y cultura<\/li>\n<li data-start=\"2556\" data-end=\"2651\"><strong data-start=\"2556\" data-end=\"2575\">Capital de la isla:<\/strong> Una ciudad vibrante con casi 500.000 habitantes y excelentes infraestructuras<\/li>\n<li data-start=\"2654\" data-end=\"2749\"><strong data-start=\"2654\" data-end=\"2682\">Ideal para 50+, 60+, 70+:<\/strong> Aprende con compa\u00f1eros afines en un entorno maduro y de apoyo<\/li>\n<li data-start=\"2752\" data-end=\"2855\"><strong data-start=\"2752\" data-end=\"2786\">Espa\u00f1ol para Mayores de 50 Mallorca:<\/strong> La mezcla perfecta de educaci\u00f3n, relajaci\u00f3n y aventura cultural<\/li>\n<\/ul>\n<h3 data-start=\"2862\" data-end=\"2889\">\u00bfPor qu\u00e9 elegir este curso?<\/h3>\n<p><iframe title=\"50+ Spanish Program\" width=\"500\" height=\"281\" src=\"https:\/\/www.youtube.com\/embed\/VLTCoB5p3vQ?feature=oembed\" frameborder=\"0\" allow=\"accelerometer; autoplay; clipboard-write; encrypted-media; gyroscope; picture-in-picture; web-share\" referrerpolicy=\"strict-origin-when-cross-origin\" allowfullscreen><\/iframe><\/p>\n<ul>\n<li data-start=\"2893\" data-end=\"2937\">Creado espec\u00edficamente para estudiantes mayores de 50 a\u00f1os<\/li>\n<li data-start=\"2940\" data-end=\"2986\">Grupos reducidos y profesores nativos con experiencia<\/li>\n<li data-start=\"2989\" data-end=\"3035\">Rico programa cultural e interacci\u00f3n social<\/li>\n<li data-start=\"3038\" data-end=\"3100\">Hermosa ubicaci\u00f3n mediterr\u00e1nea con un ambiente c\u00e1lido y acogedor<\/li>\n<li data-start=\"3103\" data-end=\"3159\">La escapada de aprendizaje perfecta con recuerdos duraderos<\/li>\n<\/ul>\n<p><img fetchpriority=\"high\" decoding=\"async\" class=\"alignnone wp-image-18473\" src=\"https:\/\/maxxinstitutes.com\/wp-content\/uploads\/2025\/01\/2-1-300x300.png\" alt=\"\" width=\"239\" height=\"239\" title=\"\" srcset=\"https:\/\/maxxinstitutes.com\/wp-content\/uploads\/2025\/01\/2-1-300x300.png 300w, https:\/\/maxxinstitutes.com\/wp-content\/uploads\/2025\/01\/2-1-1024x1024.png 1024w, https:\/\/maxxinstitutes.com\/wp-content\/uploads\/2025\/01\/2-1-150x150.png 150w, https:\/\/maxxinstitutes.com\/wp-content\/uploads\/2025\/01\/2-1-768x768.png 768w, https:\/\/maxxinstitutes.com\/wp-content\/uploads\/2025\/01\/2-1-600x600.png 600w, https:\/\/maxxinstitutes.com\/wp-content\/uploads\/2025\/01\/2-1.png 1080w\" sizes=\"(max-width: 239px) 100vw, 239px\" \/><img decoding=\"async\" class=\"alignnone wp-image-18480\" src=\"https:\/\/maxxinstitutes.com\/wp-content\/uploads\/2025\/01\/1-1-300x300.png\" alt=\"\" width=\"239\" height=\"239\" title=\"\" srcset=\"https:\/\/maxxinstitutes.com\/wp-content\/uploads\/2025\/01\/1-1-300x300.png 300w, https:\/\/maxxinstitutes.com\/wp-content\/uploads\/2025\/01\/1-1-1024x1024.png 1024w, https:\/\/maxxinstitutes.com\/wp-content\/uploads\/2025\/01\/1-1-150x150.png 150w, https:\/\/maxxinstitutes.com\/wp-content\/uploads\/2025\/01\/1-1-768x768.png 768w, https:\/\/maxxinstitutes.com\/wp-content\/uploads\/2025\/01\/1-1-600x600.png 600w, https:\/\/maxxinstitutes.com\/wp-content\/uploads\/2025\/01\/1-1.png 1080w\" sizes=\"(max-width: 239px) 100vw, 239px\" \/><img decoding=\"async\" class=\"alignnone size-medium wp-image-27553\" src=\"https:\/\/maxxinstitutes.com\/wp-content\/uploads\/2025\/01\/3-1-300x251.png\" alt=\"\" width=\"300\" height=\"251\" title=\"\" srcset=\"https:\/\/maxxinstitutes.com\/wp-content\/uploads\/2025\/01\/3-1-300x251.png 300w, https:\/\/maxxinstitutes.com\/wp-content\/uploads\/2025\/01\/3-1-768x644.png 768w, https:\/\/maxxinstitutes.com\/wp-content\/uploads\/2025\/01\/3-1-600x503.png 600w, https:\/\/maxxinstitutes.com\/wp-content\/uploads\/2025\/01\/3-1-150x126.png 150w, https:\/\/maxxinstitutes.com\/wp-content\/uploads\/2025\/01\/3-1.png 940w\" sizes=\"(max-width: 300px) 100vw, 300px\" \/> <img loading=\"lazy\" decoding=\"async\" class=\"alignnone size-medium wp-image-27560\" src=\"https:\/\/maxxinstitutes.com\/wp-content\/uploads\/2025\/01\/2-2-300x251.png\" alt=\"\" width=\"300\" height=\"251\" title=\"\" srcset=\"https:\/\/maxxinstitutes.com\/wp-content\/uploads\/2025\/01\/2-2-300x251.png 300w, https:\/\/maxxinstitutes.com\/wp-content\/uploads\/2025\/01\/2-2-768x644.png 768w, https:\/\/maxxinstitutes.com\/wp-content\/uploads\/2025\/01\/2-2-600x503.png 600w, https:\/\/maxxinstitutes.com\/wp-content\/uploads\/2025\/01\/2-2-150x126.png 150w, https:\/\/maxxinstitutes.com\/wp-content\/uploads\/2025\/01\/2-2.png 940w\" sizes=\"(max-width: 300px) 100vw, 300px\" \/> <img loading=\"lazy\" decoding=\"async\" class=\"alignnone size-medium wp-image-27567\" src=\"https:\/\/maxxinstitutes.com\/wp-content\/uploads\/2025\/01\/1-2-300x251.png\" alt=\"\" width=\"300\" height=\"251\" title=\"\" srcset=\"https:\/\/maxxinstitutes.com\/wp-content\/uploads\/2025\/01\/1-2-300x251.png 300w, https:\/\/maxxinstitutes.com\/wp-content\/uploads\/2025\/01\/1-2-768x644.png 768w, https:\/\/maxxinstitutes.com\/wp-content\/uploads\/2025\/01\/1-2-600x503.png 600w, https:\/\/maxxinstitutes.com\/wp-content\/uploads\/2025\/01\/1-2-150x126.png 150w, https:\/\/maxxinstitutes.com\/wp-content\/uploads\/2025\/01\/1-2.png 940w\" sizes=\"(max-width: 300px) 100vw, 300px\" \/><\/p>\n<p data-start=\"3036\" data-end=\"3310\">   <div class=\"pricing-section\" id=\"pricing-section-main\">\n        <div class=\"pricing-content\">\n                            <h2>Precios<\/h2>\n<ul>\n<h3>10 lecciones\/semana<\/h3>\n<div class=\"indented\">\n<li><strong>1 semana:<\/strong> 338\u20ac<\/li>\n<\/div>\n<div class=\"indented\">\n<li><strong>2 semanas:<\/strong> 573\u20ac<\/li>\n<\/div>\n<h3>20 lecciones\/semana<\/h3>\n<div class=\"indented\">\n<li><strong>1 semana:<\/strong> 428\u20ac<\/li>\n<\/div>\n<div class=\"indented\">\n<li><strong>2 semanas:<\/strong> 663\u20ac<\/li>\n<\/div>\n<\/ul>\n<p>Si estos paquetes no se ajustan completamente a tus necesidades o deseas m\u00e1s detalles antes de tomar una decisi\u00f3n, no dudes en:<\/p>\n<div class=\"btn-grpp\">\n  <a class=\"btn-11\" href=\"\/es\/ponte-en-contacto-con\/\"><br \/>\n    <button>Cont\u00e1ctanos<\/button><br \/>\n  <\/a><br \/>\n  <a class=\"btn-22\" href=\"\/es\/calculadora-de-costes\/\"><br \/>\n    <button>Solicita un presupuesto<\/button><br \/>\n  <\/a>\n<\/div>\n                   <\/div>\n       <div class=\"pricing-image\">\n                            <img loading=\"lazy\" decoding=\"async\" src=\"https:\/\/maxxinstitutes.com\/wp-content\/uploads\/2025\/01\/cropped-square-1.png\" alt=\"Custom Product Image\" width=\"400\" height=\"400\" title=\"\">\n                 <\/div>\n\t   \n  <\/div>\n<style>\nbody {\nfont-family: Arial, sans-serif;\nmargin: 0;\npadding: 0;\nbackground-color: #f4f4f4;\n}\n\n.pricing-section {\n    display: flex;\n    align-items: center;\n    justify-content: center;\n    padding: 30px;\n    background: linear-gradient(135deg, #1c1e64, #5b6db8);\n    color: white;\n}\n\n.pricing-content {\nflex: 1;\npadding: 20px;\nmax-width: 50%;\n}\n\n.pricing-content h2 {\nfont-size: 36px;\nmargin-bottom: 20px;\n}\n\n.pricing-content ul {\nlist-style: none;\npadding: 0;\n}\n\n.pricing-content li {\nfont-size: 14px;\nmargin-bottom: 10px;\n}\n\n.pricing-content a {\ncolor: #96c8ff;\ntext-decoration: none;\n}\n\n.pricing-content a:hover {\ntext-decoration: underline;\n}\n\n.pricing-image {\nflex: 1;\nmax-width: 50%;\ndisplay: flex;\njustify-content: center;\nalign-items: center;\npadding: 20px;\n}\n\n.pricing-image img {\nmax-width: 100%;\nborder-radius: 10px;\n}\n\n\/* Responsive Design *\/\n@media (max-width: 768px) {\n.pricing-section {\nflex-direction: column;\ntext-align: center;\t\n}\n.pricing-content {\n    justify-items: center;\n}\n.pricing-content, .pricing-image {\nmax-width: 100%;\n}\n}\n#pricing-section-main .pricing-content h2 {\n    color: #ffffff;\n    font-size: 27px;\n}\n\n#pricing-section-main .pricing-content h3 {\n    color: #ffffff;\n    font-size: 17px;\n}\n\n.indented {\n    margin-left: 26px;\n}\n\n.pricing-content ul {\n    list-style: disc;\n}\n.pricing-content li {\n    text-align: left;\n    margin-bottom: 13px;\n}\n#pricing-section-main .pricing-content p {\n    font-size: 12px;\n}\n@media and (max-width: 768px){\ndiv#pricing-section-main {\n    padding: 20px;\n}\n}\ndiv#pricing-section-main {\n   margin-bottom: 20px;\n}\n\t.pricing-content h3 {\n    text-align: left!important;\n}\n\/* \t17-02-25 *\/\n\t.btn-grpp {\n    display: flex;\n}\na.btn-22 {\n    margin-left: 12px;\n}\n.pricing-image {\n    max-width: fit-content;\n}\n\t.btn-grpp button {\n    color: #020c1a;\n    border-radius: 3px;\n}\n<\/style>\n    <\/p>\n<h5 data-start=\"1506\" data-end=\"1775\"><strong data-start=\"1506\" data-end=\"1525\">Bildungsurlaub (s\u00f3lo disponible para estudiantes de Alemania)<\/strong><\/h5>\n<p data-start=\"1506\" data-end=\"1775\">La opci\u00f3n de 20 clases semanales est\u00e1 reconocida para Bildungsurlaub en los siguientes estados alemanes: Baden-Wurtemberg, Berl\u00edn, Brandeburgo, Bremen, Hamburgo, Hesse, Baja Sajonia, Renania-Palatinado, Sarre, Sajonia-Anhalt, Schleswig-Holstein y Turingia.<\/p>\n","protected":false},"excerpt":{"rendered":"<ul>\n<li><strong>Curso intensivo de espa\u00f1ol y actividades para mayores de 50, 60 y 70 a\u00f1os<\/strong><\/li>\n<li><strong>Experiencia \u00fanica de inmersi\u00f3n en Palma de Mallorca<\/strong><\/li>\n<li><strong>1-2 semanas, combinable con otros cursos<\/strong><\/li>\n<\/ul>\n","protected":false},"featured_media":24806,"comment_status":"closed","ping_status":"closed","template":"","meta":[],"product_brand":[],"product_cat":[277,416],"product_tag":[],"class_list":{"0":"post-17807","1":"product","2":"type-product","3":"status-publish","4":"has-post-thumbnail","6":"product_cat-mallorca-es","7":"product_cat-programas-a-medida-en-mallorca","9":"first","10":"instock","11":"shipping-taxable","12":"purchasable","13":"product-type-variable"},"_links":{"self":[{"href":"https:\/\/maxxinstitutes.com\/es\/wp-json\/wp\/v2\/product\/17807","targetHints":{"allow":["GET"]}}],"collection":[{"href":"https:\/\/maxxinstitutes.com\/es\/wp-json\/wp\/v2\/product"}],"about":[{"href":"https:\/\/maxxinstitutes.com\/es\/wp-json\/wp\/v2\/types\/product"}],"replies":[{"embeddable":true,"href":"https:\/\/maxxinstitutes.com\/es\/wp-json\/wp\/v2\/comments?post=17807"}],"wp:featuredmedia":[{"embeddable":true,"href":"https:\/\/maxxinstitutes.com\/es\/wp-json\/wp\/v2\/media\/24806"}],"wp:attachment":[{"href":"https:\/\/maxxinstitutes.com\/es\/wp-json\/wp\/v2\/media?parent=17807"}],"wp:term":[{"taxonomy":"product_brand","embeddable":true,"href":"https:\/\/maxxinstitutes.com\/es\/wp-json\/wp\/v2\/product_brand?post=17807"},{"taxonomy":"product_cat","embeddable":true,"href":"https:\/\/maxxinstitutes.com\/es\/wp-json\/wp\/v2\/product_cat?post=17807"},{"taxonomy":"product_tag","embeddable":true,"href":"https:\/\/maxxinstitutes.com\/es\/wp-json\/wp\/v2\/product_tag?post=17807"}],"curies":[{"name":"wp","href":"https:\/\/api.w.org\/{rel}","templated":true}]}}