{"id":17094,"date":"2024-12-10T22:34:25","date_gmt":"2024-12-10T22:34:25","guid":{"rendered":"http:\/\/maxxinstitutes.com\/?post_type=product&#038;p=17094"},"modified":"2025-07-28T06:48:12","modified_gmt":"2025-07-28T06:48:12","slug":"clases-particulares-de-espanol-en-madrid","status":"publish","type":"product","link":"https:\/\/maxxinstitutes.com\/es\/producto\/clases-particulares-de-espanol-en-madrid\/","title":{"rendered":"Clases particulares de espa\u00f1ol en Madrid"},"content":{"rendered":"<h2>Clases particulares de espa\u00f1ol &#8211; Madrid<\/h2>\n<p><strong data-start=\"324\" data-end=\"339\">\u00bfPor qu\u00e9 Madrid?<\/strong><br data-start=\"339\" data-end=\"342\" \/>La capital de Espa\u00f1a es el lugar perfecto para potenciar tus conocimientos de espa\u00f1ol. Madrid, una ciudad vibrante llena de cultura, arte e historia, ofrece un sinf\u00edn de oportunidades para sumergirte en la vida espa\u00f1ola mientras disfrutas de museos de talla mundial, deliciosas tapas y una animada vida callejera. Tanto si est\u00e1s aqu\u00ed a corto como a largo plazo, las clases particulares te ofrecen la flexibilidad de aprender espa\u00f1ol en funci\u00f3n de tus horarios y a tu ritmo.<\/p>\n<h3><strong data-start=\"1068\" data-end=\"1086\">Detalles del curso<\/strong><\/h3>\n<ul>\n<li><strong data-start=\"570\" data-end=\"591\">Lecciones por semana:<\/strong> Flexible &#8211; t\u00fa eliges cu\u00e1ntas<\/li>\n<li><strong data-start=\"625\" data-end=\"644\">Contenido del curso:<\/strong> Clases de espa\u00f1ol a medida adaptadas a tu nivel y objetivos<\/li>\n<li><strong data-start=\"707\" data-end=\"726\">Niveles ofrecidos:<\/strong> A1 a C2<\/li>\n<li><strong data-start=\"738\" data-end=\"751\">Profesores:<\/strong> Profesores nativos altamente cualificados con titulaci\u00f3n universitaria<\/li>\n<li><strong data-start=\"811\" data-end=\"828\">Formato de la clase:<\/strong> Clase individual (o de dos alumnos si se reservan juntos)<\/li>\n<li><strong data-start=\"891\" data-end=\"904\">Horario:<\/strong> Flexible &#8211; disponible 7 d\u00edas a la semana de 08:30 a 22:00<\/li>\n<li><strong data-start=\"962\" data-end=\"978\">Edad de los estudiantes:<\/strong> M\u00ednimo 16 a\u00f1os<\/li>\n<li><strong data-start=\"998\" data-end=\"1022\">Disponibilidad del curso:<\/strong> Todo el a\u00f1o<\/li>\n<li><strong data-start=\"1036\" data-end=\"1049\">Duraci\u00f3n:<\/strong> Desde 1 clase hasta semanas a tiempo completo<\/li>\n<li><strong data-start=\"1088\" data-end=\"1106\">Duraci\u00f3n de la clase:<\/strong> 50 minutos por clase<\/li>\n<li><strong data-start=\"1131\" data-end=\"1147\">Fechas de inicio:<\/strong> Cualquier d\u00eda, todo el a\u00f1o<\/li>\n<li><strong data-start=\"1174\" data-end=\"1193\">Lugar de las clases:<\/strong> En el Instituto de Idiomas Madrid o en l\u00ednea<\/li>\n<\/ul>\n<h3><strong data-start=\"756\" data-end=\"775\">Qu\u00e9 incluye<\/strong><\/h3>\n<ul>\n<li>Contenido totalmente personalizado<\/li>\n<li>Profesor particular (opci\u00f3n de compartir con una segunda persona)<\/li>\n<li>Horario flexible: elige tus propios d\u00edas y horas<\/li>\n<li>Disponible desde principiante hasta avanzado (A1-C2)<\/li>\n<li>Certificado del curso (previa solicitud)<\/li>\n<li>Opci\u00f3n de combinar con cualquier curso en grupo<\/li>\n<\/ul>\n<h3><strong data-start=\"1553\" data-end=\"1594\">\u00bfPor qu\u00e9 elegir clases particulares en Madrid?<\/strong><\/h3>\n<ul>\n<li>Flexibilidad total: Aprende cu\u00e1ndo y c\u00f3mo quieras<\/li>\n<li>Atenci\u00f3n individualizada: Avanza a tu ritmo y c\u00e9ntrate en tus necesidades<\/li>\n<li>Ideal para profesionales ocupados, preparaci\u00f3n de ex\u00e1menes o mejora r\u00e1pida<\/li>\n<li>Sum\u00e9rgete en la aut\u00e9ntica vida espa\u00f1ola en la en\u00e9rgica capital de Espa\u00f1a<\/li>\n<\/ul>\n<p data-start=\"3036\" data-end=\"3310\">   <div class=\"pricing-section\" id=\"pricing-section-main\">\n        <div class=\"pricing-content\">\n                            <h2>Precios<\/h2>\n<ul>\n<h3>Clases particulares de espa\u00f1ol en Madrid<\/h3>\n<h3>1 Estudiante<\/h3>\n<div class=\"indented\">\n<li><strong>1 \u2013 14 clases:<\/strong> 40\u20ac<\/li>\n<\/div>\n<div class=\"indented\">\n<li><strong>15+ clases:<\/strong> 35\u20ac<\/li>\n<\/div>\n<h3>2 Estudiantes<\/h3>\n<div class=\"indented\">\n<li><strong>1 \u2013 14 clases:<\/strong> 45\u20ac<\/li>\n<\/div>\n<div class=\"indented\">\n<li><strong>15+ clases:<\/strong> 40\u20ac<\/li>\n<\/div>\n<h3>3 Estudiantes<\/h3>\n<div class=\"indented\">\n<li><strong>1 \u2013 14 clases:<\/strong> 50\u20ac<\/li>\n<\/div>\n<div class=\"indented\">\n<li><strong>15+ clases:<\/strong> 45\u20ac<\/li>\n<\/div>\n<\/ul>\n<p>Si estos paquetes no se ajustan del todo a tus necesidades o deseas m\u00e1s informaci\u00f3n antes de decidir, no dudes en:<\/p>\n<div class=\"btn-grpp\">\n  <a class=\"btn-11\" href=\"\/es\/ponte-en-contacto-con\/\"><br \/>\n    <button>Cont\u00e1ctanos<\/button><br \/>\n  <\/a><br \/>\n  <a class=\"btn-22\" href=\"\/es\/calculadora-de-costes\/\"><br \/>\n    <button>Solicita un presupuesto<\/button><br \/>\n  <\/a>\n<\/div>\n                   <\/div>\n       <div class=\"pricing-image\">\n                            <img fetchpriority=\"high\" decoding=\"async\" src=\"https:\/\/maxxinstitutes.com\/wp-content\/uploads\/2024\/12\/13-1.png\" alt=\"Custom Product Image\" width=\"400\" height=\"400\" title=\"\">\n                 <\/div>\n\t   \n  <\/div>\n<style>\nbody {\nfont-family: Arial, sans-serif;\nmargin: 0;\npadding: 0;\nbackground-color: #f4f4f4;\n}\n\n.pricing-section {\n    display: flex;\n    align-items: center;\n    justify-content: center;\n    padding: 30px;\n    background: linear-gradient(135deg, #1c1e64, #5b6db8);\n    color: white;\n}\n\n.pricing-content {\nflex: 1;\npadding: 20px;\nmax-width: 50%;\n}\n\n.pricing-content h2 {\nfont-size: 36px;\nmargin-bottom: 20px;\n}\n\n.pricing-content ul {\nlist-style: none;\npadding: 0;\n}\n\n.pricing-content li {\nfont-size: 14px;\nmargin-bottom: 10px;\n}\n\n.pricing-content a {\ncolor: #96c8ff;\ntext-decoration: none;\n}\n\n.pricing-content a:hover {\ntext-decoration: underline;\n}\n\n.pricing-image {\nflex: 1;\nmax-width: 50%;\ndisplay: flex;\njustify-content: center;\nalign-items: center;\npadding: 20px;\n}\n\n.pricing-image img {\nmax-width: 100%;\nborder-radius: 10px;\n}\n\n\/* Responsive Design *\/\n@media (max-width: 768px) {\n.pricing-section {\nflex-direction: column;\ntext-align: center;\t\n}\n.pricing-content {\n    justify-items: center;\n}\n.pricing-content, .pricing-image {\nmax-width: 100%;\n}\n}\n#pricing-section-main .pricing-content h2 {\n    color: #ffffff;\n    font-size: 27px;\n}\n\n#pricing-section-main .pricing-content h3 {\n    color: #ffffff;\n    font-size: 17px;\n}\n\n.indented {\n    margin-left: 26px;\n}\n\n.pricing-content ul {\n    list-style: disc;\n}\n.pricing-content li {\n    text-align: left;\n    margin-bottom: 13px;\n}\n#pricing-section-main .pricing-content p {\n    font-size: 12px;\n}\n@media and (max-width: 768px){\ndiv#pricing-section-main {\n    padding: 20px;\n}\n}\ndiv#pricing-section-main {\n   margin-bottom: 20px;\n}\n\t.pricing-content h3 {\n    text-align: left!important;\n}\n\/* \t17-02-25 *\/\n\t.btn-grpp {\n    display: flex;\n}\na.btn-22 {\n    margin-left: 12px;\n}\n.pricing-image {\n    max-width: fit-content;\n}\n\t.btn-grpp button {\n    color: #020c1a;\n    border-radius: 3px;\n}\n<\/style>\n    <\/p>\n","protected":false},"excerpt":{"rendered":"<ul>\n<li>Disponible todo el a\u00f1o<\/li>\n<li>desde <strong>28\u20ac por hora<\/strong><\/li>\n<li>Mismo precio para 1 estudiante o 2 estudiantes (compartiendo)<\/li>\n<li>Paquetes disponibles para 5, 10, 15 y 20 clases<\/li>\n<\/ul>\n<p>&nbsp;<\/p>\n","protected":false},"featured_media":23367,"comment_status":"closed","ping_status":"closed","template":"","meta":[],"product_brand":[],"product_cat":[285],"product_tag":[],"class_list":{"0":"post-17094","1":"product","2":"type-product","3":"status-publish","4":"has-post-thumbnail","6":"product_cat-madrid-es","8":"first","9":"instock","10":"sale","11":"shipping-taxable","12":"purchasable","13":"product-type-variable"},"_links":{"self":[{"href":"https:\/\/maxxinstitutes.com\/es\/wp-json\/wp\/v2\/product\/17094","targetHints":{"allow":["GET"]}}],"collection":[{"href":"https:\/\/maxxinstitutes.com\/es\/wp-json\/wp\/v2\/product"}],"about":[{"href":"https:\/\/maxxinstitutes.com\/es\/wp-json\/wp\/v2\/types\/product"}],"replies":[{"embeddable":true,"href":"https:\/\/maxxinstitutes.com\/es\/wp-json\/wp\/v2\/comments?post=17094"}],"wp:featuredmedia":[{"embeddable":true,"href":"https:\/\/maxxinstitutes.com\/es\/wp-json\/wp\/v2\/media\/23367"}],"wp:attachment":[{"href":"https:\/\/maxxinstitutes.com\/es\/wp-json\/wp\/v2\/media?parent=17094"}],"wp:term":[{"taxonomy":"product_brand","embeddable":true,"href":"https:\/\/maxxinstitutes.com\/es\/wp-json\/wp\/v2\/product_brand?post=17094"},{"taxonomy":"product_cat","embeddable":true,"href":"https:\/\/maxxinstitutes.com\/es\/wp-json\/wp\/v2\/product_cat?post=17094"},{"taxonomy":"product_tag","embeddable":true,"href":"https:\/\/maxxinstitutes.com\/es\/wp-json\/wp\/v2\/product_tag?post=17094"}],"curies":[{"name":"wp","href":"https:\/\/api.w.org\/{rel}","templated":true}]}}