{"id":17034,"date":"2024-12-10T22:28:17","date_gmt":"2024-12-10T22:28:17","guid":{"rendered":"http:\/\/maxxinstitutes.com\/?post_type=product&#038;p=17034"},"modified":"2025-07-28T07:07:56","modified_gmt":"2025-07-28T07:07:56","slug":"bildungsurlaub-en-madrid","status":"publish","type":"product","link":"https:\/\/maxxinstitutes.com\/es\/producto\/bildungsurlaub-en-madrid\/","title":{"rendered":"Bildungsurlaub en Madrid"},"content":{"rendered":"<h2>Bildungsurlaub en Madrid<\/h2>\n<p>El Bildungsurlaub concede a los empleados 5 d\u00edas de permiso retribuido adicional al a\u00f1o por motivos de formaci\u00f3n. A algunos empleados se les permite combinar dos a\u00f1os de permiso por formaci\u00f3n, de modo que puedes coger hasta 10 d\u00edas de permiso por formaci\u00f3n para tu curso de espa\u00f1ol en Madrid.<\/p>\n<p>Estados en los que nuestros cursos est\u00e1n reconocidos<br \/>\nNuestros cursos de espa\u00f1ol de m\u00e1s de 30 horas semanales en Madrid est\u00e1n reconocidos para Bildungsurlaub <strong>en casi todos los estados federados.<\/strong><\/p>\n<ul>\n<li>Berl\u00edn<\/li>\n<li>Hamburgo, Alemania<\/li>\n<li>Hesse<\/li>\n<li>Baja Sajonia<\/li>\n<li>Brandeburgo<\/li>\n<li>Bremen<\/li>\n<li>Mecklemburgo-Pomerania Occidental<\/li>\n<li>Renania-Palatinado<\/li>\n<li>Sarre<\/li>\n<li>Sajonia-Anhalt<\/li>\n<li>Schleswig-Holstein<\/li>\n<li>Turingia<\/li>\n<li>30 clases semanales en grupo<\/li>\n<li><strong>Lecciones por semana:<\/strong> 30 clases en grupo de 50 minutos cada una<\/li>\n<li><strong>Contenido:<\/strong> Espa\u00f1ol general a tu nivel<\/li>\n<li><strong>Actividades de ocio:<\/strong> 5 por semana<\/li>\n<li><strong>Duraci\u00f3n del curso:<\/strong> 1-2 semanas (de libre elecci\u00f3n)<\/li>\n<li><strong>D\u00edas lectivos:<\/strong> De lunes a viernes<strong>Horario:<\/strong><\/li>\n<li>9.00-14.40 o 11.10-16.50<\/li>\n<li>Disponible: Todo el a\u00f1o<\/li>\n<li>Tama\u00f1o del grupo: Media 6, M\u00e1ximo 8<\/li>\n<li>Fechas de inicio: Todos los lunes, con conocimientos previos. Para principiantes absolutos recomendamos el curso 20 clases en grupo\/semana.<br \/>\nNiveles: De A1 a C2.<\/li>\n<\/ul>\n<p data-start=\"3036\" data-end=\"3310\">   <div class=\"pricing-section\" id=\"pricing-section-main\">\n        <div class=\"pricing-content\">\n                            <h2>Precios<\/h2>\n<ul>\n<h3>Bildungsurlaub en Madrid<\/h3>\n<div class=\"indented\">\n<li><strong>1 semana:<\/strong> 350\u20ac<\/li>\n<\/div>\n<div class=\"indented\">\n<li><strong>2 semanas:<\/strong> 640\u20ac<\/li>\n<\/div>\n<\/ul>\n<p>Si estos paquetes no se ajustan completamente a tus necesidades o deseas m\u00e1s detalles antes de tomar una decisi\u00f3n, no dudes en:<\/p>\n<div class=\"btn-grpp\">\n  <a class=\"btn-11\" href=\"\/es\/ponte-en-contacto-con\/\"><br \/>\n    <button>Cont\u00e1ctanos<\/button><br \/>\n  <\/a><br \/>\n  <a class=\"btn-22\" href=\"\/es\/calculadora-de-costes\/\"><br \/>\n    <button>Solicita un presupuesto<\/button><br \/>\n  <\/a>\n<\/div>\n                   <\/div>\n       <div class=\"pricing-image\">\n                            <img fetchpriority=\"high\" decoding=\"async\" src=\"https:\/\/maxxinstitutes.com\/wp-content\/uploads\/2024\/12\/12-2.png\" alt=\"Custom Product Image\" width=\"400\" height=\"400\" title=\"\">\n                 <\/div>\n\t   \n  <\/div>\n<style>\nbody {\nfont-family: Arial, sans-serif;\nmargin: 0;\npadding: 0;\nbackground-color: #f4f4f4;\n}\n\n.pricing-section {\n    display: flex;\n    align-items: center;\n    justify-content: center;\n    padding: 30px;\n    background: linear-gradient(135deg, #1c1e64, #5b6db8);\n    color: white;\n}\n\n.pricing-content {\nflex: 1;\npadding: 20px;\nmax-width: 50%;\n}\n\n.pricing-content h2 {\nfont-size: 36px;\nmargin-bottom: 20px;\n}\n\n.pricing-content ul {\nlist-style: none;\npadding: 0;\n}\n\n.pricing-content li {\nfont-size: 14px;\nmargin-bottom: 10px;\n}\n\n.pricing-content a {\ncolor: #96c8ff;\ntext-decoration: none;\n}\n\n.pricing-content a:hover {\ntext-decoration: underline;\n}\n\n.pricing-image {\nflex: 1;\nmax-width: 50%;\ndisplay: flex;\njustify-content: center;\nalign-items: center;\npadding: 20px;\n}\n\n.pricing-image img {\nmax-width: 100%;\nborder-radius: 10px;\n}\n\n\/* Responsive Design *\/\n@media (max-width: 768px) {\n.pricing-section {\nflex-direction: column;\ntext-align: center;\t\n}\n.pricing-content {\n    justify-items: center;\n}\n.pricing-content, .pricing-image {\nmax-width: 100%;\n}\n}\n#pricing-section-main .pricing-content h2 {\n    color: #ffffff;\n    font-size: 27px;\n}\n\n#pricing-section-main .pricing-content h3 {\n    color: #ffffff;\n    font-size: 17px;\n}\n\n.indented {\n    margin-left: 26px;\n}\n\n.pricing-content ul {\n    list-style: disc;\n}\n.pricing-content li {\n    text-align: left;\n    margin-bottom: 13px;\n}\n#pricing-section-main .pricing-content p {\n    font-size: 12px;\n}\n@media and (max-width: 768px){\ndiv#pricing-section-main {\n    padding: 20px;\n}\n}\ndiv#pricing-section-main {\n   margin-bottom: 20px;\n}\n\t.pricing-content h3 {\n    text-align: left!important;\n}\n\/* \t17-02-25 *\/\n\t.btn-grpp {\n    display: flex;\n}\na.btn-22 {\n    margin-left: 12px;\n}\n.pricing-image {\n    max-width: fit-content;\n}\n\t.btn-grpp button {\n    color: #020c1a;\n    border-radius: 3px;\n}\n<\/style>\n    <\/p>\n","protected":false},"excerpt":{"rendered":"<ul>\n<li>5 clases particulares de preparaci\u00f3n para el examen D.E.L.E.<\/li>\n<li>3 experiencias \u00abVive Ibiza en Espa\u00f1ol\u00bb<\/li>\n<\/ul>\n","protected":false},"featured_media":23374,"comment_status":"closed","ping_status":"closed","template":"","meta":[],"product_brand":[],"product_cat":[285],"product_tag":[],"class_list":{"0":"post-17034","1":"product","2":"type-product","3":"status-publish","4":"has-post-thumbnail","6":"product_cat-madrid-es","8":"first","9":"instock","10":"shipping-taxable","11":"purchasable","12":"product-type-variable"},"_links":{"self":[{"href":"https:\/\/maxxinstitutes.com\/es\/wp-json\/wp\/v2\/product\/17034","targetHints":{"allow":["GET"]}}],"collection":[{"href":"https:\/\/maxxinstitutes.com\/es\/wp-json\/wp\/v2\/product"}],"about":[{"href":"https:\/\/maxxinstitutes.com\/es\/wp-json\/wp\/v2\/types\/product"}],"replies":[{"embeddable":true,"href":"https:\/\/maxxinstitutes.com\/es\/wp-json\/wp\/v2\/comments?post=17034"}],"wp:featuredmedia":[{"embeddable":true,"href":"https:\/\/maxxinstitutes.com\/es\/wp-json\/wp\/v2\/media\/23374"}],"wp:attachment":[{"href":"https:\/\/maxxinstitutes.com\/es\/wp-json\/wp\/v2\/media?parent=17034"}],"wp:term":[{"taxonomy":"product_brand","embeddable":true,"href":"https:\/\/maxxinstitutes.com\/es\/wp-json\/wp\/v2\/product_brand?post=17034"},{"taxonomy":"product_cat","embeddable":true,"href":"https:\/\/maxxinstitutes.com\/es\/wp-json\/wp\/v2\/product_cat?post=17034"},{"taxonomy":"product_tag","embeddable":true,"href":"https:\/\/maxxinstitutes.com\/es\/wp-json\/wp\/v2\/product_tag?post=17034"}],"curies":[{"name":"wp","href":"https:\/\/api.w.org\/{rel}","templated":true}]}}