{"id":16888,"date":"2024-12-10T22:18:14","date_gmt":"2024-12-10T22:18:14","guid":{"rendered":"http:\/\/maxxinstitutes.com\/?post_type=product&#038;p=16888"},"modified":"2025-07-28T07:30:11","modified_gmt":"2025-07-28T07:30:11","slug":"20-clases-en-grupo-a-la-semana-en-madrid","status":"publish","type":"product","link":"https:\/\/maxxinstitutes.com\/es\/producto\/20-clases-en-grupo-a-la-semana-en-madrid\/","title":{"rendered":"20 clases en grupo a la semana en Madrid"},"content":{"rendered":"<h2>Espa\u00f1ol General &#8211; 20 Lecciones en Grupo a la Semana<\/h2>\n<h3><strong>\u00bfPor qu\u00e9 Madrid?<\/strong><\/h3>\n<p>\u00a1Aprende espa\u00f1ol en la vibrante capital de Espa\u00f1a! Nuestra c\u00e9ntrica escuela de idiomas en Madrid ofrece un entorno de aprendizaje din\u00e1mico y urbano con ricas experiencias culturales justo fuera del aula. Tanto si te quedas unas semanas como varios meses, Madrid ofrece la mezcla perfecta de tradici\u00f3n y modernidad para complementar tu viaje ling\u00fc\u00edstico.<\/p>\n<h3><strong>Detalles del curso<\/strong><\/h3>\n<ul>\n<li data-start=\"668\" data-end=\"708\"><strong data-start=\"668\" data-end=\"688\">Lecciones por semana<\/strong>: 20 clases en grupo<\/li>\n<li data-start=\"711\" data-end=\"770\"><strong data-start=\"711\" data-end=\"729\">Contenido del curso<\/strong>: Espa\u00f1ol general en tu nivel actual<\/li>\n<li data-start=\"773\" data-end=\"839\"><strong data-start=\"773\" data-end=\"791\">Niveles ofrecidos<\/strong>: Desde principiante (A1) hasta avanzado (C2)<\/li>\n<li data-start=\"842\" data-end=\"896\"><strong data-start=\"842\" data-end=\"854\">Profesores<\/strong>: Profesores nativos cualificados y con experiencia<\/li>\n<li data-start=\"899\" data-end=\"996\"><strong data-start=\"899\" data-end=\"915\">Formato de las clases<\/strong>: Profesores que rotan para exponer a los alumnos a diferentes acentos y estilos de ense\u00f1anza<\/li>\n<li data-start=\"999\" data-end=\"1039\"><strong data-start=\"999\" data-end=\"1013\">Tama\u00f1o del grupo<\/strong>: 4-8 alumnos por clase<\/li>\n<li data-start=\"1042\" data-end=\"1081\"><strong data-start=\"1042\" data-end=\"1057\">Edad de los estudiantes<\/strong>: M\u00ednimo 18 a\u00f1os<\/li>\n<li data-start=\"1109\" data-end=\"1157\"><strong data-start=\"1109\" data-end=\"1121\">Duraci\u00f3n<\/strong>: De 1 a 52 semanas (reserva flexible)<\/li>\n<li data-start=\"1160\" data-end=\"1229\"><strong data-start=\"1160\" data-end=\"1172\">Descuento<\/strong>: 10% de descuento en el precio del curso para reservas a partir de 8 semanas<\/li>\n<li data-start=\"1232\" data-end=\"1256\"><strong data-start=\"1232\" data-end=\"1253\">Opciones de horario<\/strong>:<\/li>\n<li data-start=\"1261\" data-end=\"1284\">Ma\u00f1ana: 9:00 &#8211; 12:50<\/li>\n<li data-start=\"1289\" data-end=\"1367\">Por la tarde 13:00 &#8211; 16:50<br data-start=\"1313\" data-end=\"1316\" \/><em data-start=\"1318\" data-end=\"1365\">(de lunes a viernes, seg\u00fan disponibilidad)<\/em><\/li>\n<li data-start=\"1370\" data-end=\"1414\"><strong data-start=\"1370\" data-end=\"1389\">Duraci\u00f3n de las clases<\/strong>: 50 minutos por lecci\u00f3n<\/li>\n<li data-start=\"1417\" data-end=\"1482\"><strong data-start=\"1417\" data-end=\"1432\">Fechas de inicio<\/strong>: Todos los lunes (Todos los niveles con conocimientos previos)<\/li>\n<li data-start=\"1485\" data-end=\"1545\"><strong data-start=\"1485\" data-end=\"1511\">Para principiantes<\/strong>: Fechas de inicio seleccionadas disponibles<\/li>\n<li data-start=\"1548\" data-end=\"1578\"><strong data-start=\"1548\" data-end=\"1564\">Disponibilidad<\/strong>: Todo el a\u00f1o<\/li>\n<\/ul>\n<h3><strong>Qu\u00e9 incluye:<\/strong><\/h3>\n<ul>\n<li data-start=\"1607\" data-end=\"1674\"><strong data-start=\"1607\" data-end=\"1629\">Actividades de ocio<\/strong>: 3 experiencias sociales o culturales por semana<\/li>\n<li data-start=\"1677\" data-end=\"1707\"><strong data-start=\"1677\" data-end=\"1689\">Tasa de inscripci\u00f3n<\/strong>: 18 euros (una sola vez)<\/li>\n<li data-start=\"1710\" data-end=\"1754\"><strong data-start=\"1710\" data-end=\"1730\">Cuota de inscripci\u00f3n<\/strong>: 0 \u20ac (sin costes ocultos)<\/li>\n<\/ul>\n<h3><strong>\u00bfPor qu\u00e9 elegir este curso en Madrid?<\/strong><\/h3>\n<ul>\n<li>Grupos reducidos y atenci\u00f3n personalizada<\/li>\n<li>Profesores rotativos = m\u00e1s acentos, m\u00e1s exposici\u00f3n, m\u00e1s progreso<\/li>\n<li>Combina vida urbana, cultura y aprendizaje de idiomas en uno de los destinos m\u00e1s bellos de Europa<\/li>\n<\/ul>\n<p data-start=\"3036\" data-end=\"3310\">   <div class=\"pricing-section\" id=\"pricing-section-main\">\n        <div class=\"pricing-content\">\n                            <h2>Precios<\/h2>\n<ul>\n<h3>20 clases grupales\/semana<\/h3>\n<div class=\"indented\">\n<li><strong>1 semana:<\/strong> 190\u20ac<\/li>\n<\/div>\n<div class=\"indented\">\n<li><strong>8 semanas:<\/strong> 170\u20ac<\/li>\n<\/div>\n<\/ul>\n<p>Si estos paquetes no se ajustan completamente a tus necesidades o deseas m\u00e1s detalles antes de tomar una decisi\u00f3n, no dudes en:<\/p>\n<div class=\"btn-grpp\">\n  <a class=\"btn-11\" href=\"\/es\/ponte-en-contacto-con\/\"><br \/>\n    <button>Cont\u00e1ctanos<\/button><br \/>\n  <\/a><br \/>\n  <a class=\"btn-22\" href=\"\/es\/calculadora-de-costes\/\"><br \/>\n    <button>Solicita un presupuesto<\/button><br \/>\n  <\/a>\n<\/div>\n                   <\/div>\n       <div class=\"pricing-image\">\n                            <img fetchpriority=\"high\" decoding=\"async\" src=\"https:\/\/maxxinstitutes.com\/wp-content\/uploads\/2024\/12\/11-1.png\" alt=\"Custom Product Image\" width=\"400\" height=\"400\" title=\"\">\n                 <\/div>\n\t   \n  <\/div>\n<style>\nbody {\nfont-family: Arial, sans-serif;\nmargin: 0;\npadding: 0;\nbackground-color: #f4f4f4;\n}\n\n.pricing-section {\n    display: flex;\n    align-items: center;\n    justify-content: center;\n    padding: 30px;\n    background: linear-gradient(135deg, #1c1e64, #5b6db8);\n    color: white;\n}\n\n.pricing-content {\nflex: 1;\npadding: 20px;\nmax-width: 50%;\n}\n\n.pricing-content h2 {\nfont-size: 36px;\nmargin-bottom: 20px;\n}\n\n.pricing-content ul {\nlist-style: none;\npadding: 0;\n}\n\n.pricing-content li {\nfont-size: 14px;\nmargin-bottom: 10px;\n}\n\n.pricing-content a {\ncolor: #96c8ff;\ntext-decoration: none;\n}\n\n.pricing-content a:hover {\ntext-decoration: underline;\n}\n\n.pricing-image {\nflex: 1;\nmax-width: 50%;\ndisplay: flex;\njustify-content: center;\nalign-items: center;\npadding: 20px;\n}\n\n.pricing-image img {\nmax-width: 100%;\nborder-radius: 10px;\n}\n\n\/* Responsive Design *\/\n@media (max-width: 768px) {\n.pricing-section {\nflex-direction: column;\ntext-align: center;\t\n}\n.pricing-content {\n    justify-items: center;\n}\n.pricing-content, .pricing-image {\nmax-width: 100%;\n}\n}\n#pricing-section-main .pricing-content h2 {\n    color: #ffffff;\n    font-size: 27px;\n}\n\n#pricing-section-main .pricing-content h3 {\n    color: #ffffff;\n    font-size: 17px;\n}\n\n.indented {\n    margin-left: 26px;\n}\n\n.pricing-content ul {\n    list-style: disc;\n}\n.pricing-content li {\n    text-align: left;\n    margin-bottom: 13px;\n}\n#pricing-section-main .pricing-content p {\n    font-size: 12px;\n}\n@media and (max-width: 768px){\ndiv#pricing-section-main {\n    padding: 20px;\n}\n}\ndiv#pricing-section-main {\n   margin-bottom: 20px;\n}\n\t.pricing-content h3 {\n    text-align: left!important;\n}\n\/* \t17-02-25 *\/\n\t.btn-grpp {\n    display: flex;\n}\na.btn-22 {\n    margin-left: 12px;\n}\n.pricing-image {\n    max-width: fit-content;\n}\n\t.btn-grpp button {\n    color: #020c1a;\n    border-radius: 3px;\n}\n<\/style>\n    <\/p>\n","protected":false},"excerpt":{"rendered":"<ul>\n<li>Curso de espa\u00f1ol para cualquier nivel (de principiante a avanzado)<\/li>\n<li>Disponible de abril a noviembre<\/li>\n<li>Para fechas de inicio en otros meses, consulta <a href=\"http:\/\/maxxinstitutes.com\/product\/private-spanish-lessons-in-madrid\/\"><strong>Clases particulares<\/strong><\/a><\/li>\n<li>Elige las semanas para obtener una visi\u00f3n general de los precios<\/li>\n<\/ul>\n","protected":false},"featured_media":23353,"comment_status":"closed","ping_status":"closed","template":"","meta":[],"product_brand":[],"product_cat":[285],"product_tag":[],"class_list":{"0":"post-16888","1":"product","2":"type-product","3":"status-publish","4":"has-post-thumbnail","6":"product_cat-madrid-es","8":"first","9":"instock","10":"shipping-taxable","11":"purchasable","12":"product-type-variable"},"_links":{"self":[{"href":"https:\/\/maxxinstitutes.com\/es\/wp-json\/wp\/v2\/product\/16888","targetHints":{"allow":["GET"]}}],"collection":[{"href":"https:\/\/maxxinstitutes.com\/es\/wp-json\/wp\/v2\/product"}],"about":[{"href":"https:\/\/maxxinstitutes.com\/es\/wp-json\/wp\/v2\/types\/product"}],"replies":[{"embeddable":true,"href":"https:\/\/maxxinstitutes.com\/es\/wp-json\/wp\/v2\/comments?post=16888"}],"wp:featuredmedia":[{"embeddable":true,"href":"https:\/\/maxxinstitutes.com\/es\/wp-json\/wp\/v2\/media\/23353"}],"wp:attachment":[{"href":"https:\/\/maxxinstitutes.com\/es\/wp-json\/wp\/v2\/media?parent=16888"}],"wp:term":[{"taxonomy":"product_brand","embeddable":true,"href":"https:\/\/maxxinstitutes.com\/es\/wp-json\/wp\/v2\/product_brand?post=16888"},{"taxonomy":"product_cat","embeddable":true,"href":"https:\/\/maxxinstitutes.com\/es\/wp-json\/wp\/v2\/product_cat?post=16888"},{"taxonomy":"product_tag","embeddable":true,"href":"https:\/\/maxxinstitutes.com\/es\/wp-json\/wp\/v2\/product_tag?post=16888"}],"curies":[{"name":"wp","href":"https:\/\/api.w.org\/{rel}","templated":true}]}}