{"id":16613,"date":"2024-12-10T21:24:14","date_gmt":"2024-12-10T21:24:14","guid":{"rendered":"http:\/\/maxxinstitutes.com\/?post_type=product&#038;p=16613"},"modified":"2026-04-16T02:01:02","modified_gmt":"2026-04-16T02:01:02","slug":"20-clases-en-grupo-a-la-semana-clase-de-cocina-de-paella-en-ibiza","status":"publish","type":"product","link":"https:\/\/maxxinstitutes.com\/es\/producto\/20-clases-en-grupo-a-la-semana-clase-de-cocina-de-paella-en-ibiza\/","title":{"rendered":"20 Clases en grupo a la semana + Clase de cocina de paella en Ibiza"},"content":{"rendered":"<h3>Curso intensivo de espa\u00f1ol + curso de cocina de paella<\/h3>\n<p>Sum\u00e9rgete en una experiencia inolvidable en la que sin duda es la isla m\u00e1s fascinante de Espa\u00f1a: Ibiza. Tanto si eres un principiante como un estudiante avanzado de espa\u00f1ol, puedes participar en nuestros populares cursos de espa\u00f1ol. Como plato fuerte especial, tambi\u00e9n te ofrecemos la oportunidad de mejorar tus conocimientos de espa\u00f1ol en combinaci\u00f3n con nuestro exclusivo curso de medio d\u00eda de cocina de paella en el jard\u00edn de la playa de la ciudad de Ibiza. Disfruta de esta experiencia \u00fanica en medio del impresionante paisaje de esta isla m\u00e1gica.   <\/p>\n<h4>\u00bfC\u00f3mo funciona el programa?<\/h4>\n<p>Este programa combina una o dos semanas de clases intensivas de espa\u00f1ol con una experiencia de medio d\u00eda cocinando paella.<\/p>\n<p><strong data-start=\"1406\" data-end=\"1420\">Importante:<\/strong><\/p>\n<ul>\n<li>El curso de espa\u00f1ol siempre empieza un lunes<\/li>\n<li>El curso de cocina en paella tiene lugar durante la misma semana, normalmente el mi\u00e9rcoles por la tarde<\/li>\n<\/ul>\n<h4>Curso de espa\u00f1ol &#8211; Fechas de inicio 2026 (lunes)<\/h4>\n<ul>\n<li><strong>4 de mayo<\/strong><\/li>\n<li><strong>3 de junio<\/strong><\/li>\n<li><strong>6 de julio<\/strong><\/li>\n<li><strong>3 de agosto<\/strong><\/li>\n<li><strong>7 de septiembre<\/strong><\/li>\n<li><strong>5 de octubre<\/strong><\/li>\n<\/ul>\n<h4><strong>\u00bfD\u00f3nde?<\/strong><\/h4>\n<p>En el Instituto de Idiomas Ibiza, Ciudad de Ibiza, Isla de Ibiza, Islas Baleares, Espa\u00f1a.<\/p>\n<h4><strong>\u00bfA qui\u00e9n?<\/strong><\/h4>\n<p>Nuestro programa est\u00e1 dirigido a participantes adultos de todas las edades. La mayor\u00eda de nuestros participantes tienen entre 25 y 50 a\u00f1os, pero de vez en cuando tenemos participantes m\u00e1s j\u00f3venes y casi siempre algunos mayores de 50 a\u00f1os. La edad media de nuestra escuela es mayoritariamente de m\u00e1s de 30 a\u00f1os, aunque en los meses de verano tambi\u00e9n acogemos a estudiantes de entre 18 y 30 a\u00f1os.  <\/p>\n<h4><strong>\u00bfQu\u00e9 incluye?<\/strong><\/h4>\n<p>El programa consta de tres partes, aunque el alojamiento es opcional y cada uno puede reservar su propio alojamiento independientemente de la escuela.<\/p>\n<ol>\n<li>Nuestro curso intensivo de espa\u00f1ol de 20 clases \/ semana<\/li>\n<li>Curso de cocina de paella de medio d\u00eda en un jard\u00edn privado<\/li>\n<li>Elecci\u00f3n de alojamiento en un piso compartido de la escuela, con una familia de acogida, en un hotel o independiente de la escuela<\/li>\n<\/ol>\n<h2>Curso Intensivo de Espa\u00f1ol<\/h2>\n<ul>\n<li><strong>Lecciones por semana:<\/strong> 20 \u00f3 30 clases en grupo de 50 minutos cada una (4 clases en grupo al d\u00eda)<\/li>\n<li><strong>Horario:<\/strong> De lunes a viernes, por las ma\u00f1anas<\/li>\n<li><strong>Duraci\u00f3n del curso:<\/strong> Puedes elegir entre 1 \u00f3 2 semanas. Si decides estudiar espa\u00f1ol durante m\u00e1s tiempo, puedes elegir el curso en grupo con 20 clases semanales. Puedes reservar este curso durante el tiempo que te convenga.  <\/li>\n<li><strong>Contenido:<\/strong> Espa\u00f1ol general a tu nivel<\/li>\n<li><strong>Profesores:<\/strong> M\u00ednimo 2 profesores por semana para m\u00e1s diversi\u00f3n, acentos diferentes y una mejor experiencia de aprendizaje<\/li>\n<li><strong>Actividades de ocio:<\/strong> 3 actividades semanales de nuestro programa de ocio Vive en Espa\u00f1ol<\/li>\n<li><strong>Tama\u00f1o del grupo:<\/strong> Media de 6, m\u00e1ximo de 12 alumnos<\/li>\n<li><strong>Niveles:<\/strong> Todos los niveles. Principiantes y avanzados. Tras nuestra prueba de nivel, todos los alumnos son asignados a grupos seg\u00fan su nivel.  <\/li>\n<\/ul>\n<h2>El curso de cocina de la paella<\/h2>\n<p>\u00bfTe gustar\u00eda inspirarte en casa con una paella como \u00abMontse\u00bb? \u00bfO simplemente tienes curiosidad por saber qu\u00e9 hay detr\u00e1s del plato favorito de los espa\u00f1oles? \u00bfO simplemente quieres pasar un buen rato con compa\u00f1eros de tu edad?  <\/p>\n<p>Nuestra clase de cocina de paella te ofrece la oportunidad \u00fanica de aprender la forma tradicional de hacer paella mientras pasas un gran d\u00eda bajo el sol de Ibiza.<\/p>\n<p>El curso comienza hablando, explicando, oliendo, sintiendo y probando los ingredientes. Despu\u00e9s es hora de ponerse manos a la obra con la paellera y preparar una paella de verdad. Si hay suficientes participantes, prepararemos dos paelleras.  <\/p>\n<ul>\n<li><strong>Duraci\u00f3n del curso:<\/strong> 1\/2 d\u00eda, por la tarde, aprox. 16.00-19.30 (sujeto a cambios) <\/li>\n<li><strong>Lengua de ense\u00f1anza:<\/strong> Espa\u00f1ol<\/li>\n<li><strong>Contenido:<\/strong> Preparaci\u00f3n y consumo de la paella<\/li>\n<li><strong>Los ingredientes:<\/strong> Cantidades, procedencia, madurez, especias.<\/li>\n<li><strong>La preparaci\u00f3n:<\/strong> secuencias, temperatura, tiempos, consejos y trucos<\/li>\n<li><strong>La comida:<\/strong> servir, compartir y elegir bebidas<\/li>\n<li><strong>Tipo paella:<\/strong> Con pescado y marisco y vegetariana<\/li>\n<li><strong>Experiencia previa en la cocina:<\/strong> Para principiantes y cocineros avanzados. Los profesores te har\u00e1n participar seg\u00fan tu nivel. <\/li>\n<li><strong>Profesores:<\/strong> Amigos paelleros y cocineros locales<\/li>\n<li><strong>Ubicaci\u00f3n del campo:<\/strong> Jard\u00edn privado, en la ciudad de Ibiza, zona de la playa de Figueretas<\/li>\n<li><strong>Tama\u00f1o del grupo:<\/strong> 8 &#8211; 20 participantes<\/li>\n<li><strong>Transporte al lugar del curso:<\/strong> a pie<\/li>\n<\/ul>\n<h4><strong>Curso de cocina en paella &#8211; Fechas 2026<\/strong><\/h4>\n<ul>\n<li><strong>6 de mayo<\/strong> (mi\u00e9rcoles)<\/li>\n<li><strong>6 de junio<\/strong> (mi\u00e9rcoles)<\/li>\n<li><strong>8 de julio<\/strong> (mi\u00e9rcoles)<\/li>\n<li><strong>4 de agosto<\/strong> (martes)<\/li>\n<li><strong>9 de septiembre<\/strong> (mi\u00e9rcoles)<\/li>\n<li><strong>7 de octubre<\/strong> (mi\u00e9rcoles)<\/li>\n<\/ul>\n<p>El curso de cocina suele tener lugar el primer mi\u00e9rcoles del mes. Sin embargo, tu curso de espa\u00f1ol comienza el lunes anterior, como se ha descrito anteriormente. <\/p>\n<p data-start=\"3036\" data-end=\"3310\">   <div class=\"pricing-section\" id=\"pricing-section-main\">\n        <div class=\"pricing-content\">\n                            <h2>Precios<\/h2>\n<ul>\n<h3>20 clases grupales\/semana<\/h3>\n<div class=\"indented\">\n<li><strong>1 semana:<\/strong> 279\u20ac<\/li>\n<\/div>\n<\/ul>\n<p>Si estos paquetes no se ajustan del todo a tus necesidades o deseas m\u00e1s informaci\u00f3n antes de decidir, no dudes en:<\/p>\n<div class=\"btn-grpp\">\n  <a class=\"btn-11\" href=\"\/es\/ponte-en-contacto-con\/\"><br \/>\n    <button>Cont\u00e1ctanos<\/button><br \/>\n  <\/a><br \/>\n  <a class=\"btn-22\" href=\"\/es\/calculadora-de-costes\/\"><br \/>\n    <button>Solicita un presupuesto<\/button><br \/>\n  <\/a>\n<\/div>\n                   <\/div>\n       <div class=\"pricing-image\">\n                            <img fetchpriority=\"high\" decoding=\"async\" src=\"https:\/\/maxxinstitutes.com\/wp-content\/uploads\/2024\/12\/8.jpg\" alt=\"Custom Product Image\" width=\"400\" height=\"400\" title=\"\">\n                 <\/div>\n\t   \n  <\/div>\n<style>\nbody {\nfont-family: Arial, sans-serif;\nmargin: 0;\npadding: 0;\nbackground-color: #f4f4f4;\n}\n\n.pricing-section {\n    display: flex;\n    align-items: center;\n    justify-content: center;\n    padding: 30px;\n    background: linear-gradient(135deg, #1c1e64, #5b6db8);\n    color: white;\n}\n\n.pricing-content {\nflex: 1;\npadding: 20px;\nmax-width: 50%;\n}\n\n.pricing-content h2 {\nfont-size: 36px;\nmargin-bottom: 20px;\n}\n\n.pricing-content ul {\nlist-style: none;\npadding: 0;\n}\n\n.pricing-content li {\nfont-size: 14px;\nmargin-bottom: 10px;\n}\n\n.pricing-content a {\ncolor: #96c8ff;\ntext-decoration: none;\n}\n\n.pricing-content a:hover {\ntext-decoration: underline;\n}\n\n.pricing-image {\nflex: 1;\nmax-width: 50%;\ndisplay: flex;\njustify-content: center;\nalign-items: center;\npadding: 20px;\n}\n\n.pricing-image img {\nmax-width: 100%;\nborder-radius: 10px;\n}\n\n\/* Responsive Design *\/\n@media (max-width: 768px) {\n.pricing-section {\nflex-direction: column;\ntext-align: center;\t\n}\n.pricing-content {\n    justify-items: center;\n}\n.pricing-content, .pricing-image {\nmax-width: 100%;\n}\n}\n#pricing-section-main .pricing-content h2 {\n    color: #ffffff;\n    font-size: 27px;\n}\n\n#pricing-section-main .pricing-content h3 {\n    color: #ffffff;\n    font-size: 17px;\n}\n\n.indented {\n    margin-left: 26px;\n}\n\n.pricing-content ul {\n    list-style: disc;\n}\n.pricing-content li {\n    text-align: left;\n    margin-bottom: 13px;\n}\n#pricing-section-main .pricing-content p {\n    font-size: 12px;\n}\n@media and (max-width: 768px){\ndiv#pricing-section-main {\n    padding: 20px;\n}\n}\ndiv#pricing-section-main {\n   margin-bottom: 20px;\n}\n\t.pricing-content h3 {\n    text-align: left!important;\n}\n\/* \t17-02-25 *\/\n\t.btn-grpp {\n    display: flex;\n}\na.btn-22 {\n    margin-left: 12px;\n}\n.pricing-image {\n    max-width: fit-content;\n}\n\t.btn-grpp button {\n    color: #020c1a;\n    border-radius: 3px;\n}\n<\/style>\n    <\/p>\n<p><iframe src=\"https:\/\/www.youtube.com\/embed\/NPfjLaH4C2c?start=16\" width=\"560\" height=\"560\" frameborder=\"0\" allowfullscreen=\"allowfullscreen\"><\/iframe><\/p>\n<p>&nbsp;<\/p>\n\n\t\t<style type=\"text\/css\">\n\t\t\t#gallery-1 {\n\t\t\t\tmargin: auto;\n\t\t\t}\n\t\t\t#gallery-1 .gallery-item {\n\t\t\t\tfloat: left;\n\t\t\t\tmargin-top: 10px;\n\t\t\t\ttext-align: center;\n\t\t\t\twidth: 25%;\n\t\t\t}\n\t\t\t#gallery-1 img {\n\t\t\t\tborder: 2px solid #cfcfcf;\n\t\t\t}\n\t\t\t#gallery-1 .gallery-caption {\n\t\t\t\tmargin-left: 0;\n\t\t\t}\n\t\t\t\/* see gallery_shortcode() in wp-includes\/media.php *\/\n\t\t<\/style>\n\t\t<div id='gallery-1' class='gallery galleryid-16613 gallery-columns-4 gallery-size-full'><dl class='gallery-item'>\n\t\t\t<dt class='gallery-icon landscape'>\n\t\t\t\t<img decoding=\"async\" width=\"500\" height=\"500\" src=\"https:\/\/maxxinstitutes.com\/wp-content\/uploads\/2024\/12\/8-2.png\" class=\"attachment-full size-full\" alt=\"\" srcset=\"https:\/\/maxxinstitutes.com\/wp-content\/uploads\/2024\/12\/8-2.png 500w, https:\/\/maxxinstitutes.com\/wp-content\/uploads\/2024\/12\/8-2-300x300.png 300w, https:\/\/maxxinstitutes.com\/wp-content\/uploads\/2024\/12\/8-2-150x150.png 150w\" sizes=\"(max-width: 500px) 100vw, 500px\" title=\"\">\n\t\t\t<\/dt><\/dl><dl class='gallery-item'>\n\t\t\t<dt class='gallery-icon landscape'>\n\t\t\t\t<img decoding=\"async\" width=\"500\" height=\"500\" src=\"https:\/\/maxxinstitutes.com\/wp-content\/uploads\/2024\/12\/7-4.png\" class=\"attachment-full size-full\" alt=\"\" srcset=\"https:\/\/maxxinstitutes.com\/wp-content\/uploads\/2024\/12\/7-4.png 500w, https:\/\/maxxinstitutes.com\/wp-content\/uploads\/2024\/12\/7-4-300x300.png 300w, https:\/\/maxxinstitutes.com\/wp-content\/uploads\/2024\/12\/7-4-150x150.png 150w\" sizes=\"(max-width: 500px) 100vw, 500px\" title=\"\">\n\t\t\t<\/dt><\/dl><dl class='gallery-item'>\n\t\t\t<dt class='gallery-icon landscape'>\n\t\t\t\t<img loading=\"lazy\" decoding=\"async\" width=\"500\" height=\"500\" src=\"https:\/\/maxxinstitutes.com\/wp-content\/uploads\/2024\/12\/6-4.png\" class=\"attachment-full size-full\" alt=\"\" srcset=\"https:\/\/maxxinstitutes.com\/wp-content\/uploads\/2024\/12\/6-4.png 500w, https:\/\/maxxinstitutes.com\/wp-content\/uploads\/2024\/12\/6-4-300x300.png 300w, https:\/\/maxxinstitutes.com\/wp-content\/uploads\/2024\/12\/6-4-150x150.png 150w\" sizes=\"(max-width: 500px) 100vw, 500px\" title=\"\">\n\t\t\t<\/dt><\/dl><dl class='gallery-item'>\n\t\t\t<dt class='gallery-icon landscape'>\n\t\t\t\t<img loading=\"lazy\" decoding=\"async\" width=\"500\" height=\"500\" src=\"https:\/\/maxxinstitutes.com\/wp-content\/uploads\/2024\/12\/5-2.png\" class=\"attachment-full size-full\" alt=\"\" srcset=\"https:\/\/maxxinstitutes.com\/wp-content\/uploads\/2024\/12\/5-2.png 500w, https:\/\/maxxinstitutes.com\/wp-content\/uploads\/2024\/12\/5-2-300x300.png 300w, https:\/\/maxxinstitutes.com\/wp-content\/uploads\/2024\/12\/5-2-150x150.png 150w\" sizes=\"(max-width: 500px) 100vw, 500px\" title=\"\">\n\t\t\t<\/dt><\/dl><br style=\"clear: both\" \/><dl class='gallery-item'>\n\t\t\t<dt class='gallery-icon landscape'>\n\t\t\t\t<img loading=\"lazy\" decoding=\"async\" width=\"500\" height=\"500\" src=\"https:\/\/maxxinstitutes.com\/wp-content\/uploads\/2024\/12\/4-3.png\" class=\"attachment-full size-full\" alt=\"\" srcset=\"https:\/\/maxxinstitutes.com\/wp-content\/uploads\/2024\/12\/4-3.png 500w, https:\/\/maxxinstitutes.com\/wp-content\/uploads\/2024\/12\/4-3-300x300.png 300w, https:\/\/maxxinstitutes.com\/wp-content\/uploads\/2024\/12\/4-3-150x150.png 150w\" sizes=\"(max-width: 500px) 100vw, 500px\" title=\"\">\n\t\t\t<\/dt><\/dl><dl class='gallery-item'>\n\t\t\t<dt class='gallery-icon landscape'>\n\t\t\t\t<img loading=\"lazy\" decoding=\"async\" width=\"500\" height=\"500\" src=\"https:\/\/maxxinstitutes.com\/wp-content\/uploads\/2024\/12\/3-3.png\" class=\"attachment-full size-full\" alt=\"\" srcset=\"https:\/\/maxxinstitutes.com\/wp-content\/uploads\/2024\/12\/3-3.png 500w, https:\/\/maxxinstitutes.com\/wp-content\/uploads\/2024\/12\/3-3-300x300.png 300w, https:\/\/maxxinstitutes.com\/wp-content\/uploads\/2024\/12\/3-3-150x150.png 150w\" sizes=\"(max-width: 500px) 100vw, 500px\" title=\"\">\n\t\t\t<\/dt><\/dl><dl class='gallery-item'>\n\t\t\t<dt class='gallery-icon landscape'>\n\t\t\t\t<img loading=\"lazy\" decoding=\"async\" width=\"500\" height=\"500\" src=\"https:\/\/maxxinstitutes.com\/wp-content\/uploads\/2024\/12\/2-3.png\" class=\"attachment-full size-full\" alt=\"\" srcset=\"https:\/\/maxxinstitutes.com\/wp-content\/uploads\/2024\/12\/2-3.png 500w, https:\/\/maxxinstitutes.com\/wp-content\/uploads\/2024\/12\/2-3-300x300.png 300w, https:\/\/maxxinstitutes.com\/wp-content\/uploads\/2024\/12\/2-3-150x150.png 150w\" sizes=\"(max-width: 500px) 100vw, 500px\" title=\"\">\n\t\t\t<\/dt><\/dl><dl class='gallery-item'>\n\t\t\t<dt class='gallery-icon landscape'>\n\t\t\t\t<img loading=\"lazy\" decoding=\"async\" width=\"500\" height=\"500\" src=\"https:\/\/maxxinstitutes.com\/wp-content\/uploads\/2024\/12\/1-3.png\" class=\"attachment-full size-full\" alt=\"\" srcset=\"https:\/\/maxxinstitutes.com\/wp-content\/uploads\/2024\/12\/1-3.png 500w, https:\/\/maxxinstitutes.com\/wp-content\/uploads\/2024\/12\/1-3-300x300.png 300w, https:\/\/maxxinstitutes.com\/wp-content\/uploads\/2024\/12\/1-3-150x150.png 150w\" sizes=\"(max-width: 500px) 100vw, 500px\" title=\"\">\n\t\t\t<\/dt><\/dl><br style=\"clear: both\" \/>\n\t\t<\/div>\n\n","protected":false},"excerpt":{"rendered":"<ul>\n<li>5 clases particulares de preparaci\u00f3n para el examen D.E.L.E.<\/li>\n<li>3 experiencias \u00abVive Ibiza en Espa\u00f1ol\u00bb<\/li>\n<\/ul>\n","protected":false},"featured_media":22962,"comment_status":"closed","ping_status":"closed","template":"","meta":[],"product_brand":[],"product_cat":[270,430],"product_tag":[],"class_list":{"0":"post-16613","1":"product","2":"type-product","3":"status-publish","4":"has-post-thumbnail","6":"product_cat-cursos-de-espanol-en-ibiza","7":"product_cat-foodie","9":"first","10":"instock","11":"shipping-taxable","12":"purchasable","13":"product-type-variable","14":"has-default-attributes"},"_links":{"self":[{"href":"https:\/\/maxxinstitutes.com\/es\/wp-json\/wp\/v2\/product\/16613","targetHints":{"allow":["GET"]}}],"collection":[{"href":"https:\/\/maxxinstitutes.com\/es\/wp-json\/wp\/v2\/product"}],"about":[{"href":"https:\/\/maxxinstitutes.com\/es\/wp-json\/wp\/v2\/types\/product"}],"replies":[{"embeddable":true,"href":"https:\/\/maxxinstitutes.com\/es\/wp-json\/wp\/v2\/comments?post=16613"}],"wp:featuredmedia":[{"embeddable":true,"href":"https:\/\/maxxinstitutes.com\/es\/wp-json\/wp\/v2\/media\/22962"}],"wp:attachment":[{"href":"https:\/\/maxxinstitutes.com\/es\/wp-json\/wp\/v2\/media?parent=16613"}],"wp:term":[{"taxonomy":"product_brand","embeddable":true,"href":"https:\/\/maxxinstitutes.com\/es\/wp-json\/wp\/v2\/product_brand?post=16613"},{"taxonomy":"product_cat","embeddable":true,"href":"https:\/\/maxxinstitutes.com\/es\/wp-json\/wp\/v2\/product_cat?post=16613"},{"taxonomy":"product_tag","embeddable":true,"href":"https:\/\/maxxinstitutes.com\/es\/wp-json\/wp\/v2\/product_tag?post=16613"}],"curies":[{"name":"wp","href":"https:\/\/api.w.org\/{rel}","templated":true}]}}