{"id":16566,"date":"2024-12-10T21:18:21","date_gmt":"2024-12-10T21:18:21","guid":{"rendered":"http:\/\/maxxinstitutes.com\/?post_type=product&#038;p=16566"},"modified":"2026-01-16T20:01:23","modified_gmt":"2026-01-16T20:01:23","slug":"bildungsurlaub-in-ibiza","status":"publish","type":"product","link":"https:\/\/maxxinstitutes.com\/es\/producto\/bildungsurlaub-in-ibiza\/","title":{"rendered":"Bildungsurlaub in Ibiza"},"content":{"rendered":"<h2>Bildungsurlaub in Ibiza<\/h2>\n<p>El permiso Bildungsurlaub concede a los empleados 5 d\u00edas de permiso retribuido adicional al a\u00f1o por motivos de formaci\u00f3n. A algunos empleados se les permite combinar dos a\u00f1os de permiso por formaci\u00f3n, de modo que puedes coger hasta 10 d\u00edas de permiso por formaci\u00f3n para tu curso de espa\u00f1ol en Ibiza. <\/p>\n<p>Nuestros cursos de espa\u00f1ol de m\u00e1s de 30 clases semanales en Ibiza est\u00e1n reconocidos para permisos educativos en casi todos los estados federados.<\/p>\n<h2 data-start=\"1836\" data-end=\"1911\"><strong data-start=\"1836\" data-end=\"1911\">30 horas semanales &#8211; reconocido oficialmente en muchos estados federales alemanes<\/strong><\/h2>\n<p class=\"\" data-start=\"1913\" data-end=\"2122\"><strong data-start=\"1913\" data-end=\"1955\">\u00bfPor qu\u00e9 hacer tu Bildungsurlaub en Ibiza?<\/strong><br data-start=\"1955\" data-end=\"1958\">Disfruta de la mezcla perfecta de inmersi\u00f3n ling\u00fc\u00edstica y encanto mediterr\u00e1neo. Nuestra c\u00e9ntrica escuela de la ciudad de Ibiza ofrece el entorno ideal para aprender y relajarse. <\/p>\n<p class=\"\" data-start=\"2124\" data-end=\"2145\"><strong data-start=\"2124\" data-end=\"2143\">Detalles del curso:<\/strong><\/p>\n<ul data-start=\"2146\" data-end=\"2537\">\n<li class=\"\" data-start=\"2146\" data-end=\"2216\">\n<p class=\"\" data-start=\"2148\" data-end=\"2216\"><strong data-start=\"2148\" data-end=\"2167\">Horas semanales:<\/strong> 30 clases (23 en grupo + 7 sesiones extra de estudio)<\/p>\n<\/li>\n<li class=\"\" data-start=\"2217\" data-end=\"2262\">\n<p class=\"\" data-start=\"2219\" data-end=\"2262\"><strong data-start=\"2219\" data-end=\"2239\">Duraci\u00f3n del curso:<\/strong> 1-2 semanas (flexible)<\/p>\n<\/li>\n<li class=\"\" data-start=\"2263\" data-end=\"2319\">\n<p class=\"\" data-start=\"2265\" data-end=\"2319\"><strong data-start=\"2265\" data-end=\"2284\">Disponible del:<\/strong> 31 de marzo al 27 de octubre de 2025<\/p>\n<\/li>\n<li class=\"\" data-start=\"2320\" data-end=\"2357\">\n<p class=\"\" data-start=\"2322\" data-end=\"2357\"><strong data-start=\"2322\" data-end=\"2338\">D\u00edas de clase:<\/strong> De lunes a viernes<\/p>\n<\/li>\n<li class=\"\" data-start=\"2358\" data-end=\"2412\">\n<p class=\"\" data-start=\"2360\" data-end=\"2412\"><strong data-start=\"2360\" data-end=\"2371\">Niveles:<\/strong> A1 a B2 (C1 y C2 mediante clases particulares)<\/p>\n<\/li>\n<li class=\"\" data-start=\"2413\" data-end=\"2451\">\n<p class=\"\" data-start=\"2415\" data-end=\"2451\"><strong data-start=\"2415\" data-end=\"2430\">Tama\u00f1o del grupo:<\/strong> 6 de media, m\u00e1x. 12<\/p>\n<\/li>\n<li class=\"\" data-start=\"2452\" data-end=\"2537\">\n<p class=\"\" data-start=\"2454\" data-end=\"2537\"><strong data-start=\"2454\" data-end=\"2470\">Fechas de inicio:<\/strong> Todos los lunes con conocimiento previo. Fechas seleccionadas para principiantes. <\/p>\n<\/li>\n<\/ul>\n<p class=\"\" data-start=\"2539\" data-end=\"2554\"><strong data-start=\"2539\" data-end=\"2552\">Horario:<\/strong><\/p>\n<ul data-start=\"2555\" data-end=\"2775\">\n<li class=\"\" data-start=\"2555\" data-end=\"2597\">\n<p class=\"\" data-start=\"2557\" data-end=\"2597\">9:30-11:10 &#8211; Primer bloque (clase en grupo)<\/p>\n<\/li>\n<li class=\"\" data-start=\"2598\" data-end=\"2648\">\n<p class=\"\" data-start=\"2600\" data-end=\"2648\">11:25-13:05 &#8211; Segundo bloque (profesor diferente)<\/p>\n<\/li>\n<li class=\"\" data-start=\"2649\" data-end=\"2705\">\n<p class=\"\" data-start=\"2651\" data-end=\"2705\">13:20-14:10 &#8211; Sesiones de clase al aire libre (lunes, mi\u00e9rcoles y jueves)<\/p>\n<\/li>\n<li class=\"\" data-start=\"2706\" data-end=\"2775\">\n<p class=\"\" data-start=\"2708\" data-end=\"2775\">14:15-15:05 (o 8:00-9:30) &#8211; Sesiones extra de autoaprendizaje supervisado<\/p>\n<\/li>\n<\/ul>\n<p class=\"\" data-start=\"2777\" data-end=\"2796\"><strong data-start=\"2777\" data-end=\"2794\">Enfoque del curso:<\/strong><\/p>\n<ul data-start=\"2797\" data-end=\"2908\">\n<li class=\"\" data-start=\"2797\" data-end=\"2867\">\n<p class=\"\" data-start=\"2799\" data-end=\"2867\">Gram\u00e1tica, vocabulario, conversaci\u00f3n y pronunciaci\u00f3n a tu nivel<\/p>\n<\/li>\n<li class=\"\" data-start=\"2868\" data-end=\"2908\">\n<p class=\"\" data-start=\"2870\" data-end=\"2908\">M\u00e9todo interactivo y comunicativo<\/p>\n<\/li>\n<\/ul>\n<p class=\"\" data-start=\"2910\" data-end=\"3132\">Durante las sesiones de estudio extra, trabajas de forma independiente en materiales preasignados bajo la supervisi\u00f3n de un profesor. Aunque no se imparte como una clase particular, el profesor est\u00e1 disponible para cualquier pregunta que puedas tener. <\/p>\n<p data-start=\"3036\" data-end=\"3310\">   <div class=\"pricing-section\" id=\"pricing-section-main\">\n        <div class=\"pricing-content\">\n                            <h2>Precios<\/h2>\n<ul>\n<h3>Bildungsurlaub en Ibiza<\/h3>\n<div class=\"indented\">\n<li><strong>1 semana:<\/strong> 345\u20ac<\/li>\n<\/div>\n<div class=\"indented\">\n<li><strong>2 semanas:<\/strong> 670\u20ac<\/li>\n<\/div>\n<\/ul>\n<p>Si estos paquetes no se ajustan del todo a tus necesidades o deseas m\u00e1s informaci\u00f3n antes de tomar una decisi\u00f3n, no dudes en:<\/p>\n<div class=\"btn-grpp\">\n  <a class=\"btn-11\"><br \/>\n    <button>Cont\u00e1ctanos<\/button><br \/>\n  <\/a><br \/>\n  <a class=\"btn-22\" href=\"\/es\/calculadora-de-costes\/\"><br \/>\n    <button>Solicita un presupuesto<\/button><br \/>\n  <\/a>\n<\/div>\n                   <\/div>\n       <div class=\"pricing-image\">\n                            <img fetchpriority=\"high\" decoding=\"async\" src=\"https:\/\/maxxinstitutes.com\/wp-content\/uploads\/2024\/12\/6-2.png\" alt=\"Custom Product Image\" width=\"400\" height=\"400\" title=\"\">\n                 <\/div>\n\t   \n  <\/div>\n<style>\nbody {\nfont-family: Arial, sans-serif;\nmargin: 0;\npadding: 0;\nbackground-color: #f4f4f4;\n}\n\n.pricing-section {\n    display: flex;\n    align-items: center;\n    justify-content: center;\n    padding: 30px;\n    background: linear-gradient(135deg, #1c1e64, #5b6db8);\n    color: white;\n}\n\n.pricing-content {\nflex: 1;\npadding: 20px;\nmax-width: 50%;\n}\n\n.pricing-content h2 {\nfont-size: 36px;\nmargin-bottom: 20px;\n}\n\n.pricing-content ul {\nlist-style: none;\npadding: 0;\n}\n\n.pricing-content li {\nfont-size: 14px;\nmargin-bottom: 10px;\n}\n\n.pricing-content a {\ncolor: #96c8ff;\ntext-decoration: none;\n}\n\n.pricing-content a:hover {\ntext-decoration: underline;\n}\n\n.pricing-image {\nflex: 1;\nmax-width: 50%;\ndisplay: flex;\njustify-content: center;\nalign-items: center;\npadding: 20px;\n}\n\n.pricing-image img {\nmax-width: 100%;\nborder-radius: 10px;\n}\n\n\/* Responsive Design *\/\n@media (max-width: 768px) {\n.pricing-section {\nflex-direction: column;\ntext-align: center;\t\n}\n.pricing-content {\n    justify-items: center;\n}\n.pricing-content, .pricing-image {\nmax-width: 100%;\n}\n}\n#pricing-section-main .pricing-content h2 {\n    color: #ffffff;\n    font-size: 27px;\n}\n\n#pricing-section-main .pricing-content h3 {\n    color: #ffffff;\n    font-size: 17px;\n}\n\n.indented {\n    margin-left: 26px;\n}\n\n.pricing-content ul {\n    list-style: disc;\n}\n.pricing-content li {\n    text-align: left;\n    margin-bottom: 13px;\n}\n#pricing-section-main .pricing-content p {\n    font-size: 12px;\n}\n@media and (max-width: 768px){\ndiv#pricing-section-main {\n    padding: 20px;\n}\n}\ndiv#pricing-section-main {\n   margin-bottom: 20px;\n}\n\t.pricing-content h3 {\n    text-align: left!important;\n}\n\/* \t17-02-25 *\/\n\t.btn-grpp {\n    display: flex;\n}\na.btn-22 {\n    margin-left: 12px;\n}\n.pricing-image {\n    max-width: fit-content;\n}\n\t.btn-grpp button {\n    color: #020c1a;\n    border-radius: 3px;\n}\n<\/style>\n    <\/p>\n","protected":false},"excerpt":{"rendered":"<ul data-start=\"143\" data-end=\"348\">\n<li class=\"\" data-start=\"143\" data-end=\"213\">\n<p class=\"\" data-start=\"145\" data-end=\"213\"><strong data-start=\"145\" data-end=\"168\">30 clases semanales<\/strong> &#8211; reconocidas oficialmente para Bildungsurlaub<\/p>\n<\/li>\n<li class=\"\" data-start=\"214\" data-end=\"277\">\n<p class=\"\" data-start=\"216\" data-end=\"277\"><strong data-start=\"216\" data-end=\"255\">Grupos reducidos y profesores experimentados<\/strong> &#8211; para progresar r\u00e1pidamente<\/p>\n<\/li>\n<li class=\"\" data-start=\"278\" data-end=\"348\">\n<p class=\"\" data-start=\"280\" data-end=\"348\"><strong data-start=\"280\" data-end=\"309\">Ubicaci\u00f3n c\u00e9ntrica en la ciudad de Ibiza <\/strong>&#8211; curso de idiomas con ambiente vacacional<\/p>\n<\/li>\n<\/ul>\n","protected":false},"featured_media":23283,"comment_status":"closed","ping_status":"closed","template":"","meta":[],"product_brand":[],"product_cat":[270,296],"product_tag":[],"class_list":{"0":"post-16566","1":"product","2":"type-product","3":"status-publish","4":"has-post-thumbnail","6":"product_cat-cursos-de-espanol-en-ibiza","7":"product_cat-sobre-todo","9":"first","10":"instock","11":"shipping-taxable","12":"purchasable","13":"product-type-variable","14":"has-default-attributes"},"_links":{"self":[{"href":"https:\/\/maxxinstitutes.com\/es\/wp-json\/wp\/v2\/product\/16566","targetHints":{"allow":["GET"]}}],"collection":[{"href":"https:\/\/maxxinstitutes.com\/es\/wp-json\/wp\/v2\/product"}],"about":[{"href":"https:\/\/maxxinstitutes.com\/es\/wp-json\/wp\/v2\/types\/product"}],"replies":[{"embeddable":true,"href":"https:\/\/maxxinstitutes.com\/es\/wp-json\/wp\/v2\/comments?post=16566"}],"wp:featuredmedia":[{"embeddable":true,"href":"https:\/\/maxxinstitutes.com\/es\/wp-json\/wp\/v2\/media\/23283"}],"wp:attachment":[{"href":"https:\/\/maxxinstitutes.com\/es\/wp-json\/wp\/v2\/media?parent=16566"}],"wp:term":[{"taxonomy":"product_brand","embeddable":true,"href":"https:\/\/maxxinstitutes.com\/es\/wp-json\/wp\/v2\/product_brand?post=16566"},{"taxonomy":"product_cat","embeddable":true,"href":"https:\/\/maxxinstitutes.com\/es\/wp-json\/wp\/v2\/product_cat?post=16566"},{"taxonomy":"product_tag","embeddable":true,"href":"https:\/\/maxxinstitutes.com\/es\/wp-json\/wp\/v2\/product_tag?post=16566"}],"curies":[{"name":"wp","href":"https:\/\/api.w.org\/{rel}","templated":true}]}}