{"id":16497,"date":"2024-12-10T21:13:25","date_gmt":"2024-12-10T21:13:25","guid":{"rendered":"http:\/\/maxxinstitutes.com\/?post_type=product&#038;p=16497"},"modified":"2026-01-16T19:55:16","modified_gmt":"2026-01-16T19:55:16","slug":"curso-combinado-204-clases-de-espanol-en-ibiza","status":"publish","type":"product","link":"https:\/\/maxxinstitutes.com\/es\/producto\/curso-combinado-204-clases-de-espanol-en-ibiza\/","title":{"rendered":"Curso combinado 20+4 clases de espa\u00f1ol en Ibiza"},"content":{"rendered":"<ul>\n<li>20 clases en grupo + 4 clases individuales a la semana<\/li>\n<li>Lecciones por semana: 20 horas de clases en grupo + 4 clases particulares<br \/>\n<strong>2025 Disponible del: 31.03.2025 al 27.10.2025 (si no, clases particulares)<\/strong><strong>Contenido y objetivos:<\/strong><\/li>\n<li>Conversaci\u00f3n y gram\u00e1tica a tu nivel<\/li>\n<li>Niveles: De A1 a B2. Para alumnos con niveles C1 y C2 ofrecemos clases particulares. <\/li>\n<li>Actividades de ocio: 3 por semana incluidas<\/li>\n<li>Duraci\u00f3n del curso: 1-52 semanas (de libre elecci\u00f3n)<\/li>\n<li>Duraci\u00f3n de las clases: 4 clases al d\u00eda de 50 minutos cada unaHorario<strong>:<\/strong><\/li>\n<li>entre las 8:00-9:00 o despu\u00e9s de las 14:15 (a convenir tras la reserva), clases particulares<br \/>\n9.30-11.10 a.m., primer bloque, dos clases en grupo<br \/>\n11.10-11.25 pausa<br \/>\n11.25-13.05, segundo bloque, dos clases en grupo<br \/>\n13:20-14:05, actividad de ocio (si se desea), lunes, martes y jueves<\/li>\n<li>Tama\u00f1o del grupo: Media de 6, m\u00e1ximo de 12 participantes<\/li>\n<li>Fechas de inicio: Todos los lunes, con conocimientos previos.<\/li>\n<\/ul>\n<p data-start=\"3036\" data-end=\"3310\">   <div class=\"pricing-section\" id=\"pricing-section-main\">\n        <div class=\"pricing-content\">\n                            <h2>Precios<\/h2>\n<ul>\n<h3>Curso combinado 20+4 lecciones\/semana<\/h3>\n<div class=\"indented\">\n<li><strong>1 semana:<\/strong> 385\u20ac<\/li>\n<\/div>\n<div class=\"indented\">\n<li><strong>2\u20138 semanas:<\/strong> 337\u20ac<\/li>\n<\/div>\n<div class=\"indented\">\n<li><strong>9\u201324 semanas:<\/strong> 282\u20ac<\/li>\n<\/div>\n<div class=\"indented\">\n<li><strong>24+ semanas:<\/strong> 272\u20ac<\/li>\n<\/div>\n<\/ul>\n<p>Si estos paquetes no se ajustan del todo a tus necesidades o deseas m\u00e1s informaci\u00f3n antes de tomar una decisi\u00f3n, no dudes en:<\/p>\n<div class=\"btn-grpp\">\n  <a class=\"btn-11\" href=\"\/es\/ponte-en-contacto-con\/\"><br \/>\n    <button>Cont\u00e1ctanos<\/button><br \/>\n  <\/a><br \/>\n  <a class=\"btn-22\" href=\"\/es\/calculadora-de-costes\/\"><br \/>\n    <button>Solicita un presupuesto<\/button><br \/>\n  <\/a>\n<\/div>\n                   <\/div>\n       <div class=\"pricing-image\">\n                            <img fetchpriority=\"high\" decoding=\"async\" src=\"https:\/\/maxxinstitutes.com\/wp-content\/uploads\/2024\/12\/7-1.png\" alt=\"Custom Product Image\" width=\"400\" height=\"400\" title=\"\">\n                 <\/div>\n\t   \n  <\/div>\n<style>\nbody {\nfont-family: Arial, sans-serif;\nmargin: 0;\npadding: 0;\nbackground-color: #f4f4f4;\n}\n\n.pricing-section {\n    display: flex;\n    align-items: center;\n    justify-content: center;\n    padding: 30px;\n    background: linear-gradient(135deg, #1c1e64, #5b6db8);\n    color: white;\n}\n\n.pricing-content {\nflex: 1;\npadding: 20px;\nmax-width: 50%;\n}\n\n.pricing-content h2 {\nfont-size: 36px;\nmargin-bottom: 20px;\n}\n\n.pricing-content ul {\nlist-style: none;\npadding: 0;\n}\n\n.pricing-content li {\nfont-size: 14px;\nmargin-bottom: 10px;\n}\n\n.pricing-content a {\ncolor: #96c8ff;\ntext-decoration: none;\n}\n\n.pricing-content a:hover {\ntext-decoration: underline;\n}\n\n.pricing-image {\nflex: 1;\nmax-width: 50%;\ndisplay: flex;\njustify-content: center;\nalign-items: center;\npadding: 20px;\n}\n\n.pricing-image img {\nmax-width: 100%;\nborder-radius: 10px;\n}\n\n\/* Responsive Design *\/\n@media (max-width: 768px) {\n.pricing-section {\nflex-direction: column;\ntext-align: center;\t\n}\n.pricing-content {\n    justify-items: center;\n}\n.pricing-content, .pricing-image {\nmax-width: 100%;\n}\n}\n#pricing-section-main .pricing-content h2 {\n    color: #ffffff;\n    font-size: 27px;\n}\n\n#pricing-section-main .pricing-content h3 {\n    color: #ffffff;\n    font-size: 17px;\n}\n\n.indented {\n    margin-left: 26px;\n}\n\n.pricing-content ul {\n    list-style: disc;\n}\n.pricing-content li {\n    text-align: left;\n    margin-bottom: 13px;\n}\n#pricing-section-main .pricing-content p {\n    font-size: 12px;\n}\n@media and (max-width: 768px){\ndiv#pricing-section-main {\n    padding: 20px;\n}\n}\ndiv#pricing-section-main {\n   margin-bottom: 20px;\n}\n\t.pricing-content h3 {\n    text-align: left!important;\n}\n\/* \t17-02-25 *\/\n\t.btn-grpp {\n    display: flex;\n}\na.btn-22 {\n    margin-left: 12px;\n}\n.pricing-image {\n    max-width: fit-content;\n}\n\t.btn-grpp button {\n    color: #020c1a;\n    border-radius: 3px;\n}\n<\/style>\n    <\/p>\n","protected":false},"excerpt":{"rendered":"<ul>\n<li>Curso de espa\u00f1ol para cualquier nivel (de principiante a avanzado)<\/li>\n<li>Disponible de abril a noviembre<\/li>\n<li>Para fechas de inicio en otros meses, consulta <strong>Clases particulares<\/strong><\/li>\n<li>Elige entre 1 \u00f3 2 semanas (para m\u00e1s semanas, ponte en contacto con nosotros)<\/li>\n<\/ul>\n","protected":false},"featured_media":23248,"comment_status":"closed","ping_status":"closed","template":"","meta":[],"product_brand":[],"product_cat":[270,436],"product_tag":[],"class_list":{"0":"post-16497","1":"product","2":"type-product","3":"status-publish","4":"has-post-thumbnail","6":"product_cat-cursos-de-espanol-en-ibiza","7":"product_cat-cursos-power-ibiza","9":"first","10":"instock","11":"shipping-taxable","12":"purchasable","13":"product-type-variable"},"_links":{"self":[{"href":"https:\/\/maxxinstitutes.com\/es\/wp-json\/wp\/v2\/product\/16497","targetHints":{"allow":["GET"]}}],"collection":[{"href":"https:\/\/maxxinstitutes.com\/es\/wp-json\/wp\/v2\/product"}],"about":[{"href":"https:\/\/maxxinstitutes.com\/es\/wp-json\/wp\/v2\/types\/product"}],"replies":[{"embeddable":true,"href":"https:\/\/maxxinstitutes.com\/es\/wp-json\/wp\/v2\/comments?post=16497"}],"wp:featuredmedia":[{"embeddable":true,"href":"https:\/\/maxxinstitutes.com\/es\/wp-json\/wp\/v2\/media\/23248"}],"wp:attachment":[{"href":"https:\/\/maxxinstitutes.com\/es\/wp-json\/wp\/v2\/media?parent=16497"}],"wp:term":[{"taxonomy":"product_brand","embeddable":true,"href":"https:\/\/maxxinstitutes.com\/es\/wp-json\/wp\/v2\/product_brand?post=16497"},{"taxonomy":"product_cat","embeddable":true,"href":"https:\/\/maxxinstitutes.com\/es\/wp-json\/wp\/v2\/product_cat?post=16497"},{"taxonomy":"product_tag","embeddable":true,"href":"https:\/\/maxxinstitutes.com\/es\/wp-json\/wp\/v2\/product_tag?post=16497"}],"curies":[{"name":"wp","href":"https:\/\/api.w.org\/{rel}","templated":true}]}}