{"id":16444,"date":"2024-12-10T21:04:49","date_gmt":"2024-12-10T21:04:49","guid":{"rendered":"http:\/\/maxxinstitutes.com\/?post_type=product&#038;p=16444"},"modified":"2025-07-28T09:59:37","modified_gmt":"2025-07-28T09:59:37","slug":"30-clases-en-grupo-a-la-semana-en-ibiza","status":"publish","type":"product","link":"https:\/\/maxxinstitutes.com\/es\/producto\/30-clases-en-grupo-a-la-semana-en-ibiza\/","title":{"rendered":"30 Clases en Grupo a la semana en Ibiza"},"content":{"rendered":"<h2 data-start=\"143\" data-end=\"201\">Curso Superintensivo de Espa\u00f1ol &#8211; 30 Lecciones por Semana<\/h2>\n<h3 data-start=\"202\" data-end=\"217\">\u00bfPor qu\u00e9 Ibiza?<\/h3>\n<p data-start=\"219\" data-end=\"506\">Aprende espa\u00f1ol en el para\u00edso. Rodeada de aguas turquesas, pueblos encalados y vibrante energ\u00eda isle\u00f1a, nuestra escuela de Ibiza ofrece un entorno tranquilo pero inspirador para una inmersi\u00f3n total. Situada cerca de la playa y del casco antiguo, es la mezcla perfecta de estudio y estilo de vida isle\u00f1o.<\/p>\n<p data-start=\"508\" data-end=\"805\">Nuestra <strong>experiencia de inmersi\u00f3n en espa\u00f1ol m\u00e1s completa<\/strong>, ideal para estudiantes que desean combinar un progreso centrado con la belleza de las Baleares. <strong>Reconocido como Bildungsurlaub <\/strong>en muchos estados alemanes, este curso ofrece una mezcla de clases en el aula, aprendizaje al aire libre y pr\u00e1cticas personalizadas en minigrupos.<\/p>\n<h3 data-start=\"812\" data-end=\"830\">Detalles de la clase:<\/h3>\n<ul>\n<li data-start=\"832\" data-end=\"1085\"><strong data-start=\"832\" data-end=\"848\">Tipo de curso:<\/strong> Superintensivo de espa\u00f1ol (reconocido para Bildungsurlaub)<\/li>\n<li data-start=\"832\" data-end=\"1085\"><strong data-start=\"907\" data-end=\"928\">Lecciones por semana:<\/strong> 30<br data-start=\"931\" data-end=\"934\" \/>&#8211; 20 clases en grupo en el aula<br data-start=\"969\" data-end=\"972\" \/>&#8211; 3 clases en grupo fuera del aula (inmersi\u00f3n cultural)<br data-start=\"1032\" data-end=\"1035\" \/>&#8211; 7 clases extra en grupos reducidos (1-4 estudiantes)<\/li>\n<li data-start=\"1087\" data-end=\"1172\"><strong data-start=\"1087\" data-end=\"1107\">Duraci\u00f3n del curso:<\/strong> 1-52 semanas (de libre elecci\u00f3n)<\/li>\n<li data-start=\"1087\" data-end=\"1172\"><strong data-start=\"1141\" data-end=\"1159\">Duraci\u00f3n de la lecci\u00f3n:<\/strong> 50 minutos<\/li>\n<li data-start=\"1087\" data-end=\"1172\"><strong data-start=\"1174\" data-end=\"1188\">Horario:<br \/>\n<\/strong>De lunes a viernes:<br \/>\n&#8211; 08:00-09:30 &#8211; Gram\u00e1tica y conversaci\u00f3n extra en minigrupos (tambi\u00e9n posible a partir de las 14:15)<br \/>\n&#8211; 09:30-11:10 &#8211; Primer bloque: 2 clases en grupo con un profesor<br \/>\n&#8211; 11:10-11:25 &#8211; Pausa<br \/>\n&#8211; 11:25-13:05 &#8211; Segundo bloque: 2 clases en grupo con un segundo profesor<br \/>\n&#8211; 13:20-14:10 &#8211; Tercer bloque: Clases culturales fuera del aula los lunes, mi\u00e9rcoles y jueves<\/li>\n<li data-start=\"1087\" data-end=\"1172\"><strong data-start=\"1558\" data-end=\"1569\">Niveles:<\/strong> De A1 a B2 &#8211; Para los niveles C1-C2, recomendamos clases particulares.<\/li>\n<li data-start=\"1087\" data-end=\"1172\"><strong data-start=\"1638\" data-end=\"1653\">Tama\u00f1o del grupo:<\/strong> Media de 6 alumnos, m\u00e1x. 12<\/li>\n<li data-start=\"1087\" data-end=\"1172\"><strong data-start=\"1685\" data-end=\"1706\">Fechas de inicio 2025: <\/strong>Todos los lunes del 31 de marzo al 31 de octubre de 2025<br \/>\n&#8211; Adecuado para todos los estudiantes con conocimientos previos.<br \/>\n&#8211; Principiantes completos: fechas de inicio espec\u00edficas disponibles bajo petici\u00f3n.<\/li>\n<li data-start=\"1087\" data-end=\"1172\"><strong data-start=\"1883\" data-end=\"1896\">Profesores:<\/strong> Un m\u00ednimo de 2 profesores nativos rotatorios a la semana, para que haya variedad, exposici\u00f3n a los acentos y una experiencia de aprendizaje m\u00e1s din\u00e1mica.<\/li>\n<\/ul>\n<h3 data-start=\"2025\" data-end=\"2045\">Qu\u00e9 incluye:<\/h3>\n<ul>\n<li data-start=\"2049\" data-end=\"2122\">Actividades de ocio: Actividades culturales y sociales semanales en la isla<\/li>\n<li data-start=\"2125\" data-end=\"2192\">Cuota de inscripci\u00f3n: 0 euros &#8211; reserva directamente con nosotros sin costes ocultos<\/li>\n<li data-start=\"2195\" data-end=\"2285\">Servicios adicionales: Prueba de nivel, certificado del curso, opciones de alojamiento disponibles<\/li>\n<\/ul>\n<h3 data-start=\"2292\" data-end=\"2328\">\u00bfPor qu\u00e9 elegir este curso en Ibiza?<\/h3>\n<ul>\n<li data-start=\"2332\" data-end=\"2374\">Estudia espa\u00f1ol mientras disfrutas de la vida isle\u00f1a<\/li>\n<li data-start=\"2377\" data-end=\"2444\">Grupos reducidos y rotaci\u00f3n de profesores para un aprendizaje personalizado<\/li>\n<li data-start=\"2447\" data-end=\"2519\">Practica tu espa\u00f1ol en actividades culturales fuera del aula<\/li>\n<li data-start=\"2522\" data-end=\"2615\">Mezcla ideal de educaci\u00f3n, relajaci\u00f3n y aventura en una de las islas m\u00e1s bellas de Europa<\/li>\n<\/ul>\n<p data-start=\"3036\" data-end=\"3310\">   <div class=\"pricing-section\" id=\"pricing-section-main\">\n        <div class=\"pricing-content\">\n                            <h2>Precios<\/h2>\n<ul>\n<h3>30 clases grupales\/semana<\/h3>\n<div class=\"indented\">\n<li><strong>1\u20134 semanas:<\/strong> 345\u20ac<\/li>\n<\/div>\n<div class=\"indented\">\n<li><strong>5\u20138 semanas:<\/strong> 335\u20ac por semana<\/li>\n<\/div>\n<div class=\"indented\">\n<li><strong>9\u201324 semanas:<\/strong> 295\u20ac por semana<\/li>\n<\/div>\n<div class=\"indented\">\n<li><strong>24+ semanas:<\/strong> 285\u20ac por semana<\/li>\n<\/div>\n<\/ul>\n<p>Si estos paquetes no se ajustan del todo a tus necesidades o deseas m\u00e1s informaci\u00f3n antes de tomar una decisi\u00f3n, no dudes en:<\/p>\n<div class=\"btn-grpp\">\n  <a class=\"btn-11\" href=\"\/es\/ponte-en-contacto-con\/\"><br \/>\n    <button>Cont\u00e1ctanos<\/button><br \/>\n  <\/a><br \/>\n  <a class=\"btn-22\" href=\"\/es\/calculadora-de-costes\/\"><br \/>\n    <button>Solicita un presupuesto<\/button><br \/>\n  <\/a>\n<\/div>\n                   <\/div>\n       <div class=\"pricing-image\">\n                            <img fetchpriority=\"high\" decoding=\"async\" src=\"https:\/\/maxxinstitutes.com\/wp-content\/uploads\/2024\/12\/Black-White-Modern-Handwritten-Square-Studio-Logo.png\" alt=\"Custom Product Image\" width=\"400\" height=\"400\" title=\"\">\n                 <\/div>\n\t   \n  <\/div>\n<style>\nbody {\nfont-family: Arial, sans-serif;\nmargin: 0;\npadding: 0;\nbackground-color: #f4f4f4;\n}\n\n.pricing-section {\n    display: flex;\n    align-items: center;\n    justify-content: center;\n    padding: 30px;\n    background: linear-gradient(135deg, #1c1e64, #5b6db8);\n    color: white;\n}\n\n.pricing-content {\nflex: 1;\npadding: 20px;\nmax-width: 50%;\n}\n\n.pricing-content h2 {\nfont-size: 36px;\nmargin-bottom: 20px;\n}\n\n.pricing-content ul {\nlist-style: none;\npadding: 0;\n}\n\n.pricing-content li {\nfont-size: 14px;\nmargin-bottom: 10px;\n}\n\n.pricing-content a {\ncolor: #96c8ff;\ntext-decoration: none;\n}\n\n.pricing-content a:hover {\ntext-decoration: underline;\n}\n\n.pricing-image {\nflex: 1;\nmax-width: 50%;\ndisplay: flex;\njustify-content: center;\nalign-items: center;\npadding: 20px;\n}\n\n.pricing-image img {\nmax-width: 100%;\nborder-radius: 10px;\n}\n\n\/* Responsive Design *\/\n@media (max-width: 768px) {\n.pricing-section {\nflex-direction: column;\ntext-align: center;\t\n}\n.pricing-content {\n    justify-items: center;\n}\n.pricing-content, .pricing-image {\nmax-width: 100%;\n}\n}\n#pricing-section-main .pricing-content h2 {\n    color: #ffffff;\n    font-size: 27px;\n}\n\n#pricing-section-main .pricing-content h3 {\n    color: #ffffff;\n    font-size: 17px;\n}\n\n.indented {\n    margin-left: 26px;\n}\n\n.pricing-content ul {\n    list-style: disc;\n}\n.pricing-content li {\n    text-align: left;\n    margin-bottom: 13px;\n}\n#pricing-section-main .pricing-content p {\n    font-size: 12px;\n}\n@media and (max-width: 768px){\ndiv#pricing-section-main {\n    padding: 20px;\n}\n}\ndiv#pricing-section-main {\n   margin-bottom: 20px;\n}\n\t.pricing-content h3 {\n    text-align: left!important;\n}\n\/* \t17-02-25 *\/\n\t.btn-grpp {\n    display: flex;\n}\na.btn-22 {\n    margin-left: 12px;\n}\n.pricing-image {\n    max-width: fit-content;\n}\n\t.btn-grpp button {\n    color: #020c1a;\n    border-radius: 3px;\n}\n<\/style>\n    <\/p>\n","protected":false},"excerpt":{"rendered":"<ul>\n<li class=\"\" data-start=\"131\" data-end=\"199\">\n<p class=\"\" data-start=\"133\" data-end=\"199\">Curso superintensivo de espa\u00f1ol en Ibiza con 30 clases semanales en grupo<\/p>\n<\/li>\n<li class=\"\" data-start=\"200\" data-end=\"272\">\n<p class=\"\" data-start=\"202\" data-end=\"272\">Acelera tu fluidez con m\u00e1s tiempo de clase y actividades atractivas<\/p>\n<\/li>\n<li class=\"\" data-start=\"273\" data-end=\"341\">\n<p class=\"\" data-start=\"275\" data-end=\"341\">Grupos disponibles de abril a noviembre<\/p>\n<\/li>\n<li class=\"\" data-start=\"273\" data-end=\"341\">\n<p class=\"\" data-start=\"275\" data-end=\"341\">\u00bfQuieres estudiar fuera de estos meses? \u00a1Explora nuestras Clases particulares flexibles!<\/p>\n<div class=\"elementor-element elementor-element-a5ff117 elementor-widget elementor-widget-woocommerce-product-short-description\" data-id=\"a5ff117\" data-element_type=\"widget\" data-widget_type=\"woocommerce-product-short-description.default\">\n<div class=\"elementor-widget-container\">\n<div class=\"woocommerce-product-details__short-description\"><\/div>\n<\/div>\n<\/div>\n<div class=\"elementor-element elementor-element-238fc0e elementor-align-left elementor-mobile-align-left elementor-widget elementor-widget-button\" data-id=\"238fc0e\" data-element_type=\"widget\" data-widget_type=\"button.default\">\n<div class=\"elementor-widget-container\">\n<div class=\"elementor-button-wrapper\"><\/div>\n<\/div>\n<\/div>\n<\/li>\n<\/ul>\n","protected":false},"featured_media":23234,"comment_status":"closed","ping_status":"closed","template":"","meta":[],"product_brand":[],"product_cat":[270,296],"product_tag":[],"class_list":{"0":"post-16444","1":"product","2":"type-product","3":"status-publish","4":"has-post-thumbnail","6":"product_cat-cursos-de-espanol-en-ibiza","7":"product_cat-sobre-todo","9":"first","10":"instock","11":"shipping-taxable","12":"purchasable","13":"product-type-variable"},"_links":{"self":[{"href":"https:\/\/maxxinstitutes.com\/es\/wp-json\/wp\/v2\/product\/16444","targetHints":{"allow":["GET"]}}],"collection":[{"href":"https:\/\/maxxinstitutes.com\/es\/wp-json\/wp\/v2\/product"}],"about":[{"href":"https:\/\/maxxinstitutes.com\/es\/wp-json\/wp\/v2\/types\/product"}],"replies":[{"embeddable":true,"href":"https:\/\/maxxinstitutes.com\/es\/wp-json\/wp\/v2\/comments?post=16444"}],"wp:featuredmedia":[{"embeddable":true,"href":"https:\/\/maxxinstitutes.com\/es\/wp-json\/wp\/v2\/media\/23234"}],"wp:attachment":[{"href":"https:\/\/maxxinstitutes.com\/es\/wp-json\/wp\/v2\/media?parent=16444"}],"wp:term":[{"taxonomy":"product_brand","embeddable":true,"href":"https:\/\/maxxinstitutes.com\/es\/wp-json\/wp\/v2\/product_brand?post=16444"},{"taxonomy":"product_cat","embeddable":true,"href":"https:\/\/maxxinstitutes.com\/es\/wp-json\/wp\/v2\/product_cat?post=16444"},{"taxonomy":"product_tag","embeddable":true,"href":"https:\/\/maxxinstitutes.com\/es\/wp-json\/wp\/v2\/product_tag?post=16444"}],"curies":[{"name":"wp","href":"https:\/\/api.w.org\/{rel}","templated":true}]}}