{"id":16316,"date":"2024-12-10T20:57:42","date_gmt":"2024-12-10T20:57:42","guid":{"rendered":"http:\/\/maxxinstitutes.com\/?post_type=product&#038;p=16316"},"modified":"2025-07-28T10:18:15","modified_gmt":"2025-07-28T10:18:15","slug":"20-clases-en-grupo-a-la-semana-en-ibiza","status":"publish","type":"product","link":"https:\/\/maxxinstitutes.com\/es\/producto\/20-clases-en-grupo-a-la-semana-en-ibiza\/","title":{"rendered":"20 Clases en grupo a la semana en Ibiza"},"content":{"rendered":"<h2>Espa\u00f1ol General &#8211; 20 Lecciones en Grupo a la Semana<\/h2>\n<h3>\u00bfPor qu\u00e9 Ibiza?<\/h3>\n<p>Aprende espa\u00f1ol en uno de los entornos mediterr\u00e1neos m\u00e1s bellos. Ibiza no s\u00f3lo es famosa por sus playas y su ambiente relajado, tambi\u00e9n es un lugar ideal para sumergirte de lleno en la lengua espa\u00f1ola. Nuestra moderna escuela de idiomas est\u00e1 situada en el coraz\u00f3n de la ciudad de Ibiza, ofreciendo la combinaci\u00f3n perfecta de aprendizaje intensivo y estilo de vida isle\u00f1o.<\/p>\n<h3>Detalles del curso:<\/h3>\n<ul>\n<li data-start=\"645\" data-end=\"685\"><strong data-start=\"645\" data-end=\"665\">Lecciones por semana<\/strong>: 20 clases en grupo<\/li>\n<li data-start=\"688\" data-end=\"747\"><strong data-start=\"688\" data-end=\"706\">Contenido del curso<\/strong>: Espa\u00f1ol general en tu nivel actual<\/li>\n<li data-start=\"750\" data-end=\"832\"><strong data-start=\"750\" data-end=\"768\">Niveles ofrecidos<\/strong>: A1 a B2<br data-start=\"778\" data-end=\"781\" \/><em data-start=\"783\" data-end=\"830\">(Para C1 y C2, recomendamos clases particulares)<\/em><\/li>\n<li data-start=\"835\" data-end=\"907\"><strong data-start=\"835\" data-end=\"847\">Profesores<\/strong>: Profesores nativos altamente cualificados con titulaci\u00f3n universitaria<\/li>\n<li data-start=\"910\" data-end=\"1005\"><strong data-start=\"910\" data-end=\"926\">Formato de las clases<\/strong>: Profesores que rotan para mejorar el aprendizaje a trav\u00e9s de diferentes acentos y m\u00e9todos<\/li>\n<li data-start=\"1008\" data-end=\"1060\"><strong data-start=\"1008\" data-end=\"1022\">Tama\u00f1o del grupo<\/strong>: Media de 6, m\u00e1ximo de 12 participantes<\/li>\n<li data-start=\"1063\" data-end=\"1098\"><strong data-start=\"1063\" data-end=\"1078\">Edad de los estudiantes<\/strong>: M\u00ednimo 18 a\u00f1os<\/li>\n<li data-start=\"1126\" data-end=\"1239\"><strong data-start=\"1126\" data-end=\"1149\">Disponibilidad del curso<\/strong>: del 31 de marzo al 27 de octubre de 2025<br data-start=\"1178\" data-end=\"1181\" \/><em data-start=\"1183\" data-end=\"1237\">(Fuera de este periodo, se imparten clases particulares)<\/em><\/li>\n<li data-start=\"1242\" data-end=\"1290\"><strong data-start=\"1242\" data-end=\"1254\">Duraci\u00f3n<\/strong>: De 1 a 52 semanas (reserva flexible)<\/li>\n<li data-start=\"1293\" data-end=\"1315\"><strong data-start=\"1293\" data-end=\"1312\">Horario de las clases<\/strong>:\n<ul data-start=\"1318\" data-end=\"1542\">\n<li data-start=\"1318\" data-end=\"1377\">\n<p data-start=\"1320\" data-end=\"1377\">09:30 &#8211; 11:10: Primer bloque (2 clases con un profesor)<\/p>\n<\/li>\n<li data-start=\"1380\" data-end=\"1404\">\n<p data-start=\"1382\" data-end=\"1404\">11:10 &#8211; 11:25: Pausa<\/p>\n<\/li>\n<li data-start=\"1407\" data-end=\"1471\">\n<p data-start=\"1409\" data-end=\"1471\">11:25 &#8211; 13:05: Segundo bloque (2 clases con otro profesor)<\/p>\n<\/li>\n<li data-start=\"1474\" data-end=\"1542\">\n<p data-start=\"1476\" data-end=\"1542\">13:20 &#8211; 14:10: Actividad social\/cultural opcional (Lun, Mie, Jue)<\/p>\n<\/li>\n<\/ul>\n<\/li>\n<li data-start=\"1545\" data-end=\"1587\"><strong data-start=\"1545\" data-end=\"1562\">Duraci\u00f3n de la<\/strong> clase: 50 minutos por clase<\/li>\n<li data-start=\"1590\" data-end=\"1647\"><strong data-start=\"1590\" data-end=\"1605\">Fechas de inicio<\/strong>: Todos los lunes (con conocimientos previos)<\/li>\n<li data-start=\"1652\" data-end=\"1704\">Principiantes completos: Fechas de inicio seleccionadas disponibles<\/li>\n<\/ul>\n<div class=\"bt_bb_text\">\n<h3><strong>Qu\u00e9 incluye:<\/strong><\/h3>\n<ul>\n<li data-start=\"1733\" data-end=\"1800\"><strong data-start=\"1733\" data-end=\"1755\">Actividades de ocio<\/strong>: 3 actividades culturales y sociales por semana<\/li>\n<li data-start=\"1803\" data-end=\"1874\"><strong data-start=\"1803\" data-end=\"1823\">Cuota de inscripci\u00f3n<\/strong>: 0 euros &#8211; reserva directamente con nosotros sin costes ocultos<\/li>\n<li data-start=\"1877\" data-end=\"1971\"><strong data-start=\"1877\" data-end=\"1900\">Servicios adicionales<\/strong>: Prueba de nivel, certificado del curso, opciones de alojamiento disponibles<\/li>\n<\/ul>\n<h3><strong>\u00bfPor qu\u00e9 elegir este curso en Ibiza?<\/strong><\/h3>\n<ul>\n<li>Grupos reducidos y atenci\u00f3n personalizada<\/li>\n<li>Profesores rotativos = m\u00e1s acentos, m\u00e1s exposici\u00f3n, m\u00e1s progreso<\/li>\n<li>Combina vida playera, cultura y aprendizaje de idiomas en uno de los destinos m\u00e1s bellos de Europa<\/li>\n<\/ul>\n<\/div>\n<p data-start=\"3036\" data-end=\"3310\">   <div class=\"pricing-section\" id=\"pricing-section-main\">\n        <div class=\"pricing-content\">\n                            <h2>Precios<\/h2>\n<ul>\n<h3>20 clases grupales\/semana<\/h3>\n<div class=\"indented\">\n<li><strong>1 semana:<\/strong> 229\u20ac<\/li>\n<\/div>\n<div class=\"indented\">\n<li><strong>2\u20138 semanas:<\/strong> 209\u20ac por semana<\/li>\n<\/div>\n<div class=\"indented\">\n<li><strong>9\u201324 semanas:<\/strong> 170\u20ac por semana<\/li>\n<\/div>\n<div class=\"indented\">\n<li><strong>24+ semanas:<\/strong> 160\u20ac por semana<\/li>\n<\/div>\n<\/ul>\n<p>Si estos paquetes no se ajustan del todo a tus necesidades o deseas m\u00e1s informaci\u00f3n antes de tomar una decisi\u00f3n, no dudes en:<\/p>\n<div class=\"btn-grpp\">\n  <a class=\"btn-11\" href=\"\/es\/ponte-en-contacto-con\/\"><br \/>\n    <button>Cont\u00e1ctanos<\/button><br \/>\n  <\/a><br \/>\n  <a class=\"btn-22\" href=\"\/es\/calculadora-de-costes\/\"><br \/>\n    <button>Solicita un presupuesto<\/button><br \/>\n  <\/a>\n<\/div>\n                   <\/div>\n       <div class=\"pricing-image\">\n                            <img fetchpriority=\"high\" decoding=\"async\" src=\"https:\/\/maxxinstitutes.com\/wp-content\/uploads\/2024\/12\/1-1.png\" alt=\"Custom Product Image\" width=\"400\" height=\"400\" title=\"\">\n                 <\/div>\n\t   \n  <\/div>\n<style>\nbody {\nfont-family: Arial, sans-serif;\nmargin: 0;\npadding: 0;\nbackground-color: #f4f4f4;\n}\n\n.pricing-section {\n    display: flex;\n    align-items: center;\n    justify-content: center;\n    padding: 30px;\n    background: linear-gradient(135deg, #1c1e64, #5b6db8);\n    color: white;\n}\n\n.pricing-content {\nflex: 1;\npadding: 20px;\nmax-width: 50%;\n}\n\n.pricing-content h2 {\nfont-size: 36px;\nmargin-bottom: 20px;\n}\n\n.pricing-content ul {\nlist-style: none;\npadding: 0;\n}\n\n.pricing-content li {\nfont-size: 14px;\nmargin-bottom: 10px;\n}\n\n.pricing-content a {\ncolor: #96c8ff;\ntext-decoration: none;\n}\n\n.pricing-content a:hover {\ntext-decoration: underline;\n}\n\n.pricing-image {\nflex: 1;\nmax-width: 50%;\ndisplay: flex;\njustify-content: center;\nalign-items: center;\npadding: 20px;\n}\n\n.pricing-image img {\nmax-width: 100%;\nborder-radius: 10px;\n}\n\n\/* Responsive Design *\/\n@media (max-width: 768px) {\n.pricing-section {\nflex-direction: column;\ntext-align: center;\t\n}\n.pricing-content {\n    justify-items: center;\n}\n.pricing-content, .pricing-image {\nmax-width: 100%;\n}\n}\n#pricing-section-main .pricing-content h2 {\n    color: #ffffff;\n    font-size: 27px;\n}\n\n#pricing-section-main .pricing-content h3 {\n    color: #ffffff;\n    font-size: 17px;\n}\n\n.indented {\n    margin-left: 26px;\n}\n\n.pricing-content ul {\n    list-style: disc;\n}\n.pricing-content li {\n    text-align: left;\n    margin-bottom: 13px;\n}\n#pricing-section-main .pricing-content p {\n    font-size: 12px;\n}\n@media and (max-width: 768px){\ndiv#pricing-section-main {\n    padding: 20px;\n}\n}\ndiv#pricing-section-main {\n   margin-bottom: 20px;\n}\n\t.pricing-content h3 {\n    text-align: left!important;\n}\n\/* \t17-02-25 *\/\n\t.btn-grpp {\n    display: flex;\n}\na.btn-22 {\n    margin-left: 12px;\n}\n.pricing-image {\n    max-width: fit-content;\n}\n\t.btn-grpp button {\n    color: #020c1a;\n    border-radius: 3px;\n}\n<\/style>\n    <\/p>\n","protected":false},"excerpt":{"rendered":"<ul>\n<li>\u00danete a nuestras vibrantes clases de espa\u00f1ol en Ibiza, disponibles de abril a noviembre<\/li>\n<li>Grupos reducidos, profesores expertos y un entorno divertido y envolvente para mejorar tu espa\u00f1ol r\u00e1pidamente, tanto si acabas de empezar como si est\u00e1s perfeccionando tus conocimientos.<\/li>\n<li><em data-start=\"453\" data-end=\"531\">\u00bfQuieres estudiar fuera de estos meses? \u00a1Explora nuestras Clases particulares flexibles! <\/em><\/li>\n<\/ul>\n","protected":false},"featured_media":23227,"comment_status":"closed","ping_status":"closed","template":"","meta":[],"product_brand":[],"product_cat":[270,296],"product_tag":[],"class_list":{"0":"post-16316","1":"product","2":"type-product","3":"status-publish","4":"has-post-thumbnail","6":"product_cat-cursos-de-espanol-en-ibiza","7":"product_cat-sobre-todo","9":"first","10":"instock","11":"shipping-taxable","12":"purchasable","13":"product-type-variable"},"_links":{"self":[{"href":"https:\/\/maxxinstitutes.com\/es\/wp-json\/wp\/v2\/product\/16316","targetHints":{"allow":["GET"]}}],"collection":[{"href":"https:\/\/maxxinstitutes.com\/es\/wp-json\/wp\/v2\/product"}],"about":[{"href":"https:\/\/maxxinstitutes.com\/es\/wp-json\/wp\/v2\/types\/product"}],"replies":[{"embeddable":true,"href":"https:\/\/maxxinstitutes.com\/es\/wp-json\/wp\/v2\/comments?post=16316"}],"wp:featuredmedia":[{"embeddable":true,"href":"https:\/\/maxxinstitutes.com\/es\/wp-json\/wp\/v2\/media\/23227"}],"wp:attachment":[{"href":"https:\/\/maxxinstitutes.com\/es\/wp-json\/wp\/v2\/media?parent=16316"}],"wp:term":[{"taxonomy":"product_brand","embeddable":true,"href":"https:\/\/maxxinstitutes.com\/es\/wp-json\/wp\/v2\/product_brand?post=16316"},{"taxonomy":"product_cat","embeddable":true,"href":"https:\/\/maxxinstitutes.com\/es\/wp-json\/wp\/v2\/product_cat?post=16316"},{"taxonomy":"product_tag","embeddable":true,"href":"https:\/\/maxxinstitutes.com\/es\/wp-json\/wp\/v2\/product_tag?post=16316"}],"curies":[{"name":"wp","href":"https:\/\/api.w.org\/{rel}","templated":true}]}}