{"id":15673,"date":"2024-09-18T10:38:09","date_gmt":"2024-09-18T10:38:09","guid":{"rendered":"http:\/\/maxxinstitutes.com\/product\/curso-de-espanol-por-la-tarde-en-palma-de-mallorca\/"},"modified":"2026-02-03T17:30:40","modified_gmt":"2026-02-03T17:30:40","slug":"curso-de-espanol-por-la-tarde-en-palma-de-mallorca","status":"publish","type":"product","link":"https:\/\/maxxinstitutes.com\/es\/producto\/curso-de-espanol-por-la-tarde-en-palma-de-mallorca\/","title":{"rendered":"Curso de Espa\u00f1ol por la Tarde en Palma de Mallorca"},"content":{"rendered":"<h2 data-start=\"169\" data-end=\"428\">Clases nocturnas de espa\u00f1ol en Palma de Mallorca<\/h2>\n<p data-start=\"169\" data-end=\"428\">Nuestras clases nocturnas de espa\u00f1ol en Palma son perfectas para los expatriados que viven en Palma y trabajan o estudian durante el d\u00eda. Dise\u00f1adas para quienes no pueden asistir a un programa intensivo diurno, estas clases a tiempo parcial ofrecen una forma flexible y eficaz de mejorar tus conocimientos de espa\u00f1ol. <\/p>\n<h3><strong data-start=\"430\" data-end=\"448\">Detalles de la clase:<\/strong><\/h3>\n<ul data-start=\"449\" data-end=\"1135\">\n<li data-start=\"449\" data-end=\"586\"><strong data-start=\"451\" data-end=\"472\">Clases por semana:<\/strong> 4 clases en grupo de 50 minutos cada una (dos los lunes y dos los mi\u00e9rcoles o dos los martes y dos los jueves)<\/li>\n<li data-start=\"587\" data-end=\"659\"><strong data-start=\"589\" data-end=\"603\">Horario:<\/strong> Lunes\/mi\u00e9rcoles o martes\/jueves, 19:30-21:10<\/li>\n<li data-start=\"660\" data-end=\"811\"><strong data-start=\"662\" data-end=\"682\">Duraci\u00f3n del curso:<\/strong> 4-52 semanas. 2 semanas de pausa durante las Navidades (\u00faltima clase el 20 de diciembre, reanudaci\u00f3n el 7 de enero). Se recuperar\u00e1n todas las clases. <\/li>\n<li data-start=\"812\" data-end=\"888\"><strong data-start=\"814\" data-end=\"827\">Localizaci\u00f3n:<\/strong> Institutos Maxx, Avenida Portugal 1, 07012 Palma de Mallorca<\/li>\n<li data-start=\"889\" data-end=\"1075\"><strong data-start=\"891\" data-end=\"902\">Niveles:<\/strong> Principiantes completos (A1) a avanzados (C1). Los nuevos grupos comienzan en fechas concretas, y los alumnos pueden incorporarse en cualquier momento tras realizar una prueba de nivel gratuita (sin obligaci\u00f3n de apuntarse). <\/li>\n<li data-start=\"1076\" data-end=\"1135\"><strong data-start=\"1078\" data-end=\"1093\">Tama\u00f1o de las clases:<\/strong> M\u00ednimo 3 alumnos, media 6, m\u00e1ximo 12<\/li>\n<\/ul>\n<h3 data-start=\"1137\" data-end=\"1170\"><strong data-start=\"1137\" data-end=\"1170\">Contenido y metodolog\u00eda del curso:<\/strong><\/h3>\n<ul data-start=\"1171\" data-end=\"1964\">\n<li data-prosemirror-content-type=\"node\" data-prosemirror-node-name=\"listItem\" data-prosemirror-node-block=\"true\" data-pm-slice=\"2 2 [\"bulletList\",{\"localId\":null}]\">\n<p data-prosemirror-content-type=\"node\" data-prosemirror-node-name=\"paragraph\" data-prosemirror-node-block=\"true\"><strong data-prosemirror-content-type=\"mark\" data-prosemirror-mark-name=\"strong\">Niveles:<\/strong> Principiantes completos (A1) a avanzados (C1). Los nuevos grupos comienzan en fechas concretas, y los alumnos pueden incorporarse en cualquier momento tras realizar una prueba de nivel gratuita (sin obligaci\u00f3n de apuntarse). <\/p>\n<\/li>\n<li data-prosemirror-content-type=\"node\" data-prosemirror-node-name=\"listItem\" data-prosemirror-node-block=\"true\" data-pm-slice=\"2 2 [\"bulletList\",{\"localId\":null}]\">\n<p data-prosemirror-content-type=\"node\" data-prosemirror-node-name=\"paragraph\" data-prosemirror-node-block=\"true\"><strong data-prosemirror-content-type=\"mark\" data-prosemirror-mark-name=\"strong\">Materiales:<\/strong> Se requiere un libro para la clase, que puede adquirirse en la escuela (v\u00e1lido durante aproximadamente 3 meses). Preg\u00fantanos para m\u00e1s detalles. <\/p>\n<\/li>\n<li data-prosemirror-content-type=\"node\" data-prosemirror-node-name=\"listItem\" data-prosemirror-node-block=\"true\" data-pm-slice=\"2 2 [\"bulletList\",{\"localId\":null}]\">\n<p data-prosemirror-content-type=\"node\" data-prosemirror-node-name=\"paragraph\" data-prosemirror-node-block=\"true\"><strong data-start=\"1275\" data-end=\"1285\">Enfoque:<\/strong> Gram\u00e1tica y conversaci\u00f3n, con \u00e9nfasis en las 4 destrezas clave: hablar, escuchar, leer y escribir.<\/p>\n<\/li>\n<li data-prosemirror-content-type=\"node\" data-prosemirror-node-name=\"listItem\" data-prosemirror-node-block=\"true\" data-pm-slice=\"2 2 [\"bulletList\",{\"localId\":null}]\">\n<p data-prosemirror-content-type=\"node\" data-prosemirror-node-name=\"paragraph\" data-prosemirror-node-block=\"true\"><strong data-start=\"1393\" data-end=\"1406\">Enfoque:<\/strong> Lecciones integradas que combinan gram\u00e1tica, vocabulario y escenarios de comunicaci\u00f3n de la vida real.<\/p>\n<\/li>\n<li data-start=\"1680\" data-end=\"1964\"><strong data-start=\"1682\" data-end=\"1695\">Profesores:<\/strong> Instructores cualificados con titulaci\u00f3n universitaria que hablan ingl\u00e9s y potencialmente otras lenguas. Los profesores van rotando a lo largo del curso, lo que garantiza una experiencia de aprendizaje diversa. Experimentar\u00e1s diferentes estilos de ense\u00f1anza y acentos, simulando la comunicaci\u00f3n de la vida real.  <\/li>\n<\/ul>\n<h3 data-start=\"2237\" data-end=\"2258\"><strong data-start=\"2237\" data-end=\"2258\">Fechas de inicio 2026:<\/strong><\/h3>\n<ul>\n<li data-start=\"1094\" data-end=\"1268\"><strong data-start=\"1094\" data-end=\"1122\">Principiantes completos (A1):<\/strong><br data-start=\"1122\" data-end=\"1125\">Si eres nuevo en el espa\u00f1ol o est\u00e1s empezando desde cero, puedes unirte a uno de nuestros grupos de principiantes a partir de las fechas oficiales de inicio que se indican a continuaci\u00f3n.<\/li>\n<li data-start=\"1273\" data-end=\"1559\"><strong data-start=\"1273\" data-end=\"1310\">Estudiantes con conocimientos previos:<\/strong><br data-start=\"1310\" data-end=\"1313\">Si ya hablas algo de espa\u00f1ol, no necesitas esperar a una fecha de inicio. Tras completar nuestra prueba de nivel gratuita y sin compromiso, puedes unirte a un <strong data-start=\"1465\" data-end=\"1502\">grupo en curso de tu nivel exacto<\/strong> en cualquier momento del a\u00f1o, siempre que haya disponibilidad. <\/li>\n<\/ul>\n<ul class=\"ak-ul\" data-prosemirror-content-type=\"node\" data-prosemirror-node-name=\"bulletList\" data-prosemirror-node-block=\"true\">\n<li data-prosemirror-content-type=\"node\" data-prosemirror-node-name=\"listItem\" data-prosemirror-node-block=\"true\">\n<p data-prosemirror-content-type=\"node\" data-prosemirror-node-name=\"paragraph\" data-prosemirror-node-block=\"true\">3 y 5 de marzo<\/p>\n<\/li>\n<li data-prosemirror-content-type=\"node\" data-prosemirror-node-name=\"listItem\" data-prosemirror-node-block=\"true\">4 y 5 de mayo<\/li>\n<li data-prosemirror-content-type=\"node\" data-prosemirror-node-name=\"listItem\" data-prosemirror-node-block=\"true\">\n<p data-prosemirror-content-type=\"node\" data-prosemirror-node-name=\"paragraph\" data-prosemirror-node-block=\"true\">7 y 8 de julio<\/p>\n<\/li>\n<li data-prosemirror-content-type=\"node\" data-prosemirror-node-name=\"listItem\" data-prosemirror-node-block=\"true\">\n<p data-prosemirror-content-type=\"node\" data-prosemirror-node-name=\"paragraph\" data-prosemirror-node-block=\"true\">29 y 30 de septiembre<\/p>\n<\/li>\n<li data-prosemirror-content-type=\"node\" data-prosemirror-node-name=\"listItem\" data-prosemirror-node-block=\"true\">\n<p data-prosemirror-content-type=\"node\" data-prosemirror-node-name=\"paragraph\" data-prosemirror-node-block=\"true\">10 y 11 de noviembre<\/p>\n<\/li>\n<\/ul>\n<h3 data-prosemirror-content-type=\"node\" data-prosemirror-node-name=\"paragraph\" data-prosemirror-node-block=\"true\"><strong data-prosemirror-content-type=\"mark\" data-prosemirror-mark-name=\"strong\">Horario(s) de clases<\/strong><\/h3>\n<ul>\n<li data-prosemirror-content-type=\"node\" data-prosemirror-node-name=\"paragraph\" data-prosemirror-node-block=\"true\">Lunes\/mi\u00e9rcoles de 17:00 a 18:40 o de 19:00 a 20:40<\/li>\n<li data-prosemirror-content-type=\"node\" data-prosemirror-node-name=\"paragraph\" data-prosemirror-node-block=\"true\">Martes\/jueves y viernes: De 17:00 a 18:40 o de 19:00 a 20:40<\/li>\n<\/ul>\n<h3 data-prosemirror-content-type=\"node\" data-prosemirror-node-name=\"paragraph\" data-prosemirror-node-block=\"true\"><strong>Tenlo en cuenta:<\/strong><\/h3>\n<ul class=\"ak-ul\" data-prosemirror-content-type=\"node\" data-prosemirror-node-name=\"bulletList\" data-prosemirror-node-block=\"true\">\n<li data-prosemirror-content-type=\"node\" data-prosemirror-node-name=\"listItem\" data-prosemirror-node-block=\"true\">\n<p data-prosemirror-content-type=\"node\" data-prosemirror-node-name=\"paragraph\" data-prosemirror-node-block=\"true\">Puedes preguntar por otras posibles fechas de inicio, ya que unirse a un grupo en curso tambi\u00e9n puede ser posible, siempre que el nivel encaje.<\/p>\n<\/li>\n<li data-prosemirror-content-type=\"node\" data-prosemirror-node-name=\"listItem\" data-prosemirror-node-block=\"true\">\n<p data-prosemirror-content-type=\"node\" data-prosemirror-node-name=\"paragraph\" data-prosemirror-node-block=\"true\">Los horarios de las clases pueden variar ligeramente en funci\u00f3n de las necesidades organizativas.<\/p>\n<\/li>\n<li data-prosemirror-content-type=\"node\" data-prosemirror-node-name=\"listItem\" data-prosemirror-node-block=\"true\">\n<p data-prosemirror-content-type=\"node\" data-prosemirror-node-name=\"paragraph\" data-prosemirror-node-block=\"true\">Las fechas anteriores pueden estar sujetas a cambios por motivos de organizaci\u00f3n.<\/p>\n<\/li>\n<\/ul>\n<h3 data-start=\"2655\" data-end=\"2711\"><strong data-start=\"2655\" data-end=\"2671\">Certificado:<\/strong><\/h3>\n<p data-start=\"2655\" data-end=\"2711\">Tras completar un m\u00ednimo de 3 meses, disponible previa solicitud<\/p>\n<p>&nbsp;<\/p>\n<p data-start=\"3036\" data-end=\"3310\">   <div class=\"pricing-section\" id=\"pricing-section-main\">\n        <div class=\"pricing-content\">\n                            <h2>Precios<\/h2>\n<ul>\n<h3>Curso de espa\u00f1ol por la tarde. Sin matr\u00edcula.<\/h3>\n<div class=\"indented\">\n<li><strong>4 semanas:<\/strong> 125\u20ac<\/li>\n<\/div>\n<div class=\"indented\">\n<li><strong>8 semanas + 1 semana gratis:<\/strong> 250\u20ac<\/li>\n<\/div>\n<div class=\"indented\">\n<li><strong>12 semanas + 2 semanas gratis:<\/strong> 375\u20ac<\/li>\n<\/div>\n<div class=\"indented\">\n<li><strong>16 semanas + 3 semanas gratis:<\/strong> 500\u20ac<\/li>\n<\/div>\n<\/ul>\n<p>Si estos paquetes no se ajustan del todo a tus necesidades o deseas m\u00e1s detalles antes de tomar una decisi\u00f3n, no dudes en:<\/p>\n<div class=\"btn-grpp\">\n  <a class=\"btn-11\" href=\"\/es\/ponte-en-contacto-con\/\"><br \/>\n    <button>Cont\u00e1ctanos<\/button><br \/>\n  <\/a><br \/>\n  <a class=\"btn-22\" href=\"\/es\/calculadora-de-costes\/\"><br \/>\n    <button>Solicita un presupuesto<\/button><br \/>\n  <\/a>\n<\/div>\n                   <\/div>\n       <div class=\"pricing-image\">\n                            <img fetchpriority=\"high\" decoding=\"async\" src=\"https:\/\/maxxinstitutes.com\/wp-content\/uploads\/2024\/09\/spanish-evening-classes-palma.webp\" alt=\"Custom Product Image\" width=\"400\" height=\"400\" title=\"\">\n                 <\/div>\n\t   \n  <\/div>\n<style>\nbody {\nfont-family: Arial, sans-serif;\nmargin: 0;\npadding: 0;\nbackground-color: #f4f4f4;\n}\n\n.pricing-section {\n    display: flex;\n    align-items: center;\n    justify-content: center;\n    padding: 30px;\n    background: linear-gradient(135deg, #1c1e64, #5b6db8);\n    color: white;\n}\n\n.pricing-content {\nflex: 1;\npadding: 20px;\nmax-width: 50%;\n}\n\n.pricing-content h2 {\nfont-size: 36px;\nmargin-bottom: 20px;\n}\n\n.pricing-content ul {\nlist-style: none;\npadding: 0;\n}\n\n.pricing-content li {\nfont-size: 14px;\nmargin-bottom: 10px;\n}\n\n.pricing-content a {\ncolor: #96c8ff;\ntext-decoration: none;\n}\n\n.pricing-content a:hover {\ntext-decoration: underline;\n}\n\n.pricing-image {\nflex: 1;\nmax-width: 50%;\ndisplay: flex;\njustify-content: center;\nalign-items: center;\npadding: 20px;\n}\n\n.pricing-image img {\nmax-width: 100%;\nborder-radius: 10px;\n}\n\n\/* Responsive Design *\/\n@media (max-width: 768px) {\n.pricing-section {\nflex-direction: column;\ntext-align: center;\t\n}\n.pricing-content {\n    justify-items: center;\n}\n.pricing-content, .pricing-image {\nmax-width: 100%;\n}\n}\n#pricing-section-main .pricing-content h2 {\n    color: #ffffff;\n    font-size: 27px;\n}\n\n#pricing-section-main .pricing-content h3 {\n    color: #ffffff;\n    font-size: 17px;\n}\n\n.indented {\n    margin-left: 26px;\n}\n\n.pricing-content ul {\n    list-style: disc;\n}\n.pricing-content li {\n    text-align: left;\n    margin-bottom: 13px;\n}\n#pricing-section-main .pricing-content p {\n    font-size: 12px;\n}\n@media and (max-width: 768px){\ndiv#pricing-section-main {\n    padding: 20px;\n}\n}\ndiv#pricing-section-main {\n   margin-bottom: 20px;\n}\n\t.pricing-content h3 {\n    text-align: left!important;\n}\n\/* \t17-02-25 *\/\n\t.btn-grpp {\n    display: flex;\n}\na.btn-22 {\n    margin-left: 12px;\n}\n.pricing-image {\n    max-width: fit-content;\n}\n\t.btn-grpp button {\n    color: #020c1a;\n    border-radius: 3px;\n}\n<\/style>\n    <\/p>\n","protected":false},"excerpt":{"rendered":"<ul>\n<li>Clases nocturnas de espa\u00f1ol din\u00e1mico<\/li>\n<li>Aprendizaje asequible y ubicaci\u00f3n c\u00e9ntrica<\/li>\n<li>Experiencias profesores y escuela profesional<\/li>\n<\/ul>\n","protected":false},"featured_media":24791,"comment_status":"closed","ping_status":"closed","template":"","meta":[],"product_brand":[],"product_cat":[277,414],"product_tag":[],"class_list":{"0":"post-15673","1":"product","2":"type-product","3":"status-publish","4":"has-post-thumbnail","6":"product_cat-mallorca-es","7":"product_cat-mallorca-popular","9":"first","10":"instock","11":"shipping-taxable","12":"purchasable","13":"product-type-variable"},"_links":{"self":[{"href":"https:\/\/maxxinstitutes.com\/es\/wp-json\/wp\/v2\/product\/15673","targetHints":{"allow":["GET"]}}],"collection":[{"href":"https:\/\/maxxinstitutes.com\/es\/wp-json\/wp\/v2\/product"}],"about":[{"href":"https:\/\/maxxinstitutes.com\/es\/wp-json\/wp\/v2\/types\/product"}],"replies":[{"embeddable":true,"href":"https:\/\/maxxinstitutes.com\/es\/wp-json\/wp\/v2\/comments?post=15673"}],"wp:featuredmedia":[{"embeddable":true,"href":"https:\/\/maxxinstitutes.com\/es\/wp-json\/wp\/v2\/media\/24791"}],"wp:attachment":[{"href":"https:\/\/maxxinstitutes.com\/es\/wp-json\/wp\/v2\/media?parent=15673"}],"wp:term":[{"taxonomy":"product_brand","embeddable":true,"href":"https:\/\/maxxinstitutes.com\/es\/wp-json\/wp\/v2\/product_brand?post=15673"},{"taxonomy":"product_cat","embeddable":true,"href":"https:\/\/maxxinstitutes.com\/es\/wp-json\/wp\/v2\/product_cat?post=15673"},{"taxonomy":"product_tag","embeddable":true,"href":"https:\/\/maxxinstitutes.com\/es\/wp-json\/wp\/v2\/product_tag?post=15673"}],"curies":[{"name":"wp","href":"https:\/\/api.w.org\/{rel}","templated":true}]}}