{"id":15671,"date":"2024-09-18T10:38:02","date_gmt":"2024-09-18T10:38:02","guid":{"rendered":"http:\/\/maxxinstitutes.com\/product\/curso-intensivo-de-preparacion-d-e-l-e-2023\/"},"modified":"2026-01-16T20:09:35","modified_gmt":"2026-01-16T20:09:35","slug":"bildungsurlaub-en-palma-de-mallorca","status":"publish","type":"product","link":"https:\/\/maxxinstitutes.com\/es\/producto\/bildungsurlaub-en-palma-de-mallorca\/","title":{"rendered":"Bildungsurlaub en Palma de Mallorca"},"content":{"rendered":"<h2><strong>Bildungsurlaub en Mallorca<\/strong><\/h2>\n<p>El permiso Bildungsurlaub concede a los empleados 5 d\u00edas de permiso retribuido adicional al a\u00f1o por motivos de formaci\u00f3n. A algunos empleados se les permite combinar dos a\u00f1os de permiso por formaci\u00f3n, de modo que puedes coger hasta 10 d\u00edas de permiso por formaci\u00f3n para tu curso de espa\u00f1ol en Mallorca. <\/p>\n<p>Nuestros cursos de espa\u00f1ol de m\u00e1s de 30 clases semanales en Mallorca est\u00e1n reconocidos para permisos educativos en casi todos los estados federados.<\/p>\n<h2><strong>30 horas semanales &#8211; reconocidas oficialmente para Bildungsurlaub<\/strong><\/h2>\n<p data-start=\"4761\" data-end=\"4993\"><strong data-start=\"4761\" data-end=\"4778\">\u00bfPor qu\u00e9 Mallorca?<\/strong><br data-start=\"4778\" data-end=\"4781\">Aprende espa\u00f1ol mientras disfrutas del estilo de vida mediterr\u00e1neo. Nuestra c\u00e9ntrica escuela de Palma de Mallorca se encuentra en un espacioso edificio hist\u00f3rico: un entorno inspirador y relajante para tu viaje de aprendizaje. <\/p>\n<p data-start=\"4995\" data-end=\"5016\"><strong data-start=\"4995\" data-end=\"5014\">Detalles del curso:<\/strong><\/p>\n<ul data-start=\"5017\" data-end=\"5382\">\n<li data-start=\"5017\" data-end=\"5080\"><strong data-start=\"5019\" data-end=\"5038\">Horas semanales:<\/strong> 30 (incluidas sesiones de grupo y extraordinarias)<\/li>\n<li data-start=\"5081\" data-end=\"5135\"><strong data-start=\"5083\" data-end=\"5103\">Duraci\u00f3n del curso:<\/strong> 1-2 semanas (de libre elecci\u00f3n)<\/li>\n<li data-start=\"5136\" data-end=\"5192\"><strong data-start=\"5138\" data-end=\"5157\">Disponible del:<\/strong> 3 de marzo al 28 de noviembre de 2025<\/li>\n<li data-start=\"5193\" data-end=\"5230\"><strong data-start=\"5195\" data-end=\"5211\">D\u00edas de clase:<\/strong> De lunes a viernes<\/li>\n<li data-start=\"5231\" data-end=\"5279\"><strong data-start=\"5233\" data-end=\"5244\">Niveles:<\/strong> A1 a C1 (C2 en clases particulares)<\/li>\n<li data-start=\"5280\" data-end=\"5327\"><strong data-start=\"5282\" data-end=\"5297\">Tama\u00f1o del grupo:<\/strong> 6 de media, m\u00e1x. 12 alumnos<\/li>\n<li data-start=\"5328\" data-end=\"5382\"><strong data-start=\"5330\" data-end=\"5346\">Fechas de inicio:<\/strong> Todos los lunes &#8211; bienvenidos todos los niveles<\/li>\n<\/ul>\n<p data-start=\"5384\" data-end=\"5399\"><strong data-start=\"5384\" data-end=\"5397\">Horario:<\/strong><\/p>\n<ul data-start=\"5400\" data-end=\"5668\">\n<li data-start=\"5400\" data-end=\"5455\">8:00-9:30 (Mar-Vie): Sesiones extra en grupos reducidos<\/li>\n<li data-start=\"5456\" data-end=\"5489\">9:30-11:10: Primer bloque de grupo<\/li>\n<li data-start=\"5490\" data-end=\"5550\">11:25-13:05: Segundo bloque de grupo con un profesor diferente<\/li>\n<li data-start=\"5551\" data-end=\"5608\">13:20-14:05: Tercer bloque dentro\/fuera del aula<\/li>\n<li data-start=\"5609\" data-end=\"5668\">14:15-15:55 (para algunos estados): clases extra adicionales<\/li>\n<\/ul>\n<p data-start=\"5670\" data-end=\"5689\"><strong data-start=\"5670\" data-end=\"5687\">Enfoque del curso:<\/strong><\/p>\n<ul data-start=\"5690\" data-end=\"5771\">\n<li data-start=\"5690\" data-end=\"5716\">Conversaci\u00f3n y gram\u00e1tica<\/li>\n<li data-start=\"5717\" data-end=\"5771\">Progreso r\u00e1pido y eficaz adaptado a tu nivel<\/li>\n<\/ul>\n<p data-start=\"5773\" data-end=\"6006\">Durante las sesiones de estudio extra, trabajas de forma independiente en materiales preasignados bajo la supervisi\u00f3n del profesor. Aunque no est\u00e1n estructuradas como una clase particular, el profesor siempre est\u00e1 disponible para ayudarte con preguntas y comentarios. <\/p>\n<p data-start=\"3036\" data-end=\"3310\">   <div class=\"pricing-section\" id=\"pricing-section-main\">\n        <div class=\"pricing-content\">\n                            <h2>Precios<\/h2>\n<ul>\n<h3>Curso de formaci\u00f3n en Palma de Mallorca<\/h3>\n<div class=\"indented\">\n<li><strong>1 semana:<\/strong> 345\u20ac<\/li>\n<\/div>\n<div class=\"indented\">\n<li><strong>2 semanas:<\/strong> 670\u20ac<\/li>\n<\/div>\n<\/ul>\n<p>Si estos paquetes no se ajustan del todo a tus necesidades o deseas m\u00e1s detalles antes de tomar una decisi\u00f3n, no dudes en:<\/p>\n<div class=\"btn-grpp\">\n  <a class=\"btn-11\" href=\"\/es\/ponte-en-contacto-con\/\"><br \/>\n    <button>Cont\u00e1ctanos<\/button><br \/>\n  <\/a><br \/>\n  <a class=\"btn-22\" href=\"\/es\/calculadora-de-costes\/\"><br \/>\n    <button>Solicita un presupuesto<\/button><br \/>\n  <\/a>\n<\/div>\n                   <\/div>\n       <div class=\"pricing-image\">\n                            <img fetchpriority=\"high\" decoding=\"async\" src=\"https:\/\/maxxinstitutes.com\/wp-content\/uploads\/2024\/09\/Product-image-1.png\" alt=\"Custom Product Image\" width=\"400\" height=\"400\" title=\"\">\n                 <\/div>\n\t   \n  <\/div>\n<style>\nbody {\nfont-family: Arial, sans-serif;\nmargin: 0;\npadding: 0;\nbackground-color: #f4f4f4;\n}\n\n.pricing-section {\n    display: flex;\n    align-items: center;\n    justify-content: center;\n    padding: 30px;\n    background: linear-gradient(135deg, #1c1e64, #5b6db8);\n    color: white;\n}\n\n.pricing-content {\nflex: 1;\npadding: 20px;\nmax-width: 50%;\n}\n\n.pricing-content h2 {\nfont-size: 36px;\nmargin-bottom: 20px;\n}\n\n.pricing-content ul {\nlist-style: none;\npadding: 0;\n}\n\n.pricing-content li {\nfont-size: 14px;\nmargin-bottom: 10px;\n}\n\n.pricing-content a {\ncolor: #96c8ff;\ntext-decoration: none;\n}\n\n.pricing-content a:hover {\ntext-decoration: underline;\n}\n\n.pricing-image {\nflex: 1;\nmax-width: 50%;\ndisplay: flex;\njustify-content: center;\nalign-items: center;\npadding: 20px;\n}\n\n.pricing-image img {\nmax-width: 100%;\nborder-radius: 10px;\n}\n\n\/* Responsive Design *\/\n@media (max-width: 768px) {\n.pricing-section {\nflex-direction: column;\ntext-align: center;\t\n}\n.pricing-content {\n    justify-items: center;\n}\n.pricing-content, .pricing-image {\nmax-width: 100%;\n}\n}\n#pricing-section-main .pricing-content h2 {\n    color: #ffffff;\n    font-size: 27px;\n}\n\n#pricing-section-main .pricing-content h3 {\n    color: #ffffff;\n    font-size: 17px;\n}\n\n.indented {\n    margin-left: 26px;\n}\n\n.pricing-content ul {\n    list-style: disc;\n}\n.pricing-content li {\n    text-align: left;\n    margin-bottom: 13px;\n}\n#pricing-section-main .pricing-content p {\n    font-size: 12px;\n}\n@media and (max-width: 768px){\ndiv#pricing-section-main {\n    padding: 20px;\n}\n}\ndiv#pricing-section-main {\n   margin-bottom: 20px;\n}\n\t.pricing-content h3 {\n    text-align: left!important;\n}\n\/* \t17-02-25 *\/\n\t.btn-grpp {\n    display: flex;\n}\na.btn-22 {\n    margin-left: 12px;\n}\n.pricing-image {\n    max-width: fit-content;\n}\n\t.btn-grpp button {\n    color: #020c1a;\n    border-radius: 3px;\n}\n<\/style>\n    <\/p>\n","protected":false},"excerpt":{"rendered":"<ul data-start=\"143\" data-end=\"348\">\n<li class=\"\" data-start=\"143\" data-end=\"213\">\n<p class=\"\" data-start=\"145\" data-end=\"213\"><strong data-start=\"145\" data-end=\"168\">30 clases semanales<\/strong> &#8211; reconocidas oficialmente para Bildungsurlaub<\/p>\n<\/li>\n<li class=\"\" data-start=\"214\" data-end=\"277\">\n<p class=\"\" data-start=\"216\" data-end=\"277\"><strong data-start=\"216\" data-end=\"255\">Grupos reducidos y profesores experimentados<\/strong> &#8211; para progresar r\u00e1pidamente<\/p>\n<\/li>\n<li class=\"\" data-start=\"278\" data-end=\"348\">\n<p class=\"\" data-start=\"280\" data-end=\"348\"><strong data-start=\"280\" data-end=\"309\">Ubicaci\u00f3n c\u00e9ntrica en la ciudad de Ibiza <\/strong>&#8211; curso de idiomas con ambiente vacacional<\/p>\n<\/li>\n<\/ul>\n","protected":false},"featured_media":23297,"comment_status":"closed","ping_status":"closed","template":"","meta":[],"product_brand":[],"product_cat":[277,414],"product_tag":[],"class_list":{"0":"post-15671","1":"product","2":"type-product","3":"status-publish","4":"has-post-thumbnail","6":"product_cat-mallorca-es","7":"product_cat-mallorca-popular","9":"first","10":"instock","11":"shipping-taxable","12":"purchasable","13":"product-type-variable","14":"has-default-attributes"},"_links":{"self":[{"href":"https:\/\/maxxinstitutes.com\/es\/wp-json\/wp\/v2\/product\/15671","targetHints":{"allow":["GET"]}}],"collection":[{"href":"https:\/\/maxxinstitutes.com\/es\/wp-json\/wp\/v2\/product"}],"about":[{"href":"https:\/\/maxxinstitutes.com\/es\/wp-json\/wp\/v2\/types\/product"}],"replies":[{"embeddable":true,"href":"https:\/\/maxxinstitutes.com\/es\/wp-json\/wp\/v2\/comments?post=15671"}],"wp:featuredmedia":[{"embeddable":true,"href":"https:\/\/maxxinstitutes.com\/es\/wp-json\/wp\/v2\/media\/23297"}],"wp:attachment":[{"href":"https:\/\/maxxinstitutes.com\/es\/wp-json\/wp\/v2\/media?parent=15671"}],"wp:term":[{"taxonomy":"product_brand","embeddable":true,"href":"https:\/\/maxxinstitutes.com\/es\/wp-json\/wp\/v2\/product_brand?post=15671"},{"taxonomy":"product_cat","embeddable":true,"href":"https:\/\/maxxinstitutes.com\/es\/wp-json\/wp\/v2\/product_cat?post=15671"},{"taxonomy":"product_tag","embeddable":true,"href":"https:\/\/maxxinstitutes.com\/es\/wp-json\/wp\/v2\/product_tag?post=15671"}],"curies":[{"name":"wp","href":"https:\/\/api.w.org\/{rel}","templated":true}]}}