{"id":27905,"date":"2026-04-03T18:22:47","date_gmt":"2026-04-03T18:22:47","guid":{"rendered":"https:\/\/maxxinstitutes.com\/trabaja-con-nosotros\/"},"modified":"2026-04-03T23:02:51","modified_gmt":"2026-04-03T23:02:51","slug":"trabaja-con-nosotros","status":"publish","type":"page","link":"https:\/\/maxxinstitutes.com\/es\/trabaja-con-nosotros\/","title":{"rendered":"Trabaja con nosotros"},"content":{"rendered":"\t\t<div data-elementor-type=\"wp-page\" data-elementor-id=\"27905\" class=\"elementor elementor-27905 elementor-27902\" data-elementor-post-type=\"page\">\n\t\t\t\t<div class=\"elementor-element elementor-element-93b53f5 e-flex e-con-boxed e-con e-parent\" data-id=\"93b53f5\" data-element_type=\"container\" data-e-type=\"container\">\n\t\t\t\t\t<div class=\"e-con-inner\">\n\t\t<div class=\"elementor-element elementor-element-981bb4a e-con-full e-flex e-con e-child\" data-id=\"981bb4a\" data-element_type=\"container\" data-e-type=\"container\">\n\t\t\t\t<div class=\"elementor-element elementor-element-b2ede46 elementor-widget elementor-widget-heading\" data-id=\"b2ede46\" data-element_type=\"widget\" data-e-type=\"widget\" data-widget_type=\"heading.default\">\n\t\t\t\t<div class=\"elementor-widget-container\">\n\t\t\t\t\t<h2 class=\"elementor-heading-title elementor-size-default\">Trabaja con nosotros<\/h2>\t\t\t\t<\/div>\n\t\t\t\t<\/div>\n\t\t\t\t<div class=\"elementor-element elementor-element-6bafa48 color-scheme-inherit text-left elementor-widget elementor-widget-text-editor\" data-id=\"6bafa48\" data-element_type=\"widget\" data-e-type=\"widget\" data-widget_type=\"text-editor.default\">\n\t\t\t\t<div class=\"elementor-widget-container\">\n\t\t\t\t\t\t\t\t\t<h3 data-section-id=\"ir5c9s\" data-start=\"219\" data-end=\"270\">\u00danete a nuestro equipo internacional en Mallorca e Ibiza<\/h3><p data-start=\"272\" data-end=\"474\">En <strong data-start=\"275\" data-end=\"294\">los Institutos MAXX<\/strong> somos algo m\u00e1s que una escuela de idiomas.<br data-start=\"336\" data-end=\"339\">Somos un lugar donde personas de todo el mundo se re\u00fanen para <strong data-start=\"408\" data-end=\"473\">aprender, crecer, conectar y experimentar la vida en el Mediterr\u00e1neo<\/strong>.<\/p><p data-start=\"476\" data-end=\"591\">Si te apasionan los idiomas, las personas y crear experiencias significativas, nos encantar\u00eda conocerte.<\/p>\t\t\t\t\t\t\t\t<\/div>\n\t\t\t\t<\/div>\n\t\t\t\t<div class=\"elementor-element elementor-element-3c2c43f elementor-widget elementor-widget-button\" data-id=\"3c2c43f\" data-element_type=\"widget\" data-e-type=\"widget\" data-widget_type=\"button.default\">\n\t\t\t\t<div class=\"elementor-widget-container\">\n\t\t\t\t\t\t\t\t\t<div class=\"elementor-button-wrapper\">\n\t\t\t\t\t<a class=\"elementor-button elementor-button-link elementor-size-sm\" href=\"#addons\" application=\"\">\n\t\t\t\t\t\t<span class=\"elementor-button-content-wrapper\">\n\t\t\t\t\t\t\t\t\t<span class=\"elementor-button-text\">\u00a1Inscr\u00edbete ya!<\/span>\n\t\t\t\t\t<\/span>\n\t\t\t\t\t<\/a>\n\t\t\t\t<\/div>\n\t\t\t\t\t\t\t\t<\/div>\n\t\t\t\t<\/div>\n\t\t\t\t<\/div>\n\t\t<div class=\"elementor-element elementor-element-494d397 e-con-full e-flex e-con e-child\" data-id=\"494d397\" data-element_type=\"container\" data-e-type=\"container\">\n\t\t\t\t<div class=\"elementor-element elementor-element-e899671 elementor-widget elementor-widget-image\" data-id=\"e899671\" data-element_type=\"widget\" data-e-type=\"widget\" data-widget_type=\"image.default\">\n\t\t\t\t<div class=\"elementor-widget-container\">\n\t\t\t\t\t\t\t\t\t\t\t\t\t\t\t<img fetchpriority=\"high\" decoding=\"async\" width=\"515\" height=\"460\" src=\"https:\/\/maxxinstitutes.com\/wp-content\/uploads\/2024\/09\/Irene-Daniel-Founders.png\" class=\"attachment-full size-full wp-image-13950\" alt=\"\" srcset=\"https:\/\/maxxinstitutes.com\/wp-content\/uploads\/2024\/09\/Irene-Daniel-Founders.png 515w, https:\/\/maxxinstitutes.com\/wp-content\/uploads\/2024\/09\/Irene-Daniel-Founders-300x268.png 300w, https:\/\/maxxinstitutes.com\/wp-content\/uploads\/2024\/09\/Irene-Daniel-Founders-150x134.png 150w\" sizes=\"(max-width: 515px) 100vw, 515px\" title=\"\">\t\t\t\t\t\t\t\t\t\t\t\t\t\t\t<\/div>\n\t\t\t\t<\/div>\n\t\t\t\t<\/div>\n\t\t\t\t\t<\/div>\n\t\t\t\t<\/div>\n\t\t<div class=\"elementor-element elementor-element-9675eab e-flex e-con-boxed e-con e-parent\" data-id=\"9675eab\" data-element_type=\"container\" data-e-type=\"container\">\n\t\t\t\t\t<div class=\"e-con-inner\">\n\t\t\t\t<div class=\"elementor-element elementor-element-e32cb7d elementor-widget elementor-widget-heading\" data-id=\"e32cb7d\" data-element_type=\"widget\" data-e-type=\"widget\" data-widget_type=\"heading.default\">\n\t\t\t\t<div class=\"elementor-widget-container\">\n\t\t\t\t\t<h2 class=\"elementor-heading-title elementor-size-default\">Qui\u00e9nes somos<\/h2>\t\t\t\t<\/div>\n\t\t\t\t<\/div>\n\t\t\t\t\t<\/div>\n\t\t\t\t<\/div>\n\t\t<div class=\"elementor-element elementor-element-5264dbf e-flex e-con-boxed e-con e-parent\" data-id=\"5264dbf\" data-element_type=\"container\" data-e-type=\"container\">\n\t\t\t\t\t<div class=\"e-con-inner\">\n\t\t<div class=\"elementor-element elementor-element-3b0ba2f e-con-full e-flex e-con e-child\" data-id=\"3b0ba2f\" data-element_type=\"container\" data-e-type=\"container\">\n\t\t\t\t<div class=\"elementor-element elementor-element-ccab70f color-scheme-inherit text-left elementor-widget elementor-widget-text-editor\" data-id=\"ccab70f\" data-element_type=\"widget\" data-e-type=\"widget\" data-widget_type=\"text-editor.default\">\n\t\t\t\t<div class=\"elementor-widget-container\">\n\t\t\t\t\t\t\t\t\t<p data-start=\"614\" data-end=\"672\">Somos una escuela internacional de idiomas con sedes en:<\/p><p data-start=\"674\" data-end=\"713\">\ud83d\udccd <strong data-start=\"677\" data-end=\"698\">Palma de Mallorca<\/strong><br data-start=\"698\" data-end=\"701\">\ud83d\udccd <strong data-start=\"704\" data-end=\"713\">Ibiza<\/strong><\/p><p data-start=\"715\" data-end=\"890\">Desde 2008, hemos acogido a <strong data-start=\"744\" data-end=\"793\">miles de estudiantes de todo el mundo<\/strong>, ofreciendo programas de espa\u00f1ol e ingl\u00e9s de alta calidad en un <strong data-start=\"851\" data-end=\"889\">entorno moderno y de estilo boutique<\/strong>.<\/p><p data-start=\"892\" data-end=\"918\">Nuestras escuelas son conocidas por:<\/p><ul data-start=\"919\" data-end=\"1116\"><li data-section-id=\"cxzm4t\" data-start=\"919\" data-end=\"950\">grupos peque\u00f1os e internacionales<\/li><li data-section-id=\"1q42jir\" data-start=\"951\" data-end=\"989\">un ambiente cordial y personal<\/li><li data-section-id=\"v1h71s\" data-start=\"990\" data-end=\"1015\">alta calidad docente<\/li><li data-section-id=\"1flfbqx\" data-start=\"1016\" data-end=\"1074\">un fuerte enfoque en la comunicaci\u00f3n y el aprendizaje en la vida real<\/li><li data-section-id=\"g6pfgd\" data-start=\"1075\" data-end=\"1116\">un vibrante programa social y cultural<\/li><\/ul><p data-start=\"1118\" data-end=\"1235\">Creemos que aprender un idioma no es s\u00f3lo cuesti\u00f3n de gram\u00e1tica: es cuesti\u00f3n de <strong data-start=\"1193\" data-end=\"1234\">confianza, conexi\u00f3n y experiencia<\/strong>.<\/p>\t\t\t\t\t\t\t\t<\/div>\n\t\t\t\t<\/div>\n\t\t\t\t<\/div>\n\t\t\t\t\t<\/div>\n\t\t\t\t<\/div>\n\t\t<div class=\"elementor-element elementor-element-ba7feda e-flex e-con-boxed e-con e-parent\" data-id=\"ba7feda\" data-element_type=\"container\" data-e-type=\"container\">\n\t\t\t\t\t<div class=\"e-con-inner\">\n\t\t<div class=\"elementor-element elementor-element-8e12432 e-con-full e-flex e-con e-child\" data-id=\"8e12432\" data-element_type=\"container\" data-e-type=\"container\">\n\t\t\t\t<div class=\"elementor-element elementor-element-af1de4b elementor-widget elementor-widget-video\" data-id=\"af1de4b\" data-element_type=\"widget\" data-e-type=\"widget\" data-settings=\"{&quot;youtube_url&quot;:&quot;https:\\\/\\\/youtube.com\\\/shorts\\\/awyNf9JI39s?si=XMdGTKNjJVlYm3f4&quot;,&quot;video_type&quot;:&quot;youtube&quot;,&quot;controls&quot;:&quot;yes&quot;}\" data-widget_type=\"video.default\">\n\t\t\t\t<div class=\"elementor-widget-container\">\n\t\t\t\t\t\t\t<div class=\"elementor-wrapper elementor-open-inline\">\n\t\t\t<div class=\"elementor-video\"><\/div>\t\t<\/div>\n\t\t\t\t\t\t<\/div>\n\t\t\t\t<\/div>\n\t\t\t\t<\/div>\n\t\t<div class=\"elementor-element elementor-element-f42ba34 e-con-full e-flex e-con e-child\" data-id=\"f42ba34\" data-element_type=\"container\" data-e-type=\"container\">\n\t\t\t\t<div class=\"elementor-element elementor-element-b16c4ba elementor-widget elementor-widget-video\" data-id=\"b16c4ba\" data-element_type=\"widget\" data-e-type=\"widget\" data-settings=\"{&quot;youtube_url&quot;:&quot;https:\\\/\\\/youtu.be\\\/_gmb-ZVe5eY?si=Hgl0N0WB3v7724ii&quot;,&quot;video_type&quot;:&quot;youtube&quot;,&quot;controls&quot;:&quot;yes&quot;}\" data-widget_type=\"video.default\">\n\t\t\t\t<div class=\"elementor-widget-container\">\n\t\t\t\t\t\t\t<div class=\"elementor-wrapper elementor-open-inline\">\n\t\t\t<div class=\"elementor-video\"><\/div>\t\t<\/div>\n\t\t\t\t\t\t<\/div>\n\t\t\t\t<\/div>\n\t\t\t\t<\/div>\n\t\t\t\t\t<\/div>\n\t\t\t\t<\/div>\n\t\t<div class=\"elementor-element elementor-element-2ded66a e-flex e-con-boxed e-con e-parent\" data-id=\"2ded66a\" data-element_type=\"container\" data-e-type=\"container\">\n\t\t\t\t\t<div class=\"e-con-inner\">\n\t\t\t\t<div class=\"elementor-element elementor-element-dbb96a8 elementor-widget elementor-widget-spacer\" data-id=\"dbb96a8\" data-element_type=\"widget\" data-e-type=\"widget\" data-widget_type=\"spacer.default\">\n\t\t\t\t<div class=\"elementor-widget-container\">\n\t\t\t\t\t\t\t<div class=\"elementor-spacer\">\n\t\t\t<div class=\"elementor-spacer-inner\"><\/div>\n\t\t<\/div>\n\t\t\t\t\t\t<\/div>\n\t\t\t\t<\/div>\n\t\t\t\t<div class=\"elementor-element elementor-element-0064d5f elementor-widget elementor-widget-heading\" data-id=\"0064d5f\" data-element_type=\"widget\" data-e-type=\"widget\" data-widget_type=\"heading.default\">\n\t\t\t\t<div class=\"elementor-widget-container\">\n\t\t\t\t\t<h2 class=\"elementor-heading-title elementor-size-default\">\u00bfPor qu\u00e9 trabajar con nosotros?<\/h2>\t\t\t\t<\/div>\n\t\t\t\t<\/div>\n\t\t\t\t\t<\/div>\n\t\t\t\t<\/div>\n\t\t<div class=\"elementor-element elementor-element-8d236c8 e-flex e-con-boxed e-con e-parent\" data-id=\"8d236c8\" data-element_type=\"container\" data-e-type=\"container\">\n\t\t\t\t\t<div class=\"e-con-inner\">\n\t\t\t\t<div class=\"elementor-element elementor-element-d8bf571 color-scheme-inherit text-left elementor-widget elementor-widget-text-editor\" data-id=\"d8bf571\" data-element_type=\"widget\" data-e-type=\"widget\" data-widget_type=\"text-editor.default\">\n\t\t\t\t<div class=\"elementor-widget-container\">\n\t\t\t\t\t\t\t\t\t<p data-start=\"1266\" data-end=\"1332\">Trabajar en los Institutos MAXX significa formar parte de un equipo que valora:<\/p><p data-start=\"1334\" data-end=\"1415\"> <\/p>\t\t\t\t\t\t\t\t<\/div>\n\t\t\t\t<\/div>\n\t\t\t\t\t<\/div>\n\t\t\t\t<\/div>\n\t\t<div class=\"elementor-element elementor-element-78f9e47 e-flex e-con-boxed e-con e-parent\" data-id=\"78f9e47\" data-element_type=\"container\" data-e-type=\"container\">\n\t\t\t\t\t<div class=\"e-con-inner\">\n\t\t<div class=\"elementor-element elementor-element-a11eeed e-con-full e-flex e-con e-child\" data-id=\"a11eeed\" data-element_type=\"container\" data-e-type=\"container\">\n\t\t\t\t<div class=\"elementor-element elementor-element-c783661 elementor-view-default elementor-position-block-start elementor-mobile-position-block-start elementor-widget elementor-widget-icon-box\" data-id=\"c783661\" data-element_type=\"widget\" data-e-type=\"widget\" data-widget_type=\"icon-box.default\">\n\t\t\t\t<div class=\"elementor-widget-container\">\n\t\t\t\t\t\t\t<div class=\"elementor-icon-box-wrapper\">\n\n\t\t\t\t\t\t<div class=\"elementor-icon-box-icon\">\n\t\t\t\t<span  class=\"elementor-icon\">\n\t\t\t\t<svg aria-hidden=\"true\" class=\"e-font-icon-svg e-fas-star\" viewBox=\"0 0 576 512\" xmlns=\"http:\/\/www.w3.org\/2000\/svg\"><path d=\"M259.3 17.8L194 150.2 47.9 171.5c-26.2 3.8-36.7 36.1-17.7 54.6l105.7 103-25 145.5c-4.5 26.3 23.2 46 46.4 33.7L288 439.6l130.7 68.7c23.2 12.2 50.9-7.4 46.4-33.7l-25-145.5 105.7-103c19-18.5 8.5-50.8-17.7-54.6L382 150.2 316.7 17.8c-11.7-23.6-45.6-23.9-57.4 0z\"><\/path><\/svg>\t\t\t\t<\/span>\n\t\t\t<\/div>\n\t\t\t\n\t\t\t\t\t\t<div class=\"elementor-icon-box-content\">\n\n\t\t\t\t\t\t\t\t\t<h3 class=\"elementor-icon-box-title\">\n\t\t\t\t\t\t<span  >\n\t\t\t\t\t\t\tAmbiente positivo\t\t\t\t\t\t<\/span>\n\t\t\t\t\t<\/h3>\n\t\t\t\t\n\t\t\t\t\t\t\t\t\t<p class=\"elementor-icon-box-description\">\n\t\t\t\t\t\tUn entorno solidario, amistoso e internacional\t\t\t\t\t<\/p>\n\t\t\t\t\n\t\t\t<\/div>\n\t\t\t\n\t\t<\/div>\n\t\t\t\t\t\t<\/div>\n\t\t\t\t<\/div>\n\t\t\t\t<\/div>\n\t\t<div class=\"elementor-element elementor-element-4644ed4 e-con-full e-flex e-con e-child\" data-id=\"4644ed4\" data-element_type=\"container\" data-e-type=\"container\">\n\t\t\t\t<div class=\"elementor-element elementor-element-d48be72 elementor-view-default elementor-position-block-start elementor-mobile-position-block-start elementor-widget elementor-widget-icon-box\" data-id=\"d48be72\" data-element_type=\"widget\" data-e-type=\"widget\" data-widget_type=\"icon-box.default\">\n\t\t\t\t<div class=\"elementor-widget-container\">\n\t\t\t\t\t\t\t<div class=\"elementor-icon-box-wrapper\">\n\n\t\t\t\t\t\t<div class=\"elementor-icon-box-icon\">\n\t\t\t\t<span  class=\"elementor-icon\">\n\t\t\t\t<svg aria-hidden=\"true\" class=\"e-font-icon-svg e-fas-star\" viewBox=\"0 0 576 512\" xmlns=\"http:\/\/www.w3.org\/2000\/svg\"><path d=\"M259.3 17.8L194 150.2 47.9 171.5c-26.2 3.8-36.7 36.1-17.7 54.6l105.7 103-25 145.5c-4.5 26.3 23.2 46 46.4 33.7L288 439.6l130.7 68.7c23.2 12.2 50.9-7.4 46.4-33.7l-25-145.5 105.7-103c19-18.5 8.5-50.8-17.7-54.6L382 150.2 316.7 17.8c-11.7-23.6-45.6-23.9-57.4 0z\"><\/path><\/svg>\t\t\t\t<\/span>\n\t\t\t<\/div>\n\t\t\t\n\t\t\t\t\t\t<div class=\"elementor-icon-box-content\">\n\n\t\t\t\t\t\t\t\t\t<h3 class=\"elementor-icon-box-title\">\n\t\t\t\t\t\t<span  >\n\t\t\t\t\t\t\tIntercambio cultural\t\t\t\t\t\t<\/span>\n\t\t\t\t\t<\/h3>\n\t\t\t\t\n\t\t\t\t\t\t\t\t\t<p class=\"elementor-icon-box-description\">\n\t\t\t\t\t\tTrabajar con estudiantes y compa\u00f1eros de todo el mundo\t\t\t\t\t<\/p>\n\t\t\t\t\n\t\t\t<\/div>\n\t\t\t\n\t\t<\/div>\n\t\t\t\t\t\t<\/div>\n\t\t\t\t<\/div>\n\t\t\t\t<\/div>\n\t\t<div class=\"elementor-element elementor-element-7fdca53 e-con-full e-flex e-con e-child\" data-id=\"7fdca53\" data-element_type=\"container\" data-e-type=\"container\">\n\t\t\t\t<div class=\"elementor-element elementor-element-4b8a0ea elementor-view-default elementor-position-block-start elementor-mobile-position-block-start elementor-widget elementor-widget-icon-box\" data-id=\"4b8a0ea\" data-element_type=\"widget\" data-e-type=\"widget\" data-widget_type=\"icon-box.default\">\n\t\t\t\t<div class=\"elementor-widget-container\">\n\t\t\t\t\t\t\t<div class=\"elementor-icon-box-wrapper\">\n\n\t\t\t\t\t\t<div class=\"elementor-icon-box-icon\">\n\t\t\t\t<span  class=\"elementor-icon\">\n\t\t\t\t<svg aria-hidden=\"true\" class=\"e-font-icon-svg e-fas-star\" viewBox=\"0 0 576 512\" xmlns=\"http:\/\/www.w3.org\/2000\/svg\"><path d=\"M259.3 17.8L194 150.2 47.9 171.5c-26.2 3.8-36.7 36.1-17.7 54.6l105.7 103-25 145.5c-4.5 26.3 23.2 46 46.4 33.7L288 439.6l130.7 68.7c23.2 12.2 50.9-7.4 46.4-33.7l-25-145.5 105.7-103c19-18.5 8.5-50.8-17.7-54.6L382 150.2 316.7 17.8c-11.7-23.6-45.6-23.9-57.4 0z\"><\/path><\/svg>\t\t\t\t<\/span>\n\t\t\t<\/div>\n\t\t\t\n\t\t\t\t\t\t<div class=\"elementor-icon-box-content\">\n\n\t\t\t\t\t\t\t\t\t<h3 class=\"elementor-icon-box-title\">\n\t\t\t\t\t\t<span  >\n\t\t\t\t\t\t\tCrecimiento profesional\t\t\t\t\t\t<\/span>\n\t\t\t\t\t<\/h3>\n\t\t\t\t\n\t\t\t\t\t\t\t\t\t<p class=\"elementor-icon-box-description\">\n\t\t\t\t\t\tOportunidades para desarrollar tus habilidades y adquirir experiencia\t\t\t\t\t<\/p>\n\t\t\t\t\n\t\t\t<\/div>\n\t\t\t\n\t\t<\/div>\n\t\t\t\t\t\t<\/div>\n\t\t\t\t<\/div>\n\t\t\t\t<\/div>\n\t\t<div class=\"elementor-element elementor-element-f1c1709 e-con-full e-flex e-con e-child\" data-id=\"f1c1709\" data-element_type=\"container\" data-e-type=\"container\">\n\t\t\t\t<div class=\"elementor-element elementor-element-7062be4 elementor-view-default elementor-position-block-start elementor-mobile-position-block-start elementor-widget elementor-widget-icon-box\" data-id=\"7062be4\" data-element_type=\"widget\" data-e-type=\"widget\" data-widget_type=\"icon-box.default\">\n\t\t\t\t<div class=\"elementor-widget-container\">\n\t\t\t\t\t\t\t<div class=\"elementor-icon-box-wrapper\">\n\n\t\t\t\t\t\t<div class=\"elementor-icon-box-icon\">\n\t\t\t\t<span  class=\"elementor-icon\">\n\t\t\t\t<svg aria-hidden=\"true\" class=\"e-font-icon-svg e-fas-star\" viewBox=\"0 0 576 512\" xmlns=\"http:\/\/www.w3.org\/2000\/svg\"><path d=\"M259.3 17.8L194 150.2 47.9 171.5c-26.2 3.8-36.7 36.1-17.7 54.6l105.7 103-25 145.5c-4.5 26.3 23.2 46 46.4 33.7L288 439.6l130.7 68.7c23.2 12.2 50.9-7.4 46.4-33.7l-25-145.5 105.7-103c19-18.5 8.5-50.8-17.7-54.6L382 150.2 316.7 17.8c-11.7-23.6-45.6-23.9-57.4 0z\"><\/path><\/svg>\t\t\t\t<\/span>\n\t\t\t<\/div>\n\t\t\t\n\t\t\t\t\t\t<div class=\"elementor-icon-box-content\">\n\n\t\t\t\t\t\t\t\t\t<h3 class=\"elementor-icon-box-title\">\n\t\t\t\t\t\t<span  >\n\t\t\t\t\t\t\tEstilo de vida\t\t\t\t\t\t<\/span>\n\t\t\t\t\t<\/h3>\n\t\t\t\t\n\t\t\t\t\t\t\t\t\t<p class=\"elementor-icon-box-description\">\n\t\t\t\t\t\tVive y trabaja en uno de los destinos m\u00e1s bellos de Europa\t\t\t\t\t<\/p>\n\t\t\t\t\n\t\t\t<\/div>\n\t\t\t\n\t\t<\/div>\n\t\t\t\t\t\t<\/div>\n\t\t\t\t<\/div>\n\t\t\t\t<\/div>\n\t\t\t\t\t<\/div>\n\t\t\t\t<\/div>\n\t\t<div class=\"elementor-element elementor-element-12fbaf0 e-flex e-con-boxed e-con e-parent\" data-id=\"12fbaf0\" data-element_type=\"container\" data-e-type=\"container\">\n\t\t\t\t\t<div class=\"e-con-inner\">\n\t\t\t\t<div class=\"elementor-element elementor-element-cb95d76 elementor-widget elementor-widget-spacer\" data-id=\"cb95d76\" data-element_type=\"widget\" data-e-type=\"widget\" data-widget_type=\"spacer.default\">\n\t\t\t\t<div class=\"elementor-widget-container\">\n\t\t\t\t\t\t\t<div class=\"elementor-spacer\">\n\t\t\t<div class=\"elementor-spacer-inner\"><\/div>\n\t\t<\/div>\n\t\t\t\t\t\t<\/div>\n\t\t\t\t<\/div>\n\t\t\t\t\t<\/div>\n\t\t\t\t<\/div>\n\t\t<div class=\"elementor-element elementor-element-72af4e6 e-flex e-con-boxed e-con e-parent\" data-id=\"72af4e6\" data-element_type=\"container\" data-e-type=\"container\">\n\t\t\t\t\t<div class=\"e-con-inner\">\n\t\t<div class=\"elementor-element elementor-element-d630aa6 e-con-full e-flex e-con e-child\" data-id=\"d630aa6\" data-element_type=\"container\" data-e-type=\"container\">\n\t\t\t\t<div class=\"elementor-element elementor-element-b16a6cb color-scheme-inherit text-left elementor-widget elementor-widget-text-editor\" data-id=\"b16a6cb\" data-element_type=\"widget\" data-e-type=\"widget\" data-widget_type=\"text-editor.default\">\n\t\t\t\t<div class=\"elementor-widget-container\">\n\t\t\t\t\t\t\t\t\t<h2 data-section-id=\"19xc0wr\" data-start=\"1751\" data-end=\"1781\">A qui\u00e9n buscamos<\/h2><p data-start=\"1783\" data-end=\"1863\">Siempre nos complace conectar con personas motivadas y apasionadas, especialmente:<\/p><h3 data-section-id=\"1ef3gwp\" data-start=\"1865\" data-end=\"1877\">Profesores<\/h3><ul data-start=\"1878\" data-end=\"2049\"><li data-section-id=\"q3d1y\" data-start=\"1878\" data-end=\"1909\">Nivel nativo o casi nativo<\/li><li data-section-id=\"1nula6z\" data-start=\"1910\" data-end=\"1955\">Experiencia en la ense\u00f1anza de espa\u00f1ol o ingl\u00e9s<\/li><li data-section-id=\"xf8jgv\" data-start=\"1956\" data-end=\"1997\">Estilo de ense\u00f1anza din\u00e1mico y comunicativo<\/li><li data-section-id=\"qaj32h\" data-start=\"1998\" data-end=\"2049\">Pasi\u00f3n por trabajar con estudiantes internacionales<\/li><\/ul><h3 data-section-id=\"1fl8gu2\" data-start=\"2051\" data-end=\"2087\">Apoyo administrativo y estudiantil<\/h3><ul data-start=\"2088\" data-end=\"2209\"><li data-section-id=\"14fnmj2\" data-start=\"2088\" data-end=\"2125\">Organizada, amable y proactiva<\/li><li data-section-id=\"1o55tix\" data-start=\"2126\" data-end=\"2157\">Gran capacidad de comunicaci\u00f3n<\/li><li data-section-id=\"1mcuf2e\" data-start=\"2158\" data-end=\"2209\">Multiling\u00fce (ingl\u00e9s requerido, espa\u00f1ol un plus)<\/li><\/ul><h3 data-section-id=\"m4ocy8\" data-start=\"2211\" data-end=\"2246\">Coordinadores de Actividades y Programas<\/h3><ul data-start=\"2247\" data-end=\"2363\"><li data-section-id=\"5q9gwp\" data-start=\"2247\" data-end=\"2285\">Personalidad extrovertida y en\u00e9rgica<\/li><li data-section-id=\"wkmre8\" data-start=\"2286\" data-end=\"2315\">Disfruta trabajando con grupos<\/li><li data-section-id=\"1g1a19v\" data-start=\"2316\" data-end=\"2363\">Pasi\u00f3n por la cultura, los eventos y las experiencias<\/li><\/ul>\t\t\t\t\t\t\t\t<\/div>\n\t\t\t\t<\/div>\n\t\t\t\t<\/div>\n\t\t<div class=\"elementor-element elementor-element-d7ad571 e-con-full e-flex e-con e-child\" data-id=\"d7ad571\" data-element_type=\"container\" data-e-type=\"container\">\n\t\t\t\t<div class=\"elementor-element elementor-element-040c775 elementor-widget elementor-widget-image\" data-id=\"040c775\" data-element_type=\"widget\" data-e-type=\"widget\" data-widget_type=\"image.default\">\n\t\t\t\t<div class=\"elementor-widget-container\">\n\t\t\t\t\t\t\t\t\t\t\t\t\t\t\t<img decoding=\"async\" width=\"819\" height=\"1024\" src=\"https:\/\/maxxinstitutes.com\/wp-content\/uploads\/2026\/04\/visit-ibiza-5-819x1024.png\" class=\"attachment-large size-large wp-image-27946\" alt=\"\" srcset=\"https:\/\/maxxinstitutes.com\/wp-content\/uploads\/2026\/04\/visit-ibiza-5-819x1024.png 819w, https:\/\/maxxinstitutes.com\/wp-content\/uploads\/2026\/04\/visit-ibiza-5-240x300.png 240w, https:\/\/maxxinstitutes.com\/wp-content\/uploads\/2026\/04\/visit-ibiza-5-768x960.png 768w, https:\/\/maxxinstitutes.com\/wp-content\/uploads\/2026\/04\/visit-ibiza-5-480x600.png 480w, https:\/\/maxxinstitutes.com\/wp-content\/uploads\/2026\/04\/visit-ibiza-5-600x750.png 600w, https:\/\/maxxinstitutes.com\/wp-content\/uploads\/2026\/04\/visit-ibiza-5-150x188.png 150w, https:\/\/maxxinstitutes.com\/wp-content\/uploads\/2026\/04\/visit-ibiza-5.png 1080w\" sizes=\"(max-width: 819px) 100vw, 819px\" title=\"\">\t\t\t\t\t\t\t\t\t\t\t\t\t\t\t<\/div>\n\t\t\t\t<\/div>\n\t\t\t\t<\/div>\n\t\t\t\t\t<\/div>\n\t\t\t\t<\/div>\n\t\t<div class=\"elementor-element elementor-element-c5dcb3e e-flex e-con-boxed e-con e-parent\" data-id=\"c5dcb3e\" data-element_type=\"container\" data-e-type=\"container\">\n\t\t\t\t\t<div class=\"e-con-inner\">\n\t\t\t\t<div class=\"elementor-element elementor-element-63ca8f1 color-scheme-inherit text-left elementor-widget elementor-widget-text-editor\" data-id=\"63ca8f1\" data-element_type=\"widget\" data-e-type=\"widget\" data-widget_type=\"text-editor.default\">\n\t\t\t\t<div class=\"elementor-widget-container\">\n\t\t\t\t\t\t\t\t\t<h2 data-section-id=\"125sabq\" data-start=\"3063\" data-end=\"3082\">\u00danete a nuestro equipo<\/h2><p data-start=\"3084\" data-end=\"3117\">Siempre estamos abiertos a nuevos talentos.<\/p><p data-start=\"3119\" data-end=\"3219\">Si te sientes alineado con nuestros valores y te gustar\u00eda formar parte de nuestro equipo, env\u00edanos tu candidatura:<\/p><ul><li data-start=\"3221\" data-end=\"3301\">CV<\/li><li data-start=\"3221\" data-end=\"3301\">Breve introducci\u00f3n<\/li><li data-start=\"3221\" data-end=\"3301\">Tu ubicaci\u00f3n preferida (Mallorca o Ibiza)<\/li><\/ul><p data-start=\"3322\" data-end=\"3361\">Esperamos tener noticias tuyas! \ud83d\ude0a<\/p>\t\t\t\t\t\t\t\t<\/div>\n\t\t\t\t<\/div>\n\t\t\t\t\t<\/div>\n\t\t\t\t<\/div>\n\t\t<div class=\"elementor-element elementor-element-e77b2c3 e-flex e-con-boxed e-con e-parent\" data-id=\"e77b2c3\" data-element_type=\"container\" data-e-type=\"container\">\n\t\t\t\t\t<div class=\"e-con-inner\">\n\t\t\t\t<div class=\"elementor-element elementor-element-ad48de5 elementor-widget elementor-widget-html\" data-id=\"ad48de5\" data-element_type=\"widget\" data-e-type=\"widget\" data-widget_type=\"html.default\">\n\t\t\t\t<div class=\"elementor-widget-container\">\n\t\t\t\t\t<a id=\"addons\"\/>\t\t\t\t<\/div>\n\t\t\t\t<\/div>\n\t\t\t\t\t<\/div>\n\t\t\t\t<\/div>\n\t\t<div class=\"elementor-element elementor-element-c31176d e-flex e-con-boxed e-con e-parent\" data-id=\"c31176d\" data-element_type=\"container\" data-e-type=\"container\">\n\t\t\t\t\t<div class=\"e-con-inner\">\n\t\t\t\t<div class=\"elementor-element elementor-element-3565f85 elementor-widget elementor-widget-html\" data-id=\"3565f85\" data-element_type=\"widget\" data-e-type=\"widget\" data-widget_type=\"html.default\">\n\t\t\t\t<div class=\"elementor-widget-container\">\n\t\t\t\t\t<script type=\"text\/javascript\" src=\"https:\/\/form.jotform.com\/jsform\/260926360819059\"><\/script>\t\t\t\t<\/div>\n\t\t\t\t<\/div>\n\t\t\t\t\t<\/div>\n\t\t\t\t<\/div>\n\t\t\t\t<\/div>\n\t\t","protected":false},"excerpt":{"rendered":"<p>Trabaja con nosotros \u00danete a nuestro equipo internacional en Mallorca e Ibiza En los Institutos MAXX somos algo m\u00e1s que<\/p>\n","protected":false},"author":4,"featured_media":0,"parent":0,"menu_order":0,"comment_status":"closed","ping_status":"closed","template":"","meta":{"two_page_speed":[],"footnotes":""},"class_list":["post-27905","page","type-page","status-publish","hentry"],"_links":{"self":[{"href":"https:\/\/maxxinstitutes.com\/es\/wp-json\/wp\/v2\/pages\/27905","targetHints":{"allow":["GET"]}}],"collection":[{"href":"https:\/\/maxxinstitutes.com\/es\/wp-json\/wp\/v2\/pages"}],"about":[{"href":"https:\/\/maxxinstitutes.com\/es\/wp-json\/wp\/v2\/types\/page"}],"author":[{"embeddable":true,"href":"https:\/\/maxxinstitutes.com\/es\/wp-json\/wp\/v2\/users\/4"}],"replies":[{"embeddable":true,"href":"https:\/\/maxxinstitutes.com\/es\/wp-json\/wp\/v2\/comments?post=27905"}],"version-history":[{"count":4,"href":"https:\/\/maxxinstitutes.com\/es\/wp-json\/wp\/v2\/pages\/27905\/revisions"}],"predecessor-version":[{"id":28006,"href":"https:\/\/maxxinstitutes.com\/es\/wp-json\/wp\/v2\/pages\/27905\/revisions\/28006"}],"wp:attachment":[{"href":"https:\/\/maxxinstitutes.com\/es\/wp-json\/wp\/v2\/media?parent=27905"}],"curies":[{"name":"wp","href":"https:\/\/api.w.org\/{rel}","templated":true}]}}