{"id":26483,"date":"2025-12-12T20:18:17","date_gmt":"2025-12-12T20:18:17","guid":{"rendered":"https:\/\/maxxinstitutes.com\/salto-de-isla\/"},"modified":"2026-01-23T18:27:20","modified_gmt":"2026-01-23T18:27:20","slug":"salto-de-isla","status":"publish","type":"page","link":"https:\/\/maxxinstitutes.com\/es\/salto-de-isla\/","title":{"rendered":"Salto de Isla"},"content":{"rendered":"\t\t<div data-elementor-type=\"wp-page\" data-elementor-id=\"26483\" class=\"elementor elementor-26483 elementor-26479\" data-elementor-post-type=\"page\">\n\t\t\t\t<div class=\"elementor-element elementor-element-5cde4cd e-flex e-con-boxed e-con e-parent\" data-id=\"5cde4cd\" data-element_type=\"container\" data-e-type=\"container\">\n\t\t\t\t\t<div class=\"e-con-inner\">\n\t\t\t\t<div class=\"elementor-element elementor-element-9f21fcb elementor-widget elementor-widget-heading\" data-id=\"9f21fcb\" data-element_type=\"widget\" data-e-type=\"widget\" data-widget_type=\"heading.default\">\n\t\t\t\t<div class=\"elementor-widget-container\">\n\t\t\t\t\t<h2 class=\"elementor-heading-title elementor-size-default\">Programa Island Hopper<\/h2>\t\t\t\t<\/div>\n\t\t\t\t<\/div>\n\t\t\t\t\t<\/div>\n\t\t\t\t<\/div>\n\t\t<div class=\"elementor-element elementor-element-2a32a36 e-con-full e-flex e-con e-parent\" data-id=\"2a32a36\" data-element_type=\"container\" data-e-type=\"container\">\n\t\t\t\t<div class=\"elementor-element elementor-element-741f8e0 elementor-widget elementor-widget-heading\" data-id=\"741f8e0\" data-element_type=\"widget\" data-e-type=\"widget\" data-widget_type=\"heading.default\">\n\t\t\t\t<div class=\"elementor-widget-container\">\n\t\t\t\t\t<h2 class=\"elementor-heading-title elementor-size-default\">Mallorca e Ibiza - Dos islas. Una experiencia espa\u00f1ola. <\/h2>\t\t\t\t<\/div>\n\t\t\t\t<\/div>\n\t\t\t\t<div class=\"elementor-element elementor-element-a38a1a5 color-scheme-inherit text-left elementor-widget elementor-widget-text-editor\" data-id=\"a38a1a5\" data-element_type=\"widget\" data-e-type=\"widget\" data-widget_type=\"text-editor.default\">\n\t\t\t\t<div class=\"elementor-widget-container\">\n\t\t\t\t\t\t\t\t\t<p data-start=\"363\" data-end=\"419\">\u00bfPor qu\u00e9 elegir s\u00f3lo una isla cuando puedes experimentar las dos?<\/p><p data-start=\"421\" data-end=\"692\">El <strong data-start=\"425\" data-end=\"450\">Programa Island Hopper<\/strong> de MAXX Institutes te permite <strong data-start=\"484\" data-end=\"533\">combinar cursos de espa\u00f1ol en Mallorca e Ibiza<\/strong> en una experiencia de aprendizaje sin interrupciones.<br data-start=\"574\" data-end=\"577\">Estudia espa\u00f1ol, cambia de escenario y descubre dos estilos de vida mediterr\u00e1neos \u00fanicos, sin interrumpir tu curso.<\/p>\t\t\t\t\t\t\t\t<\/div>\n\t\t\t\t<\/div>\n\t\t\t\t<div class=\"elementor-element elementor-element-b9adf8d elementor-widget elementor-widget-video\" data-id=\"b9adf8d\" data-element_type=\"widget\" data-e-type=\"widget\" data-settings=\"{&quot;youtube_url&quot;:&quot;https:\\\/\\\/www.youtube.com\\\/watch?v=1UUOns6wAjU&quot;,&quot;autoplay&quot;:&quot;yes&quot;,&quot;mute&quot;:&quot;yes&quot;,&quot;loop&quot;:&quot;yes&quot;,&quot;video_type&quot;:&quot;youtube&quot;,&quot;controls&quot;:&quot;yes&quot;}\" data-widget_type=\"video.default\">\n\t\t\t\t<div class=\"elementor-widget-container\">\n\t\t\t\t\t\t\t<div class=\"elementor-wrapper elementor-open-inline\">\n\t\t\t<div class=\"elementor-video\"><\/div>\t\t<\/div>\n\t\t\t\t\t\t<\/div>\n\t\t\t\t<\/div>\n\t\t\t\t<div class=\"elementor-element elementor-element-18dc5d0 elementor-widget elementor-widget-spacer\" data-id=\"18dc5d0\" data-element_type=\"widget\" data-e-type=\"widget\" data-widget_type=\"spacer.default\">\n\t\t\t\t<div class=\"elementor-widget-container\">\n\t\t\t\t\t\t\t<div class=\"elementor-spacer\">\n\t\t\t<div class=\"elementor-spacer-inner\"><\/div>\n\t\t<\/div>\n\t\t\t\t\t\t<\/div>\n\t\t\t\t<\/div>\n\t\t\t\t<div class=\"elementor-element elementor-element-57aaabf elementor-widget elementor-widget-heading\" data-id=\"57aaabf\" data-element_type=\"widget\" data-e-type=\"widget\" data-widget_type=\"heading.default\">\n\t\t\t\t<div class=\"elementor-widget-container\">\n\t\t\t\t\t<h2 class=\"elementor-heading-title elementor-size-default\">Dos islas, dos vibraciones<\/h2>\t\t\t\t<\/div>\n\t\t\t\t<\/div>\n\t\t\t\t<\/div>\n\t\t<div class=\"elementor-element elementor-element-9cf0c5d e-flex e-con-boxed e-con e-parent\" data-id=\"9cf0c5d\" data-element_type=\"container\" data-e-type=\"container\">\n\t\t\t\t\t<div class=\"e-con-inner\">\n\t\t<div class=\"elementor-element elementor-element-427cd27 e-con-full e-flex e-con e-child\" data-id=\"427cd27\" data-element_type=\"container\" data-e-type=\"container\">\n\t\t\t\t<div class=\"elementor-element elementor-element-fe78245 elementor-widget elementor-widget-heading\" data-id=\"fe78245\" data-element_type=\"widget\" data-e-type=\"widget\" data-widget_type=\"heading.default\">\n\t\t\t\t<div class=\"elementor-widget-container\">\n\t\t\t\t\t<h2 class=\"elementor-heading-title elementor-size-default\">Mallorca<\/h2>\t\t\t\t<\/div>\n\t\t\t\t<\/div>\n\t\t\t\t<div class=\"elementor-element elementor-element-471619d elementor-widget elementor-widget-image\" data-id=\"471619d\" data-element_type=\"widget\" data-e-type=\"widget\" data-widget_type=\"image.default\">\n\t\t\t\t<div class=\"elementor-widget-container\">\n\t\t\t\t\t\t\t\t\t\t\t\t\t\t\t<img fetchpriority=\"high\" decoding=\"async\" width=\"1024\" height=\"450\" src=\"https:\/\/maxxinstitutes.com\/wp-content\/uploads\/2025\/12\/2-1024x450.png\" class=\"attachment-large size-large wp-image-26511\" alt=\"\" srcset=\"https:\/\/maxxinstitutes.com\/wp-content\/uploads\/2025\/12\/2-1024x450.png 1024w, https:\/\/maxxinstitutes.com\/wp-content\/uploads\/2025\/12\/2-300x132.png 300w, https:\/\/maxxinstitutes.com\/wp-content\/uploads\/2025\/12\/2-768x337.png 768w, https:\/\/maxxinstitutes.com\/wp-content\/uploads\/2025\/12\/2-1536x674.png 1536w, https:\/\/maxxinstitutes.com\/wp-content\/uploads\/2025\/12\/2-2048x899.png 2048w, https:\/\/maxxinstitutes.com\/wp-content\/uploads\/2025\/12\/2-600x263.png 600w, https:\/\/maxxinstitutes.com\/wp-content\/uploads\/2025\/12\/2-150x66.png 150w\" sizes=\"(max-width: 1024px) 100vw, 1024px\" title=\"\">\t\t\t\t\t\t\t\t\t\t\t\t\t\t\t<\/div>\n\t\t\t\t<\/div>\n\t\t\t\t<div class=\"elementor-element elementor-element-2824b34 color-scheme-inherit text-left elementor-widget elementor-widget-text-editor\" data-id=\"2824b34\" data-element_type=\"widget\" data-e-type=\"widget\" data-widget_type=\"text-editor.default\">\n\t\t\t\t<div class=\"elementor-widget-container\">\n\t\t\t\t\t\t\t\t\t<p>Mallorca ofrece una vibrante vida urbana, historia, cultura y largas playas de arena.<br data-start=\"823\" data-end=\"826\">En Palma, disfrutar\u00e1s de un din\u00e1mico ambiente mediterr\u00e1neo con caf\u00e9s, mercados, arquitectura y una comunidad estudiantil internacional.<\/p>\t\t\t\t\t\t\t\t<\/div>\n\t\t\t\t<\/div>\n\t\t\t\t<\/div>\n\t\t<div class=\"elementor-element elementor-element-790b114 e-con-full e-flex e-con e-child\" data-id=\"790b114\" data-element_type=\"container\" data-e-type=\"container\">\n\t\t\t\t<div class=\"elementor-element elementor-element-602d2fb elementor-widget elementor-widget-heading\" data-id=\"602d2fb\" data-element_type=\"widget\" data-e-type=\"widget\" data-widget_type=\"heading.default\">\n\t\t\t\t<div class=\"elementor-widget-container\">\n\t\t\t\t\t<h2 class=\"elementor-heading-title elementor-size-default\">Ibiza<\/h2>\t\t\t\t<\/div>\n\t\t\t\t<\/div>\n\t\t\t\t<div class=\"elementor-element elementor-element-56954c0 elementor-widget elementor-widget-image\" data-id=\"56954c0\" data-element_type=\"widget\" data-e-type=\"widget\" data-widget_type=\"image.default\">\n\t\t\t\t<div class=\"elementor-widget-container\">\n\t\t\t\t\t\t\t\t\t\t\t\t\t\t\t<img decoding=\"async\" width=\"1024\" height=\"450\" src=\"https:\/\/maxxinstitutes.com\/wp-content\/uploads\/2025\/12\/1-1024x450.png\" class=\"attachment-large size-large wp-image-26518\" alt=\"\" srcset=\"https:\/\/maxxinstitutes.com\/wp-content\/uploads\/2025\/12\/1-1024x450.png 1024w, https:\/\/maxxinstitutes.com\/wp-content\/uploads\/2025\/12\/1-300x132.png 300w, https:\/\/maxxinstitutes.com\/wp-content\/uploads\/2025\/12\/1-768x337.png 768w, https:\/\/maxxinstitutes.com\/wp-content\/uploads\/2025\/12\/1-1536x674.png 1536w, https:\/\/maxxinstitutes.com\/wp-content\/uploads\/2025\/12\/1-2048x899.png 2048w, https:\/\/maxxinstitutes.com\/wp-content\/uploads\/2025\/12\/1-600x263.png 600w, https:\/\/maxxinstitutes.com\/wp-content\/uploads\/2025\/12\/1-150x66.png 150w\" sizes=\"(max-width: 1024px) 100vw, 1024px\" title=\"\">\t\t\t\t\t\t\t\t\t\t\t\t\t\t\t<\/div>\n\t\t\t\t<\/div>\n\t\t\t\t<div class=\"elementor-element elementor-element-cdf8d69 color-scheme-inherit text-left elementor-widget elementor-widget-text-editor\" data-id=\"cdf8d69\" data-element_type=\"widget\" data-e-type=\"widget\" data-widget_type=\"text-editor.default\">\n\t\t\t\t<div class=\"elementor-widget-container\">\n\t\t\t\t\t\t\t\t\t<p data-start=\"975\" data-end=\"1183\">Ibiza es tranquila, aut\u00e9ntica e inspiradora. M\u00e1s all\u00e1 de su famosa reputaci\u00f3n, la isla es conocida por la naturaleza, la vida local, las peque\u00f1as playas y un ritmo m\u00e1s lento, perfecto para centrarse en el aprendizaje y vivir experiencias significativas. <\/p>\t\t\t\t\t\t\t\t<\/div>\n\t\t\t\t<\/div>\n\t\t\t\t<\/div>\n\t\t\t\t\t<\/div>\n\t\t\t\t<\/div>\n\t\t<div class=\"elementor-element elementor-element-b820502 e-flex e-con-boxed e-con e-parent\" data-id=\"b820502\" data-element_type=\"container\" data-e-type=\"container\">\n\t\t\t\t\t<div class=\"e-con-inner\">\n\t\t\t\t<div class=\"elementor-element elementor-element-041e7ff elementor-widget elementor-widget-spacer\" data-id=\"041e7ff\" data-element_type=\"widget\" data-e-type=\"widget\" data-widget_type=\"spacer.default\">\n\t\t\t\t<div class=\"elementor-widget-container\">\n\t\t\t\t\t\t\t<div class=\"elementor-spacer\">\n\t\t\t<div class=\"elementor-spacer-inner\"><\/div>\n\t\t<\/div>\n\t\t\t\t\t\t<\/div>\n\t\t\t\t<\/div>\n\t\t\t\t\t<\/div>\n\t\t\t\t<\/div>\n\t\t<div class=\"elementor-element elementor-element-0a782e5 e-flex e-con-boxed e-con e-parent\" data-id=\"0a782e5\" data-element_type=\"container\" data-e-type=\"container\">\n\t\t\t\t\t<div class=\"e-con-inner\">\n\t\t\t\t<div class=\"elementor-element elementor-element-04aae9f elementor-widget elementor-widget-heading\" data-id=\"04aae9f\" data-element_type=\"widget\" data-e-type=\"widget\" data-widget_type=\"heading.default\">\n\t\t\t\t<div class=\"elementor-widget-container\">\n\t\t\t\t\t<h2 class=\"elementor-heading-title elementor-size-default\">Con el Programa Island Hopper, no tienes que elegir.<\/h2>\t\t\t\t<\/div>\n\t\t\t\t<\/div>\n\t\t\t\t\t<\/div>\n\t\t\t\t<\/div>\n\t\t<div class=\"elementor-element elementor-element-ace3a57 e-flex e-con-boxed e-con e-parent\" data-id=\"ace3a57\" data-element_type=\"container\" data-e-type=\"container\">\n\t\t\t\t\t<div class=\"e-con-inner\">\n\t\t\t\t<div class=\"elementor-element elementor-element-0e42759 elementor-widget elementor-widget-spacer\" data-id=\"0e42759\" data-element_type=\"widget\" data-e-type=\"widget\" data-widget_type=\"spacer.default\">\n\t\t\t\t<div class=\"elementor-widget-container\">\n\t\t\t\t\t\t\t<div class=\"elementor-spacer\">\n\t\t\t<div class=\"elementor-spacer-inner\"><\/div>\n\t\t<\/div>\n\t\t\t\t\t\t<\/div>\n\t\t\t\t<\/div>\n\t\t\t\t\t<\/div>\n\t\t\t\t<\/div>\n\t\t<div class=\"elementor-element elementor-element-248426b e-flex e-con-boxed e-con e-parent\" data-id=\"248426b\" data-element_type=\"container\" data-e-type=\"container\">\n\t\t\t\t\t<div class=\"e-con-inner\">\n\t\t<div class=\"elementor-element elementor-element-a69f61c e-con-full e-flex e-con e-child\" data-id=\"a69f61c\" data-element_type=\"container\" data-e-type=\"container\">\n\t\t\t\t<div class=\"elementor-element elementor-element-c2f2742 color-scheme-inherit text-left elementor-widget elementor-widget-text-editor\" data-id=\"c2f2742\" data-element_type=\"widget\" data-e-type=\"widget\" data-widget_type=\"text-editor.default\">\n\t\t\t\t<div class=\"elementor-widget-container\">\n\t\t\t\t\t\t\t\t\t<h3 data-start=\"1346\" data-end=\"1370\">Lo que permanece igual:<\/h3><ul data-start=\"1371\" data-end=\"1490\"><li data-start=\"1371\" data-end=\"1406\"><p data-start=\"1373\" data-end=\"1406\">Tu nivel de espa\u00f1ol y tus progresos<\/p><\/li><li data-start=\"1407\" data-end=\"1431\"><p data-start=\"1409\" data-end=\"1431\">Metodolog\u00eda did\u00e1ctica<\/p><\/li><li data-start=\"1432\" data-end=\"1452\"><p data-start=\"1434\" data-end=\"1452\">Material did\u00e1ctico<\/p><\/li><li data-start=\"1453\" data-end=\"1490\"><p data-start=\"1455\" data-end=\"1490\">Coordinaci\u00f3n y apoyo acad\u00e9mico<\/p><\/li><\/ul><p data-start=\"1492\" data-end=\"1543\">Simplemente cambias de isla, no de flujo de aprendizaje.<\/p>\t\t\t\t\t\t\t\t<\/div>\n\t\t\t\t<\/div>\n\t\t\t\t<div class=\"elementor-element elementor-element-200a2bc elementor-widget elementor-widget-image\" data-id=\"200a2bc\" data-element_type=\"widget\" data-e-type=\"widget\" data-widget_type=\"image.default\">\n\t\t\t\t<div class=\"elementor-widget-container\">\n\t\t\t\t\t\t\t\t\t\t\t\t\t\t\t<img decoding=\"async\" width=\"1024\" height=\"1024\" src=\"https:\/\/maxxinstitutes.com\/wp-content\/uploads\/2025\/12\/1-1-1024x1024.png\" class=\"attachment-large size-large wp-image-26551\" alt=\"\" srcset=\"https:\/\/maxxinstitutes.com\/wp-content\/uploads\/2025\/12\/1-1-1024x1024.png 1024w, https:\/\/maxxinstitutes.com\/wp-content\/uploads\/2025\/12\/1-1-300x300.png 300w, https:\/\/maxxinstitutes.com\/wp-content\/uploads\/2025\/12\/1-1-150x150.png 150w, https:\/\/maxxinstitutes.com\/wp-content\/uploads\/2025\/12\/1-1-768x768.png 768w, https:\/\/maxxinstitutes.com\/wp-content\/uploads\/2025\/12\/1-1-600x600.png 600w, https:\/\/maxxinstitutes.com\/wp-content\/uploads\/2025\/12\/1-1.png 1080w\" sizes=\"(max-width: 1024px) 100vw, 1024px\" title=\"\">\t\t\t\t\t\t\t\t\t\t\t\t\t\t\t<\/div>\n\t\t\t\t<\/div>\n\t\t\t\t<\/div>\n\t\t<div class=\"elementor-element elementor-element-e9eaa6d e-con-full e-flex e-con e-child\" data-id=\"e9eaa6d\" data-element_type=\"container\" data-e-type=\"container\">\n\t\t\t\t<div class=\"elementor-element elementor-element-3b1a5b5 color-scheme-inherit text-left elementor-widget elementor-widget-text-editor\" data-id=\"3b1a5b5\" data-element_type=\"widget\" data-e-type=\"widget\" data-widget_type=\"text-editor.default\">\n\t\t\t\t<div class=\"elementor-widget-container\">\n\t\t\t\t\t\t\t\t\t<h2 data-start=\"1550\" data-end=\"1571\">Qu\u00e9 incluye<\/h2><ul data-start=\"1573\" data-end=\"2135\"><li data-start=\"1573\" data-end=\"1661\"><p data-start=\"1575\" data-end=\"1661\"><strong data-start=\"1575\" data-end=\"1603\">Curso Intensivo de Espa\u00f1ol<\/strong><br data-start=\"1603\" data-end=\"1606\">20 clases semanales en Palma de Mallorca y\/o Ibiza<\/p><\/li><li data-start=\"1663\" data-end=\"1766\"><p data-start=\"1665\" data-end=\"1766\"><strong data-start=\"1665\" data-end=\"1696\">Combinaci\u00f3n flexible de islas<\/strong><br data-start=\"1696\" data-end=\"1699\">Empieza en Mallorca y contin\u00faa en Ibiza &#8211; o al rev\u00e9s<\/p><\/li><li data-start=\"1768\" data-end=\"1863\"><p data-start=\"1770\" data-end=\"1863\"><strong data-start=\"1770\" data-end=\"1805\">Actividad de bienvenida en cada isla<\/strong><br data-start=\"1805\" data-end=\"1808\">Conoce tu nuevo entorno y a tus compa\u00f1eros de estudios<\/p><\/li><li data-start=\"1865\" data-end=\"1927\"><p data-start=\"1867\" data-end=\"1927\"><strong data-start=\"1867\" data-end=\"1889\">Certificado del curso<\/strong><br data-start=\"1889\" data-end=\"1892\">Expedido al final de tu programa<\/p><\/li><li data-start=\"1929\" data-end=\"2040\"><p data-start=\"1931\" data-end=\"2040\"><strong data-start=\"1931\" data-end=\"1951\">Apoyo personal<\/strong><br data-start=\"1951\" data-end=\"1954\">Nuestro equipo coordina tu cambio de isla y te apoya antes y durante tu estancia<\/p><\/li><li data-start=\"2042\" data-end=\"2135\"><p data-start=\"2044\" data-end=\"2135\"><strong data-start=\"2044\" data-end=\"2069\">Opciones de alojamiento<\/strong><br data-start=\"2069\" data-end=\"2072\">Reserva alojamiento a trav\u00e9s de los Institutos MAXX o elige el tuyo propio<\/p><\/li><\/ul>\t\t\t\t\t\t\t\t<\/div>\n\t\t\t\t<\/div>\n\t\t\t\t<\/div>\n\t\t\t\t\t<\/div>\n\t\t\t\t<\/div>\n\t\t<div class=\"elementor-element elementor-element-4b6dc27 e-flex e-con-boxed e-con e-parent\" data-id=\"4b6dc27\" data-element_type=\"container\" data-e-type=\"container\">\n\t\t\t\t\t<div class=\"e-con-inner\">\n\t\t\t\t<div class=\"elementor-element elementor-element-64042a8 elementor-widget elementor-widget-spacer\" data-id=\"64042a8\" data-element_type=\"widget\" data-e-type=\"widget\" data-widget_type=\"spacer.default\">\n\t\t\t\t<div class=\"elementor-widget-container\">\n\t\t\t\t\t\t\t<div class=\"elementor-spacer\">\n\t\t\t<div class=\"elementor-spacer-inner\"><\/div>\n\t\t<\/div>\n\t\t\t\t\t\t<\/div>\n\t\t\t\t<\/div>\n\t\t\t\t\t<\/div>\n\t\t\t\t<\/div>\n\t\t<div class=\"elementor-element elementor-element-a505d58 e-con-full e-flex e-con e-parent\" data-id=\"a505d58\" data-element_type=\"container\" data-e-type=\"container\" data-settings=\"{&quot;background_background&quot;:&quot;classic&quot;}\">\n\t\t\t\t<div class=\"elementor-element elementor-element-2fa11fa elementor-widget elementor-widget-heading\" data-id=\"2fa11fa\" data-element_type=\"widget\" data-e-type=\"widget\" data-widget_type=\"heading.default\">\n\t\t\t\t<div class=\"elementor-widget-container\">\n\t\t\t\t\t<h2 class=\"elementor-heading-title elementor-size-default\">Bono de viaje incluido: 47 \u20ac para tu traslado a la isla<\/h2>\t\t\t\t<\/div>\n\t\t\t\t<\/div>\n\t\t\t\t<div class=\"elementor-element elementor-element-6e69b30 color-scheme-inherit text-left elementor-widget elementor-widget-text-editor\" data-id=\"6e69b30\" data-element_type=\"widget\" data-e-type=\"widget\" data-widget_type=\"text-editor.default\">\n\t\t\t\t<div class=\"elementor-widget-container\">\n\t\t\t\t\t\t\t\t\t<p data-start=\"2202\" data-end=\"2325\">Para facilitar a\u00fan m\u00e1s tu cambio de isla, los estudiantes que elijan el <strong data-start=\"2266\" data-end=\"2291\">Programa Island Hopper<\/strong> recibir\u00e1n un <strong data-start=\"2302\" data-end=\"2324\">bono de viaje de 47 euros<\/strong>.<\/p><h3 data-start=\"2327\" data-end=\"2344\">C\u00f3mo funciona:<\/h3><ul data-start=\"2345\" data-end=\"2543\"><li data-start=\"2345\" data-end=\"2405\"><p data-start=\"2347\" data-end=\"2405\">V\u00e1lido para <strong data-start=\"2357\" data-end=\"2376\">ferry o vuelo<\/strong> entre Mallorca e Ibiza<\/p><\/li><li data-start=\"2406\" data-end=\"2447\"><p data-start=\"2408\" data-end=\"2447\">T\u00fa eliges <strong data-start=\"2419\" data-end=\"2435\">c\u00f3mo y cu\u00e1ndo<\/strong> viajar<\/p><\/li><li data-start=\"2448\" data-end=\"2489\"><p data-start=\"2450\" data-end=\"2489\">Proporcionamos orientaci\u00f3n para la reserva si es necesario<\/p><\/li><li data-start=\"2490\" data-end=\"2543\"><p data-start=\"2492\" data-end=\"2543\">El vale ayuda a cubrir parte de tus gastos de viaje<\/p><\/li><\/ul><p data-start=\"2545\" data-end=\"2604\"><strong data-start=\"2545\" data-end=\"2604\">Viajas de forma independiente, pero no por tu cuenta.<\/strong><\/p>\t\t\t\t\t\t\t\t<\/div>\n\t\t\t\t<\/div>\n\t\t\t\t<\/div>\n\t\t<div class=\"elementor-element elementor-element-5310f53 e-flex e-con-boxed e-con e-parent\" data-id=\"5310f53\" data-element_type=\"container\" data-e-type=\"container\">\n\t\t\t\t\t<div class=\"e-con-inner\">\n\t\t\t\t<div class=\"elementor-element elementor-element-b743931 elementor-widget elementor-widget-spacer\" data-id=\"b743931\" data-element_type=\"widget\" data-e-type=\"widget\" data-widget_type=\"spacer.default\">\n\t\t\t\t<div class=\"elementor-widget-container\">\n\t\t\t\t\t\t\t<div class=\"elementor-spacer\">\n\t\t\t<div class=\"elementor-spacer-inner\"><\/div>\n\t\t<\/div>\n\t\t\t\t\t\t<\/div>\n\t\t\t\t<\/div>\n\t\t\t\t\t<\/div>\n\t\t\t\t<\/div>\n\t\t<div class=\"elementor-element elementor-element-16dcb0f e-flex e-con-boxed e-con e-parent\" data-id=\"16dcb0f\" data-element_type=\"container\" data-e-type=\"container\">\n\t\t\t\t\t<div class=\"e-con-inner\">\n\t\t<div class=\"elementor-element elementor-element-0b314eb e-con-full e-flex e-con e-child\" data-id=\"0b314eb\" data-element_type=\"container\" data-e-type=\"container\">\n\t\t\t\t<div class=\"elementor-element elementor-element-995952f elementor-widget elementor-widget-heading\" data-id=\"995952f\" data-element_type=\"widget\" data-e-type=\"widget\" data-widget_type=\"heading.default\">\n\t\t\t\t<div class=\"elementor-widget-container\">\n\t\t\t\t\t<h2 class=\"elementor-heading-title elementor-size-default\">\u00bfPor qu\u00e9 elegir el programa Isla a Isla?<\/h2>\t\t\t\t<\/div>\n\t\t\t\t<\/div>\n\t\t\t\t<div class=\"elementor-element elementor-element-4b8baca color-scheme-inherit text-left elementor-widget elementor-widget-text-editor\" data-id=\"4b8baca\" data-element_type=\"widget\" data-e-type=\"widget\" data-widget_type=\"text-editor.default\">\n\t\t\t\t<div class=\"elementor-widget-container\">\n\t\t\t\t\t\t\t\t\t<ul><li data-start=\"2658\" data-end=\"2693\">Dos islas en un curso de espa\u00f1ol<\/li><li data-start=\"2658\" data-end=\"2693\">Una matr\u00edcula, un sistema acad\u00e9mico<\/li><li data-start=\"2658\" data-end=\"2693\">No se interrumpe tu progreso en el aprendizaje<\/li><li data-start=\"2658\" data-end=\"2693\">M\u00e1s variedad, m\u00e1s inspiraci\u00f3n<\/li><li data-start=\"2658\" data-end=\"2693\">Un programa, el doble de experiencia<\/li><li style=\"list-style-type: none;\"> <\/li><\/ul>\t\t\t\t\t\t\t\t<\/div>\n\t\t\t\t<\/div>\n\t\t\t\t<\/div>\n\t\t<div class=\"elementor-element elementor-element-2c202ad e-con-full e-flex e-con e-child\" data-id=\"2c202ad\" data-element_type=\"container\" data-e-type=\"container\">\n\t\t\t\t<div class=\"elementor-element elementor-element-1dfa583 elementor-widget elementor-widget-image\" data-id=\"1dfa583\" data-element_type=\"widget\" data-e-type=\"widget\" data-widget_type=\"image.default\">\n\t\t\t\t<div class=\"elementor-widget-container\">\n\t\t\t\t\t\t\t\t\t\t\t\t\t\t\t<img loading=\"lazy\" decoding=\"async\" width=\"1080\" height=\"1080\" src=\"https:\/\/maxxinstitutes.com\/wp-content\/uploads\/2025\/12\/2-1.png\" class=\"attachment-1536x1536 size-1536x1536 wp-image-26544\" alt=\"\" srcset=\"https:\/\/maxxinstitutes.com\/wp-content\/uploads\/2025\/12\/2-1.png 1080w, https:\/\/maxxinstitutes.com\/wp-content\/uploads\/2025\/12\/2-1-300x300.png 300w, https:\/\/maxxinstitutes.com\/wp-content\/uploads\/2025\/12\/2-1-1024x1024.png 1024w, https:\/\/maxxinstitutes.com\/wp-content\/uploads\/2025\/12\/2-1-150x150.png 150w, https:\/\/maxxinstitutes.com\/wp-content\/uploads\/2025\/12\/2-1-768x768.png 768w, https:\/\/maxxinstitutes.com\/wp-content\/uploads\/2025\/12\/2-1-600x600.png 600w\" sizes=\"(max-width: 1080px) 100vw, 1080px\" title=\"\">\t\t\t\t\t\t\t\t\t\t\t\t\t\t\t<\/div>\n\t\t\t\t<\/div>\n\t\t\t\t<\/div>\n\t\t\t\t<div class=\"elementor-element elementor-element-6c7cfeb elementor-widget__width-initial color-scheme-inherit text-left elementor-widget elementor-widget-text-editor\" data-id=\"6c7cfeb\" data-element_type=\"widget\" data-e-type=\"widget\" data-widget_type=\"text-editor.default\">\n\t\t\t\t<div class=\"elementor-widget-container\">\n\t\t\t\t\t\t\t\t\t<h2 data-start=\"2959\" data-end=\"2989\">\u00bfA qui\u00e9n va dirigido este programa?<\/h2><p data-start=\"2991\" data-end=\"3030\">El Programa Island Hopper es ideal para<\/p><ul data-start=\"3031\" data-end=\"3219\"><li data-start=\"3031\" data-end=\"3075\"><p data-start=\"3033\" data-end=\"3075\">Estudiantes que se quedan <strong data-start=\"3050\" data-end=\"3073\">dos semanas o m\u00e1s<\/strong><\/p><\/li><li data-start=\"3076\" data-end=\"3121\"><p data-start=\"3078\" data-end=\"3121\">Alumnos que quieren variedad y flexibilidad<\/p><\/li><li data-start=\"3122\" data-end=\"3168\"><p data-start=\"3124\" data-end=\"3168\">Viajeros que disfrutan combinando destinos<\/p><\/li><li data-start=\"3169\" data-end=\"3219\"><p data-start=\"3171\" data-end=\"3219\">Cualquiera que busque m\u00e1s de una ubicaci\u00f3n<\/p><\/li><\/ul>\t\t\t\t\t\t\t\t<\/div>\n\t\t\t\t<\/div>\n\t\t\t\t\t<\/div>\n\t\t\t\t<\/div>\n\t\t\t\t<\/div>\n\t\t","protected":false},"excerpt":{"rendered":"<p>Programa Island Hopper Mallorca e Ibiza &#8211; Dos islas. Una experiencia espa\u00f1ola. \u00bfPor qu\u00e9 elegir s\u00f3lo una isla cuando puedes<\/p>\n","protected":false},"author":4,"featured_media":0,"parent":0,"menu_order":0,"comment_status":"closed","ping_status":"closed","template":"","meta":{"two_page_speed":[],"footnotes":""},"class_list":["post-26483","page","type-page","status-publish","hentry"],"_links":{"self":[{"href":"https:\/\/maxxinstitutes.com\/es\/wp-json\/wp\/v2\/pages\/26483","targetHints":{"allow":["GET"]}}],"collection":[{"href":"https:\/\/maxxinstitutes.com\/es\/wp-json\/wp\/v2\/pages"}],"about":[{"href":"https:\/\/maxxinstitutes.com\/es\/wp-json\/wp\/v2\/types\/page"}],"author":[{"embeddable":true,"href":"https:\/\/maxxinstitutes.com\/es\/wp-json\/wp\/v2\/users\/4"}],"replies":[{"embeddable":true,"href":"https:\/\/maxxinstitutes.com\/es\/wp-json\/wp\/v2\/comments?post=26483"}],"version-history":[{"count":3,"href":"https:\/\/maxxinstitutes.com\/es\/wp-json\/wp\/v2\/pages\/26483\/revisions"}],"predecessor-version":[{"id":27222,"href":"https:\/\/maxxinstitutes.com\/es\/wp-json\/wp\/v2\/pages\/26483\/revisions\/27222"}],"wp:attachment":[{"href":"https:\/\/maxxinstitutes.com\/es\/wp-json\/wp\/v2\/media?parent=26483"}],"curies":[{"name":"wp","href":"https:\/\/api.w.org\/{rel}","templated":true}]}}