{"id":24303,"date":"2025-05-13T21:44:55","date_gmt":"2025-05-13T21:44:55","guid":{"rendered":"https:\/\/maxxinstitutes.com\/parking-ibiza\/"},"modified":"2025-05-20T05:54:35","modified_gmt":"2025-05-20T05:54:35","slug":"parking-ibiza","status":"publish","type":"page","link":"https:\/\/maxxinstitutes.com\/es\/parking-ibiza\/","title":{"rendered":"Parking Ibiza"},"content":{"rendered":"\t\t<div data-elementor-type=\"wp-page\" data-elementor-id=\"24303\" class=\"elementor elementor-24303 elementor-23999\" data-elementor-post-type=\"page\">\n\t\t\t\t<div class=\"elementor-element elementor-element-5224358 e-flex e-con-boxed e-con e-parent\" data-id=\"5224358\" data-element_type=\"container\" data-e-type=\"container\">\n\t\t\t\t\t<div class=\"e-con-inner\">\n\t\t\t\t<div class=\"elementor-element elementor-element-444bbbd elementor-widget elementor-widget-heading\" data-id=\"444bbbd\" data-element_type=\"widget\" data-e-type=\"widget\" data-widget_type=\"heading.default\">\n\t\t\t\t<div class=\"elementor-widget-container\">\n\t\t\t\t\t<h1 class=\"elementor-heading-title elementor-size-default\">D\u00f3nde aparcar cerca del Instituto de Idiomas Ibiza<\/h1>\t\t\t\t<\/div>\n\t\t\t\t<\/div>\n\t\t\t\t<div class=\"elementor-element elementor-element-3595b3f elementor-widget elementor-widget-spacer\" data-id=\"3595b3f\" data-element_type=\"widget\" data-e-type=\"widget\" data-widget_type=\"spacer.default\">\n\t\t\t\t<div class=\"elementor-widget-container\">\n\t\t\t\t\t\t\t<div class=\"elementor-spacer\">\n\t\t\t<div class=\"elementor-spacer-inner\"><\/div>\n\t\t<\/div>\n\t\t\t\t\t\t<\/div>\n\t\t\t\t<\/div>\n\t\t\t\t\t<\/div>\n\t\t\t\t<\/div>\n\t\t<div class=\"elementor-element elementor-element-cc5017e e-flex e-con-boxed e-con e-parent\" data-id=\"cc5017e\" data-element_type=\"container\" data-e-type=\"container\">\n\t\t\t\t\t<div class=\"e-con-inner\">\n\t\t<div class=\"elementor-element elementor-element-384d7a4 e-con-full e-flex e-con e-child\" data-id=\"384d7a4\" data-element_type=\"container\" data-e-type=\"container\">\n\t\t\t\t<div class=\"elementor-element elementor-element-6502d5a elementor-widget elementor-widget-heading\" data-id=\"6502d5a\" data-element_type=\"widget\" data-e-type=\"widget\" data-widget_type=\"heading.default\">\n\t\t\t\t<div class=\"elementor-widget-container\">\n\t\t\t\t\t<h2 class=\"elementor-heading-title elementor-size-default\">Aparcamiento de pago - Parking Es Pratet<\/h2>\t\t\t\t<\/div>\n\t\t\t\t<\/div>\n\t\t\t\t<div class=\"elementor-element elementor-element-9750b8d color-scheme-inherit text-left elementor-widget elementor-widget-text-editor\" data-id=\"9750b8d\" data-element_type=\"widget\" data-e-type=\"widget\" data-widget_type=\"text-editor.default\">\n\t\t\t\t<div class=\"elementor-widget-container\">\n\t\t\t\t\t\t\t\t\t<p>Si vienes de San Antonio, gira a la izquierda al pasar la escuela y encuentra el aparcamiento<br>a tu izquierda, al final de la calle.<\/p>\n<p>Viniendo de Santa Eulalia, ver\u00e1s el puerto a tu izquierda al entrar en la ciudad de Ibiza. Gira a la derecha en el concesionario de barcos Nautica Ereso, justo a la entrada de la ciudad de Ibiza. <\/p>\n<p>Es el aparcamiento m\u00e1s grande de la ciudad de Ibiza y est\u00e1 justo detr\u00e1s del edificio de la escuela. El precio var\u00eda entre 3\u20ac y 5\u20ac dependiendo de la hora del d\u00eda, de la \u00e9poca del a\u00f1o y de si es entre semana o en fin de semana. Siempre hay sitio y en 3 minutos est\u00e1s en la puerta de la escuela.  <\/p>\t\t\t\t\t\t\t\t<\/div>\n\t\t\t\t<\/div>\n\t\t\t\t<\/div>\n\t\t<div class=\"elementor-element elementor-element-1c6631d e-con-full e-flex e-con e-child\" data-id=\"1c6631d\" data-element_type=\"container\" data-e-type=\"container\">\n\t\t\t\t<div class=\"elementor-element elementor-element-5cd6dc5 elementor-widget elementor-widget-image\" data-id=\"5cd6dc5\" data-element_type=\"widget\" data-e-type=\"widget\" data-widget_type=\"image.default\">\n\t\t\t\t<div class=\"elementor-widget-container\">\n\t\t\t\t\t\t\t\t\t\t\t\t\t\t\t<img fetchpriority=\"high\" decoding=\"async\" width=\"528\" height=\"207\" src=\"https:\/\/maxxinstitutes.com\/wp-content\/uploads\/2025\/05\/Screenshot-2025-05-13-at-16.50.52.png\" class=\"attachment-large size-large wp-image-24007\" alt=\"\" srcset=\"https:\/\/maxxinstitutes.com\/wp-content\/uploads\/2025\/05\/Screenshot-2025-05-13-at-16.50.52.png 528w, https:\/\/maxxinstitutes.com\/wp-content\/uploads\/2025\/05\/Screenshot-2025-05-13-at-16.50.52-300x118.png 300w, https:\/\/maxxinstitutes.com\/wp-content\/uploads\/2025\/05\/Screenshot-2025-05-13-at-16.50.52-150x59.png 150w\" sizes=\"(max-width: 528px) 100vw, 528px\" title=\"\">\t\t\t\t\t\t\t\t\t\t\t\t\t\t\t<\/div>\n\t\t\t\t<\/div>\n\t\t\t\t<\/div>\n\t\t\t\t\t<\/div>\n\t\t\t\t<\/div>\n\t\t<div class=\"elementor-element elementor-element-013b3b5 e-flex e-con-boxed e-con e-parent\" data-id=\"013b3b5\" data-element_type=\"container\" data-e-type=\"container\">\n\t\t\t\t\t<div class=\"e-con-inner\">\n\t\t<div class=\"elementor-element elementor-element-5613c2c e-con-full e-flex e-con e-child\" data-id=\"5613c2c\" data-element_type=\"container\" data-e-type=\"container\">\n\t\t\t\t<div class=\"elementor-element elementor-element-cde9765 elementor-widget elementor-widget-image\" data-id=\"cde9765\" data-element_type=\"widget\" data-e-type=\"widget\" data-widget_type=\"image.default\">\n\t\t\t\t<div class=\"elementor-widget-container\">\n\t\t\t\t\t\t\t\t\t\t\t\t\t\t\t<img decoding=\"async\" width=\"570\" height=\"313\" src=\"https:\/\/maxxinstitutes.com\/wp-content\/uploads\/2025\/05\/Screenshot-2025-05-13-at-16.51.00.png\" class=\"attachment-large size-large wp-image-24014\" alt=\"\" srcset=\"https:\/\/maxxinstitutes.com\/wp-content\/uploads\/2025\/05\/Screenshot-2025-05-13-at-16.51.00.png 570w, https:\/\/maxxinstitutes.com\/wp-content\/uploads\/2025\/05\/Screenshot-2025-05-13-at-16.51.00-300x165.png 300w, https:\/\/maxxinstitutes.com\/wp-content\/uploads\/2025\/05\/Screenshot-2025-05-13-at-16.51.00-150x82.png 150w\" sizes=\"(max-width: 570px) 100vw, 570px\" title=\"\">\t\t\t\t\t\t\t\t\t\t\t\t\t\t\t<\/div>\n\t\t\t\t<\/div>\n\t\t\t\t<\/div>\n\t\t<div class=\"elementor-element elementor-element-d16c7b0 e-con-full e-flex e-con e-child\" data-id=\"d16c7b0\" data-element_type=\"container\" data-e-type=\"container\">\n\t\t\t\t<div class=\"elementor-element elementor-element-1aa05e0 elementor-widget elementor-widget-heading\" data-id=\"1aa05e0\" data-element_type=\"widget\" data-e-type=\"widget\" data-widget_type=\"heading.default\">\n\t\t\t\t<div class=\"elementor-widget-container\">\n\t\t\t\t\t<h2 class=\"elementor-heading-title elementor-size-default\">Aparcamiento gratuito - Recinto Ferial<\/h2>\t\t\t\t<\/div>\n\t\t\t\t<\/div>\n\t\t\t\t<div class=\"elementor-element elementor-element-04a424f color-scheme-inherit text-left elementor-widget elementor-widget-text-editor\" data-id=\"04a424f\" data-element_type=\"widget\" data-e-type=\"widget\" data-widget_type=\"text-editor.default\">\n\t\t\t\t<div class=\"elementor-widget-container\">\n\t\t\t\t\t\t\t\t\t<p>Se trata de un aparcamiento gratuito en el recinto ferial. Est\u00e1 a 7 minutos a pie de la escuela (550 m, fuente: Google Maps). <br><br>Viniendo de San Antonio, toma la salida hacia Recinto Ferial Cas Dominguets Aparcamiento Gratuito. Viniendo de Santa Eulalia gira hacia San Antonio y despu\u00e9s de la rotonda toma la salida hacia Recinto Ferial Cas Dominguets Aparcamiento Gratuito. <\/p>\t\t\t\t\t\t\t\t<\/div>\n\t\t\t\t<\/div>\n\t\t\t\t<\/div>\n\t\t\t\t\t<\/div>\n\t\t\t\t<\/div>\n\t\t\t\t<\/div>\n\t\t","protected":false},"excerpt":{"rendered":"<p>D\u00f3nde aparcar cerca del Instituto de Idiomas Ibiza Aparcamiento de pago &#8211; Parking Es Pratet Si vienes de San Antonio,<\/p>\n","protected":false},"author":4,"featured_media":0,"parent":0,"menu_order":0,"comment_status":"closed","ping_status":"closed","template":"","meta":{"two_page_speed":[],"footnotes":""},"class_list":["post-24303","page","type-page","status-publish","hentry"],"_links":{"self":[{"href":"https:\/\/maxxinstitutes.com\/es\/wp-json\/wp\/v2\/pages\/24303","targetHints":{"allow":["GET"]}}],"collection":[{"href":"https:\/\/maxxinstitutes.com\/es\/wp-json\/wp\/v2\/pages"}],"about":[{"href":"https:\/\/maxxinstitutes.com\/es\/wp-json\/wp\/v2\/types\/page"}],"author":[{"embeddable":true,"href":"https:\/\/maxxinstitutes.com\/es\/wp-json\/wp\/v2\/users\/4"}],"replies":[{"embeddable":true,"href":"https:\/\/maxxinstitutes.com\/es\/wp-json\/wp\/v2\/comments?post=24303"}],"version-history":[{"count":1,"href":"https:\/\/maxxinstitutes.com\/es\/wp-json\/wp\/v2\/pages\/24303\/revisions"}],"predecessor-version":[{"id":24304,"href":"https:\/\/maxxinstitutes.com\/es\/wp-json\/wp\/v2\/pages\/24303\/revisions\/24304"}],"wp:attachment":[{"href":"https:\/\/maxxinstitutes.com\/es\/wp-json\/wp\/v2\/media?parent=24303"}],"curies":[{"name":"wp","href":"https:\/\/api.w.org\/{rel}","templated":true}]}}