{"id":24291,"date":"2025-05-13T21:58:36","date_gmt":"2025-05-13T21:58:36","guid":{"rendered":"https:\/\/maxxinstitutes.com\/aparcamiento-mallorca\/"},"modified":"2025-05-20T05:45:46","modified_gmt":"2025-05-20T05:45:46","slug":"aparcamiento-mallorca","status":"publish","type":"page","link":"https:\/\/maxxinstitutes.com\/es\/aparcamiento-mallorca\/","title":{"rendered":"Aparcamiento Mallorca"},"content":{"rendered":"\t\t<div data-elementor-type=\"wp-page\" data-elementor-id=\"24291\" class=\"elementor elementor-24291 elementor-24019\" data-elementor-post-type=\"page\">\n\t\t\t\t<div class=\"elementor-element elementor-element-762533a e-flex e-con-boxed e-con e-parent\" data-id=\"762533a\" data-element_type=\"container\" data-e-type=\"container\">\n\t\t\t\t\t<div class=\"e-con-inner\">\n\t\t\t\t<div class=\"elementor-element elementor-element-d71f24a elementor-widget elementor-widget-heading\" data-id=\"d71f24a\" data-element_type=\"widget\" data-e-type=\"widget\" data-widget_type=\"heading.default\">\n\t\t\t\t<div class=\"elementor-widget-container\">\n\t\t\t\t\t<h2 class=\"elementor-heading-title elementor-size-default\">C\u00f3mo llegar a los Institutos MAXX<\/h2>\t\t\t\t<\/div>\n\t\t\t\t<\/div>\n\t\t\t\t<div class=\"elementor-element elementor-element-9ba86fb elementor-widget elementor-widget-spacer\" data-id=\"9ba86fb\" data-element_type=\"widget\" data-e-type=\"widget\" data-widget_type=\"spacer.default\">\n\t\t\t\t<div class=\"elementor-widget-container\">\n\t\t\t\t\t\t\t<div class=\"elementor-spacer\">\n\t\t\t<div class=\"elementor-spacer-inner\"><\/div>\n\t\t<\/div>\n\t\t\t\t\t\t<\/div>\n\t\t\t\t<\/div>\n\t\t\t\t\t<\/div>\n\t\t\t\t<\/div>\n\t\t<div class=\"elementor-element elementor-element-d03d4a8 e-flex e-con-boxed e-con e-parent\" data-id=\"d03d4a8\" data-element_type=\"container\" data-e-type=\"container\">\n\t\t\t\t\t<div class=\"e-con-inner\">\n\t\t<div class=\"elementor-element elementor-element-6b62a34 e-con-full e-flex e-con e-child\" data-id=\"6b62a34\" data-element_type=\"container\" data-e-type=\"container\">\n\t\t\t\t<div class=\"elementor-element elementor-element-7aa574d elementor-widget elementor-widget-heading\" data-id=\"7aa574d\" data-element_type=\"widget\" data-e-type=\"widget\" data-widget_type=\"heading.default\">\n\t\t\t\t<div class=\"elementor-widget-container\">\n\t\t\t\t\t<h2 class=\"elementor-heading-title elementor-size-default\">Aparcamiento cerca de la Escuela: Parking Paseo Mallorca<\/h2>\t\t\t\t<\/div>\n\t\t\t\t<\/div>\n\t\t\t\t<div class=\"elementor-element elementor-element-f934465 color-scheme-inherit text-left elementor-widget elementor-widget-text-editor\" data-id=\"f934465\" data-element_type=\"widget\" data-e-type=\"widget\" data-widget_type=\"text-editor.default\">\n\t\t\t\t<div class=\"elementor-widget-container\">\n\t\t\t\t\t\t\t\t\t<p><span class=\"relative -mx-px my-[-0.2rem] rounded px-px py-[0.2rem] transition-colors duration-100 ease-in-out\">Si llegas en coche, el <strong data-start=\"27\" data-end=\"53\">Parking Paseo Mallorca<\/strong> es una c\u00f3moda opci\u00f3n situada a un corto paseo de nuestra escuela.<\/span> <span class=\"relative -mx-px my-[-0.2rem] rounded px-px py-[0.2rem] transition-colors duration-100 ease-in-out\">El aparcamiento est\u00e1 situado en el <a href=\"https:\/\/www.parkingspalma.com\/parking-paseo-mallorca\/\" target=\"_new\" rel=\"noopener noreferrer\" data-start=\"36\" data-end=\"115\">Parking Paseo<\/a> Mallorca.<\/span> <span class=\"relative -mx-px my-[-0.2rem] rounded px-px py-[0.2rem] transition-colors duration-100 ease-in-out\">Para acceder m\u00e1s f\u00e1cilmente a nuestra escuela, utiliza <strong data-start=\"42\" data-end=\"64\">la salida 5 (Sortida 5)<\/strong>, que te lleva directamente <strong data-start=\"96\" data-end=\"120\">al Paseo Mallorca<\/strong>.<\/span> <span class=\"relative -mx-px my-[-0.2rem] rounded px-px py-[0.2rem] transition-colors duration-100 ease-in-out\">Desde all\u00ed, hay aproximadamente 2 minutos a pie hasta nuestra direcci\u00f3n en  <strong data-start=\"65\" data-end=\"100\">Av. de Portugal, 1, 07012 Palma <\/strong>.<\/span><\/p>\t\t\t\t\t\t\t\t<\/div>\n\t\t\t\t<\/div>\n\t\t\t\t<div class=\"elementor-element elementor-element-a98a542 elementor-widget elementor-widget-image\" data-id=\"a98a542\" data-element_type=\"widget\" data-e-type=\"widget\" data-widget_type=\"image.default\">\n\t\t\t\t<div class=\"elementor-widget-container\">\n\t\t\t\t\t\t\t\t\t\t\t\t\t\t\t<img fetchpriority=\"high\" decoding=\"async\" width=\"300\" height=\"300\" src=\"https:\/\/maxxinstitutes.com\/wp-content\/uploads\/2025\/05\/2-300x300.png\" class=\"attachment-woocommerce_thumbnail size-woocommerce_thumbnail wp-image-24027\" alt=\"\" srcset=\"https:\/\/maxxinstitutes.com\/wp-content\/uploads\/2025\/05\/2-300x300.png 300w, https:\/\/maxxinstitutes.com\/wp-content\/uploads\/2025\/05\/2-150x150.png 150w\" sizes=\"(max-width: 300px) 100vw, 300px\" title=\"\">\t\t\t\t\t\t\t\t\t\t\t\t\t\t\t<\/div>\n\t\t\t\t<\/div>\n\t\t\t\t<div class=\"elementor-element elementor-element-5f65767 elementor-widget elementor-widget-spacer\" data-id=\"5f65767\" data-element_type=\"widget\" data-e-type=\"widget\" data-widget_type=\"spacer.default\">\n\t\t\t\t<div class=\"elementor-widget-container\">\n\t\t\t\t\t\t\t<div class=\"elementor-spacer\">\n\t\t\t<div class=\"elementor-spacer-inner\"><\/div>\n\t\t<\/div>\n\t\t\t\t\t\t<\/div>\n\t\t\t\t<\/div>\n\t\t\t\t<\/div>\n\t\t<div class=\"elementor-element elementor-element-1705e75 e-con-full e-flex e-con e-child\" data-id=\"1705e75\" data-element_type=\"container\" data-e-type=\"container\">\n\t\t\t\t<div class=\"elementor-element elementor-element-3355036 elementor-widget elementor-widget-image\" data-id=\"3355036\" data-element_type=\"widget\" data-e-type=\"widget\" data-widget_type=\"image.default\">\n\t\t\t\t<div class=\"elementor-widget-container\">\n\t\t\t\t\t\t\t\t\t\t\t\t\t\t\t<img decoding=\"async\" width=\"940\" height=\"788\" src=\"https:\/\/maxxinstitutes.com\/wp-content\/uploads\/2025\/05\/1.png\" class=\"attachment-large size-large wp-image-24034\" alt=\"\" srcset=\"https:\/\/maxxinstitutes.com\/wp-content\/uploads\/2025\/05\/1.png 940w, https:\/\/maxxinstitutes.com\/wp-content\/uploads\/2025\/05\/1-300x251.png 300w, https:\/\/maxxinstitutes.com\/wp-content\/uploads\/2025\/05\/1-768x644.png 768w, https:\/\/maxxinstitutes.com\/wp-content\/uploads\/2025\/05\/1-600x503.png 600w, https:\/\/maxxinstitutes.com\/wp-content\/uploads\/2025\/05\/1-150x126.png 150w\" sizes=\"(max-width: 940px) 100vw, 940px\" title=\"\">\t\t\t\t\t\t\t\t\t\t\t\t\t\t\t<\/div>\n\t\t\t\t<\/div>\n\t\t\t\t<\/div>\n\t\t\t\t\t<\/div>\n\t\t\t\t<\/div>\n\t\t<div class=\"elementor-element elementor-element-0bdf4e0 e-flex e-con-boxed e-con e-parent\" data-id=\"0bdf4e0\" data-element_type=\"container\" data-e-type=\"container\">\n\t\t\t\t\t<div class=\"e-con-inner\">\n\t\t\t\t<div class=\"elementor-element elementor-element-772de1c elementor-widget elementor-widget-heading\" data-id=\"772de1c\" data-element_type=\"widget\" data-e-type=\"widget\" data-widget_type=\"heading.default\">\n\t\t\t\t<div class=\"elementor-widget-container\">\n\t\t\t\t\t<h2 class=\"elementor-heading-title elementor-size-default\">Desde Plaza de Espa\u00f1a en Autob\u00fas<\/h2>\t\t\t\t<\/div>\n\t\t\t\t<\/div>\n\t\t\t\t<div class=\"elementor-element elementor-element-0168a5a color-scheme-inherit text-left elementor-widget elementor-widget-text-editor\" data-id=\"0168a5a\" data-element_type=\"widget\" data-e-type=\"widget\" data-widget_type=\"text-editor.default\">\n\t\t\t\t<div class=\"elementor-widget-container\">\n\t\t\t\t\t\t\t\t\t<p><span class=\"relative -mx-px my-[-0.2rem] rounded px-px py-[0.2rem] transition-colors duration-100 ease-in-out\">La Plaza de Espa\u00f1a es un nudo central de transportes en Palma, por lo que es f\u00e1cil llegar a nuestra escuela en transporte p\u00fablico.<\/span> <span class=\"relative -mx-px my-[-0.2rem] rounded px-px py-[0.2rem] transition-colors duration-100 ease-in-out\">Varias l\u00edneas de autob\u00fas de la EMT conectan la Plaza de Espa\u00f1a con las inmediaciones de <strong data-start=\"65\" data-end=\"89\">la Avenida de Portugal<\/strong>.<\/span> <span class=\"relative -mx-px my-[-0.2rem] rounded px-px py-[0.2rem] transition-colors duration-100 ease-in-out\">En particular, las l\u00edneas de autob\u00fas <strong data-start=\"19\" data-end=\"24\">3<\/strong>, <strong data-start=\"26\" data-end=\"31\">5<\/strong> y <strong data-start=\"37\" data-end=\"43\">46<\/strong> tienen paradas cerca de la escuela.<\/span> <span class=\"relative -mx-px my-[-0.2rem] rounded px-px py-[0.2rem] transition-colors duration-100 ease-in-out\">La parada de autob\u00fas m\u00e1s cercana es la <strong data-start=\"24\" data-end=\"41\">206-Instituts<\/strong>, que est\u00e1 a s\u00f3lo 1 minuto a pie de nuestra ubicaci\u00f3n.<\/span> <span class=\"relative -mx-px my-[-0.2rem] rounded px-px py-[0.2rem] transition-colors duration-100 ease-in-out\">Para conocer las rutas y horarios de autob\u00fas m\u00e1s precisos y actualizados, te recomendamos que utilices el <a href=\"https:\/\/www.emtpalma.cat\/en\" target=\"_new\" rel=\"noopener noreferrer\" data-start=\"86\" data-end=\"134\">sitio web de la EMT de Palma<\/a> o la app Moovit.<\/span> <span class=\"relative -mx-px my-[-0.2rem] rounded px-px py-[0.2rem] transition-colors duration-100 ease-in-out\">Desde all\u00ed, hay aproximadamente 2 minutos a pie hasta nuestra direcci\u00f3n en  <strong data-start=\"65\" data-end=\"100\">Av. de Portugal, 1, 07012 Palma <\/strong>.<\/span><\/p>\t\t\t\t\t\t\t\t<\/div>\n\t\t\t\t<\/div>\n\t\t\t\t\t<\/div>\n\t\t\t\t<\/div>\n\t\t<div class=\"elementor-element elementor-element-c76fb74 e-flex e-con-boxed e-con e-parent\" data-id=\"c76fb74\" data-element_type=\"container\" data-e-type=\"container\">\n\t\t\t\t\t<div class=\"e-con-inner\">\n\t\t\t\t<div class=\"elementor-element elementor-element-a0b7cb4 elementor-widget elementor-widget-spacer\" data-id=\"a0b7cb4\" data-element_type=\"widget\" data-e-type=\"widget\" data-widget_type=\"spacer.default\">\n\t\t\t\t<div class=\"elementor-widget-container\">\n\t\t\t\t\t\t\t<div class=\"elementor-spacer\">\n\t\t\t<div class=\"elementor-spacer-inner\"><\/div>\n\t\t<\/div>\n\t\t\t\t\t\t<\/div>\n\t\t\t\t<\/div>\n\t\t\t\t<div class=\"elementor-element elementor-element-f40c321 elementor-widget elementor-widget-heading\" data-id=\"f40c321\" data-element_type=\"widget\" data-e-type=\"widget\" data-widget_type=\"heading.default\">\n\t\t\t\t<div class=\"elementor-widget-container\">\n\t\t\t\t\t<h2 class=\"elementor-heading-title elementor-size-default\">Caminando desde la Plaza de Espa\u00f1a<\/h2>\t\t\t\t<\/div>\n\t\t\t\t<\/div>\n\t\t\t\t<div class=\"elementor-element elementor-element-16fa244 color-scheme-inherit text-left elementor-widget elementor-widget-text-editor\" data-id=\"16fa244\" data-element_type=\"widget\" data-e-type=\"widget\" data-widget_type=\"text-editor.default\">\n\t\t\t\t<div class=\"elementor-widget-container\">\n\t\t\t\t\t\t\t\t\t<p><span class=\"relative -mx-px my-[-0.2rem] rounded px-px py-[0.2rem] transition-colors duration-100 ease-in-out\">Caminar desde la Plaza de Espa\u00f1a hasta nuestra escuela es una opci\u00f3n agradable.<\/span> <span class=\"relative -mx-px my-[-0.2rem] rounded px-px py-[0.2rem] transition-colors duration-100 ease-in-out\">La distancia es de aproximadamente 1,2 kil\u00f3metros y se tarda unos 15 minutos a pie.<\/span> <span class=\"relative -mx-px my-[-0.2rem] rounded px-px py-[0.2rem] transition-colors duration-100 ease-in-out\">Dir\u00edgete hacia el suroeste por <strong data-start=\"18\" data-end=\"44\">la calle de Eusebi Estada<\/strong>, contin\u00faa por <strong data-start=\"60\" data-end=\"84\">la avenida de Portugal<\/strong> y nos encontrar\u00e1s en el n\u00famero 1.<\/span> <span class=\"relative -mx-px my-[-0.2rem] rounded px-px py-[0.2rem] transition-colors duration-100 ease-in-out\">Esta ruta te permite disfrutar de algunas de las encantadoras calles de Palma y de su ambiente local.<\/span><\/p>\t\t\t\t\t\t\t\t<\/div>\n\t\t\t\t<\/div>\n\t\t\t\t\t<\/div>\n\t\t\t\t<\/div>\n\t\t<div class=\"elementor-element elementor-element-c568ded e-flex e-con-boxed e-con e-parent\" data-id=\"c568ded\" data-element_type=\"container\" data-e-type=\"container\">\n\t\t\t\t\t<div class=\"e-con-inner\">\n\t\t\t\t<div class=\"elementor-element elementor-element-1f07ccf elementor-widget elementor-widget-spacer\" data-id=\"1f07ccf\" data-element_type=\"widget\" data-e-type=\"widget\" data-widget_type=\"spacer.default\">\n\t\t\t\t<div class=\"elementor-widget-container\">\n\t\t\t\t\t\t\t<div class=\"elementor-spacer\">\n\t\t\t<div class=\"elementor-spacer-inner\"><\/div>\n\t\t<\/div>\n\t\t\t\t\t\t<\/div>\n\t\t\t\t<\/div>\n\t\t\t\t<div class=\"elementor-element elementor-element-46c2c87 elementor-widget elementor-widget-heading\" data-id=\"46c2c87\" data-element_type=\"widget\" data-e-type=\"widget\" data-widget_type=\"heading.default\">\n\t\t\t\t<div class=\"elementor-widget-container\">\n\t\t\t\t\t<h2 class=\"elementor-heading-title elementor-size-default\">En coche desde Plaza de Espa\u00f1a<\/h2>\t\t\t\t<\/div>\n\t\t\t\t<\/div>\n\t\t\t\t<div class=\"elementor-element elementor-element-178a008 color-scheme-inherit text-left elementor-widget elementor-widget-text-editor\" data-id=\"178a008\" data-element_type=\"widget\" data-e-type=\"widget\" data-widget_type=\"text-editor.default\">\n\t\t\t\t<div class=\"elementor-widget-container\">\n\t\t\t\t\t\t\t\t\t<p class=\"\" data-start=\"1049\" data-end=\"1207\"><span class=\"relative -mx-px my-[-0.2rem] rounded px-px py-[0.2rem] transition-colors duration-100 ease-in-out\">Si vienes en coche desde la Plaza de Espa\u00f1a, el trayecto hasta nuestra escuela es sencillo y suele durar unos 5 minutos, dependiendo del tr\u00e1fico.<\/span> <span class=\"relative -mx-px my-[-0.2rem] rounded px-px py-[0.2rem] transition-colors duration-100 ease-in-out\">Dir\u00edgete hacia el suroeste por <strong data-start=\"18\" data-end=\"44\">la calle de Eusebi Estada<\/strong>, contin\u00faa por <strong data-start=\"60\" data-end=\"84\">la avenida de Portugal<\/strong> y llegar\u00e1s a  <strong data-start=\"107\" data-end=\"129\">Av. de Portugal, 1 <\/strong>.<\/span> <span class=\"relative -mx-px my-[-0.2rem] rounded px-px py-[0.2rem] transition-colors duration-100 ease-in-out\">Se puede aparcar cerca, en el <strong data-start=\"31\" data-end=\"57\">Parking Paseo Mallorca<\/strong>, como ya se ha mencionado.<\/span><\/p>\t\t\t\t\t\t\t\t<\/div>\n\t\t\t\t<\/div>\n\t\t\t\t\t<\/div>\n\t\t\t\t<\/div>\n\t\t<div class=\"elementor-element elementor-element-0b55ce5 e-flex e-con-boxed e-con e-parent\" data-id=\"0b55ce5\" data-element_type=\"container\" data-e-type=\"container\">\n\t\t\t\t\t<div class=\"e-con-inner\">\n\t\t\t\t<div class=\"elementor-element elementor-element-a368fed elementor-widget elementor-widget-image\" data-id=\"a368fed\" data-element_type=\"widget\" data-e-type=\"widget\" data-widget_type=\"image.default\">\n\t\t\t\t<div class=\"elementor-widget-container\">\n\t\t\t\t\t\t\t\t\t\t\t\t\t\t\t<img decoding=\"async\" width=\"768\" height=\"644\" src=\"https:\/\/maxxinstitutes.com\/wp-content\/uploads\/2025\/05\/parking-mallorca-768x644.png\" class=\"attachment-medium_large size-medium_large wp-image-24045\" alt=\"\" srcset=\"https:\/\/maxxinstitutes.com\/wp-content\/uploads\/2025\/05\/parking-mallorca-768x644.png 768w, https:\/\/maxxinstitutes.com\/wp-content\/uploads\/2025\/05\/parking-mallorca-300x251.png 300w, https:\/\/maxxinstitutes.com\/wp-content\/uploads\/2025\/05\/parking-mallorca-600x503.png 600w, https:\/\/maxxinstitutes.com\/wp-content\/uploads\/2025\/05\/parking-mallorca-150x126.png 150w, https:\/\/maxxinstitutes.com\/wp-content\/uploads\/2025\/05\/parking-mallorca.png 940w\" sizes=\"(max-width: 768px) 100vw, 768px\" title=\"\">\t\t\t\t\t\t\t\t\t\t\t\t\t\t\t<\/div>\n\t\t\t\t<\/div>\n\t\t\t\t\t<\/div>\n\t\t\t\t<\/div>\n\t\t\t\t<\/div>\n\t\t","protected":false},"excerpt":{"rendered":"<p>C\u00f3mo llegar a los Institutos MAXX Aparcamiento cerca de la Escuela: Parking Paseo Mallorca Si llegas en coche, el Parking<\/p>\n","protected":false},"author":4,"featured_media":0,"parent":0,"menu_order":0,"comment_status":"closed","ping_status":"closed","template":"","meta":{"two_page_speed":[],"footnotes":""},"class_list":["post-24291","page","type-page","status-publish","hentry"],"_links":{"self":[{"href":"https:\/\/maxxinstitutes.com\/es\/wp-json\/wp\/v2\/pages\/24291","targetHints":{"allow":["GET"]}}],"collection":[{"href":"https:\/\/maxxinstitutes.com\/es\/wp-json\/wp\/v2\/pages"}],"about":[{"href":"https:\/\/maxxinstitutes.com\/es\/wp-json\/wp\/v2\/types\/page"}],"author":[{"embeddable":true,"href":"https:\/\/maxxinstitutes.com\/es\/wp-json\/wp\/v2\/users\/4"}],"replies":[{"embeddable":true,"href":"https:\/\/maxxinstitutes.com\/es\/wp-json\/wp\/v2\/comments?post=24291"}],"version-history":[{"count":1,"href":"https:\/\/maxxinstitutes.com\/es\/wp-json\/wp\/v2\/pages\/24291\/revisions"}],"predecessor-version":[{"id":24292,"href":"https:\/\/maxxinstitutes.com\/es\/wp-json\/wp\/v2\/pages\/24291\/revisions\/24292"}],"wp:attachment":[{"href":"https:\/\/maxxinstitutes.com\/es\/wp-json\/wp\/v2\/media?parent=24291"}],"curies":[{"name":"wp","href":"https:\/\/api.w.org\/{rel}","templated":true}]}}