{"id":15810,"date":"2024-09-06T21:05:40","date_gmt":"2024-09-06T21:05:40","guid":{"rendered":"http:\/\/maxxinstitutes.com\/calculadora-de-costes\/"},"modified":"2025-03-06T17:16:52","modified_gmt":"2025-03-06T17:16:52","slug":"calculadora-de-costes","status":"publish","type":"page","link":"https:\/\/maxxinstitutes.com\/es\/calculadora-de-costes\/","title":{"rendered":"Calculadora de costes"},"content":{"rendered":"\t\t<div data-elementor-type=\"wp-page\" data-elementor-id=\"15810\" class=\"elementor elementor-15810 elementor-51\" data-elementor-post-type=\"page\">\n\t\t\t\t\t\t<section class=\"elementor-section elementor-top-section elementor-element elementor-element-3265136 elementor-section-boxed elementor-section-height-default elementor-section-height-default\" data-id=\"3265136\" data-element_type=\"section\" data-e-type=\"section\">\n\t\t\t\t\t\t<div class=\"elementor-container elementor-column-gap-default\">\n\t\t\t\t\t<div class=\"elementor-column elementor-col-100 elementor-top-column elementor-element elementor-element-b501976\" data-id=\"b501976\" data-element_type=\"column\" data-e-type=\"column\">\n\t\t\t<div class=\"elementor-widget-wrap elementor-element-populated\">\n\t\t\t\t\t\t<div class=\"elementor-element elementor-element-9cbed23 elementor-widget elementor-widget-heading\" data-id=\"9cbed23\" data-element_type=\"widget\" data-e-type=\"widget\" data-widget_type=\"heading.default\">\n\t\t\t\t<div class=\"elementor-widget-container\">\n\t\t\t\t\t<h2 class=\"elementor-heading-title elementor-size-default\">Calcula el precio de tu Curso de Espa\u00f1ol<\/h2>\t\t\t\t<\/div>\n\t\t\t\t<\/div>\n\t\t\t\t\t<\/div>\n\t\t<\/div>\n\t\t\t\t\t<\/div>\n\t\t<\/section>\n\t\t\t\t<section class=\"elementor-section elementor-top-section elementor-element elementor-element-d2890ee elementor-section-boxed elementor-section-height-default elementor-section-height-default\" data-id=\"d2890ee\" data-element_type=\"section\" data-e-type=\"section\">\n\t\t\t\t\t\t<div class=\"elementor-container elementor-column-gap-default\">\n\t\t\t\t\t<div class=\"elementor-column elementor-col-100 elementor-top-column elementor-element elementor-element-cf6db0f\" data-id=\"cf6db0f\" data-element_type=\"column\" data-e-type=\"column\">\n\t\t\t<div class=\"elementor-widget-wrap elementor-element-populated\">\n\t\t\t\t\t\t<div class=\"elementor-element elementor-element-f35e905 color-scheme-inherit text-left elementor-widget elementor-widget-text-editor\" data-id=\"f35e905\" data-element_type=\"widget\" data-e-type=\"widget\" data-widget_type=\"text-editor.default\">\n\t\t\t\t<div class=\"elementor-widget-container\">\n\t\t\t\t\t\t\t\t\t<ol>\n<li><b>Elige tu destino<\/b><\/li><li><b>Selecciona el tipo de curso<\/b>, la duraci\u00f3n, la fecha de inicio y -si lo quieres a trav\u00e9s de la escuela- el tipo de alojamiento.<\/li>\n<li><b>Al final haz clic en \u00abEnviar presupuesto\u00bb<\/b> y escribe tu nombre y&nbsp;<span style=\"font-family: Poppins, sans-serif; font-size: 15px; font-style: normal; font-variant-ligatures: normal; font-variant-caps: normal; font-weight: 400;\">tu direcci\u00f3n de correo electr\u00f3nico. Puedes dejar vac\u00edo el campo \u00abMensaje\u00bb. <\/span><\/li>\n<li>Nos <b>pondremos<\/b> en contacto contigo r\u00e1pidamente para confirmar la disponibilidad y, si lo deseas, puedes proceder a realizar la reserva.<\/li>\n<li>Si tienes alguna <b>pregunta o duda<\/b>, ponte en contacto con nosotros por correo electr\u00f3nico en maxxinstitutes.com o a trav\u00e9s del <strong><a href=\"http:\/\/maxxinstitutes.com\/contact\/\">formulario de contacto<\/a><\/strong>.<\/li>\n<\/ol>\t\t\t\t\t\t\t\t<\/div>\n\t\t\t\t<\/div>\n\t\t\t\t\t<\/div>\n\t\t<\/div>\n\t\t\t\t\t<\/div>\n\t\t<\/section>\n\t\t\t\t<section class=\"elementor-section elementor-top-section elementor-element elementor-element-47e2795 elementor-section-boxed elementor-section-height-default elementor-section-height-default\" data-id=\"47e2795\" data-element_type=\"section\" data-e-type=\"section\">\n\t\t\t\t\t\t<div class=\"elementor-container elementor-column-gap-default\">\n\t\t\t\t\t<div class=\"elementor-column elementor-col-100 elementor-top-column elementor-element elementor-element-1df6eaa\" data-id=\"1df6eaa\" data-element_type=\"column\" data-e-type=\"column\">\n\t\t\t<div class=\"elementor-widget-wrap elementor-element-populated\">\n\t\t\t\t\t\t<div class=\"elementor-element elementor-element-ecebb96 elementor-widget elementor-widget-shortcode\" data-id=\"ecebb96\" data-element_type=\"widget\" data-e-type=\"widget\" data-widget_type=\"shortcode.default\">\n\t\t\t\t<div class=\"elementor-widget-container\">\n\t\t\t\t\t<script type=\"text\/javascript\">window[\"ccb_front_template_18276\"] = [];<\/script>\t\t<div class=\"elementor-shortcode\">\n<div class=\"ccb-main-widget \" id=\"ccb_app_18276\" data-calc-id=\"18276\"><\/div>\n<\/div>\n\t\t\t\t\t\t<\/div>\n\t\t\t\t<\/div>\n\t\t\t\t\t<\/div>\n\t\t<\/div>\n\t\t\t\t\t<\/div>\n\t\t<\/section>\n\t\t\t\t<section class=\"elementor-section elementor-top-section elementor-element elementor-element-5fce845 elementor-section-boxed elementor-section-height-default elementor-section-height-default\" data-id=\"5fce845\" data-element_type=\"section\" data-e-type=\"section\">\n\t\t\t\t\t\t<div class=\"elementor-container elementor-column-gap-default\">\n\t\t\t\t\t<div class=\"elementor-column elementor-col-100 elementor-top-column elementor-element elementor-element-1b82ff5\" data-id=\"1b82ff5\" data-element_type=\"column\" data-e-type=\"column\">\n\t\t\t<div class=\"elementor-widget-wrap elementor-element-populated\">\n\t\t\t\t\t\t<div class=\"elementor-element elementor-element-8903019 elementor-widget elementor-widget-heading\" data-id=\"8903019\" data-element_type=\"widget\" data-e-type=\"widget\" data-widget_type=\"heading.default\">\n\t\t\t\t<div class=\"elementor-widget-container\">\n\t\t\t\t\t<h2 class=\"elementor-heading-title elementor-size-default\">\u00bfCu\u00e1les son las diferentes tasas?\n\n<\/h2>\t\t\t\t<\/div>\n\t\t\t\t<\/div>\n\t\t\t\t<div class=\"elementor-element elementor-element-e0a6a69 color-scheme-inherit text-left elementor-widget elementor-widget-text-editor\" data-id=\"e0a6a69\" data-element_type=\"widget\" data-e-type=\"widget\" data-widget_type=\"text-editor.default\">\n\t\t\t\t<div class=\"elementor-widget-container\">\n\t\t\t\t\t\t\t\t\t<ol>\n<li>\n<p data-start=\"58\" data-end=\"140\">La <strong data-start=\"62\" data-end=\"79\">matr\u00edcula<\/strong> es un pago \u00fanico por tu inscripci\u00f3n en la escuela.<\/p>\n<\/li>\n<li>\n<p data-start=\"142\" data-end=\"195\">El <strong data-start=\"146\" data-end=\"160\">precio del curso<\/strong> cubre el coste de tus clases.<\/p>\n<\/li>\n<li>\n<p data-start=\"197\" data-end=\"353\">El coste total tambi\u00e9n incluye un <strong data-start=\"228\" data-end=\"243\">libro del curso<\/strong>, que se asigna en funci\u00f3n de tu nivel. Cuando completes un nivel, tendr\u00e1s que comprar el siguiente libro. <\/p>\n<\/li>\n<li>\n<p data-start=\"197\" data-end=\"353\"><span style=\"font-size: 15px; background-color: var(--wd-main-bgcolor);\">En <\/span><strong style=\"font-size: 15px; background-color: var(--wd-main-bgcolor);\" data-start=\"359\" data-end=\"390\">tasa de alojamiento<\/strong><span style=\"font-size: 15px; background-color: var(--wd-main-bgcolor);\">  cubre los gastos administrativos de organizar y asegurar tu alojamiento. En   <\/span><strong style=\"font-size: 15px; background-color: var(--wd-main-bgcolor);\" data-start=\"473\" data-end=\"501\">cuota semanal de alojamiento<\/strong><span style=\"font-size: 15px; background-color: var(--wd-main-bgcolor);\"> cubre el coste del alojamiento en s\u00ed, as\u00ed como la limpieza y el mantenimiento.<\/span><\/p>\n<\/li>\n<\/ol>\n\t\t\t\t\t\t\t\t<\/div>\n\t\t\t\t<\/div>\n\t\t\t\t\t<\/div>\n\t\t<\/div>\n\t\t\t\t\t<\/div>\n\t\t<\/section>\n\t\t\t\t<\/div>\n\t\t","protected":false},"excerpt":{"rendered":"<p>Calcula el precio de tu Curso de Espa\u00f1ol Elige tu destino Selecciona el tipo de curso, la duraci\u00f3n, la fecha<\/p>\n","protected":false},"author":5,"featured_media":0,"parent":0,"menu_order":0,"comment_status":"closed","ping_status":"closed","template":"","meta":{"two_page_speed":[],"footnotes":""},"class_list":["post-15810","page","type-page","status-publish","hentry"],"_links":{"self":[{"href":"https:\/\/maxxinstitutes.com\/es\/wp-json\/wp\/v2\/pages\/15810","targetHints":{"allow":["GET"]}}],"collection":[{"href":"https:\/\/maxxinstitutes.com\/es\/wp-json\/wp\/v2\/pages"}],"about":[{"href":"https:\/\/maxxinstitutes.com\/es\/wp-json\/wp\/v2\/types\/page"}],"author":[{"embeddable":true,"href":"https:\/\/maxxinstitutes.com\/es\/wp-json\/wp\/v2\/users\/5"}],"replies":[{"embeddable":true,"href":"https:\/\/maxxinstitutes.com\/es\/wp-json\/wp\/v2\/comments?post=15810"}],"version-history":[{"count":8,"href":"https:\/\/maxxinstitutes.com\/es\/wp-json\/wp\/v2\/pages\/15810\/revisions"}],"predecessor-version":[{"id":21935,"href":"https:\/\/maxxinstitutes.com\/es\/wp-json\/wp\/v2\/pages\/15810\/revisions\/21935"}],"wp:attachment":[{"href":"https:\/\/maxxinstitutes.com\/es\/wp-json\/wp\/v2\/media?parent=15810"}],"curies":[{"name":"wp","href":"https:\/\/api.w.org\/{rel}","templated":true}]}}