{"id":27009,"date":"2026-01-16T16:55:32","date_gmt":"2026-01-16T16:55:32","guid":{"rendered":"https:\/\/maxxinstitutes.com\/?post_type=product&#038;p=27009"},"modified":"2026-02-06T22:09:57","modified_gmt":"2026-02-06T22:09:57","slug":"spanisch-karrierelaborprogramm-fur-junge-erwachsene-18-25-copy","status":"publish","type":"product","link":"https:\/\/maxxinstitutes.com\/de\/produkt\/spanisch-karrierelaborprogramm-fur-junge-erwachsene-18-25-copy\/","title":{"rendered":"Familie Spanisch Programm"},"content":{"rendered":"<p data-start=\"525\" data-end=\"726\">Das <strong data-start=\"529\" data-end=\"555\">Familien-Spanischprogramm<\/strong> von MAXX Institutes erm\u00f6glicht es Eltern und Kindern, <strong data-start=\"606\" data-end=\"644\">gemeinsam als Familie Spanisch zu lernen<\/strong> und gleichzeitig einen entspannten Mittelmeerurlaub in <strong data-start=\"695\" data-end=\"725\">Palma de Mallorca oder Ibiza<\/strong> zu genie\u00dfen.<\/p>\n<p data-start=\"728\" data-end=\"1006\">Dieses flexible <strong data-start=\"742\" data-end=\"763\">Nachmittagsprogramm<\/strong> ist so konzipiert, dass es sich perfekt in einen familienfreundlichen Rhythmus einf\u00fcgt: Der Unterricht findet w\u00e4hrend der hei\u00dfesten Stunden des Tages in <strong data-start=\"882\" data-end=\"912\">klimatisierten Klassenzimmern<\/strong> statt, so dass der Vormittag und der sp\u00e4te Nachmittag frei bleiben, um gemeinsam die Str\u00e4nde, die Natur und das Inselleben zu genie\u00dfen.<\/p>\n<p data-start=\"1008\" data-end=\"1092\">Familien k\u00f6nnen zwischen zwei Formaten w\u00e4hlen, je nach Alter, Niveau und Lernzielen:<\/p>\n<h4 data-start=\"1094\" data-end=\"1134\"><strong data-start=\"1099\" data-end=\"1134\">Option A: Gemeinsamer Unterricht f\u00fcr Familien<\/strong><\/h4>\n<p data-start=\"1135\" data-end=\"1357\">Eltern und Kinder lernen gemeinsam in einer privaten Gruppe mit <strong data-start=\"1197\" data-end=\"1212\">einem Lehrer<\/strong>, wobei die Aktivit\u00e4ten an das jeweilige Alter und Niveau angepasst sind. Erwachsene konzentrieren sich auf das kommunikative Spanisch, w\u00e4hrend Kinder durch lustige, interaktive \u00dcbungen lernen.<\/p>\n<ul data-start=\"1359\" data-end=\"1533\">\n<li data-start=\"1359\" data-end=\"1405\">\n<p data-start=\"1361\" data-end=\"1405\">Ideal f\u00fcr Familien mit Kindern <strong data-start=\"1399\" data-end=\"1405\">ab 4<\/strong> Jahren<\/p>\n<\/li>\n<li data-start=\"1406\" data-end=\"1444\">\n<p data-start=\"1408\" data-end=\"1444\">Eltern mit Anf\u00e4ngerniveau <strong data-start=\"1435\" data-end=\"1444\">A1-A2<\/strong><\/p>\n<\/li>\n<li data-start=\"1445\" data-end=\"1489\">\n<p data-start=\"1447\" data-end=\"1489\"><strong data-start=\"1447\" data-end=\"1466\">1 private Gruppe<\/strong> f\u00fcr 2-4 Familienmitglieder<\/p>\n<\/li>\n<li data-start=\"1490\" data-end=\"1533\">\n<p data-start=\"1492\" data-end=\"1533\"><strong data-start=\"1492\" data-end=\"1533\">2 Lektionen \u00e0 50 Minuten pro Nachmittag<\/strong><\/p>\n<\/li>\n<\/ul>\n<h4 data-start=\"1535\" data-end=\"1575\"><strong data-start=\"1540\" data-end=\"1575\">Option B: Familien-Parallelklasse<\/strong><\/h4>\n<p data-start=\"1576\" data-end=\"1756\">Eltern und Kinder lernen zur gleichen Zeit, aber in <strong data-start=\"1628\" data-end=\"1652\">getrennten 1:1 Stunden<\/strong> mit <strong data-start=\"1658\" data-end=\"1674\">zwei Lehrern<\/strong>. Diese Option ist ideal, wenn sich Alter, Niveau oder Lernziele stark unterscheiden.<\/p>\n<ul data-start=\"1758\" data-end=\"1904\">\n<li data-start=\"1758\" data-end=\"1816\">\n<p data-start=\"1760\" data-end=\"1816\">Geeignet f\u00fcr Familien mit sehr unterschiedlichem Niveau oder Alter<\/p>\n<\/li>\n<li data-start=\"1817\" data-end=\"1860\">\n<p data-start=\"1819\" data-end=\"1860\"><strong data-start=\"1819\" data-end=\"1839\">2 private Gruppen<\/strong> (Eltern &amp; Kinder)<\/p>\n<\/li>\n<li data-start=\"1861\" data-end=\"1904\">\n<p data-start=\"1863\" data-end=\"1904\"><strong data-start=\"1863\" data-end=\"1904\">2 Lektionen \u00e0 50 Minuten pro Nachmittag<\/strong><\/p>\n<\/li>\n<\/ul>\n<p data-start=\"1906\" data-end=\"2046\">Beide Formate bieten <strong data-start=\"1925\" data-end=\"1949\">personalisierte Inhalte<\/strong>, keinen logistischen Stress und die M\u00f6glichkeit, eine sinnvolle Spracherfahrung als Familie zu teilen.<\/p>\n<h3 data-start=\"2053\" data-end=\"2091\">Lernen &amp; Inselleben kombiniert<\/h3>\n<p data-start=\"2093\" data-end=\"2248\">Ob auf Mallorca oder Ibiza, das Familien-Spanischprogramm erm\u00f6glicht es Ihnen, das Erlernen der Sprache mit unvergesslichen Familienerlebnissen zu verbinden. Beide Inseln bieten: <\/p>\n<ul data-start=\"2249\" data-end=\"2445\">\n<li data-start=\"2249\" data-end=\"2282\">\n<p data-start=\"2251\" data-end=\"2282\">sichere, familienfreundliche Str\u00e4nde<\/p>\n<\/li>\n<li data-start=\"2283\" data-end=\"2325\">\n<p data-start=\"2285\" data-end=\"2325\">Kulturelle Highlights und historische St\u00e4dte<\/p>\n<\/li>\n<li data-start=\"2326\" data-end=\"2364\">\n<p data-start=\"2328\" data-end=\"2364\">Naturpl\u00e4tze und sanfte Ausfl\u00fcge<\/p>\n<\/li>\n<li data-start=\"2365\" data-end=\"2445\">\n<p data-start=\"2367\" data-end=\"2445\">Aktivit\u00e4ten vor oder nach dem Unterricht, perfekt auf den Unterrichtsplan abgestimmt<\/p>\n<\/li>\n<\/ul>\n<p data-start=\"2447\" data-end=\"2555\">Eine optionale Kinderbetreuung oder ein Kinderm\u00e4dchen kann f\u00fcr Eltern empfohlen werden, die gerne etwas Zeit f\u00fcr sich selbst h\u00e4tten.<\/p>\n<h2 data-start=\"2601\" data-end=\"2641\">Unterkunftsm\u00f6glichkeiten f\u00fcr Familien<\/h2>\n<p data-start=\"2643\" data-end=\"2833\">Die richtige Unterkunft zu finden, ist ein wichtiger Bestandteil eines erfolgreichen Sprachaufenthalts f\u00fcr Familien. Wir bieten Ihnen <strong data-start=\"2749\" data-end=\"2773\">pers\u00f6nliche Unterst\u00fctzung<\/strong> bei der Auswahl der besten Option f\u00fcr die Bed\u00fcrfnisse Ihrer Familie. <\/p>\n<h3 data-start=\"2835\" data-end=\"2893\">Spanische Gastfamilie <em data-start=\"2862\" data-end=\"2891\">(sehr begrenzte Verf\u00fcgbarkeit)<\/em><\/h3>\n<p data-start=\"2894\" data-end=\"2948\">F\u00fcr Familien, die eine authentische kulturelle Erfahrung suchen:<\/p>\n<ul data-start=\"2949\" data-end=\"3161\">\n<li data-start=\"2949\" data-end=\"2993\">\n<p data-start=\"2951\" data-end=\"2993\">Sorgf\u00e4ltig ausgew\u00e4hlte spanische Gastfamilien<\/p>\n<\/li>\n<li data-start=\"2994\" data-end=\"3069\">\n<p data-start=\"2996\" data-end=\"3069\">Ideal f\u00fcr <strong data-start=\"3006\" data-end=\"3028\">1-2 Familienmitglieder<\/strong> (manchmal 3, je nach Verf\u00fcgbarkeit)<\/p>\n<\/li>\n<li data-start=\"3070\" data-end=\"3134\">\n<p data-start=\"3072\" data-end=\"3134\">Eine gute Gelegenheit, Spanisch in Alltagssituationen zu \u00fcben<\/p>\n<\/li>\n<li data-start=\"3135\" data-end=\"3161\">\n<p data-start=\"3137\" data-end=\"3161\">Warme, lokale Atmosph\u00e4re<\/p>\n<\/li>\n<\/ul>\n<h3 data-start=\"3163\" data-end=\"3193\">Hotels &amp; Familienzimmer<\/h3>\n<p data-start=\"3194\" data-end=\"3238\">F\u00fcr Familien, die Komfort und Privatsph\u00e4re bevorzugen:<\/p>\n<ul data-start=\"3239\" data-end=\"3402\">\n<li data-start=\"3239\" data-end=\"3290\">\n<p data-start=\"3241\" data-end=\"3290\">Ausgew\u00e4hlte familienfreundliche Hotels und Aparthotels<\/p>\n<\/li>\n<li data-start=\"3291\" data-end=\"3326\">\n<p data-start=\"3293\" data-end=\"3326\">Ger\u00e4umige Familienzimmer oder Suiten<\/p>\n<\/li>\n<li data-start=\"3327\" data-end=\"3368\">\n<p data-start=\"3329\" data-end=\"3368\">Pools, Freizeitbereiche und Essensm\u00f6glichkeiten<\/p>\n<\/li>\n<li data-start=\"3369\" data-end=\"3402\">\n<p data-start=\"3371\" data-end=\"3402\">In der N\u00e4he der Schule und des Strandes<\/p>\n<\/li>\n<\/ul>\n<h3 data-start=\"3404\" data-end=\"3442\">Wohnungen &amp; Ferienh\u00e4user<\/h3>\n<p data-start=\"3443\" data-end=\"3479\">F\u00fcr Familien, die Unabh\u00e4ngigkeit sch\u00e4tzen:<\/p>\n<ul data-start=\"3480\" data-end=\"3671\">\n<li data-start=\"3480\" data-end=\"3538\">\n<p data-start=\"3482\" data-end=\"3538\">Ideal f\u00fcr Familien mit kleinen Kindern oder l\u00e4ngere Aufenthalte<\/p>\n<\/li>\n<li data-start=\"3539\" data-end=\"3589\">\n<p data-start=\"3541\" data-end=\"3589\">K\u00fccheneinrichtungen und flexible Tagesplanung<\/p>\n<\/li>\n<li data-start=\"3590\" data-end=\"3638\">\n<p data-start=\"3592\" data-end=\"3638\">Oft in der N\u00e4he von Str\u00e4nden und Parkpl\u00e4tzen gelegen<\/p>\n<\/li>\n<li data-start=\"3639\" data-end=\"3671\">\n<p data-start=\"3641\" data-end=\"3671\">Ein Auto wird normalerweise empfohlen<\/p>\n<\/li>\n<\/ul>\n<p data-start=\"3673\" data-end=\"3807\">Unser Team <strong data-start=\"3694\" data-end=\"3806\">schickt Ihnen<\/strong> gerne <strong data-start=\"3694\" data-end=\"3806\">Empfehlungen, vergleicht Optionen, hilft bei der Buchung und ber\u00e4t Sie \u00fcber die besten familienfreundlichen Orte<\/strong>.<\/p>\n   <div class=\"pricing-section\" id=\"pricing-section-main\">\n        <div class=\"pricing-content\">\n                            <h2>Preise<\/h2>\n<ul>\n<h3>Island Hopper Programm<\/h3>\n<div class=\"indented\">\n<li><strong>1 Woche:<\/strong> 390\u20ac<\/li>\n<\/div>\n<div class=\"indented\">\n<li><strong>2 Wochen:<\/strong> 720\u20ac<\/li>\n<\/div>\n<div class=\"indented\">\n<li><strong>3 Wochen:<\/strong> 1050\u20ac<\/li>\n<\/div>\n<div class=\"indented\">\n<li><strong>4 Wochen:<\/strong> 1280\u20ac<\/li>\n<\/div>\n<\/ul>\n<p>Wenn diese Pakete nicht ganz Ihren Anforderungen entsprechen oder Sie vor einer Entscheidung weitere Informationen w\u00fcnschen, k\u00f6nnen Sie sich gerne an uns wenden:<\/p>\n<div class=\"btn-grpp\">\n  <a class=\"btn-11\" href=\"\/de\/kontakt\/\"><br \/>\n    <button>Kontakt aufnehmen<\/button><br \/>\n  <\/a><br \/>\n  <a class=\"btn-22\" href=\"\/de\/kosten-rechner\/\"><br \/>\n    <button>Angebot anfordern<\/button><br \/>\n  <\/a>\n<\/div>\n                   <\/div>\n       <div class=\"pricing-image\">\n                            <img fetchpriority=\"high\" decoding=\"async\" src=\"https:\/\/maxxinstitutes.com\/wp-content\/uploads\/2026\/01\/product-images-website-10.png\" alt=\"Custom Product Image\" width=\"400\" height=\"400\" title=\"\">\n                 <\/div>\n\t   \n  <\/div>\n<style>\nbody {\nfont-family: Arial, sans-serif;\nmargin: 0;\npadding: 0;\nbackground-color: #f4f4f4;\n}\n\n.pricing-section {\n    display: flex;\n    align-items: center;\n    justify-content: center;\n    padding: 30px;\n    background: linear-gradient(135deg, #1c1e64, #5b6db8);\n    color: white;\n}\n\n.pricing-content {\nflex: 1;\npadding: 20px;\nmax-width: 50%;\n}\n\n.pricing-content h2 {\nfont-size: 36px;\nmargin-bottom: 20px;\n}\n\n.pricing-content ul {\nlist-style: none;\npadding: 0;\n}\n\n.pricing-content li {\nfont-size: 14px;\nmargin-bottom: 10px;\n}\n\n.pricing-content a {\ncolor: #96c8ff;\ntext-decoration: none;\n}\n\n.pricing-content a:hover {\ntext-decoration: underline;\n}\n\n.pricing-image {\nflex: 1;\nmax-width: 50%;\ndisplay: flex;\njustify-content: center;\nalign-items: center;\npadding: 20px;\n}\n\n.pricing-image img {\nmax-width: 100%;\nborder-radius: 10px;\n}\n\n\/* Responsive Design *\/\n@media (max-width: 768px) {\n.pricing-section {\nflex-direction: column;\ntext-align: center;\t\n}\n.pricing-content {\n    justify-items: center;\n}\n.pricing-content, .pricing-image {\nmax-width: 100%;\n}\n}\n#pricing-section-main .pricing-content h2 {\n    color: #ffffff;\n    font-size: 27px;\n}\n\n#pricing-section-main .pricing-content h3 {\n    color: #ffffff;\n    font-size: 17px;\n}\n\n.indented {\n    margin-left: 26px;\n}\n\n.pricing-content ul {\n    list-style: disc;\n}\n.pricing-content li {\n    text-align: left;\n    margin-bottom: 13px;\n}\n#pricing-section-main .pricing-content p {\n    font-size: 12px;\n}\n@media and (max-width: 768px){\ndiv#pricing-section-main {\n    padding: 20px;\n}\n}\ndiv#pricing-section-main {\n   margin-bottom: 20px;\n}\n\t.pricing-content h3 {\n    text-align: left!important;\n}\n\/* \t17-02-25 *\/\n\t.btn-grpp {\n    display: flex;\n}\na.btn-22 {\n    margin-left: 12px;\n}\n.pricing-image {\n    max-width: fit-content;\n}\n\t.btn-grpp button {\n    color: #020c1a;\n    border-radius: 3px;\n}\n<\/style>\n    \n","protected":false},"excerpt":{"rendered":"<p>Lernen Sie gemeinsam als Familie Spanisch in Palma de Mallorca oder Ibiza.<br data-start=\"3955\" data-end=\"3958\">Das Familien-Spanischprogramm bietet flexiblen Nachmittagsunterricht, personalisierte Formate f\u00fcr Eltern und Kinder und Unterst\u00fctzung bei der Unterbringung &#8211; alles so konzipiert, dass es perfekt in einen entspannten Familienurlaub passt.<\/p>\n","protected":false},"featured_media":27018,"comment_status":"closed","ping_status":"closed","template":"","meta":[],"product_brand":[],"product_cat":[457,405],"product_tag":[],"class_list":{"0":"post-27009","1":"product","2":"type-product","3":"status-publish","4":"has-post-thumbnail","6":"product_cat-masgeschneiderte-programme-ibiza","7":"product_cat-massgeschneiderte-programme-mallorca","9":"first","10":"instock","11":"shipping-taxable","12":"purchasable","13":"product-type-simple"},"_links":{"self":[{"href":"https:\/\/maxxinstitutes.com\/de\/wp-json\/wp\/v2\/product\/27009","targetHints":{"allow":["GET"]}}],"collection":[{"href":"https:\/\/maxxinstitutes.com\/de\/wp-json\/wp\/v2\/product"}],"about":[{"href":"https:\/\/maxxinstitutes.com\/de\/wp-json\/wp\/v2\/types\/product"}],"replies":[{"embeddable":true,"href":"https:\/\/maxxinstitutes.com\/de\/wp-json\/wp\/v2\/comments?post=27009"}],"wp:featuredmedia":[{"embeddable":true,"href":"https:\/\/maxxinstitutes.com\/de\/wp-json\/wp\/v2\/media\/27018"}],"wp:attachment":[{"href":"https:\/\/maxxinstitutes.com\/de\/wp-json\/wp\/v2\/media?parent=27009"}],"wp:term":[{"taxonomy":"product_brand","embeddable":true,"href":"https:\/\/maxxinstitutes.com\/de\/wp-json\/wp\/v2\/product_brand?post=27009"},{"taxonomy":"product_cat","embeddable":true,"href":"https:\/\/maxxinstitutes.com\/de\/wp-json\/wp\/v2\/product_cat?post=27009"},{"taxonomy":"product_tag","embeddable":true,"href":"https:\/\/maxxinstitutes.com\/de\/wp-json\/wp\/v2\/product_tag?post=27009"}],"curies":[{"name":"wp","href":"https:\/\/api.w.org\/{rel}","templated":true}]}}