{"id":26983,"date":"2026-01-16T15:59:32","date_gmt":"2026-01-16T15:59:32","guid":{"rendered":"https:\/\/maxxinstitutes.com\/product\/inselhuepfer-programm\/"},"modified":"2026-02-06T22:11:44","modified_gmt":"2026-02-06T22:11:44","slug":"inselhuepfer-programm","status":"publish","type":"product","link":"https:\/\/maxxinstitutes.com\/de\/produkt\/inselhuepfer-programm\/","title":{"rendered":"Inselh\u00fcpfer-Programm"},"content":{"rendered":"<h3><strong data-start=\"288\" data-end=\"325\">Lernen Sie Spanisch auf Mallorca &amp; Ibiza<\/strong><\/h3>\n<p data-start=\"327\" data-end=\"383\">Warum sollten Sie sich nur f\u00fcr eine Insel entscheiden, wenn Sie beide erleben k\u00f6nnen?<\/p>\n<p data-start=\"385\" data-end=\"675\">Das <strong data-start=\"389\" data-end=\"414\">Island Hopper Programm<\/strong> von MAXX Institutes erm\u00f6glicht es Ihnen, Spanischkurse in <strong data-start=\"475\" data-end=\"506\">Palma de Mallorca und Ibiza<\/strong> in einer nahtlosen Lernerfahrung zu kombinieren. Sie beginnen Ihren Kurs auf einer Insel und setzen ihn auf der anderen fort, ohne Unterbrechung, Wiederholung oder \u00c4nderung Ihres Lernrhythmus.<\/p>\n<p data-start=\"677\" data-end=\"855\">Dank identischer Kursstrukturen, Lehrmethoden und Materialien an beiden Schulen wechseln Sie einfach den Standort und setzen Ihren Spanischkurs genau dort fort, wo Sie aufgeh\u00f6rt haben.<\/p>\n<h3 data-start=\"862\" data-end=\"898\">Zwei Inseln &#8211; zwei Erfahrungen<\/h3>\n<p data-start=\"900\" data-end=\"1041\"><strong data-start=\"900\" data-end=\"921\">Palma de Mallorca<\/strong> bietet ein pulsierendes Stadtleben, Kultur, historische Architektur und eine hervorragende Infrastruktur in einer sicheren, einladenden Umgebung.<\/p>\n<p data-start=\"1043\" data-end=\"1163\"><strong data-start=\"1043\" data-end=\"1052\">Ibiza<\/strong> bietet eine entspannte Inselatmosph\u00e4re, atemberaubende Natur, sch\u00f6ne Str\u00e4nde und eine inspirierende internationale Gemeinschaft.<\/p>\n<p data-start=\"1165\" data-end=\"1264\">Zusammen bieten sie das Beste aus beiden Welten: urbanes mediterranes Leben und entspanntes Inselleben.<\/p>\n<h3 data-start=\"1271\" data-end=\"1305\">Inklusive 47 \u20ac Reisegutschein<\/h3>\n<p data-start=\"1307\" data-end=\"1469\">Um Ihnen das Inselh\u00fcpfen zu erleichtern, unterst\u00fctzen wir Ihre Reise mit einem <strong data-start=\"1367\" data-end=\"1389\">Reisegutschein im Wert von 47 \u20ac<\/strong>, den Sie f\u00fcr Ihren <strong data-start=\"1422\" data-end=\"1441\">Flug oder die F\u00e4hre<\/strong> zwischen Mallorca und Ibiza verwenden k\u00f6nnen.<\/p>\n<p data-start=\"1471\" data-end=\"1604\">Sie entscheiden, wie und wann Sie reisen m\u00f6chten &#8211; wir geben Ihnen Tipps und Hinweise, egal ob Sie eine malerische F\u00e4hrfahrt oder einen schnellen 40-min\u00fctigen Flug bevorzugen.<\/p>\n<h3 data-start=\"1611\" data-end=\"1639\">Wie das Programm funktioniert<\/h3>\n<p data-start=\"1641\" data-end=\"1652\">Sie w\u00e4hlen:<\/p>\n<ul data-start=\"1653\" data-end=\"1932\">\n<li data-start=\"1653\" data-end=\"1707\">\n<p data-start=\"1655\" data-end=\"1707\">Ihr Spanischkurs (z.B. <strong data-start=\"1681\" data-end=\"1704\">20 Lektionen pro Woche<\/strong>)<\/p>\n<\/li>\n<li data-start=\"1708\" data-end=\"1749\">\n<p data-start=\"1710\" data-end=\"1749\">Wo beginnen Sie? <strong data-start=\"1726\" data-end=\"1747\">Mallorca oder Ibiza<\/strong><\/p>\n<\/li>\n<li data-start=\"1750\" data-end=\"1793\">\n<p data-start=\"1752\" data-end=\"1793\">Wie viele Wochen Sie auf jeder Insel verbringen<\/p>\n<\/li>\n<li data-start=\"1794\" data-end=\"1877\">\n<p data-start=\"1796\" data-end=\"1877\">Ihre Unterkunft (Gastfamilie, Wohngemeinschaft durch die Schule oder Ihre eigene)<\/p>\n<\/li>\n<li data-start=\"1878\" data-end=\"1932\">\n<p data-start=\"1880\" data-end=\"1932\">Ihre bevorzugte F\u00e4hre oder Ihr Flug zwischen den Inseln<\/p>\n<\/li>\n<\/ul>\n<p data-start=\"1934\" data-end=\"2039\"><strong data-start=\"1934\" data-end=\"1974\">Nur eine Buchung &#8211; zwei Ziele.<\/strong><br data-start=\"1974\" data-end=\"1977\">Sparen Sie Zeit, vereinfachen Sie die Logistik und genie\u00dfen Sie das doppelte Erlebnis.<\/p>\n   <div class=\"pricing-section\" id=\"pricing-section-main\">\n        <div class=\"pricing-content\">\n                   <\/div>\n       <div class=\"pricing-image\">\n                 <\/div>\n\t   \n  <\/div>\n<style>\nbody {\nfont-family: Arial, sans-serif;\nmargin: 0;\npadding: 0;\nbackground-color: #f4f4f4;\n}\n\n.pricing-section {\n    display: flex;\n    align-items: center;\n    justify-content: center;\n    padding: 30px;\n    background: linear-gradient(135deg, #1c1e64, #5b6db8);\n    color: white;\n}\n\n.pricing-content {\nflex: 1;\npadding: 20px;\nmax-width: 50%;\n}\n\n.pricing-content h2 {\nfont-size: 36px;\nmargin-bottom: 20px;\n}\n\n.pricing-content ul {\nlist-style: none;\npadding: 0;\n}\n\n.pricing-content li {\nfont-size: 14px;\nmargin-bottom: 10px;\n}\n\n.pricing-content a {\ncolor: #96c8ff;\ntext-decoration: none;\n}\n\n.pricing-content a:hover {\ntext-decoration: underline;\n}\n\n.pricing-image {\nflex: 1;\nmax-width: 50%;\ndisplay: flex;\njustify-content: center;\nalign-items: center;\npadding: 20px;\n}\n\n.pricing-image img {\nmax-width: 100%;\nborder-radius: 10px;\n}\n\n\/* Responsive Design *\/\n@media (max-width: 768px) {\n.pricing-section {\nflex-direction: column;\ntext-align: center;\t\n}\n.pricing-content {\n    justify-items: center;\n}\n.pricing-content, .pricing-image {\nmax-width: 100%;\n}\n}\n#pricing-section-main .pricing-content h2 {\n    color: #ffffff;\n    font-size: 27px;\n}\n\n#pricing-section-main .pricing-content h3 {\n    color: #ffffff;\n    font-size: 17px;\n}\n\n.indented {\n    margin-left: 26px;\n}\n\n.pricing-content ul {\n    list-style: disc;\n}\n.pricing-content li {\n    text-align: left;\n    margin-bottom: 13px;\n}\n#pricing-section-main .pricing-content p {\n    font-size: 12px;\n}\n@media and (max-width: 768px){\ndiv#pricing-section-main {\n    padding: 20px;\n}\n}\ndiv#pricing-section-main {\n   margin-bottom: 20px;\n}\n\t.pricing-content h3 {\n    text-align: left!important;\n}\n\/* \t17-02-25 *\/\n\t.btn-grpp {\n    display: flex;\n}\na.btn-22 {\n    margin-left: 12px;\n}\n.pricing-image {\n    max-width: fit-content;\n}\n\t.btn-grpp button {\n    color: #020c1a;\n    border-radius: 3px;\n}\n<\/style>\n    \n","protected":false},"excerpt":{"rendered":"<p>Lernen Sie Spanisch auf Mallorca und Ibiza mit einem nahtlosen Programm.<br \/>\nMit dem Island Hopper Programm k\u00f6nnen Sie beide Inseln kombinieren, ohne Ihren Kurs zu unterbrechen &#8211; und Sie erhalten einen Reisegutschein im Wert von 47 \u20ac f\u00fcr Ihren Inseltransfer.<\/p>\n","protected":false},"featured_media":26989,"comment_status":"closed","ping_status":"closed","template":"","meta":[],"product_brand":[],"product_cat":[457,405],"product_tag":[],"class_list":{"0":"post-26983","1":"product","2":"type-product","3":"status-publish","4":"has-post-thumbnail","6":"product_cat-masgeschneiderte-programme-ibiza","7":"product_cat-massgeschneiderte-programme-mallorca","9":"first","10":"instock","11":"shipping-taxable","12":"purchasable","13":"product-type-simple"},"_links":{"self":[{"href":"https:\/\/maxxinstitutes.com\/de\/wp-json\/wp\/v2\/product\/26983","targetHints":{"allow":["GET"]}}],"collection":[{"href":"https:\/\/maxxinstitutes.com\/de\/wp-json\/wp\/v2\/product"}],"about":[{"href":"https:\/\/maxxinstitutes.com\/de\/wp-json\/wp\/v2\/types\/product"}],"replies":[{"embeddable":true,"href":"https:\/\/maxxinstitutes.com\/de\/wp-json\/wp\/v2\/comments?post=26983"}],"wp:featuredmedia":[{"embeddable":true,"href":"https:\/\/maxxinstitutes.com\/de\/wp-json\/wp\/v2\/media\/26989"}],"wp:attachment":[{"href":"https:\/\/maxxinstitutes.com\/de\/wp-json\/wp\/v2\/media?parent=26983"}],"wp:term":[{"taxonomy":"product_brand","embeddable":true,"href":"https:\/\/maxxinstitutes.com\/de\/wp-json\/wp\/v2\/product_brand?post=26983"},{"taxonomy":"product_cat","embeddable":true,"href":"https:\/\/maxxinstitutes.com\/de\/wp-json\/wp\/v2\/product_cat?post=26983"},{"taxonomy":"product_tag","embeddable":true,"href":"https:\/\/maxxinstitutes.com\/de\/wp-json\/wp\/v2\/product_tag?post=26983"}],"curies":[{"name":"wp","href":"https:\/\/api.w.org\/{rel}","templated":true}]}}