{"id":20692,"date":"2025-02-27T21:20:55","date_gmt":"2025-02-27T21:20:55","guid":{"rendered":"https:\/\/maxxinstitutes.com\/product\/online-nachhilfeunterricht\/"},"modified":"2025-07-31T05:27:42","modified_gmt":"2025-07-31T05:27:42","slug":"online-nachhilfeunterricht","status":"publish","type":"product","link":"https:\/\/maxxinstitutes.com\/de\/produkt\/online-nachhilfeunterricht\/","title":{"rendered":"Online Nachhilfeunterricht"},"content":{"rendered":"<h2 data-start=\"131\" data-end=\"184\">Online-Privatunterricht Spanisch &#8211; Vollkommen flexibel<\/h2>\n<h3 data-start=\"185\" data-end=\"224\">Warum sollten Sie sich f\u00fcr privaten Online-Unterricht entscheiden?<\/h3>\n<p data-start=\"226\" data-end=\"517\">Passen Sie Ihr Spanischlernen mit unseren privaten Online-Lektionen an Ihre pers\u00f6nlichen Ziele und Ihren Zeitplan an. Ganz gleich, ob Sie sich auf bestimmte F\u00e4higkeiten konzentrieren, Ihre Fortschritte beschleunigen oder neben einem Gruppenkurs zus\u00e4tzliche \u00dcbungen machen m\u00f6chten, Privatstunden bieten Ihnen die Flexibilit\u00e4t und die individuelle Aufmerksamkeit, die Sie brauchen. <\/p>\n<div class=\"bt_bb_wrapper\" data-templates-time=\"\">\n<section id=\"bt_bb_section67c0d53094954\" class=\"bt_bb_section bt_bb_layout_boxed_1200 bt_bb_top_spacing_none bt_bb_bottom_spacing_none\" data-bt-override-class=\"null\">\n<div class=\"bt_bb_port\">\n<div class=\"bt_bb_cell\">\n<div class=\"bt_bb_cell_inner\">\n<div class=\"bt_bb_row \" data-bt-override-class=\"{}\" data-structure=\"12\">\n<div class=\"bt_bb_row_holder\">\n<div class=\"bt_bb_column col-xxl-12 col-xl-12 bt_bb_vertical_align_top bt_bb_align_left bt_bb_padding_normal bt_bb_shape_inherit\" data-width=\"12\" data-bt-override-class=\"{}\">\n<div class=\"bt_bb_column_content\">\n<div class=\"bt_bb_column_content_inner\">\n<h3 data-start=\"619\" data-end=\"637\">Details zur Klasse:<\/h3>\n<ul>\n<li data-start=\"639\" data-end=\"742\"><strong data-start=\"639\" data-end=\"655\">Kurs-Typ:<\/strong> Online-Privatunterricht Spanisch<\/li>\n<li data-start=\"639\" data-end=\"742\"><strong data-start=\"689\" data-end=\"710\">Lektionen pro Woche:<\/strong> W\u00e4hlen Sie aus 3 flexiblen Optionen:<\/li>\n<li data-start=\"744\" data-end=\"815\">\n<p data-start=\"746\" data-end=\"815\"><strong data-start=\"746\" data-end=\"759\">Option 1:<\/strong> 10 Stunden pro Woche &#8211; 2 Stunden pro Tag, Montag bis Freitag<\/p>\n<\/li>\n<li data-start=\"816\" data-end=\"905\">\n<p data-start=\"818\" data-end=\"905\"><strong data-start=\"818\" data-end=\"831\">Option 2:<\/strong> 5 Stunden pro Woche &#8211; 2 Stunden am Mo &amp; Mi oder Di &amp; Do + 1 Stunde am Freitag<\/p>\n<\/li>\n<li data-start=\"906\" data-end=\"1020\">\n<p data-start=\"908\" data-end=\"1020\"><strong data-start=\"908\" data-end=\"921\">Option 3:<\/strong> 2 Stunden pro Woche &#8211; 1 Stunde an zwei frei gew\u00e4hlten Tagen (z.B. Di &amp; Do, 18:00-19:00 oder 08:00-09:00)<\/p>\n<\/li>\n<li data-start=\"908\" data-end=\"1020\"><strong data-start=\"1022\" data-end=\"1040\">Dauer der Lektion:<\/strong> 60 Minuten<\/li>\n<li data-start=\"908\" data-end=\"1020\"><strong data-start=\"1054\" data-end=\"1068\">Stundenplan:<br \/>\n<\/strong>&#8211; Montag bis Freitag, 08:00-20:00 Uhr (spanische Zeit, CET +1)<br \/>\n&#8211; Wochenendunterricht gegen Aufpreis m\u00f6glich<\/li>\n<li data-start=\"908\" data-end=\"1020\"><strong data-start=\"1174\" data-end=\"1185\">Niveaus:<\/strong> Alle Stufen von Anf\u00e4ngern (A1) bis zu Fortgeschrittenen (C2)<\/li>\n<li data-start=\"908\" data-end=\"1020\"><strong data-start=\"1245\" data-end=\"1260\">Gruppengr\u00f6\u00dfe:<\/strong> 1 Sch\u00fcler<br \/>\n&#8211; Gleicher Preis f\u00fcr 2 Sch\u00fcler &#8211; bringen Sie einen Freund mit und teilen Sie die Kosten!<\/li>\n<li data-start=\"908\" data-end=\"1020\"><strong data-start=\"1339\" data-end=\"1360\">Starttermine 2025: <\/strong>Jeder Tag der Woche &#8211; beginnen Sie, wann immer Sie wollen<\/li>\n<li data-start=\"908\" data-end=\"1020\"><strong data-start=\"1412\" data-end=\"1425\">Lehrkr\u00e4fte:<\/strong> Erfahrene muttersprachliche Lehrer, die den Unterricht an Ihre individuellen Bed\u00fcrfnisse anpassen<\/li>\n<\/ul>\n<h3 data-start=\"1521\" data-end=\"1541\">Was enthalten ist:<\/h3>\n<ul>\n<li data-start=\"1545\" data-end=\"1596\">Vollst\u00e4ndig auf Ihre Ziele abgestimmter Unterricht<\/li>\n<li data-start=\"1599\" data-end=\"1642\">Flexible Terminplanung f\u00fcr Ihren Lebensstil<\/li>\n<li data-start=\"1645\" data-end=\"1707\">Sie haben die M\u00f6glichkeit, Ihren Unterricht mit einem Partner zu teilen, ohne zus\u00e4tzliche Kosten<\/li>\n<li data-start=\"1710\" data-end=\"1736\">Zertifikat auf Anfrage<\/li>\n<\/ul>\n<h3 data-start=\"1743\" data-end=\"1755\">Preisgestaltung:<\/h3>\n<ul>\n<li data-start=\"1759\" data-end=\"1792\"><strong data-start=\"1759\" data-end=\"1777\">30 \u20ac pro Lektion<\/strong> (60 Minuten)<\/li>\n<li data-start=\"1795\" data-end=\"1827\">Gleicher Preis f\u00fcr 1 oder 2 Sch\u00fcler<\/li>\n<li data-start=\"1830\" data-end=\"1874\">Wochenendkurse gegen Aufpreis verf\u00fcgbar<\/li>\n<\/ul>\n<h3 data-start=\"1881\" data-end=\"1908\">Warum diesen Kurs w\u00e4hlen?<\/h3>\n<ul>\n<li data-start=\"1912\" data-end=\"1956\">100%ige Flexibilit\u00e4t bei Zeitplanung und Inhalt<\/li>\n<li data-start=\"1959\" data-end=\"2003\">Personalisiertes Lernen mit muttersprachlichen Lehrern<\/li>\n<li data-start=\"2006\" data-end=\"2050\">Ausgezeichnetes Preis-Leistungs-Verh\u00e4ltnis f\u00fcr Einzel- oder Gruppenunterricht<\/li>\n<li data-start=\"2053\" data-end=\"2115\">Ideal zur Erg\u00e4nzung von Gruppenkursen oder zum Selbststudium<\/li>\n<\/ul>\n<\/div>\n<\/div>\n<\/div>\n<\/div>\n<\/div>\n<\/div>\n<\/div>\n<\/div>\n<\/section>\n<\/div>\n<p data-start=\"3036\" data-end=\"3310\">   <div class=\"pricing-section\" id=\"pricing-section-main\">\n        <div class=\"pricing-content\">\n                            <h2>Preise<\/h2>\n<ul>\n<h3>Der Preis ist derselbe f\u00fcr 1 Sch\u00fcler oder 2 Sch\u00fcler zusammen mit 1 Lehrer<\/h3>\n<div class=\"indented\">\n<li><strong>Paket mit 20 Lektionen:<\/strong> 29\u20ac pro Lektion<\/li>\n<\/div>\n<div class=\"indented\">\n<li><strong>Paket mit 15 Lektionen:<\/strong> 33\u20ac pro Lektion<\/li>\n<\/div>\n<div class=\"indented\">\n<li><strong>Paket mit 10 Lektionen:<\/strong> 31\u20ac pro Lektion<\/li>\n<\/div>\n<div class=\"indented\">\n<li><strong>Paket mit 5 Lektionen:<\/strong> 33\u20ac pro Lektion<\/li>\n<\/div>\n<div class=\"indented\">\n<li><strong>1 Lektion:<\/strong> 34\u20ac<\/li>\n<\/div>\n<\/ul>\n<p>Wenn diese Pakete nicht ganz Ihren Bed\u00fcrfnissen entsprechen oder Sie weitere Informationen w\u00fcnschen, bevor Sie eine Entscheidung treffen, z\u00f6gern Sie nicht:<\/p>\n<div class=\"btn-grpp\">\n  <a class=\"btn-11\" href=\"\/de\/kontakt\/\"><br \/>\n    <button>Kontaktieren Sie uns<\/button><br \/>\n  <\/a><br \/>\n  <a class=\"btn-22\" href=\"\/de\/kosten-rechner\/\"><br \/>\n    <button>Angebot einholen<\/button><br \/>\n  <\/a>\n<\/div>\n                   <\/div>\n       <div class=\"pricing-image\">\n                            <img fetchpriority=\"high\" decoding=\"async\" src=\"https:\/\/maxxinstitutes.com\/wp-content\/uploads\/2024\/09\/Spanish-intensive-20-5-lessons-week_.jpg\" alt=\"Custom Product Image\" width=\"400\" height=\"400\" title=\"\">\n                 <\/div>\n\t   \n  <\/div>\n<style>\nbody {\nfont-family: Arial, sans-serif;\nmargin: 0;\npadding: 0;\nbackground-color: #f4f4f4;\n}\n\n.pricing-section {\n    display: flex;\n    align-items: center;\n    justify-content: center;\n    padding: 30px;\n    background: linear-gradient(135deg, #1c1e64, #5b6db8);\n    color: white;\n}\n\n.pricing-content {\nflex: 1;\npadding: 20px;\nmax-width: 50%;\n}\n\n.pricing-content h2 {\nfont-size: 36px;\nmargin-bottom: 20px;\n}\n\n.pricing-content ul {\nlist-style: none;\npadding: 0;\n}\n\n.pricing-content li {\nfont-size: 14px;\nmargin-bottom: 10px;\n}\n\n.pricing-content a {\ncolor: #96c8ff;\ntext-decoration: none;\n}\n\n.pricing-content a:hover {\ntext-decoration: underline;\n}\n\n.pricing-image {\nflex: 1;\nmax-width: 50%;\ndisplay: flex;\njustify-content: center;\nalign-items: center;\npadding: 20px;\n}\n\n.pricing-image img {\nmax-width: 100%;\nborder-radius: 10px;\n}\n\n\/* Responsive Design *\/\n@media (max-width: 768px) {\n.pricing-section {\nflex-direction: column;\ntext-align: center;\t\n}\n.pricing-content {\n    justify-items: center;\n}\n.pricing-content, .pricing-image {\nmax-width: 100%;\n}\n}\n#pricing-section-main .pricing-content h2 {\n    color: #ffffff;\n    font-size: 27px;\n}\n\n#pricing-section-main .pricing-content h3 {\n    color: #ffffff;\n    font-size: 17px;\n}\n\n.indented {\n    margin-left: 26px;\n}\n\n.pricing-content ul {\n    list-style: disc;\n}\n.pricing-content li {\n    text-align: left;\n    margin-bottom: 13px;\n}\n#pricing-section-main .pricing-content p {\n    font-size: 12px;\n}\n@media and (max-width: 768px){\ndiv#pricing-section-main {\n    padding: 20px;\n}\n}\ndiv#pricing-section-main {\n   margin-bottom: 20px;\n}\n\t.pricing-content h3 {\n    text-align: left!important;\n}\n\/* \t17-02-25 *\/\n\t.btn-grpp {\n    display: flex;\n}\na.btn-22 {\n    margin-left: 12px;\n}\n.pricing-image {\n    max-width: fit-content;\n}\n\t.btn-grpp button {\n    color: #020c1a;\n    border-radius: 3px;\n}\n<\/style>\n    <\/p>\n","protected":false},"excerpt":{"rendered":"<ul>\n<li>Das ganze Jahr \u00fcber verf\u00fcgbar<\/li>\n<li>ab <strong>29\u20ac pro Stunde<\/strong><\/li>\n<li>Gleicher Preis f\u00fcr 1 Sch\u00fcler oder 2 Sch\u00fcler (ein Lehrer)<\/li>\n<li>Pakete f\u00fcr 5, 10, 15 und 20 Lektionen erh\u00e4ltlich<\/li>\n<\/ul>\n","protected":false},"featured_media":18896,"comment_status":"open","ping_status":"closed","template":"","meta":[],"product_brand":[],"product_cat":[306],"product_tag":[],"class_list":{"0":"post-20692","1":"product","2":"type-product","3":"status-publish","4":"has-post-thumbnail","6":"product_cat-online-de","8":"first","9":"instock","10":"shipping-taxable","11":"purchasable","12":"product-type-variable"},"_links":{"self":[{"href":"https:\/\/maxxinstitutes.com\/de\/wp-json\/wp\/v2\/product\/20692","targetHints":{"allow":["GET"]}}],"collection":[{"href":"https:\/\/maxxinstitutes.com\/de\/wp-json\/wp\/v2\/product"}],"about":[{"href":"https:\/\/maxxinstitutes.com\/de\/wp-json\/wp\/v2\/types\/product"}],"replies":[{"embeddable":true,"href":"https:\/\/maxxinstitutes.com\/de\/wp-json\/wp\/v2\/comments?post=20692"}],"wp:featuredmedia":[{"embeddable":true,"href":"https:\/\/maxxinstitutes.com\/de\/wp-json\/wp\/v2\/media\/18896"}],"wp:attachment":[{"href":"https:\/\/maxxinstitutes.com\/de\/wp-json\/wp\/v2\/media?parent=20692"}],"wp:term":[{"taxonomy":"product_brand","embeddable":true,"href":"https:\/\/maxxinstitutes.com\/de\/wp-json\/wp\/v2\/product_brand?post=20692"},{"taxonomy":"product_cat","embeddable":true,"href":"https:\/\/maxxinstitutes.com\/de\/wp-json\/wp\/v2\/product_cat?post=20692"},{"taxonomy":"product_tag","embeddable":true,"href":"https:\/\/maxxinstitutes.com\/de\/wp-json\/wp\/v2\/product_tag?post=20692"}],"curies":[{"name":"wp","href":"https:\/\/api.w.org\/{rel}","templated":true}]}}