{"id":20682,"date":"2025-02-27T21:26:36","date_gmt":"2025-02-27T21:26:36","guid":{"rendered":"https:\/\/maxxinstitutes.com\/product\/abendlicher-online-spanischkurs\/"},"modified":"2025-07-31T05:27:43","modified_gmt":"2025-07-31T05:27:43","slug":"abendlicher-online-spanischkurs","status":"publish","type":"product","link":"https:\/\/maxxinstitutes.com\/de\/produkt\/abendlicher-online-spanischkurs\/","title":{"rendered":"Abendlicher Online-Spanischkurs"},"content":{"rendered":"<h2 data-start=\"147\" data-end=\"203\">Abendlicher Online-Spanischkurs<\/h2>\n<h3 data-start=\"204\" data-end=\"234\">Warum Spanisch online lernen?<\/h3>\n<p data-start=\"236\" data-end=\"557\">Flexibel, effektiv und vollst\u00e4ndig interaktiv &#8211; unser Online-Spanischkurs am Abend ist f\u00fcr Lernende gedacht, die das Sprachenlernen in ihren vollen Terminkalender integrieren m\u00f6chten. Lernen Sie von \u00fcberall auf der Welt mit muttersprachlichen Lehrern und echten Mitsch\u00fclern und genie\u00dfen Sie dabei die gleiche Unterrichtsqualit\u00e4t wie in unseren Schulen vor Ort. <\/p>\n<p data-start=\"559\" data-end=\"769\">Dieser Kurs bietet ein perfektes Gleichgewicht zwischen Struktur und Flexibilit\u00e4t und ist daher ideal f\u00fcr Berufst\u00e4tige, Sch\u00fcler oder alle, die tags\u00fcber Verpflichtungen haben. Alle Niveaus sind willkommen, und Sie k\u00f6nnen fast jede Woche beginnen! <\/p>\n<h3 data-start=\"559\" data-end=\"769\">Details zur Klasse:<\/h3>\n<ul>\n<li data-start=\"796\" data-end=\"1015\"><strong data-start=\"796\" data-end=\"812\">Kursart:<\/strong> Abend-Online-Spanischkurs<\/li>\n<li data-start=\"796\" data-end=\"1015\"><strong data-start=\"845\" data-end=\"866\">Lektionen pro Woche:<\/strong> 4<br data-start=\"868\" data-end=\"871\">&#8211; 2 Lektionen pro Tag, zweimal pro Woche<\/li>\n<li data-start=\"796\" data-end=\"1015\"><strong data-start=\"909\" data-end=\"929\">Kursdauer:<\/strong> 4-52 Wochen (Dauer und Pausen k\u00f6nnen frei gew\u00e4hlt werden)<\/li>\n<li data-start=\"796\" data-end=\"1015\"><strong data-start=\"984\" data-end=\"1002\">Dauer der Lektion:<\/strong> 50 Minuten<\/li>\n<li data-start=\"796\" data-end=\"1015\"><strong data-start=\"1017\" data-end=\"1040\">Stundenplan (CET +1): <\/strong>Montag &amp; Mittwoch oder Dienstag &amp; Donnerstag<br \/>\n&#8211; 18:20-20:00 OR<br \/>\n&#8211; 20:10-21:50<br \/>\n<em data-start=\"1121\" data-end=\"1167\">Gruppe h\u00e4ngt von Ihrem Niveau und Ihrer Verf\u00fcgbarkeit ab<\/em><\/li>\n<li data-start=\"796\" data-end=\"1015\"><strong data-start=\"1171\" data-end=\"1182\">Niveaus:<\/strong> Von A1 bis C2<br \/>\n&#8211; Die Gruppen werden anhand des Einstufungstests gebildet<\/li>\n<li data-start=\"796\" data-end=\"1015\"><strong data-start=\"1247\" data-end=\"1262\">Gruppengr\u00f6\u00dfe:<\/strong> Durchschnittlich 6 Sch\u00fcler, min. 3, max. 10<\/li>\n<li data-start=\"796\" data-end=\"1015\"><strong data-start=\"1302\" data-end=\"1323\">Starttermine 2025: <\/strong>Beginn an einem beliebigen Montag<br \/>\n-Donnerstag, je nach Niveau und verf\u00fcgbarer Gruppe<br \/>\n&#8211; Abendkurse f\u00fcr komplette Anf\u00e4nger beginnen in der ersten H\u00e4lfte eines jeden Monats (bitte fragen Sie uns nach den genauen Daten)<\/li>\n<li data-start=\"796\" data-end=\"1015\"><strong data-start=\"1516\" data-end=\"1529\">Lehrkr\u00e4fte:<\/strong> Qualifizierte, erfahrene muttersprachliche Lehrer, die Sie in einer kleinen Gruppe durch einen strukturierten, ansprechenden Unterricht f\u00fchren<\/li>\n<\/ul>\n<h3>Was enthalten ist:<\/h3>\n<ul>\n<li data-start=\"1686\" data-end=\"1731\">Klasse E-Book in der Einschreibegeb\u00fchr enthalten<\/li>\n<li data-start=\"1734\" data-end=\"1782\">Live-Online-Unterricht mit interaktiven Materialien<\/li>\n<li data-start=\"1785\" data-end=\"1825\">Flexible Kursdauer und Starttermine<\/li>\n<li data-start=\"1828\" data-end=\"1867\">Einstufungstest und Kurszertifikat<\/li>\n<\/ul>\n<h3 data-start=\"1874\" data-end=\"1893\">Besondere Angebote:<\/h3>\n<ul>\n<li data-start=\"1897\" data-end=\"1951\">Buchen Sie 2 Monate (8 Wochen) \u2192 Erhalten Sie 1 zus\u00e4tzliche Woche GRATIS<\/li>\n<li data-start=\"1954\" data-end=\"2010\">Buchen Sie 3 Monate (12 Wochen) \u2192 Erhalten Sie 2 zus\u00e4tzliche Wochen GRATIS<\/li>\n<li data-start=\"2013\" data-end=\"2069\">Buchen Sie 4 Monate (16 Wochen) \u2192 Erhalten Sie 3 zus\u00e4tzliche Wochen GRATIS<\/li>\n<\/ul>\n<h3 data-start=\"2076\" data-end=\"2110\">Warum sollten Sie diesen Online-Kurs w\u00e4hlen?<\/h3>\n<ul>\n<li data-start=\"2114\" data-end=\"2177\">Lernen Sie Spanisch von jedem Ort mit einer stabilen Internetverbindung<\/li>\n<li data-start=\"2180\" data-end=\"2260\">Ideal f\u00fcr Berufst\u00e4tige und Sch\u00fcler, die tags\u00fcber nur begrenzt verf\u00fcgbar sind<\/li>\n<li data-start=\"2263\" data-end=\"2316\">Kleine Gruppengr\u00f6\u00dfen und lebende muttersprachliche Lehrer<\/li>\n<li data-start=\"2319\" data-end=\"2384\">Flexible Terminplanung, wettbewerbsf\u00e4hige Preise und spezielle Rabatte<\/li>\n<\/ul>\n<p data-start=\"3036\" data-end=\"3310\">   <div class=\"pricing-section\" id=\"pricing-section-main\">\n        <div class=\"pricing-content\">\n                            <h2>Preise<\/h2>\n<ul>\n<h3><\/h3>\n<div class=\"indented\">\n<li><strong>4 Wochen:<\/strong> 140\u202f\u20ac + 40\u202f\u20ac Anmeldegeb\u00fchr<\/li>\n<\/div>\n<div class=\"indented\">\n<li><strong>8 Wochen + 1 gratis (insgesamt 9):<\/strong> 280\u202f\u20ac + 40\u202f\u20ac Anmeldegeb\u00fchr<\/li>\n<\/div>\n<div class=\"indented\">\n<li><strong>12 Wochen + 2 gratis (insgesamt 14):<\/strong> 425\u202f\u20ac + 40\u202f\u20ac Anmeldegeb\u00fchr<\/li>\n<\/div>\n<div class=\"indented\">\n<li><strong>16 Wochen + 3 gratis (insgesamt 19):<\/strong> 560\u202f\u20ac + 40\u202f\u20ac Anmeldegeb\u00fchr<\/li>\n<\/div>\n<\/ul>\n<p>Wenn diese Pakete nicht ganz zu deinen Bed\u00fcrfnissen passen oder du vor deiner Entscheidung weitere Informationen w\u00fcnschst, dann:<\/p>\n<div class=\"btn-grpp\">\n  <a class=\"btn-11\" href=\"\/de\/kontakt\/\"><br \/>\n    <button>Kontaktiere uns<\/button><br \/>\n  <\/a><br \/>\n  <a class=\"btn-22\" href=\"\/de\/kosten-rechner\/\"><br \/>\n    <button>Angebot anfordern<\/button><br \/>\n  <\/a>\n<\/div>\n                   <\/div>\n       <div class=\"pricing-image\">\n                 <\/div>\n\t   \n  <\/div>\n<style>\nbody {\nfont-family: Arial, sans-serif;\nmargin: 0;\npadding: 0;\nbackground-color: #f4f4f4;\n}\n\n.pricing-section {\n    display: flex;\n    align-items: center;\n    justify-content: center;\n    padding: 30px;\n    background: linear-gradient(135deg, #1c1e64, #5b6db8);\n    color: white;\n}\n\n.pricing-content {\nflex: 1;\npadding: 20px;\nmax-width: 50%;\n}\n\n.pricing-content h2 {\nfont-size: 36px;\nmargin-bottom: 20px;\n}\n\n.pricing-content ul {\nlist-style: none;\npadding: 0;\n}\n\n.pricing-content li {\nfont-size: 14px;\nmargin-bottom: 10px;\n}\n\n.pricing-content a {\ncolor: #96c8ff;\ntext-decoration: none;\n}\n\n.pricing-content a:hover {\ntext-decoration: underline;\n}\n\n.pricing-image {\nflex: 1;\nmax-width: 50%;\ndisplay: flex;\njustify-content: center;\nalign-items: center;\npadding: 20px;\n}\n\n.pricing-image img {\nmax-width: 100%;\nborder-radius: 10px;\n}\n\n\/* Responsive Design *\/\n@media (max-width: 768px) {\n.pricing-section {\nflex-direction: column;\ntext-align: center;\t\n}\n.pricing-content {\n    justify-items: center;\n}\n.pricing-content, .pricing-image {\nmax-width: 100%;\n}\n}\n#pricing-section-main .pricing-content h2 {\n    color: #ffffff;\n    font-size: 27px;\n}\n\n#pricing-section-main .pricing-content h3 {\n    color: #ffffff;\n    font-size: 17px;\n}\n\n.indented {\n    margin-left: 26px;\n}\n\n.pricing-content ul {\n    list-style: disc;\n}\n.pricing-content li {\n    text-align: left;\n    margin-bottom: 13px;\n}\n#pricing-section-main .pricing-content p {\n    font-size: 12px;\n}\n@media and (max-width: 768px){\ndiv#pricing-section-main {\n    padding: 20px;\n}\n}\ndiv#pricing-section-main {\n   margin-bottom: 20px;\n}\n\t.pricing-content h3 {\n    text-align: left!important;\n}\n\/* \t17-02-25 *\/\n\t.btn-grpp {\n    display: flex;\n}\na.btn-22 {\n    margin-left: 12px;\n}\n.pricing-image {\n    max-width: fit-content;\n}\n\t.btn-grpp button {\n    color: #020c1a;\n    border-radius: 3px;\n}\n<\/style>\n    <\/p>\n","protected":false},"excerpt":{"rendered":"<ul>\n<li><strong data-start=\"538\" data-end=\"564\">Live aus Spanien unterrichtet<\/strong> &#8211; eine authentische, eindringliche Erfahrung<\/li>\n<li><strong data-start=\"604\" data-end=\"624\">Abendtermine<\/strong> &#8211; perfekt f\u00fcr vielbesch\u00e4ftigte Erwachsene und Berufst\u00e4tige<\/li>\n<li><strong>Anf\u00e4nger bis Fortgeschrittene  <\/strong><\/li>\n<li><strong>Flexible w\u00f6chentliche Einschreibung<\/strong><\/li>\n<\/ul>\n","protected":false},"featured_media":18904,"comment_status":"open","ping_status":"closed","template":"","meta":[],"product_brand":[],"product_cat":[306],"product_tag":[],"class_list":{"0":"post-20682","1":"product","2":"type-product","3":"status-publish","4":"has-post-thumbnail","6":"product_cat-online-de","8":"first","9":"instock","10":"shipping-taxable","11":"purchasable","12":"product-type-simple"},"_links":{"self":[{"href":"https:\/\/maxxinstitutes.com\/de\/wp-json\/wp\/v2\/product\/20682","targetHints":{"allow":["GET"]}}],"collection":[{"href":"https:\/\/maxxinstitutes.com\/de\/wp-json\/wp\/v2\/product"}],"about":[{"href":"https:\/\/maxxinstitutes.com\/de\/wp-json\/wp\/v2\/types\/product"}],"replies":[{"embeddable":true,"href":"https:\/\/maxxinstitutes.com\/de\/wp-json\/wp\/v2\/comments?post=20682"}],"wp:featuredmedia":[{"embeddable":true,"href":"https:\/\/maxxinstitutes.com\/de\/wp-json\/wp\/v2\/media\/18904"}],"wp:attachment":[{"href":"https:\/\/maxxinstitutes.com\/de\/wp-json\/wp\/v2\/media?parent=20682"}],"wp:term":[{"taxonomy":"product_brand","embeddable":true,"href":"https:\/\/maxxinstitutes.com\/de\/wp-json\/wp\/v2\/product_brand?post=20682"},{"taxonomy":"product_cat","embeddable":true,"href":"https:\/\/maxxinstitutes.com\/de\/wp-json\/wp\/v2\/product_cat?post=20682"},{"taxonomy":"product_tag","embeddable":true,"href":"https:\/\/maxxinstitutes.com\/de\/wp-json\/wp\/v2\/product_tag?post=20682"}],"curies":[{"name":"wp","href":"https:\/\/api.w.org\/{rel}","templated":true}]}}