{"id":20159,"date":"2025-02-27T21:47:18","date_gmt":"2025-02-27T21:47:18","guid":{"rendered":"https:\/\/maxxinstitutes.com\/product\/online-kurs-zur-vorbereitung-auf-die-ccse-pruefung\/"},"modified":"2025-07-31T05:27:46","modified_gmt":"2025-07-31T05:27:46","slug":"online-kurs-zur-vorbereitung-auf-die-ccse-pruefung","status":"publish","type":"product","link":"https:\/\/maxxinstitutes.com\/de\/produkt\/online-kurs-zur-vorbereitung-auf-die-ccse-pruefung\/","title":{"rendered":"Online-Kurs zur Vorbereitung auf die CCSE-Pr\u00fcfung"},"content":{"rendered":"<h2 data-start=\"127\" data-end=\"186\">Online CCSE Pr\u00fcfungsvorbereitungskurs &#8211; Privatunterricht<\/h2>\n<h3 data-start=\"187\" data-end=\"230\">Warum sollten Sie sich mit uns auf die CCSE-Pr\u00fcfung vorbereiten?<\/h3>\n<p data-start=\"232\" data-end=\"513\">Planen Sie, die spanische Staatsb\u00fcrgerschaft zu beantragen? Die CCSE-Pr\u00fcfung ist ein entscheidender Schritt &#8211; und wir helfen Ihnen dabei, sie mit Sicherheit zu bestehen. Unser Online-Privatunterricht ist auf die offiziellen Pr\u00fcfungsinhalte zugeschnitten und konzentriert sich auf die spanische Verfassung, das Rechtssystem, die Geschichte und soziokulturelle Themen.  <\/p>\n<p data-start=\"515\" data-end=\"670\">Mit fachkundigen Lehrern, personalisierten Strategien und einem flexiblen Zeitplan gibt Ihnen dieser Kurs das n\u00f6tige R\u00fcstzeug, um erfolgreich zu sein &#8211; und sich in Spanien wie zu Hause zu f\u00fchlen.<\/p>\n<h3 data-start=\"677\" data-end=\"695\">Details zur Klasse:<\/h3>\n<ul>\n<li data-start=\"697\" data-end=\"1386\"><strong data-start=\"697\" data-end=\"713\">Kurs-Typ:<\/strong> Online Private CCSE Pr\u00fcfungsvorbereitung<\/li>\n<li data-start=\"697\" data-end=\"1386\"><strong data-start=\"753\" data-end=\"769\">Schwerpunktbereiche:<\/strong><br data-start=\"769\" data-end=\"772\">&#8211; Spanische Verfassung<br data-start=\"794\" data-end=\"797\">&#8211; Regierung, Recht und B\u00fcrgerrechte<br data-start=\"834\" data-end=\"837\">&#8211; Spanische Geschichte, Kultur und Gesellschaft<\/li>\n<li data-start=\"697\" data-end=\"1386\"><strong data-start=\"879\" data-end=\"897\">Format der Lektion:<\/strong> Privatunterricht 1:1 (gleicher Preis f\u00fcr 1 oder 2 Sch\u00fcler)<\/li>\n<li data-start=\"697\" data-end=\"1386\"><strong data-start=\"953\" data-end=\"971\">Dauer der Lektion:<\/strong> 60 Minuten<\/li>\n<li data-start=\"697\" data-end=\"1386\"><strong data-start=\"985\" data-end=\"998\">Zeitplan:<\/strong> Flexibel<br data-start=\"1007\" data-end=\"1010\">&#8211; Montag bis Freitag zwischen 08:00 und 20:00 CET<br data-start=\"1056\" data-end=\"1059\">&#8211; Wochenenden gegen Aufpreis m\u00f6glich<\/li>\n<li data-start=\"697\" data-end=\"1386\"><strong data-start=\"1099\" data-end=\"1119\">Kursdauer:<\/strong> Flexibel &#8211; abh\u00e4ngig von Ihren Bed\u00fcrfnissen und Zielen<\/li>\n<li data-start=\"697\" data-end=\"1386\"><strong data-start=\"1165\" data-end=\"1176\">Niveaus:<\/strong> Keine Mindestsprachkenntnisse erforderlich, aber Grundkenntnisse in Spanisch empfohlen<\/li>\n<li data-start=\"697\" data-end=\"1386\"><strong data-start=\"1252\" data-end=\"1267\">Gruppengr\u00f6\u00dfe:<\/strong> 1 Sch\u00fcler (oder 2, wenn Sie einen Partner mitbringen &#8211; gleicher Preis!)<\/li>\n<li data-start=\"697\" data-end=\"1386\"><strong data-start=\"1324\" data-end=\"1345\">Starttermine 2025:<\/strong> Jeder Tag der Woche &#8211; beginnen Sie, wenn Sie bereit sind<\/li>\n<li data-start=\"697\" data-end=\"1386\"><strong data-start=\"1388\" data-end=\"1401\">Lehrkr\u00e4fte:<\/strong> Erfahrene muttersprachliche Dozenten, die auf CCSE-Inhalte und Pr\u00fcfungstechniken spezialisiert sind<\/li>\n<\/ul>\n<h3 data-start=\"1498\" data-end=\"1518\">Was enthalten ist:<\/h3>\n<ul>\n<li data-start=\"1522\" data-end=\"1589\">Ma\u00dfgeschneiderte Vorbereitung auf der Grundlage der offiziellen CCSE-Pr\u00fcfungsstruktur<\/li>\n<li data-start=\"1592\" data-end=\"1656\">Praktische Tipps und Strategien f\u00fcr ein sicheres Bestehen<\/li>\n<li data-start=\"1659\" data-end=\"1718\">\u00dcbungsfragen und Hinweise darauf, was Sie am Testtag erwartet<\/li>\n<li data-start=\"1721\" data-end=\"1765\">Flexible Terminplanung f\u00fcr Ihren Lebensstil<\/li>\n<li data-start=\"1768\" data-end=\"1808\">Teilnahmebescheinigung auf Anfrage<\/li>\n<\/ul>\n<h3 data-start=\"2200\" data-end=\"2233\">Wie Sie sich f\u00fcr die Pr\u00fcfung anmelden:<\/h3>\n<p data-start=\"2235\" data-end=\"2356\">Die offizielle Anmeldung zur CCSE-Pr\u00fcfung muss auf der <a href=\"https:\/\/examenes.cervantes.es\/es\/ccse\/que-es\" target=\"_blank\" rel=\"noopener\"><strong data-start=\"2292\" data-end=\"2353\">Website des Instituto Cervantes<\/strong><\/a> erfolgen .<\/p>\n<p data-start=\"2358\" data-end=\"2463\" data-is-last-node=\"\" data-is-only-node=\"\">\n<p data-start=\"3036\" data-end=\"3310\">   <div class=\"pricing-section\" id=\"pricing-section-main\">\n        <div class=\"pricing-content\">\n                            <h2>Preise<\/h2>\n<ul>\n<h3>10 Lektionen\/Woche<\/h3>\n<div class=\"indented\">\n<li><strong>1 Woche:<\/strong> 338\u20ac<\/li>\n<\/div>\n<div class=\"indented\">\n<li><strong>2 Wochen:<\/strong> 573\u20ac<\/li>\n<\/div>\n<h3>20 Lektionen\/Woche<\/h3>\n<div class=\"indented\">\n<li><strong>1 Woche:<\/strong> 428\u20ac<\/li>\n<\/div>\n<div class=\"indented\">\n<li><strong>2 Wochen:<\/strong> 663\u20ac<\/li>\n<\/div>\n<\/ul>\n<p>Wenn diese Angebote nicht ganz Ihren Bed\u00fcrfnissen entsprechen oder Sie weitere Informationen w\u00fcnschen, bevor Sie eine Entscheidung treffen, z\u00f6gern Sie nicht:<\/p>\n<div class=\"btn-grpp\">\n  <a class=\"btn-11\" href=\"\/de\/kontakt\/\"><br \/>\n    <button>Kontaktieren Sie uns<\/button><br \/>\n  <\/a><br \/>\n  <a class=\"btn-22\" href=\"\/de\/kosten-rechner\/\"><br \/>\n    <button>Angebot einholen<\/button><br \/>\n  <\/a>\n<\/div>\n                   <\/div>\n       <div class=\"pricing-image\">\n                            <img fetchpriority=\"high\" decoding=\"async\" src=\"https:\/\/maxxinstitutes.com\/wp-content\/uploads\/2024\/12\/Black-White-Modern-Handwritten-Square-Studio-Logo-1.png\" alt=\"Custom Product Image\" width=\"400\" height=\"400\" title=\"\">\n                 <\/div>\n\t   \n  <\/div>\n<style>\nbody {\nfont-family: Arial, sans-serif;\nmargin: 0;\npadding: 0;\nbackground-color: #f4f4f4;\n}\n\n.pricing-section {\n    display: flex;\n    align-items: center;\n    justify-content: center;\n    padding: 30px;\n    background: linear-gradient(135deg, #1c1e64, #5b6db8);\n    color: white;\n}\n\n.pricing-content {\nflex: 1;\npadding: 20px;\nmax-width: 50%;\n}\n\n.pricing-content h2 {\nfont-size: 36px;\nmargin-bottom: 20px;\n}\n\n.pricing-content ul {\nlist-style: none;\npadding: 0;\n}\n\n.pricing-content li {\nfont-size: 14px;\nmargin-bottom: 10px;\n}\n\n.pricing-content a {\ncolor: #96c8ff;\ntext-decoration: none;\n}\n\n.pricing-content a:hover {\ntext-decoration: underline;\n}\n\n.pricing-image {\nflex: 1;\nmax-width: 50%;\ndisplay: flex;\njustify-content: center;\nalign-items: center;\npadding: 20px;\n}\n\n.pricing-image img {\nmax-width: 100%;\nborder-radius: 10px;\n}\n\n\/* Responsive Design *\/\n@media (max-width: 768px) {\n.pricing-section {\nflex-direction: column;\ntext-align: center;\t\n}\n.pricing-content {\n    justify-items: center;\n}\n.pricing-content, .pricing-image {\nmax-width: 100%;\n}\n}\n#pricing-section-main .pricing-content h2 {\n    color: #ffffff;\n    font-size: 27px;\n}\n\n#pricing-section-main .pricing-content h3 {\n    color: #ffffff;\n    font-size: 17px;\n}\n\n.indented {\n    margin-left: 26px;\n}\n\n.pricing-content ul {\n    list-style: disc;\n}\n.pricing-content li {\n    text-align: left;\n    margin-bottom: 13px;\n}\n#pricing-section-main .pricing-content p {\n    font-size: 12px;\n}\n@media and (max-width: 768px){\ndiv#pricing-section-main {\n    padding: 20px;\n}\n}\ndiv#pricing-section-main {\n   margin-bottom: 20px;\n}\n\t.pricing-content h3 {\n    text-align: left!important;\n}\n\/* \t17-02-25 *\/\n\t.btn-grpp {\n    display: flex;\n}\na.btn-22 {\n    margin-left: 12px;\n}\n.pricing-image {\n    max-width: fit-content;\n}\n\t.btn-grpp button {\n    color: #020c1a;\n    border-radius: 3px;\n}\n<\/style>\n    <\/p>\n","protected":false},"excerpt":{"rendered":"<ul>\n<li>Spanischkurs f\u00fcr jedes Niveau (Anf\u00e4nger bis Fortgeschrittene)<\/li>\n<li>Verf\u00fcgbar von April bis November<\/li>\n<li>F\u00fcr Starttermine in anderen Monaten sehen Sie bitte nach <a href=\"http:\/\/maxxinstitutes.com\/product\/private-spanish-lessons-2\/\"><strong>Privatunterricht<\/strong><\/a><\/li>\n<li>Bitte w\u00e4hlen Sie Wochen, um eine Preis\u00fcbersicht zu erhalten<\/li>\n<\/ul>\n","protected":false},"featured_media":18912,"comment_status":"open","ping_status":"closed","template":"","meta":[],"product_brand":[],"product_cat":[306],"product_tag":[],"class_list":{"0":"post-20159","1":"product","2":"type-product","3":"status-publish","4":"has-post-thumbnail","6":"product_cat-online-de","8":"first","9":"instock","10":"shipping-taxable","11":"purchasable","12":"product-type-simple"},"_links":{"self":[{"href":"https:\/\/maxxinstitutes.com\/de\/wp-json\/wp\/v2\/product\/20159","targetHints":{"allow":["GET"]}}],"collection":[{"href":"https:\/\/maxxinstitutes.com\/de\/wp-json\/wp\/v2\/product"}],"about":[{"href":"https:\/\/maxxinstitutes.com\/de\/wp-json\/wp\/v2\/types\/product"}],"replies":[{"embeddable":true,"href":"https:\/\/maxxinstitutes.com\/de\/wp-json\/wp\/v2\/comments?post=20159"}],"wp:featuredmedia":[{"embeddable":true,"href":"https:\/\/maxxinstitutes.com\/de\/wp-json\/wp\/v2\/media\/18912"}],"wp:attachment":[{"href":"https:\/\/maxxinstitutes.com\/de\/wp-json\/wp\/v2\/media?parent=20159"}],"wp:term":[{"taxonomy":"product_brand","embeddable":true,"href":"https:\/\/maxxinstitutes.com\/de\/wp-json\/wp\/v2\/product_brand?post=20159"},{"taxonomy":"product_cat","embeddable":true,"href":"https:\/\/maxxinstitutes.com\/de\/wp-json\/wp\/v2\/product_cat?post=20159"},{"taxonomy":"product_tag","embeddable":true,"href":"https:\/\/maxxinstitutes.com\/de\/wp-json\/wp\/v2\/product_tag?post=20159"}],"curies":[{"name":"wp","href":"https:\/\/api.w.org\/{rel}","templated":true}]}}