{"id":17088,"date":"2024-12-10T22:34:25","date_gmt":"2024-12-10T22:34:25","guid":{"rendered":"http:\/\/maxxinstitutes.com\/?post_type=product&#038;p=17088"},"modified":"2025-07-31T05:27:43","modified_gmt":"2025-07-31T05:27:43","slug":"privatunterricht-spanisch-in-madrid","status":"publish","type":"product","link":"https:\/\/maxxinstitutes.com\/de\/produkt\/privatunterricht-spanisch-in-madrid\/","title":{"rendered":"Privatunterricht Spanisch in Madrid"},"content":{"rendered":"<h2>Privatunterricht Spanisch &#8211; Madrid<\/h2>\n<p><strong data-start=\"324\" data-end=\"339\">Warum Madrid?<\/strong><br data-start=\"339\" data-end=\"342\">Spaniens Hauptstadt ist der perfekte Ort, um Ihre Spanischkenntnisse zu verbessern. Madrid ist eine pulsierende Stadt voller Kultur, Kunst und Geschichte und bietet unendlich viele M\u00f6glichkeiten, in das spanische Leben einzutauchen, w\u00e4hrend Sie Museen von Weltrang, k\u00f6stliche Tapas und das lebhafte Stra\u00dfenleben genie\u00dfen. Ganz gleich, ob Sie kurz- oder langfristig hier sind, Privatunterricht gibt Ihnen die Flexibilit\u00e4t, Spanisch nach Ihrem eigenen Zeitplan und in Ihrem eigenen Tempo zu lernen.  <\/p>\n<h3><strong data-start=\"1068\" data-end=\"1086\">Kurs Details<\/strong><\/h3>\n<ul>\n<li><strong data-start=\"570\" data-end=\"591\">Lektionen pro Woche:<\/strong> Flexibel &#8211; Sie w\u00e4hlen, wie viele<\/li>\n<li><strong data-start=\"625\" data-end=\"644\">Inhalt des Kurses:<\/strong> Ma\u00dfgeschneiderter Spanischunterricht, angepasst an Ihr Niveau und Ihre Ziele<\/li>\n<li><strong data-start=\"707\" data-end=\"726\">Angebotene Niveaus:<\/strong> A1 bis C2<\/li>\n<li><strong data-start=\"738\" data-end=\"751\">Lehrkr\u00e4fte:<\/strong> Hochqualifizierte Muttersprachler mit Universit\u00e4tsabschluss<\/li>\n<li><strong data-start=\"811\" data-end=\"828\">Format der Klasse:<\/strong> Einzelunterricht (oder zwei Sch\u00fcler, wenn zusammen gebucht)<\/li>\n<li><strong data-start=\"891\" data-end=\"904\">Zeitplan:<\/strong> Flexibel &#8211; verf\u00fcgbar 7 Tage die Woche von 08:30 bis 22:00<\/li>\n<li><strong data-start=\"962\" data-end=\"978\">Alter der Sch\u00fcler:<\/strong> Mindestens 16 Jahre<\/li>\n<li><strong data-start=\"998\" data-end=\"1022\">Verf\u00fcgbarkeit der Kurse:<\/strong> Ganzj\u00e4hrig<\/li>\n<li><strong data-start=\"1036\" data-end=\"1049\">Dauer:<\/strong> Von 1 Unterrichtsstunde bis zu Vollzeitwochen<\/li>\n<li><strong data-start=\"1088\" data-end=\"1106\">Dauer der Lektion:<\/strong> 50 Minuten pro Lektion<\/li>\n<li><strong data-start=\"1131\" data-end=\"1147\">Startdaten:<\/strong> Jeden Tag, ganzj\u00e4hrig<\/li>\n<li><strong data-start=\"1174\" data-end=\"1193\">Ort des Unterrichts:<\/strong> Im Instituto de Idiomas Madrid oder online<\/li>\n<\/ul>\n<h3><strong data-start=\"756\" data-end=\"775\">Was enthalten ist<\/strong><\/h3>\n<ul>\n<li>Vollst\u00e4ndig personalisierte Inhalte<\/li>\n<li>Privatlehrer (Option, mit einer zweiten Person zu teilen)<\/li>\n<li>Flexibler Zeitplan &#8211; w\u00e4hlen Sie Ihre eigenen Tage und Zeiten<\/li>\n<li>Verf\u00fcgbar von Anf\u00e4nger bis Fortgeschrittene (A1-C2)<\/li>\n<li>Kurszertifikat (auf Anfrage)<\/li>\n<li>Kann mit einem beliebigen Gruppenkurs kombiniert werden<\/li>\n<\/ul>\n<h3><strong data-start=\"1553\" data-end=\"1594\">Warum sollten Sie sich f\u00fcr Privatunterricht in Madrid entscheiden?<\/strong><\/h3>\n<ul>\n<li>Totale Flexibilit\u00e4t: Lernen Sie wann und wie Sie wollen<\/li>\n<li>Individuelle Aufmerksamkeit: Bewegen Sie sich in Ihrem Tempo und konzentrieren Sie sich auf Ihre Bed\u00fcrfnisse<\/li>\n<li>Ideal f\u00fcr vielbesch\u00e4ftigte Berufst\u00e4tige, zur Pr\u00fcfungsvorbereitung oder zur schnellen Verbesserung<\/li>\n<li>Tauchen Sie ein in das authentische spanische Leben in Spaniens energiegeladener Hauptstadt<\/li>\n<\/ul>\n<p data-start=\"3036\" data-end=\"3310\">   <div class=\"pricing-section\" id=\"pricing-section-main\">\n        <div class=\"pricing-content\">\n                            <h2>Preise<\/h2>\n<ul>\n<h3>Private Spanischstunden in Madrid<\/h3>\n<h3>1 Sch\u00fcler<\/h3>\n<div class=\"indented\">\n<li><strong>1 \u2013 14 Unterrichtseinheiten:<\/strong> 40\u20ac<\/li>\n<\/div>\n<div class=\"indented\">\n<li><strong>15+ Unterrichtseinheiten:<\/strong> 35\u20ac<\/li>\n<\/div>\n<h3>2 Sch\u00fcler<\/h3>\n<div class=\"indented\">\n<li><strong>1 \u2013 14 Unterrichtseinheiten:<\/strong> 45\u20ac<\/li>\n<\/div>\n<div class=\"indented\">\n<li><strong>15+ Unterrichtseinheiten:<\/strong> 40\u20ac<\/li>\n<\/div>\n<h3>3 Sch\u00fcler<\/h3>\n<div class=\"indented\">\n<li><strong>1 \u2013 14 Unterrichtseinheiten:<\/strong> 50\u20ac<\/li>\n<\/div>\n<div class=\"indented\">\n<li><strong>15+ Unterrichtseinheiten:<\/strong> 45\u20ac<\/li>\n<\/div>\n<\/ul>\n<p>Wenn diese Pakete nicht ganz Ihren Bed\u00fcrfnissen entsprechen oder Sie weitere Informationen w\u00fcnschen, bevor Sie eine Entscheidung treffen, z\u00f6gern Sie nicht:<\/p>\n<div class=\"btn-grpp\">\n  <a class=\"btn-11\" href=\"\/de\/kontakt\/\"><br \/>\n    <button>Kontaktieren Sie uns<\/button><br \/>\n  <\/a><br \/>\n  <a class=\"btn-22\" href=\"\/de\/kosten-rechner\/\"><br \/>\n    <button>Angebot einholen<\/button><br \/>\n  <\/a>\n<\/div>\n                   <\/div>\n       <div class=\"pricing-image\">\n                            <img fetchpriority=\"high\" decoding=\"async\" src=\"https:\/\/maxxinstitutes.com\/wp-content\/uploads\/2024\/12\/13-1.png\" alt=\"Custom Product Image\" width=\"400\" height=\"400\" title=\"\">\n                 <\/div>\n\t   \n  <\/div>\n<style>\nbody {\nfont-family: Arial, sans-serif;\nmargin: 0;\npadding: 0;\nbackground-color: #f4f4f4;\n}\n\n.pricing-section {\n    display: flex;\n    align-items: center;\n    justify-content: center;\n    padding: 30px;\n    background: linear-gradient(135deg, #1c1e64, #5b6db8);\n    color: white;\n}\n\n.pricing-content {\nflex: 1;\npadding: 20px;\nmax-width: 50%;\n}\n\n.pricing-content h2 {\nfont-size: 36px;\nmargin-bottom: 20px;\n}\n\n.pricing-content ul {\nlist-style: none;\npadding: 0;\n}\n\n.pricing-content li {\nfont-size: 14px;\nmargin-bottom: 10px;\n}\n\n.pricing-content a {\ncolor: #96c8ff;\ntext-decoration: none;\n}\n\n.pricing-content a:hover {\ntext-decoration: underline;\n}\n\n.pricing-image {\nflex: 1;\nmax-width: 50%;\ndisplay: flex;\njustify-content: center;\nalign-items: center;\npadding: 20px;\n}\n\n.pricing-image img {\nmax-width: 100%;\nborder-radius: 10px;\n}\n\n\/* Responsive Design *\/\n@media (max-width: 768px) {\n.pricing-section {\nflex-direction: column;\ntext-align: center;\t\n}\n.pricing-content {\n    justify-items: center;\n}\n.pricing-content, .pricing-image {\nmax-width: 100%;\n}\n}\n#pricing-section-main .pricing-content h2 {\n    color: #ffffff;\n    font-size: 27px;\n}\n\n#pricing-section-main .pricing-content h3 {\n    color: #ffffff;\n    font-size: 17px;\n}\n\n.indented {\n    margin-left: 26px;\n}\n\n.pricing-content ul {\n    list-style: disc;\n}\n.pricing-content li {\n    text-align: left;\n    margin-bottom: 13px;\n}\n#pricing-section-main .pricing-content p {\n    font-size: 12px;\n}\n@media and (max-width: 768px){\ndiv#pricing-section-main {\n    padding: 20px;\n}\n}\ndiv#pricing-section-main {\n   margin-bottom: 20px;\n}\n\t.pricing-content h3 {\n    text-align: left!important;\n}\n\/* \t17-02-25 *\/\n\t.btn-grpp {\n    display: flex;\n}\na.btn-22 {\n    margin-left: 12px;\n}\n.pricing-image {\n    max-width: fit-content;\n}\n\t.btn-grpp button {\n    color: #020c1a;\n    border-radius: 3px;\n}\n<\/style>\n    <\/p>\n","protected":false},"excerpt":{"rendered":"<ul>\n<li>Das ganze Jahr \u00fcber verf\u00fcgbar<\/li>\n<li>ab <strong>28\u20ac pro Stunde<\/strong><\/li>\n<li>Gleicher Preis f\u00fcr 1 oder 2 Sch\u00fcler (gemeinsam)<\/li>\n<li>Pakete f\u00fcr 5, 10, 15 und 20 Lektionen erh\u00e4ltlich<\/li>\n<\/ul>\n<p>&nbsp;<\/p>\n","protected":false},"featured_media":23365,"comment_status":"closed","ping_status":"closed","template":"","meta":[],"product_brand":[],"product_cat":[287],"product_tag":[],"class_list":{"0":"post-17088","1":"product","2":"type-product","3":"status-publish","4":"has-post-thumbnail","6":"product_cat-madrid-de","8":"first","9":"instock","10":"sale","11":"shipping-taxable","12":"purchasable","13":"product-type-variable"},"_links":{"self":[{"href":"https:\/\/maxxinstitutes.com\/de\/wp-json\/wp\/v2\/product\/17088","targetHints":{"allow":["GET"]}}],"collection":[{"href":"https:\/\/maxxinstitutes.com\/de\/wp-json\/wp\/v2\/product"}],"about":[{"href":"https:\/\/maxxinstitutes.com\/de\/wp-json\/wp\/v2\/types\/product"}],"replies":[{"embeddable":true,"href":"https:\/\/maxxinstitutes.com\/de\/wp-json\/wp\/v2\/comments?post=17088"}],"wp:featuredmedia":[{"embeddable":true,"href":"https:\/\/maxxinstitutes.com\/de\/wp-json\/wp\/v2\/media\/23365"}],"wp:attachment":[{"href":"https:\/\/maxxinstitutes.com\/de\/wp-json\/wp\/v2\/media?parent=17088"}],"wp:term":[{"taxonomy":"product_brand","embeddable":true,"href":"https:\/\/maxxinstitutes.com\/de\/wp-json\/wp\/v2\/product_brand?post=17088"},{"taxonomy":"product_cat","embeddable":true,"href":"https:\/\/maxxinstitutes.com\/de\/wp-json\/wp\/v2\/product_cat?post=17088"},{"taxonomy":"product_tag","embeddable":true,"href":"https:\/\/maxxinstitutes.com\/de\/wp-json\/wp\/v2\/product_tag?post=17088"}],"curies":[{"name":"wp","href":"https:\/\/api.w.org\/{rel}","templated":true}]}}