{"id":17031,"date":"2024-12-10T22:28:17","date_gmt":"2024-12-10T22:28:17","guid":{"rendered":"http:\/\/maxxinstitutes.com\/?post_type=product&#038;p=17031"},"modified":"2025-07-31T05:27:44","modified_gmt":"2025-07-31T05:27:44","slug":"bildungsurlaub-in-madrid","status":"publish","type":"product","link":"https:\/\/maxxinstitutes.com\/de\/produkt\/bildungsurlaub-in-madrid\/","title":{"rendered":"Bildungsurlaub in Madrid"},"content":{"rendered":"<h2><strong>Bildungsurlaub auf Mallorca<\/strong><\/h2>\n<p>Der Bildungsurlaub erm\u00f6glicht Arbeitnehmerinnen und Arbeitnehmern 5 zus\u00e4tzliche bezahlte Urlaubstage pro Jahr f\u00fcr berufliche Weiterbildung. In einigen Bundesl\u00e4ndern d\u00fcrfen zwei Jahre kombiniert werden, sodass Sie bis zu 10 Tage Bildungsurlaub f\u00fcr Ihren Spanischkurs in Madrid nutzen k\u00f6nnen. <\/p>\n<p>Unsere Spanischkurse mit mehr als 30 Unterrichtsstunden pro Woche in Madrid sind in den meisten Bundesl\u00e4ndern offiziell als Bildungsurlaub anerkannt.<\/p>\n<p><strong>Anerkannt in:<\/strong><br \/>\nBerlin, Hamburg, Hessen, Niedersachsen, Brandenburg, Bremen, Mecklenburg-Vorpommern, Rheinland-Pfalz, Saarland, Sachsen-Anhalt, Schleswig-Holstein und Th\u00fcringen.<\/p>\n<p>&nbsp;<\/p>\n<h2><strong>30 Stunden pro Woche &#8211; <\/strong><strong>offiziell anerkannt f\u00fcr Bildungsurlaub<\/strong><\/h2>\n<p><strong>Warum Madrid?<\/strong><\/p>\n<p>Lernen Sie Spanisch im pulsierenden Herzen der spanischen Hauptstadt! Unsere zentral gelegene Sprachschule in Madrid bietet die perfekte Kombination aus intensivem Sprachtraining, kulturellem Eintauchen und lebendiger Gro\u00dfstadtatmosph\u00e4re. Erfahrene Lehrkr\u00e4fte, kleine Gruppen und spannende Freizeitaktivit\u00e4ten machen Madrid zum idealen Ort, um Ihre Spanischkenntnisse zu verbessern.  <\/p>\n<p><strong>Kursdetails:<\/strong><\/p>\n<ul>\n<li><strong>Stunden pro Woche:<\/strong> 30 Gruppenstunden zu je 50 Minuten<\/li>\n<li><strong>Kursdauer:<\/strong> 1-2 Wochen (frei w\u00e4hlbar)<\/li>\n<li><strong>Verf\u00fcgbar:<\/strong> Das ganze Jahr \u00fcber<\/li>\n<li><strong>Unterrichtstage:<\/strong> Montag bis Freitag<\/li>\n<li><strong>Niveaus:<\/strong> A1 bis C2<\/li>\n<li><strong>Gruppengr\u00f6\u00dfe:<\/strong> Durchschnittlich 6, maximal 8 Sch\u00fcler<\/li>\n<li><strong>Starttermine:<\/strong> Jeden Montag (mit Vorkenntnissen). F\u00fcr absolute Anf\u00e4nger empfehlen wir den Kurs mit 20 Lektionen. <\/li>\n<\/ul>\n<p><strong>Stundenplan:<\/strong><\/p>\n<ul>\n<li><strong>Unterrichtszeiten:<\/strong><br \/>\n9:00-14:40 <strong>oder<\/strong> 11:10-16:50 (je nach Gruppe und Niveau)<\/li>\n<li><strong>Freizeitaktivit\u00e4ten:<\/strong> 5 Aktivit\u00e4ten pro Woche, um Ihr kulturelles und sprachliches Eintauchen zu verbessern<\/li>\n<\/ul>\n<p><strong>Inhalt &amp; Lernziele:<\/strong><\/p>\n<ul>\n<li>Spanische Grammatik, Konversation, Wortschatz und H\u00f6rverstehen<\/li>\n<li>Schnelle und effektive Fortschritte, die auf Ihr Niveau zugeschnitten sind &#8211; geeignet f\u00fcr Arbeit und Alltag<\/li>\n<\/ul>\n<p><strong>In den zus\u00e4tzlichen Unterrichtseinheiten arbeiten Sie unter der Aufsicht unserer Lehrer selbstst\u00e4ndig an den zuvor bereitgestellten Materialien.<\/strong><br \/>\nObwohl diese Zeit nicht wie ein Privatunterricht gef\u00fchrt wird, steht Ihnen Ihr Lehrer jederzeit zur Verf\u00fcgung, um Sie zu unterst\u00fctzen und Fragen zu beantworten.<\/p>\n<p>&nbsp;<\/p>\n<p data-start=\"3036\" data-end=\"3310\">   <div class=\"pricing-section\" id=\"pricing-section-main\">\n        <div class=\"pricing-content\">\n                            <h2>Preise<\/h2>\n<ul>\n<h3>Bildungsurlaub in Madrid<\/h3>\n<div class=\"indented\">\n<li><strong>1 Woche:<\/strong> 350\u20ac<\/li>\n<\/div>\n<div class=\"indented\">\n<li><strong>2 Wochen:<\/strong> 640\u20ac<\/li>\n<\/div>\n<\/ul>\n<p>Wenn diese Pakete nicht ganz Ihren Bed\u00fcrfnissen entsprechen oder Sie mehr Details w\u00fcnschen, bevor Sie eine Entscheidung treffen, k\u00f6nnen Sie sich gerne an uns wenden.<\/p>\n<div class=\"btn-grpp\">\n<a class=\"btn-11\" href=\"\/contact\/\"><br \/>\n            <button>Kontakt<\/button><br \/>\n      <\/a><br \/>\n<a class=\"btn-22\" href=\"\/cost-calculator\"><br \/>\n        <button>Angebot einholen<\/button>\n<\/div>\n                   <\/div>\n       <div class=\"pricing-image\">\n                            <img fetchpriority=\"high\" decoding=\"async\" src=\"https:\/\/maxxinstitutes.com\/wp-content\/uploads\/2024\/12\/12-2.png\" alt=\"Custom Product Image\" width=\"400\" height=\"400\" title=\"\">\n                 <\/div>\n\t   \n  <\/div>\n<style>\nbody {\nfont-family: Arial, sans-serif;\nmargin: 0;\npadding: 0;\nbackground-color: #f4f4f4;\n}\n\n.pricing-section {\n    display: flex;\n    align-items: center;\n    justify-content: center;\n    padding: 30px;\n    background: linear-gradient(135deg, #1c1e64, #5b6db8);\n    color: white;\n}\n\n.pricing-content {\nflex: 1;\npadding: 20px;\nmax-width: 50%;\n}\n\n.pricing-content h2 {\nfont-size: 36px;\nmargin-bottom: 20px;\n}\n\n.pricing-content ul {\nlist-style: none;\npadding: 0;\n}\n\n.pricing-content li {\nfont-size: 14px;\nmargin-bottom: 10px;\n}\n\n.pricing-content a {\ncolor: #96c8ff;\ntext-decoration: none;\n}\n\n.pricing-content a:hover {\ntext-decoration: underline;\n}\n\n.pricing-image {\nflex: 1;\nmax-width: 50%;\ndisplay: flex;\njustify-content: center;\nalign-items: center;\npadding: 20px;\n}\n\n.pricing-image img {\nmax-width: 100%;\nborder-radius: 10px;\n}\n\n\/* Responsive Design *\/\n@media (max-width: 768px) {\n.pricing-section {\nflex-direction: column;\ntext-align: center;\t\n}\n.pricing-content {\n    justify-items: center;\n}\n.pricing-content, .pricing-image {\nmax-width: 100%;\n}\n}\n#pricing-section-main .pricing-content h2 {\n    color: #ffffff;\n    font-size: 27px;\n}\n\n#pricing-section-main .pricing-content h3 {\n    color: #ffffff;\n    font-size: 17px;\n}\n\n.indented {\n    margin-left: 26px;\n}\n\n.pricing-content ul {\n    list-style: disc;\n}\n.pricing-content li {\n    text-align: left;\n    margin-bottom: 13px;\n}\n#pricing-section-main .pricing-content p {\n    font-size: 12px;\n}\n@media and (max-width: 768px){\ndiv#pricing-section-main {\n    padding: 20px;\n}\n}\ndiv#pricing-section-main {\n   margin-bottom: 20px;\n}\n\t.pricing-content h3 {\n    text-align: left!important;\n}\n\/* \t17-02-25 *\/\n\t.btn-grpp {\n    display: flex;\n}\na.btn-22 {\n    margin-left: 12px;\n}\n.pricing-image {\n    max-width: fit-content;\n}\n\t.btn-grpp button {\n    color: #020c1a;\n    border-radius: 3px;\n}\n<\/style>\n    <\/p>\n","protected":false},"excerpt":{"rendered":"<ul data-start=\"143\" data-end=\"348\">\n<li class=\"\" data-start=\"143\" data-end=\"213\">\n<p class=\"\" data-start=\"145\" data-end=\"213\"><strong data-start=\"145\" data-end=\"168\">30 Unterrichtsstunden pro Woche<\/strong> &#8211; offiziell anerkannt f\u00fcr Bildungsurlaub<\/p>\n<\/li>\n<li class=\"\" data-start=\"214\" data-end=\"277\">\n<p class=\"\" data-start=\"216\" data-end=\"277\"><strong data-start=\"216\" data-end=\"255\">Kleine Gruppen &amp; erfahrene Lehrer<\/strong> &#8211; f\u00fcr schnelle Fortschritte<\/p>\n<\/li>\n<li class=\"\" data-start=\"278\" data-end=\"348\">\n<p class=\"\" data-start=\"280\" data-end=\"348\"><strong data-start=\"280\" data-end=\"309\">Zentrale Lage in Madrid <\/strong>&#8211; Sprachkurs mit Urlaub Madrid<\/p>\n<\/li>\n<\/ul>\n","protected":false},"featured_media":23372,"comment_status":"closed","ping_status":"closed","template":"","meta":[],"product_brand":[],"product_cat":[287],"product_tag":[],"class_list":{"0":"post-17031","1":"product","2":"type-product","3":"status-publish","4":"has-post-thumbnail","6":"product_cat-madrid-de","8":"first","9":"instock","10":"shipping-taxable","11":"purchasable","12":"product-type-variable","13":"has-default-attributes"},"_links":{"self":[{"href":"https:\/\/maxxinstitutes.com\/de\/wp-json\/wp\/v2\/product\/17031","targetHints":{"allow":["GET"]}}],"collection":[{"href":"https:\/\/maxxinstitutes.com\/de\/wp-json\/wp\/v2\/product"}],"about":[{"href":"https:\/\/maxxinstitutes.com\/de\/wp-json\/wp\/v2\/types\/product"}],"replies":[{"embeddable":true,"href":"https:\/\/maxxinstitutes.com\/de\/wp-json\/wp\/v2\/comments?post=17031"}],"wp:featuredmedia":[{"embeddable":true,"href":"https:\/\/maxxinstitutes.com\/de\/wp-json\/wp\/v2\/media\/23372"}],"wp:attachment":[{"href":"https:\/\/maxxinstitutes.com\/de\/wp-json\/wp\/v2\/media?parent=17031"}],"wp:term":[{"taxonomy":"product_brand","embeddable":true,"href":"https:\/\/maxxinstitutes.com\/de\/wp-json\/wp\/v2\/product_brand?post=17031"},{"taxonomy":"product_cat","embeddable":true,"href":"https:\/\/maxxinstitutes.com\/de\/wp-json\/wp\/v2\/product_cat?post=17031"},{"taxonomy":"product_tag","embeddable":true,"href":"https:\/\/maxxinstitutes.com\/de\/wp-json\/wp\/v2\/product_tag?post=17031"}],"curies":[{"name":"wp","href":"https:\/\/api.w.org\/{rel}","templated":true}]}}