{"id":16879,"date":"2024-12-10T22:18:14","date_gmt":"2024-12-10T22:18:14","guid":{"rendered":"http:\/\/maxxinstitutes.com\/?post_type=product&#038;p=16879"},"modified":"2025-07-31T05:27:42","modified_gmt":"2025-07-31T05:27:42","slug":"20-gruppenunterrichtsstunden-pro-woche-in-madrid","status":"publish","type":"product","link":"https:\/\/maxxinstitutes.com\/de\/produkt\/20-gruppenunterrichtsstunden-pro-woche-in-madrid\/","title":{"rendered":"20 Gruppenunterrichtsstunden pro Woche in Madrid"},"content":{"rendered":"<h2>Allgemeines Spanisch &#8211; 20 Gruppenlektionen pro Woche<\/h2>\n<h3><strong>Warum Madrid?<\/strong><\/h3>\n<p>Lernen Sie Spanisch in der pulsierenden Hauptstadt Spaniens! Unsere zentral gelegene Sprachschule in Madrid bietet eine dynamische, urbane Lernumgebung mit reichhaltigen kulturellen Erfahrungen direkt au\u00dferhalb des Klassenzimmers. Ob Sie nun ein paar Wochen oder mehrere Monate bleiben, Madrid bietet die perfekte Mischung aus Tradition und Moderne, um Ihre Sprachreise zu erg\u00e4nzen.  <\/p>\n<h3><strong>Kurs Details<\/strong><\/h3>\n<ul>\n<li data-start=\"668\" data-end=\"708\"><strong data-start=\"668\" data-end=\"688\">Lektionen pro Woche<\/strong>: 20 Gruppenstunden<\/li>\n<li data-start=\"711\" data-end=\"770\"><strong data-start=\"711\" data-end=\"729\">Inhalt des Kurses<\/strong>: Allgemeines Spanisch auf Ihrem aktuellen Niveau<\/li>\n<li data-start=\"773\" data-end=\"839\"><strong data-start=\"773\" data-end=\"791\">Angebotene Niveaus<\/strong>: Von Anf\u00e4ngern (A1) bis zu Fortgeschrittenen (C2)<\/li>\n<li data-start=\"842\" data-end=\"896\"><strong data-start=\"842\" data-end=\"854\">Lehrkr\u00e4fte<\/strong>: Erfahrene, qualifizierte Muttersprachler<\/li>\n<li data-start=\"899\" data-end=\"996\"><strong data-start=\"899\" data-end=\"915\">Klassenformat<\/strong>: Wechselnde Lehrer, damit die Sch\u00fcler verschiedene Akzente und Unterrichtsstile kennenlernen<\/li>\n<li data-start=\"999\" data-end=\"1039\"><strong data-start=\"999\" data-end=\"1013\">Gruppengr\u00f6\u00dfe<\/strong>: 4-8 Sch\u00fcler pro Klasse<\/li>\n<li data-start=\"1042\" data-end=\"1081\"><strong data-start=\"1042\" data-end=\"1057\">Alter der Sch\u00fcler<\/strong>: Mindestens 18 Jahre alt<\/li>\n<li data-start=\"1109\" data-end=\"1157\"><strong data-start=\"1109\" data-end=\"1121\">Dauer<\/strong>: 1 bis 52 Wochen (flexibel buchbar)<\/li>\n<li data-start=\"1160\" data-end=\"1229\"><strong data-start=\"1160\" data-end=\"1172\">Rabatt<\/strong>: 10% auf die Kursgeb\u00fchren bei Buchungen ab 8 Wochen<\/li>\n<li data-start=\"1232\" data-end=\"1256\"><strong data-start=\"1232\" data-end=\"1253\">Optionen f\u00fcr den Zeitplan<\/strong>:<\/li>\n<li data-start=\"1261\" data-end=\"1284\">Vormittag: 9:00 &#8211; 12:50<\/li>\n<li data-start=\"1289\" data-end=\"1367\">Nachmittags: 13:00 &#8211; 16:50<br data-start=\"1313\" data-end=\"1316\"><em data-start=\"1318\" data-end=\"1365\">(Montag bis Freitag, je nach Verf\u00fcgbarkeit)<\/em><\/li>\n<li data-start=\"1370\" data-end=\"1414\"><strong data-start=\"1370\" data-end=\"1389\">Dauer der Lektion<\/strong>: 50 Minuten pro Lektion<\/li>\n<li data-start=\"1417\" data-end=\"1482\"><strong data-start=\"1417\" data-end=\"1432\">Starttermine<\/strong>: Jeden Montag (Alle Stufen mit Vorkenntnissen)<\/li>\n<li data-start=\"1485\" data-end=\"1545\"><strong data-start=\"1485\" data-end=\"1511\">F\u00fcr absolute Anf\u00e4nger<\/strong>: Ausgew\u00e4hlte Starttermine verf\u00fcgbar<\/li>\n<li data-start=\"1548\" data-end=\"1578\"><strong data-start=\"1548\" data-end=\"1564\">Verf\u00fcgbarkeit<\/strong>: Ganzj\u00e4hrig<\/li>\n<\/ul>\n<h3><strong>Was enthalten ist:<\/strong><\/h3>\n<ul>\n<li data-start=\"1607\" data-end=\"1674\"><strong data-start=\"1607\" data-end=\"1629\">Freizeitaktivit\u00e4ten<\/strong>: 3 soziale oder kulturelle Erlebnisse pro Woche<\/li>\n<li data-start=\"1677\" data-end=\"1707\"><strong data-start=\"1677\" data-end=\"1689\">Buchungsgeb\u00fchr<\/strong>: \u20ac18 (einmalig)<\/li>\n<li data-start=\"1710\" data-end=\"1754\"><strong data-start=\"1710\" data-end=\"1730\">Anmeldegeb\u00fchr<\/strong>: 0 \u20ac (keine versteckten Kosten)<\/li>\n<\/ul>\n<h3><strong>Warum sollten Sie diesen Kurs in Madrid w\u00e4hlen?<\/strong><\/h3>\n<ul>\n<li>Kleine Gruppen und pers\u00f6nliche Betreuung<\/li>\n<li>Wechselnde Lehrer = mehr Akzente, mehr Exposition, mehr Fortschritt<\/li>\n<li>Kombinieren Sie Stadtleben, Kultur und Sprachenlernen in einem der sch\u00f6nsten Reiseziele Europas<\/li>\n<\/ul>\n<p data-start=\"3036\" data-end=\"3310\">   <div class=\"pricing-section\" id=\"pricing-section-main\">\n        <div class=\"pricing-content\">\n                            <h2>Preise<\/h2>\n<ul>\n<h3>20 Gruppenlektionen\/Woche<\/h3>\n<div class=\"indented\">\n<li><strong>1 Woche:<\/strong> 190\u20ac<\/li>\n<\/div>\n<div class=\"indented\">\n<li><strong>8 Wochen:<\/strong> 170\u20ac<\/li>\n<\/div>\n<\/ul>\n<p>Wenn diese Pakete nicht ganz Ihren Bed\u00fcrfnissen entsprechen oder Sie weitere Informationen w\u00fcnschen, bevor Sie eine Entscheidung treffen, z\u00f6gern Sie nicht:<\/p>\n<div class=\"btn-grpp\">\n  <a class=\"btn-11\" href=\"\/de\/kontakt\/\"><br \/>\n    <button>Kontaktieren Sie uns<\/button><br \/>\n  <\/a><br \/>\n  <a class=\"btn-22\" href=\"\/de\/kosten-rechner\/\"><br \/>\n    <button>Angebot einholen<\/button><br \/>\n  <\/a>\n<\/div>\n                   <\/div>\n       <div class=\"pricing-image\">\n                            <img fetchpriority=\"high\" decoding=\"async\" src=\"https:\/\/maxxinstitutes.com\/wp-content\/uploads\/2024\/12\/11-1.png\" alt=\"Custom Product Image\" width=\"400\" height=\"400\" title=\"\">\n                 <\/div>\n\t   \n  <\/div>\n<style>\nbody {\nfont-family: Arial, sans-serif;\nmargin: 0;\npadding: 0;\nbackground-color: #f4f4f4;\n}\n\n.pricing-section {\n    display: flex;\n    align-items: center;\n    justify-content: center;\n    padding: 30px;\n    background: linear-gradient(135deg, #1c1e64, #5b6db8);\n    color: white;\n}\n\n.pricing-content {\nflex: 1;\npadding: 20px;\nmax-width: 50%;\n}\n\n.pricing-content h2 {\nfont-size: 36px;\nmargin-bottom: 20px;\n}\n\n.pricing-content ul {\nlist-style: none;\npadding: 0;\n}\n\n.pricing-content li {\nfont-size: 14px;\nmargin-bottom: 10px;\n}\n\n.pricing-content a {\ncolor: #96c8ff;\ntext-decoration: none;\n}\n\n.pricing-content a:hover {\ntext-decoration: underline;\n}\n\n.pricing-image {\nflex: 1;\nmax-width: 50%;\ndisplay: flex;\njustify-content: center;\nalign-items: center;\npadding: 20px;\n}\n\n.pricing-image img {\nmax-width: 100%;\nborder-radius: 10px;\n}\n\n\/* Responsive Design *\/\n@media (max-width: 768px) {\n.pricing-section {\nflex-direction: column;\ntext-align: center;\t\n}\n.pricing-content {\n    justify-items: center;\n}\n.pricing-content, .pricing-image {\nmax-width: 100%;\n}\n}\n#pricing-section-main .pricing-content h2 {\n    color: #ffffff;\n    font-size: 27px;\n}\n\n#pricing-section-main .pricing-content h3 {\n    color: #ffffff;\n    font-size: 17px;\n}\n\n.indented {\n    margin-left: 26px;\n}\n\n.pricing-content ul {\n    list-style: disc;\n}\n.pricing-content li {\n    text-align: left;\n    margin-bottom: 13px;\n}\n#pricing-section-main .pricing-content p {\n    font-size: 12px;\n}\n@media and (max-width: 768px){\ndiv#pricing-section-main {\n    padding: 20px;\n}\n}\ndiv#pricing-section-main {\n   margin-bottom: 20px;\n}\n\t.pricing-content h3 {\n    text-align: left!important;\n}\n\/* \t17-02-25 *\/\n\t.btn-grpp {\n    display: flex;\n}\na.btn-22 {\n    margin-left: 12px;\n}\n.pricing-image {\n    max-width: fit-content;\n}\n\t.btn-grpp button {\n    color: #020c1a;\n    border-radius: 3px;\n}\n<\/style>\n    <\/p>\n","protected":false},"excerpt":{"rendered":"<ul>\n<li>Spanischkurs f\u00fcr jedes Niveau (Anf\u00e4nger bis Fortgeschrittene)<\/li>\n<li>Verf\u00fcgbar von April bis November<\/li>\n<li>F\u00fcr Starttermine in anderen Monaten sehen Sie bitte nach <a href=\"http:\/\/maxxinstitutes.com\/product\/private-spanish-lessons-in-madrid\/\"><strong>Privatunterricht<\/strong><\/a><\/li>\n<li>Bitte w\u00e4hlen Sie Wochen, um eine Preis\u00fcbersicht zu erhalten<\/li>\n<\/ul>\n","protected":false},"featured_media":23351,"comment_status":"closed","ping_status":"closed","template":"","meta":[],"product_brand":[],"product_cat":[287],"product_tag":[],"class_list":{"0":"post-16879","1":"product","2":"type-product","3":"status-publish","4":"has-post-thumbnail","6":"product_cat-madrid-de","8":"first","9":"instock","10":"shipping-taxable","11":"purchasable","12":"product-type-variable"},"_links":{"self":[{"href":"https:\/\/maxxinstitutes.com\/de\/wp-json\/wp\/v2\/product\/16879","targetHints":{"allow":["GET"]}}],"collection":[{"href":"https:\/\/maxxinstitutes.com\/de\/wp-json\/wp\/v2\/product"}],"about":[{"href":"https:\/\/maxxinstitutes.com\/de\/wp-json\/wp\/v2\/types\/product"}],"replies":[{"embeddable":true,"href":"https:\/\/maxxinstitutes.com\/de\/wp-json\/wp\/v2\/comments?post=16879"}],"wp:featuredmedia":[{"embeddable":true,"href":"https:\/\/maxxinstitutes.com\/de\/wp-json\/wp\/v2\/media\/23351"}],"wp:attachment":[{"href":"https:\/\/maxxinstitutes.com\/de\/wp-json\/wp\/v2\/media?parent=16879"}],"wp:term":[{"taxonomy":"product_brand","embeddable":true,"href":"https:\/\/maxxinstitutes.com\/de\/wp-json\/wp\/v2\/product_brand?post=16879"},{"taxonomy":"product_cat","embeddable":true,"href":"https:\/\/maxxinstitutes.com\/de\/wp-json\/wp\/v2\/product_cat?post=16879"},{"taxonomy":"product_tag","embeddable":true,"href":"https:\/\/maxxinstitutes.com\/de\/wp-json\/wp\/v2\/product_tag?post=16879"}],"curies":[{"name":"wp","href":"https:\/\/api.w.org\/{rel}","templated":true}]}}