{"id":16674,"date":"2024-12-10T21:37:56","date_gmt":"2024-12-10T21:37:56","guid":{"rendered":"http:\/\/maxxinstitutes.com\/?post_type=product&#038;p=16674"},"modified":"2026-02-27T19:00:22","modified_gmt":"2026-02-27T19:00:22","slug":"privatunterricht-spanisch-auf-ibiza","status":"publish","type":"product","link":"https:\/\/maxxinstitutes.com\/de\/produkt\/privatunterricht-spanisch-auf-ibiza\/","title":{"rendered":"Privatunterricht Spanisch auf Ibiza"},"content":{"rendered":"<h2>Privatunterricht Spanisch &#8211; Ibiza<\/h2>\n<h3><strong>Warum Ibiza?<\/strong><\/h3>\n<p>Ibiza bietet mehr als nur Str\u00e4nde und Nachtleben &#8211; es ist eine friedliche und inspirierende mediterrane Umgebung, in der Sie sich auf Ihr Spanischlernen konzentrieren k\u00f6nnen. Mit ihrem entspannten Lebensstil, dem internationalen Flair und der wundersch\u00f6nen Umgebung ist die Insel der perfekte Ort, um in Ihrem eigenen Tempo zu lernen. Kombinieren Sie das Sprachenlernen mit Sonne, Natur und Kultur. Montag bis Freitag.   <\/p>\n<h3><strong data-start=\"543\" data-end=\"562\">Kursdetails:<\/strong><\/h3>\n<ul>\n<li><strong data-start=\"565\" data-end=\"586\">Lektionen pro Woche:<\/strong> Flexibel &#8211; Sie w\u00e4hlen, wie viele<\/li>\n<li><strong data-start=\"620\" data-end=\"639\">Inhalt des Kurses:<\/strong> Vollst\u00e4ndig personalisierter Spanischunterricht, angepasst an Ihr Niveau und Ihre Ziele<\/li>\n<li><strong data-start=\"709\" data-end=\"728\">Angebotene Niveaus:<\/strong> A1 bis C2<\/li>\n<li><strong data-start=\"740\" data-end=\"753\">Lehrkr\u00e4fte:<\/strong> Hochqualifizierte Muttersprachler mit Universit\u00e4tsabschluss<\/li>\n<li><strong data-start=\"813\" data-end=\"830\">Unterrichtsformat:<\/strong><br data-start=\"830\" data-end=\"833\">&#8211; Einzelunterricht (oder zwei Sch\u00fcler zum gleichen Preis)<br data-start=\"890\" data-end=\"893\">&#8211; Kleine private Gruppe m\u00f6glich (3-4 Sch\u00fcler)<\/li>\n<li><strong data-start=\"941\" data-end=\"954\">Zeitplan:<\/strong> Flexibel &#8211; Montag bis Freitag, zwischen 08:00 und 20:00<\/li>\n<li><strong data-start=\"1010\" data-end=\"1026\">Alter der Sch\u00fcler:<\/strong> Mindestens 16 Jahre<\/li>\n<li><strong data-start=\"1046\" data-end=\"1070\">Verf\u00fcgbarkeit der Kurse:<\/strong> Ganzj\u00e4hrig<\/li>\n<li><strong data-start=\"1084\" data-end=\"1097\">Dauer:<\/strong> Von einer einzigen Unterrichtsstunde bis zu mehreren Wochen<\/li>\n<li><strong data-start=\"1143\" data-end=\"1161\">Dauer der Lektion:<\/strong> 50 Minuten pro Lektion<\/li>\n<li><strong data-start=\"1186\" data-end=\"1202\">Startdaten:<\/strong> Jeden Tag, ganzj\u00e4hrig<\/li>\n<li><strong data-start=\"1229\" data-end=\"1248\">Ort des Unterrichts:<\/strong> In der Schule, online, zu Hause oder im Freien (die Preise k\u00f6nnen au\u00dferhalb der Schule variieren)<\/li>\n<\/ul>\n<h3 data-start=\"1564\" data-end=\"1604\">In der Schule oder im Hotel &#8211; Unterrichtsort<\/h3>\n<p data-start=\"1606\" data-end=\"1629\">Der Unterricht kann stattfinden:<\/p>\n<p data-start=\"1631\" data-end=\"1785\">&#8211; In unserer Schule in Ibiza-Stadt<br data-start=\"1660\" data-end=\"1663\">&#8211; Online<br data-start=\"1671\" data-end=\"1674\">&#8211; Bei Ihnen zu Hause oder in Ihrer Wohnung<br data-start=\"1701\" data-end=\"1704\">&#8211; In Ihrem Hotel oder Ihrer privaten Villa<br data-start=\"1736\" data-end=\"1739\">&#8211; Im Freien (Terrasse, Garten, ruhige Strandlage)<\/p>\n<p data-start=\"1787\" data-end=\"2026\">Unsere Lehrer k\u00f6nnen direkt zu Ihrer Unterkunft kommen, so dass Sie Komfort, Privatsph\u00e4re und erstklassigen Sprachunterricht miteinander verbinden k\u00f6nnen. Diese Option ist ideal f\u00fcr Familien, F\u00fchrungskr\u00e4fte, digitale Nomaden oder Sch\u00fcler, die eine exklusivere Erfahrung bevorzugen. <\/p>\n<p data-start=\"2028\" data-end=\"2098\"><em data-start=\"2028\" data-end=\"2098\">Bitte beachten Sie: Je nach Standort k\u00f6nnen zus\u00e4tzliche Reisekosten anfallen.<\/em><\/p>\n<h3><strong data-start=\"1337\" data-end=\"1357\">Was enthalten ist:<\/strong><\/h3>\n<ul>\n<li>Personalisierter Lernplan<\/li>\n<li>Privatlehrer, der sich ganz auf Ihren Fortschritt konzentriert<\/li>\n<li>Gleicher Preis f\u00fcr 1 oder 2 Sch\u00fcler (Sie bringen die zweite Person mit)<\/li>\n<li>M\u00f6glichkeit, eine kleine private Gruppe zu bilden (3-4 Personen)<\/li>\n<li>Kurszertifikat (auf Anfrage)<\/li>\n<li>Einstufungstest (auf Anfrage)<\/li>\n<li>Optionales Zusatzangebot: Kombiniert mit Gruppenunterricht oder Pr\u00fcfungsvorbereitung<\/li>\n<\/ul>\n<h3><strong data-start=\"1703\" data-end=\"1743\">Warum sollten Sie sich f\u00fcr Privatunterricht auf Ibiza entscheiden?<\/strong><\/h3>\n<ul>\n<li>Ultimative Flexibilit\u00e4t: Sie bestimmen das Tempo, den Zeitplan und den Inhalt<\/li>\n<li>Mehr Wert: Teilen Sie den Kurs (und die Kosten) mit einem Freund oder Klassenkameraden<\/li>\n<li>Ideal f\u00fcr spezifische Ziele, schnelle Verbesserungen oder vollst\u00e4ndige Anpassung<\/li>\n<li>Genie\u00dfen Sie das Spanischlernen in einer einzigartigen Inselumgebung, die zu Konzentration und Entspannung anregt<\/li>\n<\/ul>\n<p data-start=\"3036\" data-end=\"3310\">   <div class=\"pricing-section\" id=\"pricing-section-main\">\n        <div class=\"pricing-content\">\n                            <h2>Preise<\/h2>\n<ul>\n<h3>Der Preis ist derselbe f\u00fcr 1 Sch\u00fcler oder 2 Sch\u00fcler gemeinsam mit 1 Lehrer<\/h3>\n<div class=\"indented\">\n<li><strong>Paket mit 20 Lektionen:<\/strong> 29\u20ac pro Lektion<\/li>\n<\/div>\n<div class=\"indented\">\n<li><strong>Paket mit 15 Lektionen:<\/strong> 33\u20ac pro Lektion<\/li>\n<\/div>\n<div class=\"indented\">\n<li><strong>Paket mit 10 Lektionen:<\/strong> 31\u20ac pro Lektion<\/li>\n<\/div>\n<div class=\"indented\">\n<li><strong>Paket mit 5 Lektionen:<\/strong> 33\u20ac pro Lektion<\/li>\n<\/div>\n<div class=\"indented\">\n<li><strong>1 Lektion:<\/strong> 34\u20ac<\/li>\n<\/div>\n<\/ul>\n<p>Wenn diese Pakete nicht ganz Ihren Bed\u00fcrfnissen entsprechen oder Sie weitere Informationen w\u00fcnschen, bevor Sie eine Entscheidung treffen, z\u00f6gern Sie nicht:<\/p>\n<div class=\"btn-grpp\">\n  <a class=\"btn-11\" href=\"\/de\/kontakt\/\"><br \/>\n    <button>Kontaktieren Sie uns<\/button><br \/>\n  <\/a><br \/>\n  <a class=\"btn-22\" href=\"\/de\/kosten-rechner\/\"><br \/>\n    <button>Angebot einholen<\/button><br \/>\n  <\/a>\n<\/div>\n                   <\/div>\n       <div class=\"pricing-image\">\n                            <img fetchpriority=\"high\" decoding=\"async\" src=\"https:\/\/maxxinstitutes.com\/wp-content\/uploads\/2024\/12\/Black-White-Modern-Handwritten-Square-Studio-Logo.jpg\" alt=\"Custom Product Image\" width=\"400\" height=\"400\" title=\"\">\n                 <\/div>\n\t   \n  <\/div>\n<style>\nbody {\nfont-family: Arial, sans-serif;\nmargin: 0;\npadding: 0;\nbackground-color: #f4f4f4;\n}\n\n.pricing-section {\n    display: flex;\n    align-items: center;\n    justify-content: center;\n    padding: 30px;\n    background: linear-gradient(135deg, #1c1e64, #5b6db8);\n    color: white;\n}\n\n.pricing-content {\nflex: 1;\npadding: 20px;\nmax-width: 50%;\n}\n\n.pricing-content h2 {\nfont-size: 36px;\nmargin-bottom: 20px;\n}\n\n.pricing-content ul {\nlist-style: none;\npadding: 0;\n}\n\n.pricing-content li {\nfont-size: 14px;\nmargin-bottom: 10px;\n}\n\n.pricing-content a {\ncolor: #96c8ff;\ntext-decoration: none;\n}\n\n.pricing-content a:hover {\ntext-decoration: underline;\n}\n\n.pricing-image {\nflex: 1;\nmax-width: 50%;\ndisplay: flex;\njustify-content: center;\nalign-items: center;\npadding: 20px;\n}\n\n.pricing-image img {\nmax-width: 100%;\nborder-radius: 10px;\n}\n\n\/* Responsive Design *\/\n@media (max-width: 768px) {\n.pricing-section {\nflex-direction: column;\ntext-align: center;\t\n}\n.pricing-content {\n    justify-items: center;\n}\n.pricing-content, .pricing-image {\nmax-width: 100%;\n}\n}\n#pricing-section-main .pricing-content h2 {\n    color: #ffffff;\n    font-size: 27px;\n}\n\n#pricing-section-main .pricing-content h3 {\n    color: #ffffff;\n    font-size: 17px;\n}\n\n.indented {\n    margin-left: 26px;\n}\n\n.pricing-content ul {\n    list-style: disc;\n}\n.pricing-content li {\n    text-align: left;\n    margin-bottom: 13px;\n}\n#pricing-section-main .pricing-content p {\n    font-size: 12px;\n}\n@media and (max-width: 768px){\ndiv#pricing-section-main {\n    padding: 20px;\n}\n}\ndiv#pricing-section-main {\n   margin-bottom: 20px;\n}\n\t.pricing-content h3 {\n    text-align: left!important;\n}\n\/* \t17-02-25 *\/\n\t.btn-grpp {\n    display: flex;\n}\na.btn-22 {\n    margin-left: 12px;\n}\n.pricing-image {\n    max-width: fit-content;\n}\n\t.btn-grpp button {\n    color: #020c1a;\n    border-radius: 3px;\n}\n<\/style>\n    <\/p>\n","protected":false},"excerpt":{"rendered":"<ul>\n<li>Das ganze Jahr \u00fcber verf\u00fcgbar<\/li>\n<li>Gleicher Preis f\u00fcr 1 Sch\u00fcler oder 2 Sch\u00fcler (ein Lehrer)<\/li>\n<li>Pakete f\u00fcr 5, 10, 15 und 20 Lektionen erh\u00e4ltlich<\/li>\n<\/ul>\n<p>&nbsp;<\/p>\n","protected":false},"featured_media":23288,"comment_status":"closed","ping_status":"closed","template":"","meta":[],"product_brand":[],"product_cat":[254,437],"product_tag":[],"class_list":{"0":"post-16674","1":"product","2":"type-product","3":"status-publish","4":"has-post-thumbnail","6":"product_cat-spanischkurse-auf-ibiza","7":"product_cat-stromkurse-ibiza","9":"first","10":"instock","11":"shipping-taxable","12":"purchasable","13":"product-type-variable"},"_links":{"self":[{"href":"https:\/\/maxxinstitutes.com\/de\/wp-json\/wp\/v2\/product\/16674","targetHints":{"allow":["GET"]}}],"collection":[{"href":"https:\/\/maxxinstitutes.com\/de\/wp-json\/wp\/v2\/product"}],"about":[{"href":"https:\/\/maxxinstitutes.com\/de\/wp-json\/wp\/v2\/types\/product"}],"replies":[{"embeddable":true,"href":"https:\/\/maxxinstitutes.com\/de\/wp-json\/wp\/v2\/comments?post=16674"}],"wp:featuredmedia":[{"embeddable":true,"href":"https:\/\/maxxinstitutes.com\/de\/wp-json\/wp\/v2\/media\/23288"}],"wp:attachment":[{"href":"https:\/\/maxxinstitutes.com\/de\/wp-json\/wp\/v2\/media?parent=16674"}],"wp:term":[{"taxonomy":"product_brand","embeddable":true,"href":"https:\/\/maxxinstitutes.com\/de\/wp-json\/wp\/v2\/product_brand?post=16674"},{"taxonomy":"product_cat","embeddable":true,"href":"https:\/\/maxxinstitutes.com\/de\/wp-json\/wp\/v2\/product_cat?post=16674"},{"taxonomy":"product_tag","embeddable":true,"href":"https:\/\/maxxinstitutes.com\/de\/wp-json\/wp\/v2\/product_tag?post=16674"}],"curies":[{"name":"wp","href":"https:\/\/api.w.org\/{rel}","templated":true}]}}