{"id":16650,"date":"2024-12-10T21:35:57","date_gmt":"2024-12-10T21:35:57","guid":{"rendered":"http:\/\/maxxinstitutes.com\/?post_type=product&#038;p=16650"},"modified":"2026-01-16T20:01:28","modified_gmt":"2026-01-16T20:01:28","slug":"30-gruppenlektionen-pro-woche-paella-kochkurs-auf-ibiza","status":"publish","type":"product","link":"https:\/\/maxxinstitutes.com\/de\/produkt\/30-gruppenlektionen-pro-woche-paella-kochkurs-auf-ibiza\/","title":{"rendered":"30 Gruppenlektionen pro Woche + Paella-Kochkurs auf Ibiza"},"content":{"rendered":"<h2>Spanisch-Intensivkurs + Paella-Kochkurs<\/h2>\n<p>Tauchen Sie ein in ein unvergessliches Erlebnis auf der zweifellos faszinierendsten Insel Spaniens &#8211; Ibiza. Ob Sie Anf\u00e4nger oder Fortgeschrittener sind, Sie k\u00f6nnen an unseren beliebten Spanischkursen teilnehmen. Als besonderes Highlight bieten wir Ihnen auch die M\u00f6glichkeit, Ihre Spanischkenntnisse in Kombination mit unserem einzigartigen halbt\u00e4gigen Paella-Kochkurs im Garten am Strand von Ibiza-Stadt zu verbessern. Genie\u00dfen Sie dieses einmalige Erlebnis inmitten der atemberaubenden Kulisse dieser magischen Insel.   <\/p>\n<h4>Wie funktioniert das Programm?<\/h4>\n<p>Dieses Programm kombiniert eine oder zwei Wochen intensiven Spanischunterricht mit einem halbt\u00e4gigen Paella-Kochkurs.<\/p>\n<p><strong data-start=\"1406\" data-end=\"1420\">Wichtig:<\/strong><\/p>\n<ul>\n<li>Der Spanischkurs beginnt immer an einem Montag<\/li>\n<li>Der Paella-Kochkurs findet in derselben Woche statt, normalerweise am Mittwochnachmittag<\/li>\n<\/ul>\n<h4>Spanischkurs &#8211; Startdaten 2026 (Montag)<\/h4>\n<ul>\n<li><strong>4. Mai<\/strong><\/li>\n<li><strong>1. Juni<\/strong><\/li>\n<li><strong>6. Juli<\/strong><\/li>\n<li><strong>3. August<\/strong><\/li>\n<li><strong>7. September<\/strong><\/li>\n<li><strong>5. Oktober<\/strong><\/li>\n<\/ul>\n<h2><strong>Wo?<\/strong><\/h2>\n<p>Im Instituto de Idiomas Ibiza (Ibiza-Sprachinstitut), Ibiza-Stadt, Insel Ibiza, Balearen, Spanien.<\/p>\n<h2><strong>Wer?<\/strong><\/h2>\n<p>Unser Programm richtet sich an erwachsene Teilnehmer aller Altersgruppen. Die meisten unserer Teilnehmer sind zwischen 25 und 50 Jahre alt, aber gelegentlich haben wir auch j\u00fcngere Teilnehmer und fast immer einige Teilnehmer, die \u00fcber 50 Jahre alt sind. Das Durchschnittsalter unserer Schule ist meist \u00fcber 30, obwohl wir in den Sommermonaten auch Sch\u00fcler zwischen 18 und 30 Jahren willkommen hei\u00dfen.  <\/p>\n<h2><strong>Was ist enthalten?<\/strong><\/h2>\n<p>Das Programm besteht aus drei Teilen, wobei die Unterkunft optional ist und jeder unabh\u00e4ngig von der Schule seine eigene Unterkunft buchen kann.<\/p>\n<ol>\n<li>Unser Spanisch-Intensivkurs \u00fcber 30 Lektionen \/ Woche<\/li>\n<li>Halbt\u00e4giger Paella-Kochkurs im Schulgarten<\/li>\n<li>Wahlweise Unterbringung in einer Schul-WG, bei einer Gastfamilie, in einem Hotel oder unabh\u00e4ngig von der Schule<\/li>\n<\/ol>\n<h2>Intensivkurs Spanisch<\/h2>\n<ul>\n<li><strong>Unterrichtsstunden pro Woche:<\/strong> 30 Gruppenlektionen zu je 50 Minuten (4 Gruppenlektionen pro Tag)<\/li>\n<li><strong>Zeitplan:<\/strong> Montag bis Freitag, von 9.30-13.05 Uhr<\/li>\n<li><strong>Kursdauer:<\/strong> Sie k\u00f6nnen zwischen 1 oder 2 Wochen w\u00e4hlen. Wenn Sie l\u00e4nger Spanisch lernen m\u00f6chten, k\u00f6nnen Sie den Gruppenkurs mit 20 Unterrichtsstunden pro Woche w\u00e4hlen. Sie k\u00f6nnen diesen Kurs so lange buchen, wie er Ihren Bed\u00fcrfnissen entspricht.  <\/li>\n<li><strong>Inhalt:<\/strong> Allgemeines Spanisch auf Ihrem Niveau<\/li>\n<li><strong>Lehrkr\u00e4fte:<\/strong> Mindestens 2 Lehrer pro Woche f\u00fcr mehr Spa\u00df, unterschiedliche Akzente und eine bessere Lernerfahrung<\/li>\n<li><strong>Freizeitaktivit\u00e4ten:<\/strong> 3 Aktivit\u00e4ten pro Woche aus unserem Freizeitprogramm Vive en Espa\u00f1ol<\/li>\n<li><strong>Gruppengr\u00f6\u00dfe:<\/strong> Durchschnittlich 6, maximal 12 Sch\u00fcler<\/li>\n<li><strong>Niveaus:<\/strong> Alle Stufen. Anf\u00e4nger und Fortgeschrittene. Nach unserem Einstufungstest werden alle Sch\u00fcler entsprechend ihrem Niveau in Gruppen eingeteilt.  <\/li>\n<\/ul>\n<h2>Der Paella-Kochkurs<\/h2>\n<p>W\u00fcrden Sie gerne zu Hause mit Paella wie &#8222;Montse&#8220; inspirieren? Oder sind Sie einfach nur neugierig, was sich hinter dem Lieblingsgericht der Spanier verbirgt? Oder wollen Sie einfach nur eine gute Zeit mit Klassenkameraden in Ihrem Alter haben?  <\/p>\n<p>Unser Paella-Kochkurs bietet Ihnen die einmalige Gelegenheit, die traditionelle Zubereitung der Paella zu erlernen und dabei einen sch\u00f6nen Tag unter der Sonne Ibizas zu verbringen.<\/p>\n<p>Der Kurs beginnt mit dem Besprechen, Erkl\u00e4ren, Riechen, F\u00fchlen und Schmecken der Zutaten. Dann geht es an die Paellapfanne, um eine echte Paella zuzubereiten. Wenn es gen\u00fcgend Teilnehmer gibt, werden wir zwei Pfannen zubereiten.  <\/p>\n<ul>\n<li><strong>Dauer des Kurses:<\/strong> 1\/2 Tag, am Nachmittag, ca. 16.00-19.30 Uhr (\u00c4nderungen vorbehalten) <\/li>\n<li><strong>Sprache des Unterrichts:<\/strong> Spanisch<\/li>\n<li><strong>Inhalt:<\/strong> Zubereitung und Essen der Paella<\/li>\n<li><strong>Die Zutaten:<\/strong> Mengen, Beschaffung, Reifegrad, Gew\u00fcrze.<\/li>\n<li><strong>Die Zubereitung:<\/strong> Abl\u00e4ufe, Temperatur, Zeiten, Tipps und Tricks<\/li>\n<li><strong>Das Essen:<\/strong> Servieren, Teilen und Getr\u00e4nkeauswahl<\/li>\n<li><strong>Typ Paella:<\/strong> Mit Fisch und Meeresfr\u00fcchten und vegetarisch<\/li>\n<li><strong>Vorherige Kocherfahrung:<\/strong> F\u00fcr absolute Anf\u00e4nger und fortgeschrittene K\u00f6che. Die Lehrer werden Sie je nach Ihrem Niveau einbeziehen. <\/li>\n<li><strong>Lehrkr\u00e4fte:<\/strong> Lokale Paella-Freunde und K\u00f6che<\/li>\n<li><strong>Kursort:<\/strong> Garten au\u00dferhalb der Schule, in Ibiza-Stadt, Strandgebiet Figueretas<\/li>\n<li><strong>Gruppengr\u00f6\u00dfe:<\/strong> 8 &#8211; 20 Teilnehmer<\/li>\n<li><strong>Transport zum Kursort:<\/strong> zu Fu\u00df<\/li>\n<\/ul>\n<h4><strong>Paella-Kochkurs &#8211; Termine 2026<\/strong><\/h4>\n<ul>\n<li><strong>6. Mai<\/strong> (Mittwoch)<\/li>\n<li><strong>6. Juni<\/strong> (Mittwoch)<\/li>\n<li><strong>8. Juli<\/strong> (Mittwoch)<\/li>\n<li><strong>4. August<\/strong> (Dienstag)<\/li>\n<li><strong>9. September<\/strong> (Mittwoch)<\/li>\n<li><strong>7. Oktober<\/strong> (Mittwoch)<\/li>\n<\/ul>\n<p>Der Kochkurs findet normalerweise am ersten Mittwoch des Monats statt. Ihr Spanischkurs beginnt jedoch, wie oben beschrieben, am vorhergehenden Montag. <\/p>\n<p data-start=\"3036\" data-end=\"3310\">   <div class=\"pricing-section\" id=\"pricing-section-main\">\n        <div class=\"pricing-content\">\n                            <h2>Preise<\/h2>\n<ul>\n<h3>30 Gruppenlektionen\/Woche<\/h3>\n<div class=\"indented\">\n<li><strong>1 Woche:<\/strong> 345\u20ac<\/li>\n<\/div>\n<\/ul>\n<p>Wenn diese Pakete nicht ganz Ihren Bed\u00fcrfnissen entsprechen oder Sie weitere Informationen w\u00fcnschen, bevor Sie eine Entscheidung treffen, z\u00f6gern Sie nicht:<\/p>\n<div class=\"btn-grpp\">\n  <a class=\"btn-11\" href=\"\/de\/kontakt\/\"><br \/>\n    <button>Kontaktieren Sie uns<\/button><br \/>\n  <\/a><br \/>\n  <a class=\"btn-22\" href=\"\/de\/kosten-rechner\/\"><br \/>\n    <button>Angebot einholen<\/button><br \/>\n  <\/a>\n<\/div>\n                   <\/div>\n       <div class=\"pricing-image\">\n                            <img fetchpriority=\"high\" decoding=\"async\" src=\"https:\/\/maxxinstitutes.com\/wp-content\/uploads\/2024\/12\/7.jpg\" alt=\"Custom Product Image\" width=\"400\" height=\"400\" title=\"\">\n                 <\/div>\n\t   \n  <\/div>\n<style>\nbody {\nfont-family: Arial, sans-serif;\nmargin: 0;\npadding: 0;\nbackground-color: #f4f4f4;\n}\n\n.pricing-section {\n    display: flex;\n    align-items: center;\n    justify-content: center;\n    padding: 30px;\n    background: linear-gradient(135deg, #1c1e64, #5b6db8);\n    color: white;\n}\n\n.pricing-content {\nflex: 1;\npadding: 20px;\nmax-width: 50%;\n}\n\n.pricing-content h2 {\nfont-size: 36px;\nmargin-bottom: 20px;\n}\n\n.pricing-content ul {\nlist-style: none;\npadding: 0;\n}\n\n.pricing-content li {\nfont-size: 14px;\nmargin-bottom: 10px;\n}\n\n.pricing-content a {\ncolor: #96c8ff;\ntext-decoration: none;\n}\n\n.pricing-content a:hover {\ntext-decoration: underline;\n}\n\n.pricing-image {\nflex: 1;\nmax-width: 50%;\ndisplay: flex;\njustify-content: center;\nalign-items: center;\npadding: 20px;\n}\n\n.pricing-image img {\nmax-width: 100%;\nborder-radius: 10px;\n}\n\n\/* Responsive Design *\/\n@media (max-width: 768px) {\n.pricing-section {\nflex-direction: column;\ntext-align: center;\t\n}\n.pricing-content {\n    justify-items: center;\n}\n.pricing-content, .pricing-image {\nmax-width: 100%;\n}\n}\n#pricing-section-main .pricing-content h2 {\n    color: #ffffff;\n    font-size: 27px;\n}\n\n#pricing-section-main .pricing-content h3 {\n    color: #ffffff;\n    font-size: 17px;\n}\n\n.indented {\n    margin-left: 26px;\n}\n\n.pricing-content ul {\n    list-style: disc;\n}\n.pricing-content li {\n    text-align: left;\n    margin-bottom: 13px;\n}\n#pricing-section-main .pricing-content p {\n    font-size: 12px;\n}\n@media and (max-width: 768px){\ndiv#pricing-section-main {\n    padding: 20px;\n}\n}\ndiv#pricing-section-main {\n   margin-bottom: 20px;\n}\n\t.pricing-content h3 {\n    text-align: left!important;\n}\n\/* \t17-02-25 *\/\n\t.btn-grpp {\n    display: flex;\n}\na.btn-22 {\n    margin-left: 12px;\n}\n.pricing-image {\n    max-width: fit-content;\n}\n\t.btn-grpp button {\n    color: #020c1a;\n    border-radius: 3px;\n}\n<\/style>\n    <\/p>\n<p><iframe src=\"https:\/\/www.youtube.com\/embed\/NPfjLaH4C2c?start=16\" width=\"560\" height=\"560\" frameborder=\"0\" allowfullscreen=\"allowfullscreen\"><\/iframe><\/p>\n<p>&nbsp;<\/p>\n\n\t\t<style type=\"text\/css\">\n\t\t\t#gallery-1 {\n\t\t\t\tmargin: auto;\n\t\t\t}\n\t\t\t#gallery-1 .gallery-item {\n\t\t\t\tfloat: left;\n\t\t\t\tmargin-top: 10px;\n\t\t\t\ttext-align: center;\n\t\t\t\twidth: 25%;\n\t\t\t}\n\t\t\t#gallery-1 img {\n\t\t\t\tborder: 2px solid #cfcfcf;\n\t\t\t}\n\t\t\t#gallery-1 .gallery-caption {\n\t\t\t\tmargin-left: 0;\n\t\t\t}\n\t\t\t\/* see gallery_shortcode() in wp-includes\/media.php *\/\n\t\t<\/style>\n\t\t<div id='gallery-1' class='gallery galleryid-16650 gallery-columns-4 gallery-size-full'><dl class='gallery-item'>\n\t\t\t<dt class='gallery-icon landscape'>\n\t\t\t\t<img decoding=\"async\" width=\"500\" height=\"500\" src=\"https:\/\/maxxinstitutes.com\/wp-content\/uploads\/2024\/12\/8-2.png\" class=\"attachment-full size-full\" alt=\"\" srcset=\"https:\/\/maxxinstitutes.com\/wp-content\/uploads\/2024\/12\/8-2.png 500w, https:\/\/maxxinstitutes.com\/wp-content\/uploads\/2024\/12\/8-2-300x300.png 300w, https:\/\/maxxinstitutes.com\/wp-content\/uploads\/2024\/12\/8-2-150x150.png 150w\" sizes=\"(max-width: 500px) 100vw, 500px\" title=\"\">\n\t\t\t<\/dt><\/dl><dl class='gallery-item'>\n\t\t\t<dt class='gallery-icon landscape'>\n\t\t\t\t<img decoding=\"async\" width=\"500\" height=\"500\" src=\"https:\/\/maxxinstitutes.com\/wp-content\/uploads\/2024\/12\/7-4.png\" class=\"attachment-full size-full\" alt=\"\" srcset=\"https:\/\/maxxinstitutes.com\/wp-content\/uploads\/2024\/12\/7-4.png 500w, https:\/\/maxxinstitutes.com\/wp-content\/uploads\/2024\/12\/7-4-300x300.png 300w, https:\/\/maxxinstitutes.com\/wp-content\/uploads\/2024\/12\/7-4-150x150.png 150w\" sizes=\"(max-width: 500px) 100vw, 500px\" title=\"\">\n\t\t\t<\/dt><\/dl><dl class='gallery-item'>\n\t\t\t<dt class='gallery-icon landscape'>\n\t\t\t\t<img loading=\"lazy\" decoding=\"async\" width=\"500\" height=\"500\" src=\"https:\/\/maxxinstitutes.com\/wp-content\/uploads\/2024\/12\/6-4.png\" class=\"attachment-full size-full\" alt=\"\" srcset=\"https:\/\/maxxinstitutes.com\/wp-content\/uploads\/2024\/12\/6-4.png 500w, https:\/\/maxxinstitutes.com\/wp-content\/uploads\/2024\/12\/6-4-300x300.png 300w, https:\/\/maxxinstitutes.com\/wp-content\/uploads\/2024\/12\/6-4-150x150.png 150w\" sizes=\"(max-width: 500px) 100vw, 500px\" title=\"\">\n\t\t\t<\/dt><\/dl><dl class='gallery-item'>\n\t\t\t<dt class='gallery-icon landscape'>\n\t\t\t\t<img loading=\"lazy\" decoding=\"async\" width=\"500\" height=\"500\" src=\"https:\/\/maxxinstitutes.com\/wp-content\/uploads\/2024\/12\/5-2.png\" class=\"attachment-full size-full\" alt=\"\" srcset=\"https:\/\/maxxinstitutes.com\/wp-content\/uploads\/2024\/12\/5-2.png 500w, https:\/\/maxxinstitutes.com\/wp-content\/uploads\/2024\/12\/5-2-300x300.png 300w, https:\/\/maxxinstitutes.com\/wp-content\/uploads\/2024\/12\/5-2-150x150.png 150w\" sizes=\"(max-width: 500px) 100vw, 500px\" title=\"\">\n\t\t\t<\/dt><\/dl><br style=\"clear: both\" \/><dl class='gallery-item'>\n\t\t\t<dt class='gallery-icon landscape'>\n\t\t\t\t<img loading=\"lazy\" decoding=\"async\" width=\"500\" height=\"500\" src=\"https:\/\/maxxinstitutes.com\/wp-content\/uploads\/2024\/12\/4-3.png\" class=\"attachment-full size-full\" alt=\"\" srcset=\"https:\/\/maxxinstitutes.com\/wp-content\/uploads\/2024\/12\/4-3.png 500w, https:\/\/maxxinstitutes.com\/wp-content\/uploads\/2024\/12\/4-3-300x300.png 300w, https:\/\/maxxinstitutes.com\/wp-content\/uploads\/2024\/12\/4-3-150x150.png 150w\" sizes=\"(max-width: 500px) 100vw, 500px\" title=\"\">\n\t\t\t<\/dt><\/dl><dl class='gallery-item'>\n\t\t\t<dt class='gallery-icon landscape'>\n\t\t\t\t<img loading=\"lazy\" decoding=\"async\" width=\"500\" height=\"500\" src=\"https:\/\/maxxinstitutes.com\/wp-content\/uploads\/2024\/12\/3-3.png\" class=\"attachment-full size-full\" alt=\"\" srcset=\"https:\/\/maxxinstitutes.com\/wp-content\/uploads\/2024\/12\/3-3.png 500w, https:\/\/maxxinstitutes.com\/wp-content\/uploads\/2024\/12\/3-3-300x300.png 300w, https:\/\/maxxinstitutes.com\/wp-content\/uploads\/2024\/12\/3-3-150x150.png 150w\" sizes=\"(max-width: 500px) 100vw, 500px\" title=\"\">\n\t\t\t<\/dt><\/dl><dl class='gallery-item'>\n\t\t\t<dt class='gallery-icon landscape'>\n\t\t\t\t<img loading=\"lazy\" decoding=\"async\" width=\"500\" height=\"500\" src=\"https:\/\/maxxinstitutes.com\/wp-content\/uploads\/2024\/12\/2-3.png\" class=\"attachment-full size-full\" alt=\"\" srcset=\"https:\/\/maxxinstitutes.com\/wp-content\/uploads\/2024\/12\/2-3.png 500w, https:\/\/maxxinstitutes.com\/wp-content\/uploads\/2024\/12\/2-3-300x300.png 300w, https:\/\/maxxinstitutes.com\/wp-content\/uploads\/2024\/12\/2-3-150x150.png 150w\" sizes=\"(max-width: 500px) 100vw, 500px\" title=\"\">\n\t\t\t<\/dt><\/dl><dl class='gallery-item'>\n\t\t\t<dt class='gallery-icon landscape'>\n\t\t\t\t<img loading=\"lazy\" decoding=\"async\" width=\"500\" height=\"500\" src=\"https:\/\/maxxinstitutes.com\/wp-content\/uploads\/2024\/12\/1-3.png\" class=\"attachment-full size-full\" alt=\"\" srcset=\"https:\/\/maxxinstitutes.com\/wp-content\/uploads\/2024\/12\/1-3.png 500w, https:\/\/maxxinstitutes.com\/wp-content\/uploads\/2024\/12\/1-3-300x300.png 300w, https:\/\/maxxinstitutes.com\/wp-content\/uploads\/2024\/12\/1-3-150x150.png 150w\" sizes=\"(max-width: 500px) 100vw, 500px\" title=\"\">\n\t\t\t<\/dt><\/dl><br style=\"clear: both\" \/>\n\t\t<\/div>\n\n","protected":false},"excerpt":{"rendered":"<ul>\n<li>5 Privatstunden zur Vorbereitung auf die D.E.L.E.-Pr\u00fcfung<\/li>\n<li>3 Erfahrungen &#8222;Vive Ibiza en Espa\u00f1ol&#8220;<\/li>\n<\/ul>\n","protected":false},"featured_media":22953,"comment_status":"closed","ping_status":"closed","template":"","meta":[],"product_brand":[],"product_cat":[432,254],"product_tag":[],"class_list":{"0":"post-16650","1":"product","2":"type-product","3":"status-publish","4":"has-post-thumbnail","6":"product_cat-feinschmecker","7":"product_cat-spanischkurse-auf-ibiza","9":"first","10":"instock","11":"shipping-taxable","12":"purchasable","13":"product-type-variable","14":"has-default-attributes"},"_links":{"self":[{"href":"https:\/\/maxxinstitutes.com\/de\/wp-json\/wp\/v2\/product\/16650","targetHints":{"allow":["GET"]}}],"collection":[{"href":"https:\/\/maxxinstitutes.com\/de\/wp-json\/wp\/v2\/product"}],"about":[{"href":"https:\/\/maxxinstitutes.com\/de\/wp-json\/wp\/v2\/types\/product"}],"replies":[{"embeddable":true,"href":"https:\/\/maxxinstitutes.com\/de\/wp-json\/wp\/v2\/comments?post=16650"}],"wp:featuredmedia":[{"embeddable":true,"href":"https:\/\/maxxinstitutes.com\/de\/wp-json\/wp\/v2\/media\/22953"}],"wp:attachment":[{"href":"https:\/\/maxxinstitutes.com\/de\/wp-json\/wp\/v2\/media?parent=16650"}],"wp:term":[{"taxonomy":"product_brand","embeddable":true,"href":"https:\/\/maxxinstitutes.com\/de\/wp-json\/wp\/v2\/product_brand?post=16650"},{"taxonomy":"product_cat","embeddable":true,"href":"https:\/\/maxxinstitutes.com\/de\/wp-json\/wp\/v2\/product_cat?post=16650"},{"taxonomy":"product_tag","embeddable":true,"href":"https:\/\/maxxinstitutes.com\/de\/wp-json\/wp\/v2\/product_tag?post=16650"}],"curies":[{"name":"wp","href":"https:\/\/api.w.org\/{rel}","templated":true}]}}